{"id":3109,"date":"2017-12-18T18:32:39","date_gmt":"2017-12-18T18:32:39","guid":{"rendered":"http:\/\/biblian.is\/gudbrandsbiblia\/nehemiabok-3-kafli\/"},"modified":"2017-12-18T18:32:39","modified_gmt":"2017-12-18T18:32:39","slug":"nehemiabok-3-kafli","status":"publish","type":"page","link":"https:\/\/biblian.is\/gudbrandsbiblia\/nehemiabok-3-kafli\/","title":{"rendered":"Nehem\u00edab\u00f3k 3. kafli"},"content":{"rendered":"<p>III.<\/p>\n<p>Og Eljas\u00edb kennimannah\u00f6f\u00f0ingi t\u00f3k sig upp me\u00f0 s\u00ednum br\u00e6\u00f0rum prestunum og uppbygg\u00f0u Sau\u00f0aporti\u00f0. <span class=\"athugasemd\" title=\"N\u00f6fn \u00feeirra sem uppbygg\u00f0u m\u00farana \u00ed Jer\u00fasalem \/ Sau\u00f0aport\">[<\/span> \u00deeir helgu\u00f0u \u00fea\u00f0 og bjuggu um portdyrnar og helgu\u00f0u \u00fea\u00f0 allt til turnsins Mea sem er allt a\u00f0 turni Hananeel. N\u00e6st honum bygg\u00f0u menn af Jer\u00edk\u00f3 og hj\u00e1 honum Sak\u00far son Imr\u00ed. En synir Senaja bygg\u00f0u upp Fiskiporti\u00f0 og \u00fe\u00f6ktu \u00fea\u00f0 og settu \u00fear fyrir hur\u00f0, l\u00e1sa og grindurnar. <span class=\"athugasemd\" title=\"Fiskaport\">[<\/span> Og n\u00e6st \u00feeim uppbygg\u00f0i Merem\u00f3t son \u00dar\u00eda, sonar Hak\u00f3s, og Mes\u00fallam son Berek\u00eda Mesesa sonar Beel bygg\u00f0i hj\u00e1 \u00feeim. N\u00e6st \u00feeim bygg\u00f0i Sad\u00f3k son Baena. N\u00e6st \u00feeim bygg\u00f0u \u00feeir af Tek\u00f3a. En \u00feeirra voldugir l\u00f6g\u00f0u ekki s\u00edna h\u00e1lsa undir \u00fej\u00f3nustu \u00feeirra herra.<\/p>\n<p>\t\u00dea\u00f0 gamla port uppbygg\u00f0i J\u00f3jada son Passea og Mes\u00fallam son Bes\u00f3d\u00eda. <span class=\"athugasemd\" title=\"Gamlaport\">[<\/span> \u00deeir \u00fe\u00f6ktu \u00fea\u00f0 og settu fyrir hur\u00f0, l\u00e1sa og grindur. N\u00e6st honum bygg\u00f0i Melatja af G\u00edbeon og Jad\u00f3n af Mer\u00f3n\u00f3, \u00feeir menn af G\u00edbeon og Mispa hj\u00e1 landsf\u00f3vitans st\u00f3li \u00e1 \u00fe\u00e1 s\u00ed\u00f0u vatsins. N\u00e6st honum uppbygg\u00f0i \u00das\u00edel gullsmi\u00f0ur son Harhaja. N\u00e6st honum bygg\u00f0i Hananja sonur smyrslamakarans og \u00feeir bygg\u00f0u Jer\u00fasalem allt a\u00f0 \u00feeim brei\u00f0a m\u00far. Hj\u00e1 honum bygg\u00f0i Refaja son H\u00far h\u00f6f\u00f0ingi h\u00e1lfs fj\u00f3r\u00f0ungs \u00ed Jer\u00fasalem. En hj\u00e1 honum bygg\u00f0i Jedaja son Har\u00famap \u00fevert yfir fr\u00e1 hans h\u00fasi. N\u00e6st honum bygg\u00f0i Hatt\u00fas son Habenja. En Malk\u00eda son Har\u00edm og Has\u00fab son Pahat M\u00f3ab bygg\u00f0u tvo parta og turninn hj\u00e1 Onenum. <span class=\"athugasemd\" title=\"Ofnport\">[<\/span> Hj\u00e1 honum bygg\u00f0i Sall\u00fam son Hal\u00f3hes, h\u00f6f\u00f0ingi yfir h\u00e1lfum fj\u00f3r\u00f0ungi \u00ed Jer\u00fasalem, hann og hans d\u00e6tur. Dalporti\u00f0 bygg\u00f0i Han\u00fam og borgararnir af San\u00f3a, \u00feeir bygg\u00f0u \u00fe\u00e6r og settu dyr fyrir me\u00f0 l\u00e1sum, grindum, \u00fe\u00fasund \u00e1lna af m\u00farnum allt til Mykjuportsins. <span class=\"athugasemd\" title=\"Dalporti\u00f0 \/ Mykjuporti\u00f0\">[<\/span> En Mykjuporti\u00f0 uppbygg\u00f0i Malk\u00eda son Rekab fj\u00f3r\u00f0ungsh\u00f6f\u00f0ingi v\u00edngar\u00f0sins. Hann bygg\u00f0i \u00fea\u00f0 og setti fyrir hur\u00f0ir, l\u00e1sa og grindur.<\/p>\n<p>\tEn Brunnporti\u00f0 bygg\u00f0i Sall\u00fam son Kal H\u00f3se, h\u00f6f\u00f0ingi \u00ed Mispa. <span class=\"athugasemd\" title=\"Brunnport\">[<\/span> Hann bygg\u00f0i \u00fea\u00f0 og \u00feakti, l\u00e9t fyri hur\u00f0, l\u00e1s og grind, \u00fear me\u00f0 m\u00farinn hj\u00e1 <span class=\"athugasemd\" title=\"a \/ Luc. 13\">[<\/span> S\u00edl\u00f3a, fiskad\u00edki\u00f0 hj\u00e1 k\u00f3ngsins aldingar\u00f0i allt a\u00f0 \u00feeim tr\u00f6ppum sem liggja ni\u00f0ur hj\u00e1 Dav\u00ed\u00f0ssta\u00f0. N\u00e6st honum bygg\u00f0i Nehem\u00eda son Asb\u00fak, h\u00f6f\u00f0ingi yfir h\u00e1lfri Het S\u00far, allt til Dav\u00ed\u00f0s grafar og allt a\u00f0 fiskad\u00edki Asv\u00eda og allt a\u00f0 kappaherbergi.<\/p>\n<p>\t\u00dear n\u00e6st bygg\u00f0u Lev\u00edtarnir: Reh\u00fam son Ban\u00ed. N\u00e6st honum bygg\u00f0i Hasabja h\u00f6f\u00f0ingi h\u00e1lfs \u00feorpsins Keg\u00edla \u00ed s\u00ednum fj\u00f3r\u00f0ungi. N\u00e6st honum bygg\u00f0u \u00feeirra br\u00e6\u00f0ur Bava\u00ed son Hanadad h\u00e1lfshlutarh\u00f6f\u00f0ingi \u00ed Keg\u00edla. N\u00e6st honum bygg\u00f0i Eser son Jes\u00faa, h\u00f6f\u00f0ingi \u00ed Mispa, tvo hluti allt a\u00f0 \u00fev\u00ed viki sem liggur hj\u00e1 vopnah\u00fasinu. <span class=\"athugasemd\" title=\"Vopnah\u00fas\">[<\/span> N\u00e6st honum \u00e1 bjarginu bygg\u00f0i Bar\u00fak son Seba\u00ed tvo hluti af vikinu allt til h\u00fasdyra Eljas\u00edb yppasta kennimanns. N\u00e6st honum bygg\u00f0i Jer\u00edm\u00f3t son \u00dar\u00eda sonar Hak\u00f3s tvo hluti fr\u00e1 Eljas\u00edb h\u00fasdyrum og allt til endans \u00e1 Eljas\u00edb h\u00fasi.<\/p>\n<p>\tN\u00e6st honum bygg\u00f0u prestarnir og \u00feeir menn sem komnir voru af m\u00f6rkunum. Eftir \u00fe\u00e1 bygg\u00f0i Benjam\u00edn og Has\u00fab \u00fevert fr\u00e1 \u00feeirra h\u00fasum. N\u00e6st honum bygg\u00f0i Asarja son Maeseja, sonar Ananja, hj\u00e1 s\u00ednu h\u00fasi. N\u00e6st honum bygg\u00f0i Ben\u00fa\u00ed son Neadad tvo parta fr\u00e1 Assar\u00eda h\u00fasi allt til \u00feess afkima sem var hj\u00e1 horni sta\u00f0arins. Palal son \u00dasa\u00ed m\u00f3t horninu og a\u00f0 \u00feeim h\u00e1va turni sem s\u00e9st fr\u00e1 k\u00f3ngsins h\u00fasi hj\u00e1 myrkvastofugar\u00f0inum. <span class=\"athugasemd\" title=\"H\u00e1viturn\">[<\/span> N\u00e6st honum bygg\u00f0i Pedaja son Pareos. En \u00feeir Neth\u00edn\u00edm bjuggu hj\u00e1 \u00d3fel allt til Vatsportsins \u00ed m\u00f3ti austri \u00fear sem turninn stendur fram. <span class=\"athugasemd\" title=\"Vatsport\">[<\/span> Honum n\u00e6st bygg\u00f0u \u00feeir af Tek\u00f3a tvo hluti m\u00f3t \u00feeim st\u00f3ra turni \u00fe\u00e1 fyrst hann framkemur og allt a\u00f0 m\u00farnum \u00d3fel. <span class=\"athugasemd\" title=\"St\u00f3riturn\">[<\/span> <\/p>\n<p>\tEn fr\u00e1 Hestaportinu bygg\u00f0i hver kennimannanna gegnt s\u00ednu h\u00fasi. <span class=\"athugasemd\" title=\"Hestaport\">[<\/span> N\u00e6st \u00fev\u00ed bygg\u00f0i Sad\u00f3k son Immer gegnt s\u00ednu h\u00fasi. N\u00e6st honum bygg\u00f0i Semaja son Sekanja dyrav\u00f6r\u00f0ur \u00ed m\u00f3t austri. N\u00e6st honum bygg\u00f0i Hananja son Selm\u00eda og Han\u00fam son Salaf \u00feann sj\u00f6tti tvo hluti. Eftir hann bygg\u00f0i Mes\u00fallam son Berek\u00eda gegnt hans f\u00e9hirslu. N\u00e6st honum bygg\u00f0i Malk\u00eda son gullsmi\u00f0sins allt a\u00f0 h\u00fasi Neth\u00edn\u00edm og kaupmanna gegnt R\u00e1\u00f0h\u00fasporti og til salsins hj\u00e1 horninu. <span class=\"athugasemd\" title=\"R\u00e1\u00f0h\u00fassport\">[<\/span> En gullsmi\u00f0irnir og kaupmenn uppbygg\u00f0u millum salsins og Sau\u00f0aportsins.<\/p>\n","protected":false},"excerpt":{"rendered":"<p>III. Og Eljas\u00edb kennimannah\u00f6f\u00f0ingi t\u00f3k sig upp me\u00f0 s\u00ednum br\u00e6\u00f0rum prestunum og uppbygg\u00f0u Sau\u00f0aporti\u00f0. [ \u00deeir helgu\u00f0u \u00fea\u00f0 og bjuggu um portdyrnar og helgu\u00f0u \u00fea\u00f0 allt til turnsins Mea sem er allt a\u00f0 turni Hananeel. N\u00e6st honum bygg\u00f0u menn af Jer\u00edk\u00f3 og hj\u00e1 honum Sak\u00far son Imr\u00ed. En synir Senaja bygg\u00f0u upp Fiskiporti\u00f0 og \u00fe\u00f6ktu \u00fea\u00f0 og settu \u00fear fyrir hur\u00f0, l\u00e1sa og grindurnar. [ Og n\u00e6st \u00feeim uppbygg\u00f0i Merem\u00f3t son \u00dar\u00eda, sonar Hak\u00f3s, og Mes\u00fallam son Berek\u00eda Mesesa sonar Beel bygg\u00f0i hj\u00e1 \u00feeim. N\u00e6st \u00feeim bygg\u00f0i Sad\u00f3k son Baena. N\u00e6st \u00feeim bygg\u00f0u \u00feeir af Tek\u00f3a. En \u00feeirra voldugir l\u00f6g\u00f0u <a href=\"https:\/\/biblian.is\/gudbrandsbiblia\/nehemiabok-3-kafli\/\"> [&#8230;]<\/a><\/p>\n","protected":false},"author":1,"featured_media":0,"parent":0,"menu_order":0,"comment_status":"open","ping_status":"open","template":"bibliukaflar.php","meta":{"footnotes":""},"class_list":["post-3109","page","type-page","status-publish","hentry"],"_links":{"self":[{"href":"https:\/\/biblian.is\/gudbrandsbiblia\/wp-json\/wp\/v2\/pages\/3109","targetHints":{"allow":["GET"]}}],"collection":[{"href":"https:\/\/biblian.is\/gudbrandsbiblia\/wp-json\/wp\/v2\/pages"}],"about":[{"href":"https:\/\/biblian.is\/gudbrandsbiblia\/wp-json\/wp\/v2\/types\/page"}],"author":[{"embeddable":true,"href":"https:\/\/biblian.is\/gudbrandsbiblia\/wp-json\/wp\/v2\/users\/1"}],"replies":[{"embeddable":true,"href":"https:\/\/biblian.is\/gudbrandsbiblia\/wp-json\/wp\/v2\/comments?post=3109"}],"version-history":[{"count":0,"href":"https:\/\/biblian.is\/gudbrandsbiblia\/wp-json\/wp\/v2\/pages\/3109\/revisions"}],"wp:attachment":[{"href":"https:\/\/biblian.is\/gudbrandsbiblia\/wp-json\/wp\/v2\/media?parent=3109"}],"curies":[{"name":"wp","href":"https:\/\/api.w.org\/{rel}","templated":true}]}}