{"id":3108,"date":"2017-12-18T18:32:39","date_gmt":"2017-12-18T18:32:39","guid":{"rendered":"http:\/\/biblian.is\/gudbrandsbiblia\/nehemiabok-2-kafli\/"},"modified":"2017-12-18T18:32:39","modified_gmt":"2017-12-18T18:32:39","slug":"nehemiabok-2-kafli","status":"publish","type":"page","link":"https:\/\/biblian.is\/gudbrandsbiblia\/nehemiabok-2-kafli\/","title":{"rendered":"Nehem\u00edab\u00f3k 2. kafli"},"content":{"rendered":"<p>II.<\/p>\n<p>\u00c1 \u00fev\u00ed tuttugasta \u00e1ri Artaxerxes k\u00f3ngs \u00ed \u00feeim m\u00e1nu\u00f0i N\u00edssan \u00fe\u00e1 a\u00f0 v\u00edni\u00f0 st\u00f3\u00f0 fyrir honum \u00fe\u00e1 t\u00f3k eg v\u00edni\u00f0 og r\u00e9tta eg \u00fea\u00f0 a\u00f0 k\u00f3nginum og eg s\u00e1 mj\u00f6g sorglega \u00fat fyrir honum. <span class=\"athugasemd\" title=\"N\u00edssan \/ Aprilis \/ Nehem\u00eda var sendur \u00e1 xx. \u00e1ri Darii longimani a\u00f0 uppbyggja Jer\u00fasalem, fyrir hinga\u00f0bur\u00f0inn Christi ccccxxxiy \u00e1r\">[<\/span> \u00de\u00e1 sag\u00f0i k\u00f3ngurinn til m\u00edn: &#8222;\u00dev\u00ed ert \u00fe\u00fa so dapur a\u00f0 sj\u00e1 en ert \u00fe\u00f3 ekki sj\u00fakur? \u00dea\u00f0 er eigi \u00feess kyns heldur ert \u00fe\u00fa hugsj\u00fakur.&#8220; Og eg var\u00f0 mj\u00f6g \u00f3ttasleginn og sag\u00f0i til k\u00f3ngsins: &#8222;Minn herra k\u00f3ngur lifi \u00e6vinlega. Skyldi eg ekki dapur vera? \u00dev\u00ed s\u00fa borgin sem minna fe\u00f0ra greftrarh\u00fas er \u00ed liggur \u00ed ey\u00f0i og hennar port eru uppbrennd me\u00f0 eldi.&#8220; \u00de\u00e1 sag\u00f0i k\u00f3ngurinn til m\u00edn: &#8222;Eftir hverju bei\u00f0ist \u00fe\u00fa \u00fe\u00e1?&#8220; \u00de\u00e1 ba\u00f0 eg Gu\u00f0 \u00e1 himnum og sag\u00f0i til k\u00f3ngsins: &#8222;S\u00e9 \u00fea\u00f0 k\u00f3ngsins vilji og \u00fe\u00f3knist \u00feinn \u00fe\u00e9nari \u00fe\u00e9r a\u00f0 \u00fe\u00fa viljir \u00fe\u00e1 senda mig til J\u00fada, til minna fe\u00f0ra legsta\u00f0ar, a\u00f0 eg m\u00e6tti uppbyggja hann.&#8220; \u00de\u00e1 svara\u00f0i k\u00f3ngurinn m\u00e9r og drottningin sem sat hj\u00e1 honum: &#8222;Hversu lengi ver\u00f0ur \u00fe\u00fa \u00e1 lei\u00f0inni og n\u00e6r vilt \u00fe\u00fa koma aftur?&#8220; Og \u00fea\u00f0 \u00fe\u00f3kna\u00f0ist k\u00f3nginum og hann gaf m\u00e9r fararleyfi. Og eg setti honum \u00e1kve\u00f0inn t\u00edma. Og eg sag\u00f0a til k\u00f3ngsins: &#8222;S\u00e9 \u00fea\u00f0 k\u00f3ngsins vilji \u00fe\u00e1 gefi hann m\u00e9r br\u00e9f til landsf\u00f3vitanna sem hinumegin vatsins eru a\u00f0 \u00feeir fylgi m\u00e9r \u00fear yfir um \u00fear til eg kem \u00ed Judeam, so og br\u00e9f til Assaf k\u00f3ngsins h\u00f6f\u00f0ingja yfir sk\u00f3gunum, a\u00f0 hann gefi m\u00e9r vi\u00f0u til bj\u00e1lka til portanna \u00ed k\u00f3ngsins herbergi sem er hj\u00e1 musterinu og sta\u00f0arm\u00farunum og til \u00feess h\u00fassins \u00ed hvert eg fer.&#8220; Og k\u00f3ngurinn gaf m\u00e9r eftir \u00fev\u00ed sem m\u00edns g\u00f3\u00f0a Gu\u00f0s h\u00f6nd var yfir m\u00e9r. Og sem eg kom til landsf\u00f3vitanna hinumegin vatsins f\u00e9kk eg \u00feeim k\u00f3ngsins br\u00e9f. Og k\u00f3ngurinn sendi h\u00f6fu\u00f0smenn og riddarali\u00f0 me\u00f0 m\u00e9r.<\/p>\n<p>\tEn sem Saneballat Horoniter og Tob\u00edas einn Ammoniter \u00fe\u00e9nari heyr\u00f0u \u00fev\u00edl\u00edkt \u00fe\u00e1 gramdist \u00feeim mj\u00f6g vi\u00f0 \u00feetta a\u00f0 \u00fear var einn ma\u00f0ur kominn s\u00e1 nokkurs g\u00f3\u00f0s vildi leita Israelissonum. <span class=\"athugasemd\" title=\"Saneballat\">[<\/span><\/p>\n<p>\tEn sem eg kom til Jer\u00fasalem og haf\u00f0i veri\u00f0 \u00fear \u00ed \u00ferj\u00e1 daga t\u00f3k eg mig upp um n\u00f3tt og f\u00e1ir menn me\u00f0 m\u00e9r \u00fev\u00ed a\u00f0 eg sag\u00f0a \u00f6ngvum manni hva\u00f0 minn Gu\u00f0 haf\u00f0i gefi\u00f0 m\u00e9r \u00ed sinni a\u00f0 gj\u00f6ra \u00ed Jer\u00fasalem og \u00fear var engin lifandi skepna me\u00f0 m\u00e9r utan \u00fea\u00f0 d\u00fdr sem eg rei\u00f0 \u00e1. <span class=\"athugasemd\" title=\"Portin borgarinnar Jer\u00fasalem\">[<\/span> Og eg rei\u00f0 um n\u00f3ttina \u00fat af \u00fev\u00ed Dalsportinu hj\u00e1 Drekabrunni og til \u00feess Mykjuports og \u00fea\u00f0 angra\u00f0i mig a\u00f0 Jer\u00fasalem m\u00farveggir voru so ni\u00f0urbrotnir og borgarhli\u00f0in svo uppbrennd. Og eg gekk yfir til Brunnportsins og til k\u00f3ngsins fiskid\u00edkis og \u00fear var ekkert r\u00fam a\u00f0 mitt d\u00fdr kynni a\u00f0 ganga fram undir m\u00e9r. \u00de\u00e1 f\u00f3r eg um n\u00f3ttina a\u00f0 l\u00e6knum og \u00fea\u00f0 angra\u00f0i mig a\u00f0 eg s\u00e1 svo til m\u00faranna. Eftir \u00fea\u00f0 sneri eg m\u00e9r og kom svo heim aftur a\u00f0 Dalportinu.<\/p>\n<p>\tEn fyrirmennirnir vissu ekki hvert eg var farinn e\u00f0a hva\u00f0 eg gj\u00f6r\u00f0a. \u00dev\u00ed a\u00f0 allt h\u00e9r til haf\u00f0a eg ekki neitt sagt Gy\u00f0ingunum, prestunum, r\u00e1\u00f0sherrunum og \u00feeim yppustu e\u00f0ur nokkrum \u00f6\u00f0rum sem voru a\u00f0 verkinu. \u00de\u00e1 sag\u00f0a eg til \u00feeirra: &#8222;\u00de\u00e9r sj\u00e1i\u00f0 \u00ed hverri \u00f3lukku a\u00f0 v\u00e9r erum staddir a\u00f0 Jer\u00fasalem er \u00ed ey\u00f0i og hennar port eru uppbrennd me\u00f0 eldi. Komi\u00f0 og byggjum upp m\u00fara Jer\u00fasalem svo v\u00e9r s\u00e9um ekki lengur svo forsm\u00e1\u00f0ir. Og eg kunngj\u00f6r\u00f0i \u00feeim \u00f6llum m\u00edns Gu\u00f0s h\u00f6nd hver e\u00f0 g\u00f3\u00f0 var yfir m\u00e9r, svo og k\u00f3ngsins or\u00f0 sem hann sag\u00f0i til m\u00edn. Og \u00feeir andsv\u00f6ru\u00f0u: &#8222;T\u00f6kum oss upp og uppbyggjum \u00fe\u00e1.&#8220; Og v\u00e9r bygg\u00f0um og \u00feeirra hendur styrktust til hins g\u00f3\u00f0a.<\/p>\n<p>\tEn sem \u00feeir Senaballat Horonites og Tob\u00eda s\u00e1 Ammonites \u00fe\u00e9nari af G\u00f3sem af Arabia heyr\u00f0i \u00feetta \u00fe\u00e1 spottu\u00f0u \u00feeir oss og s\u00f6g\u00f0u: <span class=\"athugasemd\" title=\"Senaballat\">[<\/span> &#8222;Hva\u00f0 er \u00fea\u00f0 sem \u00fe\u00e9r gj\u00f6ri\u00f0? Vilji \u00fe\u00e9r enn falla fr\u00e1 k\u00f3nginum?&#8220; \u00de\u00e1 svara\u00f0i eg \u00feeim og sag\u00f0a: &#8222;Gu\u00f0 \u00e1 himnum mun l\u00e1ta oss \u00feetta vel lukkast \u00fev\u00ed v\u00e9r, hans \u00fe\u00e9narar, h\u00f6fum teki\u00f0 oss upp til \u00feessarar byggingar. En \u00fe\u00e9r eigi\u00f0 ekkert hlutskipti n\u00e9 r\u00e9ttindi n\u00e9 nokkra minning \u00ed Jer\u00fasalem.&#8220;<\/p>\n","protected":false},"excerpt":{"rendered":"<p>II. \u00c1 \u00fev\u00ed tuttugasta \u00e1ri Artaxerxes k\u00f3ngs \u00ed \u00feeim m\u00e1nu\u00f0i N\u00edssan \u00fe\u00e1 a\u00f0 v\u00edni\u00f0 st\u00f3\u00f0 fyrir honum \u00fe\u00e1 t\u00f3k eg v\u00edni\u00f0 og r\u00e9tta eg \u00fea\u00f0 a\u00f0 k\u00f3nginum og eg s\u00e1 mj\u00f6g sorglega \u00fat fyrir honum. [ \u00de\u00e1 sag\u00f0i k\u00f3ngurinn til m\u00edn: &#8222;\u00dev\u00ed ert \u00fe\u00fa so dapur a\u00f0 sj\u00e1 en ert \u00fe\u00f3 ekki sj\u00fakur? \u00dea\u00f0 er eigi \u00feess kyns heldur ert \u00fe\u00fa hugsj\u00fakur.&#8220; Og eg var\u00f0 mj\u00f6g \u00f3ttasleginn og sag\u00f0i til k\u00f3ngsins: &#8222;Minn herra k\u00f3ngur lifi \u00e6vinlega. Skyldi eg ekki dapur vera? \u00dev\u00ed s\u00fa borgin sem minna fe\u00f0ra greftrarh\u00fas er \u00ed liggur \u00ed ey\u00f0i og hennar port eru uppbrennd me\u00f0 eldi.&#8220; <a href=\"https:\/\/biblian.is\/gudbrandsbiblia\/nehemiabok-2-kafli\/\"> [&#8230;]<\/a><\/p>\n","protected":false},"author":1,"featured_media":0,"parent":0,"menu_order":0,"comment_status":"open","ping_status":"open","template":"bibliukaflar.php","meta":{"footnotes":""},"class_list":["post-3108","page","type-page","status-publish","hentry"],"_links":{"self":[{"href":"https:\/\/biblian.is\/gudbrandsbiblia\/wp-json\/wp\/v2\/pages\/3108","targetHints":{"allow":["GET"]}}],"collection":[{"href":"https:\/\/biblian.is\/gudbrandsbiblia\/wp-json\/wp\/v2\/pages"}],"about":[{"href":"https:\/\/biblian.is\/gudbrandsbiblia\/wp-json\/wp\/v2\/types\/page"}],"author":[{"embeddable":true,"href":"https:\/\/biblian.is\/gudbrandsbiblia\/wp-json\/wp\/v2\/users\/1"}],"replies":[{"embeddable":true,"href":"https:\/\/biblian.is\/gudbrandsbiblia\/wp-json\/wp\/v2\/comments?post=3108"}],"version-history":[{"count":0,"href":"https:\/\/biblian.is\/gudbrandsbiblia\/wp-json\/wp\/v2\/pages\/3108\/revisions"}],"wp:attachment":[{"href":"https:\/\/biblian.is\/gudbrandsbiblia\/wp-json\/wp\/v2\/media?parent=3108"}],"curies":[{"name":"wp","href":"https:\/\/api.w.org\/{rel}","templated":true}]}}