{"id":3107,"date":"2017-12-18T18:32:39","date_gmt":"2017-12-18T18:32:39","guid":{"rendered":"http:\/\/biblian.is\/gudbrandsbiblia\/nehemiabok-1-kafli\/"},"modified":"2017-12-18T18:32:39","modified_gmt":"2017-12-18T18:32:39","slug":"nehemiabok-1-kafli","status":"publish","type":"page","link":"https:\/\/biblian.is\/gudbrandsbiblia\/nehemiabok-1-kafli\/","title":{"rendered":"Nehem\u00edab\u00f3k 1. kafli"},"content":{"rendered":"<p>Nehem\u00edas b\u00f3k<\/p>\n<p>I. <\/p>\n<p>\u00deessir eru gj\u00f6rningar Nehem\u00eda sem var sonur Hakal\u00eda. \u00dea\u00f0 ske\u00f0i \u00ed \u00feeim m\u00e1na\u00f0i k\u00edslef \u00e1 \u00fev\u00ed tuttugasta \u00e1ri a\u00f0 eg var \u00e1 slotinu S\u00fasan. <span class=\"athugasemd\" title=\"K\u00edslef \/ Desember\">[<\/span> \u00de\u00e1 kom Hanan\u00ed, einn af m\u00ednum br\u00e6\u00f0rum, og nokkrir menn me\u00f0 honum fr\u00e1 J\u00fada. Og eg spur\u00f0a \u00fe\u00e1 a\u00f0: &#8222;Hvernig gengur Gy\u00f0ingunum sem a\u00f0 frelsa\u00f0ir eru og eftir eru or\u00f0nir af \u00fev\u00ed fangelsi?&#8220; Svo og l\u00edka hvernin a\u00f0 til gengi \u00ed Jer\u00fasalem. En \u00feeir sv\u00f6ru\u00f0u m\u00e9r og s\u00f6g\u00f0u a\u00f0 \u00feeir sem eftir eru af herlei\u00f0ingunni, \u00feeir eru \u00fear \u00ed landinu \u00ed st\u00f3rri \u00f3lukku og fyrirlitningu. M\u00farveggir Jer\u00fasalem eru ni\u00f0urbrotnir og sta\u00f0arins port uppbrennd me\u00f0 eldi. En sem eg heyr\u00f0i svoddan or\u00f0 sat eg, gr\u00e9t og syrg\u00f0i \u00ed tvo daga og fasta\u00f0i og eg ba\u00f0st fyrir \u00ed augliti Gu\u00f0s \u00e1 himnum og sag\u00f0i: <\/p>\n<p>\t&#8222;Drottinn Gu\u00f0 \u00e1 himnum, \u00fe\u00fa hinn mikli og hr\u00e6\u00f0ilegi Gu\u00f0 sem a\u00f0 heldur s\u00e1ttm\u00e1la og miskunn vi\u00f0 \u00fe\u00e1 sem elska \u00feig og \u00fe\u00edn bo\u00f0or\u00f0 var\u00f0veita, l\u00e1t \u00fe\u00edn eyru merkja \u00feetta og a\u00f0 \u00fe\u00edn augu s\u00e9u opin so a\u00f0 \u00fe\u00fa heyrir b\u00e6n \u00fe\u00edns \u00fe\u00e9nara sem eg bi\u00f0 \u00ed augliti \u00fe\u00ednu dag og n\u00f3tt fyrir \u00fe\u00ednum \u00fe\u00e9n\u00f6rum \u00cdsraelssonum og eg me\u00f0kenni margfaldar syndir Israelissona sem v\u00e9r h\u00f6fum gj\u00f6rt \u00ed m\u00f3ti \u00fe\u00e9r, l\u00edka svo eg og m\u00edns f\u00f6\u00f0urs h\u00fas h\u00f6fum og syndgast. <span class=\"athugasemd\" title=\"B\u00e6n Nehemie \/ Deut. 9\">[<\/span> V\u00e9r erum og svo fordjarfa\u00f0ir a\u00f0 v\u00e9r h\u00f6fum ekki haldi\u00f0 \u00feau bo\u00f0or\u00f0, b\u00edfalningar og r\u00e9ttindi sem \u00fe\u00fa hefur bo\u00f0i\u00f0 \u00fe\u00ednum \u00fe\u00e9nara Mosi.<\/p>\n<p>\tEn minnst \u00fe\u00fa \u00e1 \u00fea\u00f0 or\u00f0 sem \u00fe\u00fa bau\u00f0st \u00fe\u00ednum \u00fe\u00e9nara M\u00f3se og sag\u00f0ir: N\u00e6r \u00fe\u00e9r misgj\u00f6ri\u00f0 og gangi\u00f0 af m\u00ednum bo\u00f0or\u00f0um \u00fe\u00e1 vil eg dreifa y\u00f0ur \u00e1 millum hei\u00f0ingjanna. En ef \u00fe\u00e9r sn\u00fai\u00f0 y\u00f0ur til m\u00edn og haldi\u00f0 m\u00edn bo\u00f0or\u00f0 og gj\u00f6ri\u00f0 \u00feau \u0096 og \u00fe\u00f3 \u00fe\u00e9r v\u00e6ru\u00f0 \u00fatreknir til hins y\u00f0sta heimsins enda, \u00fe\u00e1 vil eg \u00fe\u00f3 safna y\u00f0ur saman og f\u00e6ra y\u00f0ur til \u00feess sta\u00f0ar sem eg hefi \u00fatvali\u00f0 hvar a\u00f0 mitt nafn skal b\u00faa. <span class=\"athugasemd\" title=\"Gu\u00f0s fyrirheit \/ Deut. 32\">[<\/span> \u00deeir eru \u00fe\u00f3 \u00fe\u00ednir \u00fe\u00e9narar og \u00feitt f\u00f3lk hvert \u00fe\u00fa hefur frelsa\u00f0 me\u00f0 \u00feinni mikilli magt og \u00feinni megtugri hendi. \u00d3 Drottinn, l\u00e1t \u00fe\u00edn eyru g\u00e6tur gefa a\u00f0 b\u00e6n \u00fe\u00edns \u00fe\u00e9nara og a\u00f0 b\u00e6n \u00feinna \u00fe\u00e9nara, \u00feeir sem girnast a\u00f0 \u00f3ttast \u00feitt nafn, og gef \u00fe\u00ednum \u00fej\u00f3n \u00ed dag lukku og gef honum miskunn fyrir \u00feessum manni.&#8220; \u00dev\u00ed a\u00f0 eg var k\u00f3ngsins skenkjari.<\/p>\n","protected":false},"excerpt":{"rendered":"<p>Nehem\u00edas b\u00f3k I. \u00deessir eru gj\u00f6rningar Nehem\u00eda sem var sonur Hakal\u00eda. \u00dea\u00f0 ske\u00f0i \u00ed \u00feeim m\u00e1na\u00f0i k\u00edslef \u00e1 \u00fev\u00ed tuttugasta \u00e1ri a\u00f0 eg var \u00e1 slotinu S\u00fasan. [ \u00de\u00e1 kom Hanan\u00ed, einn af m\u00ednum br\u00e6\u00f0rum, og nokkrir menn me\u00f0 honum fr\u00e1 J\u00fada. Og eg spur\u00f0a \u00fe\u00e1 a\u00f0: &#8222;Hvernig gengur Gy\u00f0ingunum sem a\u00f0 frelsa\u00f0ir eru og eftir eru or\u00f0nir af \u00fev\u00ed fangelsi?&#8220; Svo og l\u00edka hvernin a\u00f0 til gengi \u00ed Jer\u00fasalem. En \u00feeir sv\u00f6ru\u00f0u m\u00e9r og s\u00f6g\u00f0u a\u00f0 \u00feeir sem eftir eru af herlei\u00f0ingunni, \u00feeir eru \u00fear \u00ed landinu \u00ed st\u00f3rri \u00f3lukku og fyrirlitningu. M\u00farveggir Jer\u00fasalem eru ni\u00f0urbrotnir og sta\u00f0arins port <a href=\"https:\/\/biblian.is\/gudbrandsbiblia\/nehemiabok-1-kafli\/\"> [&#8230;]<\/a><\/p>\n","protected":false},"author":1,"featured_media":0,"parent":0,"menu_order":0,"comment_status":"open","ping_status":"open","template":"bibliukaflar.php","meta":{"footnotes":""},"class_list":["post-3107","page","type-page","status-publish","hentry"],"_links":{"self":[{"href":"https:\/\/biblian.is\/gudbrandsbiblia\/wp-json\/wp\/v2\/pages\/3107","targetHints":{"allow":["GET"]}}],"collection":[{"href":"https:\/\/biblian.is\/gudbrandsbiblia\/wp-json\/wp\/v2\/pages"}],"about":[{"href":"https:\/\/biblian.is\/gudbrandsbiblia\/wp-json\/wp\/v2\/types\/page"}],"author":[{"embeddable":true,"href":"https:\/\/biblian.is\/gudbrandsbiblia\/wp-json\/wp\/v2\/users\/1"}],"replies":[{"embeddable":true,"href":"https:\/\/biblian.is\/gudbrandsbiblia\/wp-json\/wp\/v2\/comments?post=3107"}],"version-history":[{"count":0,"href":"https:\/\/biblian.is\/gudbrandsbiblia\/wp-json\/wp\/v2\/pages\/3107\/revisions"}],"wp:attachment":[{"href":"https:\/\/biblian.is\/gudbrandsbiblia\/wp-json\/wp\/v2\/media?parent=3107"}],"curies":[{"name":"wp","href":"https:\/\/api.w.org\/{rel}","templated":true}]}}