{"id":3104,"date":"2017-12-18T18:32:39","date_gmt":"2017-12-18T18:32:39","guid":{"rendered":"http:\/\/biblian.is\/gudbrandsbiblia\/esrabok-8-kafli\/"},"modified":"2017-12-18T18:32:39","modified_gmt":"2017-12-18T18:32:39","slug":"esrabok-8-kafli","status":"publish","type":"page","link":"https:\/\/biblian.is\/gudbrandsbiblia\/esrabok-8-kafli\/","title":{"rendered":"Esrab\u00f3k 8. kafli"},"content":{"rendered":"<p>VIII.<\/p>\n<p>\u00deessi eru h\u00f6f\u00f0ingjar fe\u00f0ranna h\u00fasa hverjir reikna\u00f0ir voru sem a\u00f0 f\u00f3ru upp me\u00f0 m\u00e9r fr\u00e1 Bab\u00fdlon \u00e1 \u00feeim t\u00edma sem k\u00f3ng Artaxerxes r\u00edkti. Af sonum P\u00ednees Gers\u00f3m. Af sonum \u00cdtamar Dan\u00edel. Af sonum Dav\u00ed\u00f0s Hatt\u00fas. Af sonum Sekanja og sonum Pare\u00f3s Sakar\u00eda og me\u00f0 honum voru reikna\u00f0ir hundra\u00f0 og fimmt\u00edgi kallmenn. Af sonum Pahat M\u00f3ab El\u00ed\u00f3ena\u00ed son Seraja og me\u00f0 honum tv\u00f6 hundru\u00f0 kallmenn. Af sonum Sekanja son Jehas\u00edel og me\u00f0 honum \u00ferj\u00fa hundru\u00f0 kallmenn. Af sonum Ab\u00edn Eded son J\u00f3natan og me\u00f0 honum fimmt\u00edgi kallmenn. Af sonum Elam Jesaja son Atalja og me\u00f0 honum sj\u00f6t\u00edgi kallmenn. Af sonum Sefatja Sebad\u00eda son M\u00edkael og me\u00f0 honum \u00e1ttat\u00edgi kallmenn. Af sonum J\u00f3ab \u00d3bad\u00eda son Jeh\u00edel og me\u00f0 honum tv\u00f6 hundru\u00f0 og \u00e1ttat\u00edgi kallmenn. Af sonum Sel\u00f3m\u00edt son J\u00f3sifja og me\u00f0 honum hundra\u00f0 og sext\u00edgi kallmenn. Af sonum Beba\u00ed Sakar\u00eda son Beba\u00ed og me\u00f0 honum \u00e1tta og tuttugu kallmenn. Af sonum Asgad J\u00f3hanan s\u00e1 yngsti son og me\u00f0 honum hundra\u00f0 og t\u00edu kallmenn. Af s\u00ed\u00f0ustu sonum Ad\u00f3n\u00edkam, \u00feeir h\u00e9tu El\u00edfelet, Jeh\u00edel og Semaja og me\u00f0 \u00feeim sext\u00edgi menn. Af sonum Bageva\u00ed \u00data\u00ed og Sab\u00fad og me\u00f0 \u00feeim sj\u00f6t\u00edgi kallmenn. Og eg safna\u00f0i \u00feeim til vatsins sem rennur til Aheva og \u00fear vorum v\u00e9r \u00ed \u00ferj\u00e1 daga. <span class=\"athugasemd\" title=\"Aheva\">[<\/span> Og \u00fe\u00e1 eg leita\u00f0i me\u00f0al f\u00f3lksins og prestanna \u00fe\u00e1 fann eg \u00f6ngvan Lev\u00edta \u00fear. \u00de\u00e1 senda eg af sta\u00f0 El\u00edeser, Ar\u00edel, Semaja, Elnatan, Jar\u00edb, Elnatan, Natan, Sakar\u00eda og Mes\u00fallam \u00fe\u00e1 yppustu og J\u00f3jar\u00edb og Elnatan \u00fe\u00e1 l\u00e6rendur. Og eg \u00fatsenda \u00fe\u00e1 til Idd\u00f3 sem var h\u00f6f\u00f0ingi \u00ed Kasp\u00eda a\u00f0 \u00feeir skyldu s\u00e6kja oss \u00fe\u00e9nara til vors Gu\u00f0s h\u00fass. Og eg lag\u00f0i fyrir \u00fe\u00e1 hva\u00f0 \u00feeir skyldu tala me\u00f0 Idd\u00f3 og hans br\u00e6\u00f0ur \u00fe\u00e1 Neth\u00edn\u00edm \u00ed Kasp\u00eda. Og \u00feeir f\u00e6r\u00f0u oss eftir vors Gu\u00f0s g\u00f3\u00f0ri hendi sem yfir oss var einn l\u00e6r\u00f0an mann af sonum Mahel\u00ed sonar Lev\u00ed, sonar \u00cdsrael, Serebja me\u00f0 s\u00ednum sonum og br\u00e6\u00f0rum, \u00feeir voru \u00e1tj\u00e1n, og Hasab\u00edam og Jesaja me\u00f0 honum af sonum Merar\u00ed me\u00f0 s\u00ednum br\u00e6\u00f0rum og \u00feeirra sonum tuttugu og af \u00feeim Neth\u00edn\u00edm sem Dav\u00ed\u00f0 og h\u00f6f\u00f0ingjarnir settu til a\u00f0 \u00fej\u00f3na Lev\u00edtunum tv\u00f6 hundru\u00f0 og tuttugu, alla nefnda me\u00f0 nafni.<\/p>\n<p>\tOg \u00fe\u00e1 eg \u00fear var hj\u00e1 \u00fev\u00ed vatni Aheva l\u00e9t eg bo\u00f0a eina f\u00f6stu svo a\u00f0 v\u00e9r au\u00f0m\u00fdktum oss fyrir vorum Gu\u00f0i a\u00f0 bi\u00f0ja hann um r\u00e9ttan veg fyrir oss og vor b\u00f6rn og allt \u00fea\u00f0 oss tilheyr\u00f0i. <span class=\"athugasemd\" title=\"Esdra b\u00fd\u00f0ur f\u00f6stu f\u00f3lkinu\">[<\/span> \u00dev\u00ed a\u00f0 eg skamma\u00f0ist m\u00edn a\u00f0 bi\u00f0jast eftir fylgdarm\u00f6nnum og riddarali\u00f0i af k\u00f3nginum oss til verndar fyrir \u00f3vinum \u00e1 veginum. \u00dev\u00ed a\u00f0 v\u00e9r h\u00f6f\u00f0um \u00e1\u00f0ur sagt fyrir konunginum: &#8222;Vor Gu\u00f0s h\u00f6nd er yfir \u00f6llum \u00feeim sem hans leita til g\u00f3\u00f0a og hans sterkleiki og rei\u00f0i yfir \u00feeim sem hann yfirgefa.&#8220; Og v\u00e9r f\u00f6stu\u00f0um og b\u00e1\u00f0um um \u00feetta vorn Gu\u00f0. Og hann b\u00e6nheyr\u00f0i oss.<\/p>\n<p>\tOg eg \u00fatvaldi t\u00f3lf af \u00feeim yppustu kennim\u00f6nnum, Serbjam og Hasab\u00edam og t\u00edu af \u00feeirra br\u00e6\u00f0rum me\u00f0 \u00feeim, og eg v\u00f3 \u00feeim \u00fear \u00fat silfur og gull og kerin sem gefin voru \u00ed vors Gu\u00f0s h\u00fas hver a\u00f0 k\u00f3ngurinn og hans r\u00e1\u00f0sherrar, h\u00f6f\u00f0ingjarnir og allir Israelismenn sem \u00fear fundust h\u00f6f\u00f0u gefi\u00f0 til upplyftingarinnar. Og eg v\u00f3g \u00feeim \u00ed \u00feeirra hendur upp \u00e1 vigt sex hundru\u00f0 og fimmt\u00edgi centener silfurs og \u00ed silfurkerum hundra\u00f0 centener silfurs og hundra\u00f0 centener gulls og tuttugu bikara af gulli hverjir a\u00f0 v\u00f3gu \u00fe\u00fasund gyllini og tvo kostuleg koparker, svo kl\u00e1r sem gull. Og eg sag\u00f0i til \u00feeirra: &#8222;\u00de\u00e9r eru\u00f0 Gu\u00f0i helga\u00f0ir, svo eru og kerin heil\u00f6g, l\u00edka svo gull og silfur \u00fea\u00f0 sem viljuglega er gefi\u00f0 Drottni y\u00f0ra fe\u00f0ra Gu\u00f0i. \u00dear fyrir vaki\u00f0 n\u00fa og var\u00f0veiti\u00f0 \u00feetta \u00fear til \u00fe\u00e9r vegi\u00f0 \u00fea\u00f0 \u00fat aftur fyrir \u00feeim yppurstum kennim\u00f6nnum og Lev\u00edtum og \u00feeim helstum fe\u00f0rum \u00e1 me\u00f0al \u00cdsrael \u00ed Jer\u00fasalem \u00ed Gu\u00f0s h\u00fass hirslu.&#8220; S\u00ed\u00f0an me\u00f0t\u00f3ku kennimennirnir og Lev\u00edtarnir \u00feetta hi\u00f0 sama vegna silfur, \u00fea\u00f0 gull og \u00feau ker og allt anna\u00f0 \u00fea\u00f0 sem afhent var og f\u00e6r\u00f0u \u00fea\u00f0 til Jer\u00fasalem \u00ed Gu\u00f0s h\u00fas.<\/p>\n<p>\tS\u00ed\u00f0an t\u00f3kum v\u00e9r oss upp fr\u00e1 Ahevavatni \u00feann t\u00f3lfta dag \u00ed \u00feeim fyrsta m\u00e1na\u00f0i og f\u00f3rum \u00e1 veginn til Jer\u00fasalem. <span class=\"athugasemd\" title=\"12. dag aprilis\">[<\/span> Og vors Gu\u00f0s h\u00f6nd var me\u00f0 oss og frelsa\u00f0i oss fr\u00e1 vorra \u00f3vina h\u00f6ndum og fr\u00e1 \u00feeim sem s\u00e1tu um oss \u00e1 veginum. Svo komum v\u00e9r til Jer\u00fasalem og vorum \u00fear \u00ferj\u00e1 daga. En \u00e1 \u00feeim fj\u00f3r\u00f0a degi var silfri\u00f0, gulli\u00f0 og kerin allt saman vegi\u00f0 \u00ed vors Gu\u00f0s h\u00fasi fyrir hendur Merem\u00f3t sonar \u00dar\u00eda kennimanns og me\u00f0 honum var Eleasar son P\u00edneas og me\u00f0 \u00feeim Jesabad son Jes\u00faa og N\u00f3adja sonur Ben\u00fa\u00ed Lev\u00edta, hver eftir sinni t\u00f6lu og sinni vigt. En vigtin var uppskrifu\u00f0 \u00f6ll \u00e1 \u00feeim t\u00edma.<\/p>\n<p>\tEn \u00feeir herlei\u00f0ingarsynir sem komnnir voru af fangelsinu offru\u00f0u \u00cdraels Gu\u00f0i brennif\u00f3rnum, t\u00f3lf uxum fyrir allan \u00cdsrael, sex og n\u00edut\u00edgi hr\u00fatum, sj\u00f6 l\u00f6mbum og sj\u00f6t\u00edgi og t\u00f3lf h\u00f6frum til syndoffurs, allt saman til brennif\u00f3rnar fyrir Drottni. S\u00ed\u00f0an afhentu \u00feeir k\u00f3ngsins emb\u00e6ttism\u00f6nnum og landsf\u00f3vitum \u00feessumegin vatsins k\u00f3ngsins bo\u00f0skap. og \u00feeir upph\u00f3fu s\u00ed\u00f0an f\u00f3lki\u00f0 og Gu\u00f0s h\u00fas.<\/p>\n","protected":false},"excerpt":{"rendered":"<p>VIII. \u00deessi eru h\u00f6f\u00f0ingjar fe\u00f0ranna h\u00fasa hverjir reikna\u00f0ir voru sem a\u00f0 f\u00f3ru upp me\u00f0 m\u00e9r fr\u00e1 Bab\u00fdlon \u00e1 \u00feeim t\u00edma sem k\u00f3ng Artaxerxes r\u00edkti. Af sonum P\u00ednees Gers\u00f3m. Af sonum \u00cdtamar Dan\u00edel. Af sonum Dav\u00ed\u00f0s Hatt\u00fas. Af sonum Sekanja og sonum Pare\u00f3s Sakar\u00eda og me\u00f0 honum voru reikna\u00f0ir hundra\u00f0 og fimmt\u00edgi kallmenn. Af sonum Pahat M\u00f3ab El\u00ed\u00f3ena\u00ed son Seraja og me\u00f0 honum tv\u00f6 hundru\u00f0 kallmenn. Af sonum Sekanja son Jehas\u00edel og me\u00f0 honum \u00ferj\u00fa hundru\u00f0 kallmenn. Af sonum Ab\u00edn Eded son J\u00f3natan og me\u00f0 honum fimmt\u00edgi kallmenn. Af sonum Elam Jesaja son Atalja og me\u00f0 honum sj\u00f6t\u00edgi kallmenn. Af sonum <a href=\"https:\/\/biblian.is\/gudbrandsbiblia\/esrabok-8-kafli\/\"> [&#8230;]<\/a><\/p>\n","protected":false},"author":1,"featured_media":0,"parent":0,"menu_order":0,"comment_status":"open","ping_status":"open","template":"bibliukaflar.php","meta":{"footnotes":""},"class_list":["post-3104","page","type-page","status-publish","hentry"],"_links":{"self":[{"href":"https:\/\/biblian.is\/gudbrandsbiblia\/wp-json\/wp\/v2\/pages\/3104","targetHints":{"allow":["GET"]}}],"collection":[{"href":"https:\/\/biblian.is\/gudbrandsbiblia\/wp-json\/wp\/v2\/pages"}],"about":[{"href":"https:\/\/biblian.is\/gudbrandsbiblia\/wp-json\/wp\/v2\/types\/page"}],"author":[{"embeddable":true,"href":"https:\/\/biblian.is\/gudbrandsbiblia\/wp-json\/wp\/v2\/users\/1"}],"replies":[{"embeddable":true,"href":"https:\/\/biblian.is\/gudbrandsbiblia\/wp-json\/wp\/v2\/comments?post=3104"}],"version-history":[{"count":0,"href":"https:\/\/biblian.is\/gudbrandsbiblia\/wp-json\/wp\/v2\/pages\/3104\/revisions"}],"wp:attachment":[{"href":"https:\/\/biblian.is\/gudbrandsbiblia\/wp-json\/wp\/v2\/media?parent=3104"}],"curies":[{"name":"wp","href":"https:\/\/api.w.org\/{rel}","templated":true}]}}