{"id":3102,"date":"2017-12-18T18:32:39","date_gmt":"2017-12-18T18:32:39","guid":{"rendered":"http:\/\/biblian.is\/gudbrandsbiblia\/esrabok-6-kafli\/"},"modified":"2017-12-18T18:32:39","modified_gmt":"2017-12-18T18:32:39","slug":"esrabok-6-kafli","status":"publish","type":"page","link":"https:\/\/biblian.is\/gudbrandsbiblia\/esrabok-6-kafli\/","title":{"rendered":"Esrab\u00f3k 6. kafli"},"content":{"rendered":"<p>VI.<\/p>\n<p>\u00de\u00e1 bau\u00f0 Dar\u00edus k\u00f3ngur a\u00f0 leita skyldi \u00ed kansel\u00edi\u00f0 \u00ed k\u00f3ngsins f\u00e9hirsluh\u00fasum sem voru \u00ed Bab\u00fdlon. <span class=\"athugasemd\" title=\"Dar\u00edus\">[<\/span> \u00de\u00e1 fannst \u00ed Ahmeta \u00e1 \u00fev\u00ed sloti sem liggur \u00ed Meden ein b\u00f3k og \u00ed henni st\u00f3\u00f0 einn gj\u00f6rningur so skrifa\u00f0ur: <\/p>\n<p>\t&#8222;\u00c1 \u00fev\u00ed fyrsta \u00e1ri Cyri k\u00f3ngs bau\u00f0 Cyrus k\u00f3ngur a\u00f0 byggja Gu\u00f0s h\u00fas \u00ed Jer\u00fasalem, \u00ed \u00feeim sta\u00f0 sem menn offru\u00f0u, a\u00f0 leggja grundv\u00f6llinn sext\u00edgi \u00e1lna h\u00e1van og sext\u00edgi \u00e1lna brei\u00f0an og \u00ferj\u00e1 veggi af allra handa steinum og einn vegg af tr\u00e9 og a\u00f0 kostna\u00f0urinn skyldi gefast af k\u00f3ngsins h\u00fasi. \u00dear me\u00f0 \u00feau gu\u00f0s h\u00fass gullker og silfurker sem a\u00f0 Nabogodonosor t\u00f3k af musterinu \u00ed Jer\u00fasalem og haf\u00f0i me\u00f0 s\u00e9r \u00ed Bab\u00fdlon, \u00feau skulu leggjast aftur so \u00feau s\u00e9 h\u00f6f\u00f0 aftur \u00ed musteri\u00f0 Jer\u00fasalem \u00ed sinn sta\u00f0 \u00ed Gu\u00f0s h\u00fasi.&#8220;<\/p>\n<p>\t&#8222;\u00dear fyrir v\u00edki\u00f0 langt fr\u00e1 \u00feessum m\u00f6nnum, \u00fe\u00fa Tatna\u00ed landsf\u00f3viti hinumegin vatsins og Starbosna\u00ed og allt y\u00f0art r\u00e1\u00f0 af Aparsak, \u00fe\u00e9r sem eru\u00f0 \u00e1 hina s\u00ed\u00f0u vatsins. <span class=\"athugasemd\" title=\"Dar\u00edus skipar a\u00f0 byggja upp musteri\u00f0\">[<\/span> L\u00e1ti\u00f0 \u00fea\u00f0 Gu\u00f0s h\u00fas uppbyggjast svo a\u00f0 Gy\u00f0inganna landsins f\u00f3vitar og \u00feeirra \u00f6ldungar megi uppbyggja Gu\u00f0s h\u00fas \u00ed s\u00ednum sta\u00f0. \u00dea\u00f0 er og b\u00edfala\u00f0 af m\u00e9r hva\u00f0 gefast skal \u00f6ldungunum af J\u00fada svo a\u00f0 \u00feeir uppbyggi Gu\u00f0s h\u00fas, sem er a\u00f0 \u00feeim skal gefast af k\u00f3ngsins g\u00f3ssi og rentu hinumegin vatsins, vandlega, og \u00feeirra verk skal ekki forhindra.<\/p>\n<p>\tOg ef \u00feeir hafa \u00fe\u00f6rf \u00e1 k\u00e1lfum, l\u00f6mbum e\u00f0a h\u00f6frum til brennif\u00f3rna a\u00f0 f\u00f3rnf\u00e6ra Gu\u00f0i \u00e1 himnum, hveiti, salt, v\u00edn og vi\u00f0smj\u00f6r eftir prestanna si\u00f0venju \u00ed Jer\u00fasalem, \u00fe\u00e1 skal \u00feeim gefast \u00fea\u00f0 daglega svo sem tilheyrir svo a\u00f0 \u00fea\u00f0 skal eigi fors\u00f3mast, svo a\u00f0 \u00feeir megi offra Gu\u00f0i \u00ed himninum til eins s\u00e6ts ilms og bi\u00f0ji fyrir k\u00f3ngsins l\u00edfi og hans sona. Svoddan b\u00edfalning er gefin af m\u00e9r. Og hver s\u00e1 ma\u00f0ur sem a\u00f0 umbreytir \u00feessari vorri skipan, af hans h\u00fasi skal takast einn bj\u00e1lki og skal uppreisast og s\u00e1 hinn sami skal \u00fear \u00e1 hengjast og hans h\u00fas skal vera forbroti\u00f0 s\u00f6kum \u00feess gj\u00f6rnings. En Gu\u00f0 s\u00e1 sem b\u00fdr \u00ed himninum hann fyrirfari \u00f6llum k\u00f3ngum og \u00f6llu f\u00f3lki sem \u00fatr\u00e9tta s\u00ednar hendur til a\u00f0 breyta og brj\u00f3ta Gu\u00f0s h\u00fas \u00ed jer\u00fasalem. Eg Dar\u00edus hefi \u00feetta bo\u00f0i\u00f0 og vil a\u00f0 \u00feetta skal vandlega framkv\u00e6mast.&#8220;<\/p>\n<p>\t\u00deetta gj\u00f6r\u00f0i Tatna\u00ed landsf\u00f3viti hinumegin vatsins vandlega og Starbosna\u00ed og \u00feeirra r\u00e1\u00f0uneyti til hverra Dar\u00edus k\u00f3ngur haf\u00f0i sent. Og \u00feeir hinu elstu af Gy\u00f0ingum uppbygg\u00f0u Gu\u00f0s musteri so \u00fea\u00f0 gekk fast fram eftir sp\u00e1d\u00f3mi Haggei og Sakarei sonar Idd\u00f3 sp\u00e1manna og \u00feeir bygg\u00f0u og uppreistu eftir \u00cdsraels Gu\u00f0s b\u00edfalning og eftir skipan Cyri, Darii og Artaxerxes k\u00f3nga af Persia. Og \u00feeir fullkomnu\u00f0u h\u00fasi\u00f0 inn til \u00feess \u00feri\u00f0ja dags \u00ed adarm\u00e1na\u00f0i, \u00fea\u00f0 var \u00e1 \u00fev\u00ed sj\u00f6tta \u00e1ri r\u00edkis Darri k\u00f3ngs. <span class=\"athugasemd\" title=\"Musteri\u00f0 fullbyggist \u00e1 s\u00e9tta \u00e1ri Darri longimani\">[<\/span> <\/p>\n<p>\tOg \u00cdsraelssynir, prestarnir og Lev\u00edtarnir og \u00feeir a\u00f0rir sem \u00far fangelsinu komu h\u00e9ldu v\u00edgslu Gu\u00f0s h\u00fass me\u00f0 gle\u00f0i. Og \u00feeir offru\u00f0u \u00ed kirkjuv\u00edgslunni Gu\u00f0s h\u00fass hundra\u00f0 k\u00e1lfa, tv\u00f6 hundru\u00f0 lamba, fj\u00f6gur hundru\u00f0 hafra og til syndoffurs fyri allan \u00cdsrael t\u00f3lf kjarnhafra eftir \u00e6ttart\u00f6lu Israelissona og skikku\u00f0u prestunum \u00ed s\u00ednar skipanir og Lev\u00edtana \u00ed sitt var\u00f0hald a\u00f0 \u00fej\u00f3na \u00feeim Gu\u00f0i sem er \u00ed Jer\u00fasalem, svo sem skrifa\u00f0 stendur \u00ed M\u00f3sesb\u00f3k. <span class=\"athugasemd\" title=\"Musterisins v\u00edgsla\">[<\/span> <\/p>\n<p>\tOg herlei\u00f0ingarinnar synir h\u00e9ldu p\u00e1ska \u00feann fj\u00f3rt\u00e1nda dag \u00ed \u00feeim fyrsta m\u00e1nu\u00f0i. <span class=\"athugasemd\" title=\"P\u00e1skar haldast\">[<\/span> \u00dev\u00ed a\u00f0 prestarnir og Lev\u00edtarnir h\u00f6f\u00f0u hreinsa\u00f0 sig svo \u00feeir voru allir hreinir svo sem einn ma\u00f0ur. Og \u00feeir s\u00e6f\u00f0u p\u00e1ska(lamb) fyrir alla herlei\u00f0ingarsonu og fyrir prestana \u00feeirra br\u00e6\u00f0ur og fyrir sig. Og \u00cdsraelssynir \u00feeir sem komnir voru \u00far herlei\u00f0ingunni og allir \u00feeir sem sig h\u00f6f\u00f0u skili\u00f0 fr\u00e1 hei\u00f0ingjanna saurugleika \u00ed landinu a\u00f0 leita Drottins Gu\u00f0s \u00cdsraels, \u00feeir \u00e1tu og h\u00e9ldu \u00f3s\u00fdr\u00f0ra brau\u00f0a h\u00e1t\u00ed\u00f0 \u00ed sj\u00f6 daga me\u00f0 fagna\u00f0i. \u00dev\u00ed a\u00f0 Drottinn haf\u00f0i gj\u00f6rt \u00fe\u00e1 gla\u00f0a og sn\u00fai\u00f0 k\u00f3ngsins hjarta af Assyria til \u00feeirra so \u00feeir yr\u00f0u styrkvir \u00ed Gu\u00f0s h\u00fass gj\u00f6rningi, sem er \u00cdsraels Gu\u00f0.<\/p>\n","protected":false},"excerpt":{"rendered":"<p>VI. \u00de\u00e1 bau\u00f0 Dar\u00edus k\u00f3ngur a\u00f0 leita skyldi \u00ed kansel\u00edi\u00f0 \u00ed k\u00f3ngsins f\u00e9hirsluh\u00fasum sem voru \u00ed Bab\u00fdlon. [ \u00de\u00e1 fannst \u00ed Ahmeta \u00e1 \u00fev\u00ed sloti sem liggur \u00ed Meden ein b\u00f3k og \u00ed henni st\u00f3\u00f0 einn gj\u00f6rningur so skrifa\u00f0ur: &#8222;\u00c1 \u00fev\u00ed fyrsta \u00e1ri Cyri k\u00f3ngs bau\u00f0 Cyrus k\u00f3ngur a\u00f0 byggja Gu\u00f0s h\u00fas \u00ed Jer\u00fasalem, \u00ed \u00feeim sta\u00f0 sem menn offru\u00f0u, a\u00f0 leggja grundv\u00f6llinn sext\u00edgi \u00e1lna h\u00e1van og sext\u00edgi \u00e1lna brei\u00f0an og \u00ferj\u00e1 veggi af allra handa steinum og einn vegg af tr\u00e9 og a\u00f0 kostna\u00f0urinn skyldi gefast af k\u00f3ngsins h\u00fasi. \u00dear me\u00f0 \u00feau gu\u00f0s h\u00fass gullker og silfurker sem a\u00f0 <a href=\"https:\/\/biblian.is\/gudbrandsbiblia\/esrabok-6-kafli\/\"> [&#8230;]<\/a><\/p>\n","protected":false},"author":1,"featured_media":0,"parent":0,"menu_order":0,"comment_status":"open","ping_status":"open","template":"bibliukaflar.php","meta":{"footnotes":""},"class_list":["post-3102","page","type-page","status-publish","hentry"],"_links":{"self":[{"href":"https:\/\/biblian.is\/gudbrandsbiblia\/wp-json\/wp\/v2\/pages\/3102","targetHints":{"allow":["GET"]}}],"collection":[{"href":"https:\/\/biblian.is\/gudbrandsbiblia\/wp-json\/wp\/v2\/pages"}],"about":[{"href":"https:\/\/biblian.is\/gudbrandsbiblia\/wp-json\/wp\/v2\/types\/page"}],"author":[{"embeddable":true,"href":"https:\/\/biblian.is\/gudbrandsbiblia\/wp-json\/wp\/v2\/users\/1"}],"replies":[{"embeddable":true,"href":"https:\/\/biblian.is\/gudbrandsbiblia\/wp-json\/wp\/v2\/comments?post=3102"}],"version-history":[{"count":0,"href":"https:\/\/biblian.is\/gudbrandsbiblia\/wp-json\/wp\/v2\/pages\/3102\/revisions"}],"wp:attachment":[{"href":"https:\/\/biblian.is\/gudbrandsbiblia\/wp-json\/wp\/v2\/media?parent=3102"}],"curies":[{"name":"wp","href":"https:\/\/api.w.org\/{rel}","templated":true}]}}