{"id":3101,"date":"2017-12-18T18:32:39","date_gmt":"2017-12-18T18:32:39","guid":{"rendered":"http:\/\/biblian.is\/gudbrandsbiblia\/esrabok-5-kafli\/"},"modified":"2017-12-18T18:32:39","modified_gmt":"2017-12-18T18:32:39","slug":"esrabok-5-kafli","status":"publish","type":"page","link":"https:\/\/biblian.is\/gudbrandsbiblia\/esrabok-5-kafli\/","title":{"rendered":"Esrab\u00f3k 5. kafli"},"content":{"rendered":"<p>V.<\/p>\n<p>En \u00feeir sp\u00e1menn Haggeus og Sakar\u00edas son Idd\u00f3 sp\u00e1\u00f0u til Gy\u00f0inganna sem voru \u00ed J\u00fada og Jer\u00fasalem \u00ed \u00cdsraels Gu\u00f0s nafni. \u00de\u00e1 t\u00f3k sig upp S\u00f3r\u00f3babel son Sealt\u00edel og Jes\u00faa sonur J\u00f3sedek og t\u00f3ku til a\u00f0 byggja Gu\u00f0s h\u00fas \u00ed Jer\u00fasalem og Gu\u00f0s sp\u00e1menn voru me\u00f0 \u00feeim sem a\u00f0 styrktu \u00fe\u00e1. <span class=\"athugasemd\" title=\"H\u00e9r hefjast Dan\u00edels vikur \u00e1 \u00f6\u00f0ru \u00e1ri Darri longimani \/ Fyrir Christi f\u00e6\u00f0ing ccccli \u00e1r\">[<\/span><\/p>\n<p>\t\u00c1 \u00feeim t\u00edma kom til \u00feeirra Tatna\u00ed landsf\u00f3viti \u00feessumegin vatsins og Starbosna\u00ed og \u00feeirra r\u00e1\u00f0gjafar og s\u00f6g\u00f0u svo til \u00feeirra: &#8222;Hver hefur b\u00edfala\u00f0 y\u00f0ur a\u00f0 reisa \u00feetta h\u00fas og a\u00f0 uppbyggja \u00feess m\u00fara?&#8220; \u00de\u00e1 s\u00f6g\u00f0u v\u00e9r \u00feeim hva\u00f0 \u00feeir menn h\u00e9tu sem a\u00f0 bu\u00f0u \u00feessa bygging. En augu Gu\u00f0s \u00feeirra komu yfir \u00f6ldunga Gy\u00f0inga a\u00f0 \u00feeir h\u00f6mlu\u00f0u \u00feeim ekki \u00fear til \u00feetta m\u00e1l k\u00e6mi fyrir Darium og ein skrift \u00fear upp \u00e1 fengist aftur.<\/p>\n<p>\tEn svo hlj\u00f3\u00f0a\u00f0i \u00fea\u00f0 br\u00e9f sem Tatna\u00ed landsf\u00f3viti \u00feessumegin vatsins og Starbosna\u00ed og \u00feeirra r\u00e1\u00f0 af Aparsak sem a\u00f0 voru \u00feessumegin vatsins sendu til Darium og \u00feau or\u00f0 hlj\u00f3\u00f0u\u00f0u svo sem \u00feeir sendu til hans: <span class=\"athugasemd\" title=\"Tatna\u00ed br\u00e9f til Darium\">[<\/span> &#8222;Dario k\u00f3ngi allur fri\u00f0ur. \u00dea\u00f0 s\u00e9 k\u00f3nginum vitanlegt a\u00f0 v\u00e9r komum \u00ed Gy\u00f0ingaland til h\u00fass \u00feess mikla Gu\u00f0s hvert a\u00f0 menn byggja n\u00fa upp me\u00f0 allra handa steinum og leggja sterka bj\u00e1lka \u00ed veggina. Og \u00feessi gj\u00f6rningur gengur mj\u00f6g fast fram undir \u00feeirra hendi. V\u00e9r spur\u00f0um \u00fe\u00e1 hinu elstu a\u00f0 og s\u00f6g\u00f0um so til \u00feeirra: Hver hefur leyft y\u00f0ur a\u00f0 byggja \u00feetta h\u00fas og uppm\u00fara \u00feess veggi? V\u00e9r spur\u00f0um og hva\u00f0 \u00feeir h\u00e9tu svo v\u00e9r m\u00e6ttum kunngj\u00f6ra \u00fe\u00e9r \u00fea\u00f0. Og v\u00e9r h\u00f6fum uppskrifa\u00f0 \u00feeirra manna n\u00f6fn sem yppastir voru af \u00feeim.<\/p>\n<p>\tEn \u00feeir g\u00e1fu oss svoddan andsv\u00f6r og s\u00f6g\u00f0u: <span class=\"athugasemd\" title=\"3. Reg. 6\">[<\/span> V\u00e9r erum \u00fe\u00e9narar \u00feess Gu\u00f0s sem r\u00e6\u00f0ur yfir himin og j\u00f6r\u00f0 og v\u00e9r byggjum \u00fea\u00f0 h\u00fas sem \u00e1\u00f0ur fyrir m\u00f6rgum \u00e1rum var byggt, hvert einn megtugur Israelisk\u00f3ngur haf\u00f0i reist og uppbyggt. En \u00fe\u00e1 vorir forfe\u00f0ur stygg\u00f0u Gu\u00f0 \u00e1 himnum \u00fe\u00e1 gaf hann \u00fe\u00e1 \u00ed h\u00f6nd Nabogodonosor k\u00f3ngs af Bab\u00fdlon \u00far Kaldea og hann ni\u00f0urbraut \u00feetta h\u00fays en burtflutti f\u00f3lki\u00f0 me\u00f0 s\u00e9r \u00ed Bab\u00fdlon. <\/p>\n<p>\tEn \u00e1 \u00fev\u00ed fyrsta \u00e1ri r\u00edkis Cyrus k\u00f3ngs \u00ed Bab\u00fdlon \u00fe\u00e1 bau\u00f0 Cyrus k\u00f3ngur a\u00f0 \u00feetta Gu\u00f0s h\u00fas skyldi uppbyggjast. <span class=\"athugasemd\" title=\"Cyrus\">[<\/span> \u00dev\u00ed a\u00f0 \u00feau gullker og silfurker sem \u00e1\u00f0ur voru \u00ed \u00feessu sama Gu\u00f0s h\u00fasi hver Nabogodonosor k\u00f3ngur t\u00f3k burt \u00far Gu\u00f0s musteri \u00ed Jer\u00fasalem og l\u00e9t \u00feau \u00ed sitt musteri \u00ed Bab\u00fdlon \u00feau t\u00f3k Cyrus k\u00f3ngur burt \u00fea\u00f0an og afhenti \u00feau Sessbasar me\u00f0 nafni \u00fev\u00ed a\u00f0 hann setti hann landsstj\u00f3rnara og hann sag\u00f0i til hans: <span class=\"athugasemd\" title=\"Sessbasar\">[<\/span> Tak \u00feessi ker og f\u00e6r \u00fe\u00fa \u00feau me\u00f0 \u00fe\u00e9r til \u00feess musteris \u00ed Jer\u00fasalem og l\u00e1t Gu\u00f0s h\u00fas byggjast \u00ed s\u00ednum sta\u00f0. \u00de\u00e1 kom \u00feessi sami Sessbasar og lag\u00f0i fyrst grundv\u00f6ll \u00feessa Gu\u00f0s h\u00fass \u00ed Jer\u00fasalem. Og fr\u00e1 \u00feeim t\u00edma var teki\u00f0 til a\u00f0 byggja \u00feetta h\u00fas og er enn eigi fullbyggt.<\/p>\n<p>\tOg ef \u00fea\u00f0 k\u00f3nginum s\u00fdnist so \u00fe\u00e1 l\u00e1ti hann leita \u00ed f\u00e9sj\u00f3\u00f0ah\u00fasum k\u00f3ngsins af Bab\u00fdlon hvert \u00fea\u00f0 finnst svo b\u00edfala\u00f0 af Cyro k\u00f3ngi a\u00f0 byggjast skyldi Gu\u00f0s h\u00fas \u00ed Jer\u00fasalem og sendist oss k\u00f3ngsins meining um \u00feetta.&#8220;<\/p>\n","protected":false},"excerpt":{"rendered":"<p>V. En \u00feeir sp\u00e1menn Haggeus og Sakar\u00edas son Idd\u00f3 sp\u00e1\u00f0u til Gy\u00f0inganna sem voru \u00ed J\u00fada og Jer\u00fasalem \u00ed \u00cdsraels Gu\u00f0s nafni. \u00de\u00e1 t\u00f3k sig upp S\u00f3r\u00f3babel son Sealt\u00edel og Jes\u00faa sonur J\u00f3sedek og t\u00f3ku til a\u00f0 byggja Gu\u00f0s h\u00fas \u00ed Jer\u00fasalem og Gu\u00f0s sp\u00e1menn voru me\u00f0 \u00feeim sem a\u00f0 styrktu \u00fe\u00e1. [ \u00c1 \u00feeim t\u00edma kom til \u00feeirra Tatna\u00ed landsf\u00f3viti \u00feessumegin vatsins og Starbosna\u00ed og \u00feeirra r\u00e1\u00f0gjafar og s\u00f6g\u00f0u svo til \u00feeirra: &#8222;Hver hefur b\u00edfala\u00f0 y\u00f0ur a\u00f0 reisa \u00feetta h\u00fas og a\u00f0 uppbyggja \u00feess m\u00fara?&#8220; \u00de\u00e1 s\u00f6g\u00f0u v\u00e9r \u00feeim hva\u00f0 \u00feeir menn h\u00e9tu sem a\u00f0 bu\u00f0u \u00feessa bygging. En <a href=\"https:\/\/biblian.is\/gudbrandsbiblia\/esrabok-5-kafli\/\"> [&#8230;]<\/a><\/p>\n","protected":false},"author":1,"featured_media":0,"parent":0,"menu_order":0,"comment_status":"open","ping_status":"open","template":"bibliukaflar.php","meta":{"footnotes":""},"class_list":["post-3101","page","type-page","status-publish","hentry"],"_links":{"self":[{"href":"https:\/\/biblian.is\/gudbrandsbiblia\/wp-json\/wp\/v2\/pages\/3101","targetHints":{"allow":["GET"]}}],"collection":[{"href":"https:\/\/biblian.is\/gudbrandsbiblia\/wp-json\/wp\/v2\/pages"}],"about":[{"href":"https:\/\/biblian.is\/gudbrandsbiblia\/wp-json\/wp\/v2\/types\/page"}],"author":[{"embeddable":true,"href":"https:\/\/biblian.is\/gudbrandsbiblia\/wp-json\/wp\/v2\/users\/1"}],"replies":[{"embeddable":true,"href":"https:\/\/biblian.is\/gudbrandsbiblia\/wp-json\/wp\/v2\/comments?post=3101"}],"version-history":[{"count":0,"href":"https:\/\/biblian.is\/gudbrandsbiblia\/wp-json\/wp\/v2\/pages\/3101\/revisions"}],"wp:attachment":[{"href":"https:\/\/biblian.is\/gudbrandsbiblia\/wp-json\/wp\/v2\/media?parent=3101"}],"curies":[{"name":"wp","href":"https:\/\/api.w.org\/{rel}","templated":true}]}}