{"id":3099,"date":"2017-12-18T18:32:39","date_gmt":"2017-12-18T18:32:39","guid":{"rendered":"http:\/\/biblian.is\/gudbrandsbiblia\/esrabok-3-kafli\/"},"modified":"2017-12-18T18:32:39","modified_gmt":"2017-12-18T18:32:39","slug":"esrabok-3-kafli","status":"publish","type":"page","link":"https:\/\/biblian.is\/gudbrandsbiblia\/esrabok-3-kafli\/","title":{"rendered":"Esrab\u00f3k 3. kafli"},"content":{"rendered":"<p>III.<\/p>\n<p>En sem s\u00e1 hinn sj\u00f6undi m\u00e1nu\u00f0ur var kominn og Israelissynir voru \u00ed s\u00ednum st\u00f6\u00f0um kom f\u00f3lki\u00f0 til samans \u00ed Jer\u00fasalem so sem einn ma\u00f0ur. Og Jes\u00faa son J\u00f3sedek og hans br\u00e6\u00f0ur kennimennirnir t\u00f3ku sig upp og S\u00f3r\u00f3babel son Sealt\u00edel og hans br\u00e6\u00f0ur og bygg\u00f0u \u00cdsraels Gu\u00f0s altari til a\u00f0 offra brennif\u00f3rnum \u00fear yfir so sem \u00fea\u00f0 stendur skrifa\u00f0 \u00ed M\u00f3se gu\u00f0smanns l\u00f6gm\u00e1li. <span class=\"athugasemd\" title=\"Jes\u00faa og S\u00f3r\u00f3babel byggja altari\u00f0 \/ Math. 1 \/ Nehe. 8 \/ S\u00edrak. 45\">[<\/span> Og \u00feeir tilreiddu altari\u00f0 \u00e1 s\u00ednum grundvelli (\u00fev\u00ed \u00fear var ein hr\u00e6\u00f0sla \u00e1 millum \u00feeirra s\u00f6kum f\u00f3lksins \u00ed landinu) og \u00feeir offru\u00f0u Drottni brennioffur yfir \u00fev\u00ed kveld og morna. Og \u00feeir h\u00e9ldu laufsk\u00e1lah\u00e1t\u00ed\u00f0 eftir \u00fev\u00ed sem skrifa\u00f0 st\u00f3\u00f0 og f\u00e6r\u00f0u brennioffur hvern dag eftir talinu svo sem tilheyr\u00f0i, hvern dag sitt offur. <span class=\"athugasemd\" title=\"Laufsk\u00e1lah\u00e1t\u00ed\u00f0 var haldin \/ Levit. 23\">[<\/span> \u00dev\u00ed n\u00e6st \u00fe\u00e6r daglegu brennif\u00f3rnir og n\u00fdju m\u00e1nu\u00f0i og alla Drottins h\u00e1t\u00ed\u00f0isdaga sem a\u00f0 heilagir voru og allsh\u00e1tta\u00f0ar sj\u00e1lfviljugar f\u00f3rnir sem \u00feeir f\u00e6r\u00f0u Drottni af s\u00ednum frj\u00e1lsa vilja. \u00c1 \u00feeim fyrsta degi \u00ed \u00feeim sj\u00f6unda m\u00e1nu\u00f0i t\u00f3ku \u00feeir til a\u00f0 f\u00e6ra Gu\u00f0i brennif\u00f3rnir. En grundv\u00f6llur Gu\u00f0s musteris var \u00fe\u00e1 ekki enn lag\u00f0ur. Og \u00feeir g\u00e1fu steinh\u00f6ggvurum og tr\u00e9smi\u00f0um mat og drykk og vi\u00f0msj\u00f6r og \u00feeim \u00ed S\u00eddon og Tyro a\u00f0 \u00feeir skyldu flytja sedrusvi\u00f0u af L\u00edbanon yfir hafi\u00f0 til Joppen eftir b\u00edfalning Cyri k\u00f3ngs \u00ed Persia.<\/p>\n<p>\t\u00c1 \u00f6\u00f0ru \u00e1ri eftir \u00fea\u00f0 a\u00f0 \u00feeir komu til Gu\u00f0s h\u00fass \u00ed Jer\u00fasalem, \u00ed \u00feeim \u00f6\u00f0rum m\u00e1na\u00f0i, \u00fe\u00e1 upph\u00f3f S\u00f3r\u00f3babel son Sealt\u00edel og Jes\u00faa son J\u00f3sedek og hinir a\u00f0rir af \u00feeirra br\u00e6\u00f0rum, prestar og Lev\u00edtar og allir \u00feeir sem komnir voru \u00far herlei\u00f0inguni til Jer\u00fasalem, og skipu\u00f0u til Lev\u00edtana fr\u00e1 tuttugu \u00e1rum og \u00fear yfir a\u00f0 \u00feeir skyldu framfylgja verklaginu \u00ed Drottins h\u00fasi. Og Jes\u00faa st\u00f3\u00f0 me\u00f0 s\u00ednum sonum og br\u00e6\u00f0rum og Kadm\u00edel me\u00f0 s\u00ednum sonum og synir J\u00fada sem einn ma\u00f0ur a\u00f0 framfylgja arfi\u00f0inu \u00e1 Gu\u00f0s h\u00fasi, sem var synir Henadad me\u00f0 \u00feeirra sonum og \u00feeirra br\u00e6\u00f0rum Lev\u00edtunum. N\u00fa sem byggingameistararnir l\u00f6g\u00f0u grundv\u00f6llinn til Gu\u00f0s musteris \u00fe\u00e1 st\u00f3\u00f0u prestarnir skr\u00fdddir me\u00f0 trametum og Lev\u00edtarnir, synir Assaf, me\u00f0 cymbalis og lofu\u00f0u Drottin me\u00f0 Dav\u00ed\u00f0s \u00cdsraelsk\u00f3ngs diktum og sungu til samans me\u00f0 hymnum og lofs\u00f6ngvum Drottins a\u00f0 hann er g\u00f3\u00f0ur og hans miskunnsemi varir \u00e6vinlega yfir \u00cdsrael. <span class=\"athugasemd\" title=\"Musterisins grundv\u00f6llur lag\u00f0ur\">[<\/span> Og alt f\u00f3lki\u00f0 kalla\u00f0i h\u00e1tt og lofa\u00f0i Drottin a\u00f0 Gu\u00f0s h\u00fass grundv\u00f6llur var lag\u00f0ur. En margir af \u00feeim g\u00f6mlu prestum og Lev\u00edtum og \u00feeim yppustu fe\u00f0rum sem s\u00e9\u00f0 h\u00f6f\u00f0u \u00fea\u00f0 fyrra h\u00fasi\u00f0 og a\u00f0 h\u00fasi\u00f0 var lagt me\u00f0 grundvelli fyrir \u00feeirra augum, \u00fe\u00e1 gr\u00e9tu \u00feeir h\u00e1rri r\u00f6ddu. En margir a\u00f0rir k\u00f6llu\u00f0u upp af f\u00f6gnu\u00f0i so a\u00f0 menn g\u00e1tu ekki greint \u00e1 milli fagna\u00f0arkallsins fyrir gr\u00e1ti f\u00f3lksins. \u00dev\u00ed a\u00f0 f\u00f3lki\u00f0 hlj\u00f3\u00f0a\u00f0i so h\u00e1tt a\u00f0 \u00feeirra kall heyr\u00f0ist langan veg.<\/p>\n","protected":false},"excerpt":{"rendered":"<p>III. En sem s\u00e1 hinn sj\u00f6undi m\u00e1nu\u00f0ur var kominn og Israelissynir voru \u00ed s\u00ednum st\u00f6\u00f0um kom f\u00f3lki\u00f0 til samans \u00ed Jer\u00fasalem so sem einn ma\u00f0ur. Og Jes\u00faa son J\u00f3sedek og hans br\u00e6\u00f0ur kennimennirnir t\u00f3ku sig upp og S\u00f3r\u00f3babel son Sealt\u00edel og hans br\u00e6\u00f0ur og bygg\u00f0u \u00cdsraels Gu\u00f0s altari til a\u00f0 offra brennif\u00f3rnum \u00fear yfir so sem \u00fea\u00f0 stendur skrifa\u00f0 \u00ed M\u00f3se gu\u00f0smanns l\u00f6gm\u00e1li. [ Og \u00feeir tilreiddu altari\u00f0 \u00e1 s\u00ednum grundvelli (\u00fev\u00ed \u00fear var ein hr\u00e6\u00f0sla \u00e1 millum \u00feeirra s\u00f6kum f\u00f3lksins \u00ed landinu) og \u00feeir offru\u00f0u Drottni brennioffur yfir \u00fev\u00ed kveld og morna. Og \u00feeir h\u00e9ldu laufsk\u00e1lah\u00e1t\u00ed\u00f0 eftir \u00fev\u00ed sem <a href=\"https:\/\/biblian.is\/gudbrandsbiblia\/esrabok-3-kafli\/\"> [&#8230;]<\/a><\/p>\n","protected":false},"author":1,"featured_media":0,"parent":0,"menu_order":0,"comment_status":"open","ping_status":"open","template":"bibliukaflar.php","meta":{"footnotes":""},"class_list":["post-3099","page","type-page","status-publish","hentry"],"_links":{"self":[{"href":"https:\/\/biblian.is\/gudbrandsbiblia\/wp-json\/wp\/v2\/pages\/3099","targetHints":{"allow":["GET"]}}],"collection":[{"href":"https:\/\/biblian.is\/gudbrandsbiblia\/wp-json\/wp\/v2\/pages"}],"about":[{"href":"https:\/\/biblian.is\/gudbrandsbiblia\/wp-json\/wp\/v2\/types\/page"}],"author":[{"embeddable":true,"href":"https:\/\/biblian.is\/gudbrandsbiblia\/wp-json\/wp\/v2\/users\/1"}],"replies":[{"embeddable":true,"href":"https:\/\/biblian.is\/gudbrandsbiblia\/wp-json\/wp\/v2\/comments?post=3099"}],"version-history":[{"count":0,"href":"https:\/\/biblian.is\/gudbrandsbiblia\/wp-json\/wp\/v2\/pages\/3099\/revisions"}],"wp:attachment":[{"href":"https:\/\/biblian.is\/gudbrandsbiblia\/wp-json\/wp\/v2\/media?parent=3099"}],"curies":[{"name":"wp","href":"https:\/\/api.w.org\/{rel}","templated":true}]}}