{"id":3098,"date":"2017-12-18T18:32:39","date_gmt":"2017-12-18T18:32:39","guid":{"rendered":"http:\/\/biblian.is\/gudbrandsbiblia\/esrabok-2-kafli\/"},"modified":"2017-12-18T18:32:39","modified_gmt":"2017-12-18T18:32:39","slug":"esrabok-2-kafli","status":"publish","type":"page","link":"https:\/\/biblian.is\/gudbrandsbiblia\/esrabok-2-kafli\/","title":{"rendered":"Esrab\u00f3k 2. kafli"},"content":{"rendered":"<p>II.<\/p>\n<p>\u00deessir eru landsins synir sem voru \u00far herlei\u00f0ingunni hverja Nabogodonosor k\u00f3ngur af Bab\u00fdlon haf\u00f0i herteki\u00f0 og komu n\u00fa aftur \u00ed Jer\u00fasalem og J\u00fada, hver \u00ed sinn sta\u00f0. <span class=\"athugasemd\" title=\"Talan \u00e1 \u00feeim sem eftir lxx \u00e1r komu heim aftur \u00far fangelsi Bab\u00fdlon\">[<\/span> Og \u00feeir komu me\u00f0 S\u00f3r\u00f3babel, Jes\u00faa, Nehem\u00eda, Seraja, Reelja, Mard\u00f3ka\u00ed, Bilsan, Mispar, Bigeva\u00ed, Reh\u00fam og Baena.<\/p>\n<p>\t\u00deetta er manntal \u00cdsraelsf\u00f3lks. Synir Parees: Tv\u00f6 \u00fe\u00fasund hundra\u00f0 sj\u00f6t\u00edgi og tveir. Synir Efatja: \u00derj\u00fa hundru\u00f0 sj\u00f6t\u00edgi og tveir. Synir Ara: Sj\u00f6 hundru\u00f0 sj\u00f6t\u00edgi og fimm. Synir Pahat M\u00f3ab me\u00f0al sona Jes\u00faa, J\u00f3ab: Tv\u00f6 \u00fe\u00fasund \u00e1tta hundru\u00f0 og t\u00f3lf. Synir Elam: \u00de\u00fasund tv\u00f6 hundru\u00f0 fimmt\u00edgi og fj\u00f3rir. Synir Sat\u00fa: N\u00edu hundru\u00f0 fj\u00f6rut\u00edgi og fimm. Synir Saka\u00ed: Sj\u00f6 hundru\u00f0 og sext\u00edgi. Synir Ban\u00ed: Sex hundru\u00f0 fj\u00f6rut\u00edgi og tveir. Synir Beba\u00ed: Sex hundru\u00f0 tuttugu og \u00fer\u00edr. Synir Asgad: \u00de\u00fasund tv\u00f6 hundru\u00f0 tuttugu og tveir. Synir Ad\u00f3n\u00edkam: Sex hundru\u00f0 sext\u00edgi og sex. Synir Bigeva\u00ed: Tv\u00f6 \u00fe\u00fasund fimmt\u00edgi og sex. Synir Ad\u00edn: Fj\u00f6gur hundru\u00f0 fimmt\u00edgi og fj\u00f3rir. Synir Ater af Esek\u00eda: \u00c1tta og n\u00edut\u00edgi. Synir Besa\u00ed: \u00derj\u00fa hundru\u00f0 tuttugu og \u00fer\u00edr. Synir J\u00f3ra: Hundra\u00f0 og t\u00f3lf. Synir H\u00e1s\u00fam: Tv\u00f6 hundru\u00f0 tuttugu og \u00fer\u00edr. Synir Gibbar: N\u00edut\u00edgi og fimm. Synir Betlehem voru hundra\u00f0 tuttugu og \u00fer\u00edr. Menn Net\u00f3fa: Fimmt\u00edgi og sex. \u00deeir menn af Anat\u00f3t: Hundra\u00f0 tuttugu og \u00e1tta. Synir Asmavet: Fj\u00f6rut\u00edgi og tveir. \u00deeir synir af Kirjat Jear\u00edm, Kaf\u00edra og Beer\u00f3t: Sj\u00f6 hundru\u00f0 fj\u00f6rut\u00edgi og \u00fer\u00edr. \u00deeir synir af Rama og Gaba: Sex hundru\u00f0 tuttugu og einn. \u00deeir menn af Mikmas: Hundra\u00f0 tuttugu og tveir. \u00deeir menn af Betel og Ha\u00ed: Tv\u00f6 hundru\u00f0 tuttugu og \u00fer\u00edr. Synir Neb\u00f3: Fimmt\u00edgi og tveir. Synir Magb\u00eds: Hundra\u00f0 fimmt\u00edgi og sex. Synir Elam hins annars: \u00de\u00fasund tv\u00f6 hundru\u00f0 fimmt\u00edgi og fj\u00f3rir. Synir Har\u00edm: \u00derj\u00fa hundru\u00f0 og tuttugu. \u00deeir synir L\u00f3d, Had\u00edd og \u00d3n\u00f3: Sj\u00f6 hundru\u00f0 tuttugu og fimm. Synir Jer\u00edk\u00f3: \u00derj\u00fa hundru\u00f0 fj\u00f6rut\u00edgi og fimm. \u00deeir synir Senaa: \u00derj\u00e1r \u00fe\u00fasundir sex hundru\u00f0 og \u00ferj\u00e1t\u00edgi.<\/p>\n<p>\tPrestanna synir, Jedaja af h\u00fasi Jes\u00faa: <span class=\"athugasemd\" title=\"Summan \u00e1 prestanna sonum\">[<\/span> N\u00edu hundru\u00f0 sj\u00f6t\u00edgi og \u00fer\u00edr. Synir Immer: \u00de\u00fasund fimmt\u00edgi og tveir. Synir Pash\u00far: \u00de\u00fasund tv\u00f6 hundru\u00f0 fj\u00f6rut\u00edgi og sj\u00f6. Synir Har\u00edm: \u00de\u00fasund og seytj\u00e1n. Lev\u00edtarnir, synir Jes\u00faa og Kadm\u00edel, af sonum H\u00f3davja: <span class=\"athugasemd\" title=\"Lev\u00edtum\">[<\/span> Sj\u00f6t\u00edgi og fj\u00f3rir. S\u00f6ngvararnir, synir Assaf: <span class=\"athugasemd\" title=\"S\u00f6ngvurum\">[<\/span> Hundra\u00f0 og tuttugu og \u00e1tta. Synir dyrav\u00f6r\u00f0arann, synir Sall\u00fam, synir Ater, synir Talm\u00f3n, synir Ak\u00fab, synir Hat\u00edta, synir S\u00f3ba\u00ed: <span class=\"athugasemd\" title=\"Dyrav\u00f6r\u00f0um\">[<\/span> \u00deessir allir voru hundra\u00f0 n\u00edu og \u00ferj\u00e1t\u00edgi.<\/p>\n<p>\t\u00deeir <span class=\"athugasemd\" title=\"Nethinim\">[<\/span> Nathinei: Synir S\u00edha, synir Has\u00fafa, synir Tabba\u00f3t, synir Ker\u00f3s, synir S\u00edaa, synir Pad\u00f3n, synir Lebana, synir Hagaba, synir Ak\u00fab, synir Hagab, synir Samla\u00ed, synir Hanan, synir Giddel, synir Gahar, synir Reaja, synir Res\u00edn, synir Nek\u00f3da, synir Gasam, synir \u00dasa, synir Pasea, synir Asna, synir Me\u00f3n\u00edm, synir Nef\u00fas\u00edm, synir Bakb\u00fak, synir Hak\u00fafa, synir Harh\u00far, synir Basl\u00fat, synir Meh\u00edra, synir Harsa, synir Bark\u00f3m, synir S\u00edsera, synir Tamat, synir Nes\u00eda, synir Hat\u00edfa. Synir \u00fe\u00e9nara Salomonis: Synir S\u00f3ta\u00ed, synir S\u00f3feret, synir Per\u00fada, synir Jaala, synir Dark\u00f3n, synir Giddel, synir Sefatja, synir Hattil, synir Pokeret af Seba\u00edm, synir Ami. Allir Nathinei og synir \u00fe\u00e9nara Salomonis voru til samans \u00ferj\u00fa hundru\u00f0 n\u00edut\u00edgi og tveir.<\/p>\n<p>\tOg \u00feessir f\u00f3ru og upp me\u00f0 M\u00edtel, Mela, Tel, Harsa, Ker\u00fab, Add\u00f3n og Immer, en \u00feeir g\u00e1tu ekki sagt til sinna fe\u00f0ra h\u00fasa og ekki til \u00feeirra s\u00e6\u00f0is, hvert \u00feeir voru af \u00cdsrael, synir Delaja, synir Tob\u00eda, synir Nek\u00f3da: Sex hundru\u00f0 fimmt\u00edgi og tveir. Og af prestanna sonum: Synir Habaja, synir Hakos, synir Barsilla\u00ed sem t\u00f3k s\u00e9r eina kvinnu af d\u00e6trum Barsilla\u00ed Gileaditer og var nefndur eftir \u00fev\u00ed sama nafni. \u00deeir leitu\u00f0u eftir registri sinnar f\u00e6\u00f0ingar og fundu ekki. \u00dear fyrir voru \u00feeir reknir fr\u00e1 kennimannskapnum. Og Hat\u00edrsata sag\u00f0i til \u00feeirra a\u00f0 \u00feeir skyldu ekki eta af \u00fev\u00ed allrahelgasta fyrr en s\u00e1 prestur upprisi sem hef\u00f0i lj\u00f3si\u00f0 og r\u00e9ttinn.<\/p>\n<p>\tEn allur alm\u00faginn svo sem einn ma\u00f0ur var tv\u00e6r og fj\u00f6rut\u00edgi \u00fe\u00fasundir \u00ferj\u00fa hundru\u00f0 og sext\u00edgi. <span class=\"athugasemd\" title=\"Exod. 28 \/ Summa alls safna\u00f0arins\">[<\/span> A\u00f0 auk \u00feeirra \u00fer\u00e6lar og amb\u00e1ttir, \u00feeir voru sj\u00f6 \u00fe\u00fasund \u00ferj\u00fa hundru\u00f0 \u00ferj\u00e1t\u00edgi og sj\u00f6. Og \u00feeir h\u00f6f\u00f0u tv\u00f6 hundru\u00f0 s\u00f6ngvara og s\u00f6ngkvinnur, sj\u00f6 hundru\u00f0 sex og \u00ferj\u00e1t\u00edgi hesta, tv\u00f6 hundru\u00f0 fimm og fj\u00f6rut\u00edgi m\u00fala, fj\u00f6gur hundru\u00f0 fimm og \u00ferj\u00e1t\u00edgi \u00falfalda, sex \u00fe\u00fasund sj\u00f6 hundru\u00f0 og tuttugu asna.<\/p>\n<p>\tOg nokkrir af \u00feeim yppustu fe\u00f0rum, \u00feegar \u00feeir komu til Drottins h\u00fass \u00ed Jer\u00fasalem, \u00fe\u00e1 voru \u00feeir f\u00fasir til Drottins h\u00fass a\u00f0 uppbyggja \u00fea\u00f0 aftur \u00ed s\u00ednum sta\u00f0. Og \u00feeir g\u00e1fu eftir s\u00ednum efnum til fj\u00e1rsj\u00f3\u00f0ar gj\u00f6rningsins: <span class=\"athugasemd\" title=\"G\u00e1fur gefnar til musterisins byggingar\">[<\/span> Eitt og sext\u00edgi \u00fe\u00fasund gyllini og fimm \u00fe\u00fasund pund silfurs og hundra\u00f0 kennimannakl\u00e6\u00f0i. Og prestarnir og Lev\u00edtarnir og nokkrir af f\u00f3lkinu og s\u00f6ngvararnir og dyraver\u00f0irnir og \u00feeir Nethinem settist ni\u00f0ur \u00ed \u00feeirra sta\u00f0i og allur \u00cdsrael \u00ed s\u00ednar borgir.<\/p>\n","protected":false},"excerpt":{"rendered":"<p>II. \u00deessir eru landsins synir sem voru \u00far herlei\u00f0ingunni hverja Nabogodonosor k\u00f3ngur af Bab\u00fdlon haf\u00f0i herteki\u00f0 og komu n\u00fa aftur \u00ed Jer\u00fasalem og J\u00fada, hver \u00ed sinn sta\u00f0. [ Og \u00feeir komu me\u00f0 S\u00f3r\u00f3babel, Jes\u00faa, Nehem\u00eda, Seraja, Reelja, Mard\u00f3ka\u00ed, Bilsan, Mispar, Bigeva\u00ed, Reh\u00fam og Baena. \u00deetta er manntal \u00cdsraelsf\u00f3lks. Synir Parees: Tv\u00f6 \u00fe\u00fasund hundra\u00f0 sj\u00f6t\u00edgi og tveir. Synir Efatja: \u00derj\u00fa hundru\u00f0 sj\u00f6t\u00edgi og tveir. Synir Ara: Sj\u00f6 hundru\u00f0 sj\u00f6t\u00edgi og fimm. Synir Pahat M\u00f3ab me\u00f0al sona Jes\u00faa, J\u00f3ab: Tv\u00f6 \u00fe\u00fasund \u00e1tta hundru\u00f0 og t\u00f3lf. Synir Elam: \u00de\u00fasund tv\u00f6 hundru\u00f0 fimmt\u00edgi og fj\u00f3rir. Synir Sat\u00fa: N\u00edu hundru\u00f0 fj\u00f6rut\u00edgi og fimm. Synir <a href=\"https:\/\/biblian.is\/gudbrandsbiblia\/esrabok-2-kafli\/\"> [&#8230;]<\/a><\/p>\n","protected":false},"author":1,"featured_media":0,"parent":0,"menu_order":0,"comment_status":"open","ping_status":"open","template":"bibliukaflar.php","meta":{"footnotes":""},"class_list":["post-3098","page","type-page","status-publish","hentry"],"_links":{"self":[{"href":"https:\/\/biblian.is\/gudbrandsbiblia\/wp-json\/wp\/v2\/pages\/3098","targetHints":{"allow":["GET"]}}],"collection":[{"href":"https:\/\/biblian.is\/gudbrandsbiblia\/wp-json\/wp\/v2\/pages"}],"about":[{"href":"https:\/\/biblian.is\/gudbrandsbiblia\/wp-json\/wp\/v2\/types\/page"}],"author":[{"embeddable":true,"href":"https:\/\/biblian.is\/gudbrandsbiblia\/wp-json\/wp\/v2\/users\/1"}],"replies":[{"embeddable":true,"href":"https:\/\/biblian.is\/gudbrandsbiblia\/wp-json\/wp\/v2\/comments?post=3098"}],"version-history":[{"count":0,"href":"https:\/\/biblian.is\/gudbrandsbiblia\/wp-json\/wp\/v2\/pages\/3098\/revisions"}],"wp:attachment":[{"href":"https:\/\/biblian.is\/gudbrandsbiblia\/wp-json\/wp\/v2\/media?parent=3098"}],"curies":[{"name":"wp","href":"https:\/\/api.w.org\/{rel}","templated":true}]}}