{"id":3097,"date":"2017-12-18T18:32:39","date_gmt":"2017-12-18T18:32:39","guid":{"rendered":"http:\/\/biblian.is\/gudbrandsbiblia\/esrabok-1-kafli\/"},"modified":"2017-12-18T18:32:39","modified_gmt":"2017-12-18T18:32:39","slug":"esrabok-1-kafli","status":"publish","type":"page","link":"https:\/\/biblian.is\/gudbrandsbiblia\/esrabok-1-kafli\/","title":{"rendered":"Esrab\u00f3k 1. kafli"},"content":{"rendered":"<p>B\u00f3kin Esdra<\/p>\n<p>I. <\/p>\n<p>\u00c1 \u00fev\u00ed fyrsta \u00e1ri Cyri k\u00f3ngs \u00ed Persialandi \u0096 so a\u00f0 uppfylltist or\u00f0 Drottins sem hann haf\u00f0i tala\u00f0 fyrir munn Jerem\u00eda sp\u00e1manns \u0096 \u00fe\u00e1 uppvakti Drottinn anda Cyri k\u00f3ngsins \u00ed Persia svo hann l\u00e9t \u00fathr\u00f3pa um allt sitt k\u00f3ngsr\u00edki og so me\u00f0 br\u00e9fum, so segjandi: <span class=\"athugasemd\" title=\"Cyrus a\u00f0 li\u00f0num lxx \u00e1rum l\u00e6tur f\u00f3lki\u00f0 fara heim \u00ed Judeam a\u00f0 byggja musteri\u00f0 og Jer\u00fasalem upp aftur \u00e1 fyrsta \u00e1ri Cyri \/ Anno Mundi \u00ferj\u00fa M ccccxxvi \/ Fyrir Christi hinga\u00f0bur\u00f0 D xxxvy \u00e1r\">[<\/span> &#8222;So segir Cyrus k\u00f3ngur \u00ed Persia: Gu\u00f0 Drottinn himinsins hefur gefi\u00f0 m\u00e9r \u00f6ll k\u00f3ngar\u00edki \u00ed l\u00f6ndunum og hann hefur b\u00edfala\u00f0 m\u00e9r a\u00f0 eg skylda byggja honum eitt h\u00fas \u00ed Jer\u00fasalem \u00ed J\u00fadalandi. Hver \u00fear er \u00e1 me\u00f0al y\u00f0ar af hans f\u00f3lki, me\u00f0 honum s\u00e9 hans Gu\u00f0 og hann skal reisa upp til Jer\u00fasalem \u00ed J\u00fadaland og uppbyggja Drottins Israelis Gu\u00f0s h\u00fas. Hann er Gu\u00f0 sem er \u00ed Jer\u00fasalem. Og allir a\u00f0rir \u00ed \u00f6llum st\u00f6\u00f0um, hvar helst \u00feeir b\u00faa, \u00fe\u00e1 skulu \u00feess sta\u00f0armenn \u00feeim hj\u00e1lpa me\u00f0 silfur og gull, g\u00f3ss og peninga me\u00f0 einum frj\u00e1lsum vilja til Gu\u00f0s h\u00fass \u00ed Jer\u00fasalem.&#8220;<\/p>\n<p>\t\u00de\u00e1 t\u00f3ku sig upp h\u00f6f\u00f0ingjar fe\u00f0ranna af J\u00fada og Benjam\u00edn og svo prestarnir og Lev\u00edtarnir og allir \u00feeir hverra anda Gu\u00f0 uppvakti a\u00f0 fara upp og byggja Drottins h\u00fas \u00ed Jer\u00fasalem. Og allir \u00feeir sem voru \u00ed kringum \u00fe\u00e1 styrktu \u00feeirra hendur me\u00f0 silfurkerum og gullkerum, me\u00f0 g\u00f3ss og f\u00e9 og gersemum, auk \u00feess sem \u00feeir sj\u00e1lfviljuglega g\u00e1fu.<\/p>\n<p>\tOg Cyrus k\u00f3ngur t\u00f3k fram kerin Drottins h\u00fass sem Nabogodonosor haf\u00f0i burt flutt fr\u00e1 Jer\u00fasalem og haf\u00f0i sett \u00ed s\u00edns Gu\u00f0s h\u00fas. En Cyrus k\u00f3ngur t\u00f3k \u00feau \u00fat fyrir h\u00f6nd Mitridatis rentumeistara og taldi \u00feau \u00ed hendur Sesbasar h\u00f6f\u00f0ingja J\u00fada. <span class=\"athugasemd\" title=\"Sesbasa \/ Infra 5\">[<\/span> Og \u00feetta er \u00feeirra tala: \u00derj\u00e1t\u00edgi munnlaugar af gulli, \u00fe\u00fasund silfurmunnlaugar, n\u00edu og tuttugu kn\u00edfar, \u00ferj\u00e1t\u00edgi gullbikarar og \u00feeir a\u00f0rir silfurbikarar fj\u00f6gur hundru\u00f0 og t\u00edu og \u00f6nnur ker \u00fe\u00fasund, svo a\u00f0 \u00f6ll ker b\u00e6\u00f0i af gulli og silfri voru fimm \u00fe\u00fasund og fj\u00f6gur hundru\u00f0. <span class=\"athugasemd\" title=\"Kerin Gu\u00f0s musteris\">[<\/span> Sessbasar flutti \u00feau \u00f6ll upp me\u00f0 \u00feeim sem f\u00f3ru \u00far herlei\u00f0ingunni af Bab\u00fdlon til Jer\u00fasalem.<\/p>\n","protected":false},"excerpt":{"rendered":"<p>B\u00f3kin Esdra I. \u00c1 \u00fev\u00ed fyrsta \u00e1ri Cyri k\u00f3ngs \u00ed Persialandi \u0096 so a\u00f0 uppfylltist or\u00f0 Drottins sem hann haf\u00f0i tala\u00f0 fyrir munn Jerem\u00eda sp\u00e1manns \u0096 \u00fe\u00e1 uppvakti Drottinn anda Cyri k\u00f3ngsins \u00ed Persia svo hann l\u00e9t \u00fathr\u00f3pa um allt sitt k\u00f3ngsr\u00edki og so me\u00f0 br\u00e9fum, so segjandi: [ &#8222;So segir Cyrus k\u00f3ngur \u00ed Persia: Gu\u00f0 Drottinn himinsins hefur gefi\u00f0 m\u00e9r \u00f6ll k\u00f3ngar\u00edki \u00ed l\u00f6ndunum og hann hefur b\u00edfala\u00f0 m\u00e9r a\u00f0 eg skylda byggja honum eitt h\u00fas \u00ed Jer\u00fasalem \u00ed J\u00fadalandi. Hver \u00fear er \u00e1 me\u00f0al y\u00f0ar af hans f\u00f3lki, me\u00f0 honum s\u00e9 hans Gu\u00f0 og hann skal reisa upp <a href=\"https:\/\/biblian.is\/gudbrandsbiblia\/esrabok-1-kafli\/\"> [&#8230;]<\/a><\/p>\n","protected":false},"author":1,"featured_media":0,"parent":0,"menu_order":0,"comment_status":"open","ping_status":"open","template":"bibliukaflar.php","meta":{"footnotes":""},"class_list":["post-3097","page","type-page","status-publish","hentry"],"_links":{"self":[{"href":"https:\/\/biblian.is\/gudbrandsbiblia\/wp-json\/wp\/v2\/pages\/3097","targetHints":{"allow":["GET"]}}],"collection":[{"href":"https:\/\/biblian.is\/gudbrandsbiblia\/wp-json\/wp\/v2\/pages"}],"about":[{"href":"https:\/\/biblian.is\/gudbrandsbiblia\/wp-json\/wp\/v2\/types\/page"}],"author":[{"embeddable":true,"href":"https:\/\/biblian.is\/gudbrandsbiblia\/wp-json\/wp\/v2\/users\/1"}],"replies":[{"embeddable":true,"href":"https:\/\/biblian.is\/gudbrandsbiblia\/wp-json\/wp\/v2\/comments?post=3097"}],"version-history":[{"count":0,"href":"https:\/\/biblian.is\/gudbrandsbiblia\/wp-json\/wp\/v2\/pages\/3097\/revisions"}],"wp:attachment":[{"href":"https:\/\/biblian.is\/gudbrandsbiblia\/wp-json\/wp\/v2\/media?parent=3097"}],"curies":[{"name":"wp","href":"https:\/\/api.w.org\/{rel}","templated":true}]}}