{"id":3095,"date":"2017-12-18T18:32:39","date_gmt":"2017-12-18T18:32:39","guid":{"rendered":"http:\/\/biblian.is\/gudbrandsbiblia\/sidari-kronikubok-35-kafli\/"},"modified":"2017-12-18T18:32:39","modified_gmt":"2017-12-18T18:32:39","slug":"sidari-kronikubok-35-kafli","status":"publish","type":"page","link":"https:\/\/biblian.is\/gudbrandsbiblia\/sidari-kronikubok-35-kafli\/","title":{"rendered":"S\u00ed\u00f0ari kron\u00edkub\u00f3k 35. kafli"},"content":{"rendered":"<p>XXXV.<\/p>\n<p>Og J\u00f3s\u00edas h\u00e9lt Drottni p\u00e1ska \u00ed Jer\u00fasalem og f\u00f3rnf\u00e6r\u00f0i p\u00e1skaoffur \u00e1 \u00feeim fj\u00f3rt\u00e1nda degi \u00ed \u00feeim fyrsta m\u00e1na\u00f0i. <span class=\"athugasemd\" title=\"P\u00e1skar haldnir \u00e1 d\u00f6gum J\u00f3s\u00eda \/ 4. Reg. 23\">[<\/span> Og hann skipa\u00f0i prestana til \u00feeirra var\u00f0halds og styrkti \u00fe\u00e1 \u00ed \u00feeirra emb\u00e6tti \u00ed h\u00fasi Drottins. Og hann sag\u00f0i til Lev\u00edtanna hverjir e\u00f0 l\u00e6r\u00f0u allan \u00cdsrael og helga\u00f0ir voru Drottni: &#8222;Setji\u00f0 \u00fe\u00e1 heil\u00f6gu \u00f6rk \u00ed h\u00fasi\u00f0 \u00fea\u00f0 sem Sal\u00f3mon son Dav\u00ed\u00f0s Israelis k\u00f3ngur bygg\u00f0i. Og \u00fe\u00e9r skulu\u00f0 eigi bera hana \u00e1 y\u00f0rum \u00f6xlum. \u00dej\u00f3ni\u00f0 n\u00fa Drottni y\u00f0rum Gu\u00f0i og hans f\u00f3lki \u00cdsrael. Skipti\u00f0 y\u00f0ra fe\u00f0ra h\u00fasum \u00ed skipanir so sem \u00fea\u00f0 er skrifa\u00f0 af Dav\u00ed\u00f0 Israelisk\u00f3ngi og hans syni Sal\u00f3mon og standi\u00f0 \u00ed helgid\u00f3minum eftir skikkan y\u00f0ra fe\u00f0ra h\u00fasa \u00e1 me\u00f0al y\u00f0varra br\u00e6\u00f0ra, sona f\u00f3lksins, og eftir skikkan fe\u00f0ra h\u00fasanna \u00e1 me\u00f0al Lev\u00edtanna. S\u00e6fi\u00f0 p\u00e1skana og gj\u00f6ri\u00f0 y\u00f0ur helga og tilrei\u00f0i\u00f0 y\u00f0ar br\u00e6\u00f0ur a\u00f0 \u00feeir gj\u00f6ri eftir Drottins or\u00f0i sem hann bau\u00f0 fyrir Mosen.&#8220;<\/p>\n<p>\tOg J\u00f3s\u00edas gaf \u00f6llu f\u00f3lkinu sem \u00fear var um p\u00e1skah\u00e1t\u00ed\u00f0ina l\u00f6mb og ki\u00f0 af hj\u00f6r\u00f0unum, a\u00f0 t\u00f6lu \u00ferj\u00e1t\u00edgi \u00fe\u00fasundir og \u00ferj\u00e1r \u00fe\u00fasundir uxa, \u00feetta allt saman af k\u00f3ngsins g\u00f3ssi. Hans h\u00f6f\u00f0ingjar g\u00e1fu og viljuglega fyrir f\u00f3lki\u00f0, fyrir prestana og Lev\u00edtana (sem var Hilk\u00eda, Sakar\u00eda og Jeh\u00edel, h\u00f6f\u00f0ingjar \u00ed Gu\u00f0s h\u00fasi \u00e1 me\u00f0al kennimanna) til p\u00e1skanna, tv\u00f6 \u00fe\u00fasund og sex hundru\u00f0 l\u00f6mb og ki\u00f0, \u00fear til \u00ferj\u00fa hundru\u00f0 uxa. En Kananja, Semaja, Nataneel og hans br\u00e6\u00f0ur, Hasabja, Jeh\u00edel og J\u00f3sabad, hverjir yppastir voru Lev\u00edtanna, \u00feeir g\u00e1fu Lev\u00edtunum til p\u00e1skahaldsins fimm \u00fe\u00fasund l\u00f6mb og ki\u00f0 og \u00fear til fimm hundru\u00f0 uxa.<\/p>\n<p>\tSvo var n\u00fa Gu\u00f0s \u00fej\u00f3nusta tilskikku\u00f0 og prestarnir st\u00f3\u00f0u \u00ed s\u00ednum sta\u00f0 og Lev\u00edtarnir \u00ed s\u00ednum eftir k\u00f3ngsins bo\u00f0i. <span class=\"athugasemd\" title=\"Supra 29 \/ Levit. 2\">[<\/span> Og \u00feeir f\u00f3rnf\u00e6r\u00f0u p\u00e1skalambi\u00f0 og kennimennirnir t\u00f3ku bl\u00f3\u00f0i\u00f0 af \u00feeirra h\u00f6ndum og st\u00f6kktu \u00fev\u00ed en Lev\u00edtar t\u00f3ku skinnin af f\u00f3rnunum og gj\u00f6r\u00f0u brennif\u00f3rnir \u00fear af svo \u00feeir m\u00e6ttu gefa \u00fea\u00f0 \u00e1 me\u00f0al \u00feeirra fe\u00f0ra h\u00fasanna \u00e1 me\u00f0al alm\u00fagans til offurs Drottins svo sem \u00fea\u00f0 er skrifa\u00f0 \u00ed M\u00f3ses b\u00f3k. Svo gj\u00f6r\u00f0u \u00feeir og me\u00f0 uxana. Og \u00feeir steiktu p\u00e1skalambi\u00f0 \u00e1 eldi eftir \u00fev\u00ed sem vera \u00e1tti. En hva\u00f0 sem helga\u00f0 var \u00fea\u00f0 matgj\u00f6r\u00f0u \u00feeir \u00ed pottum, k\u00f6tlum og p\u00f6nnum og \u00feeir gj\u00f6r\u00f0u \u00fea\u00f0 flj\u00f3tlega fyrir alm\u00fagann. Eftir \u00fea\u00f0 bjuggu \u00feeir og til fyrir sig og prestana. \u00dev\u00ed a\u00f0 kennimennirnir, Aronsynir, h\u00f6f\u00f0u n\u00f3g a\u00f0 gj\u00f6ra me\u00f0 brennioffri\u00f0 og feitina allt til n\u00e6tur og \u00fev\u00ed ur\u00f0u Lev\u00edtarnir a\u00f0 tilrei\u00f0a nokku\u00f0 fyrir sig og fyrir prestana, sonu Aron.<\/p>\n<p>\tOg s\u00f6ngvararnir, synir Assaf, st\u00f3\u00f0u \u00ed \u00feeirra sta\u00f0 eftir skipan Dav\u00ed\u00f0s og Assaf og Heman og Jed\u00edt\u00fan k\u00f3ngsins sj\u00e1anda. Og dyraver\u00f0irnir \u00ed s\u00e9rhverju porti, \u00feeir viku ekki fr\u00e1 s\u00ednu emb\u00e6tti \u00fev\u00ed a\u00f0 Lev\u00edtarnir, \u00feeirra br\u00e6\u00f0ur, matreiddu til fyrir \u00fe\u00e1. Svo var\u00f0 \u00f6ll Gu\u00f0s \u00fej\u00f3nustugj\u00f6r\u00f0 skikku\u00f0 \u00e1 \u00feeim sama degi, a\u00f0 halda p\u00e1ska og gj\u00f6ra brennif\u00f3rnir \u00e1 altari Drottins eftir b\u00edfalningu J\u00f3s\u00edas k\u00f3ngs. Svo h\u00e9ldu Israelissynir \u00feeir sem \u00fear voru p\u00e1ska \u00e1 \u00feeim t\u00edma og \u00fe\u00e1 s\u00e6tubrau\u00f0sh\u00e1t\u00ed\u00f0 \u00ed sj\u00f6 daga. \u00dear voru \u00f6ngvir \u00fev\u00edl\u00edkir p\u00e1skar haldnir \u00ed \u00cdsrael sem \u00feessir fr\u00e1 d\u00f6gum Sam\u00fael sp\u00e1manns og enginn \u00cdsraelsk\u00f3ngur haf\u00f0i haldi\u00f0 svoddan p\u00e1ska sem J\u00f3s\u00edas h\u00e9lt og prestarnir og Lev\u00edtarnir og allur J\u00fada og \u00feeir sem \u00fear vi\u00f0 voru af \u00cdsrael, svo og \u00feeir sem bjuggu \u00ed Jer\u00fasalem. Og \u00feessir p\u00e1skar voru haldnir \u00e1 \u00fev\u00ed \u00e1tj\u00e1nda \u00e1ri Josie k\u00f3ngs.<\/p>\n<p>\tEn sem J\u00f3s\u00edas haf\u00f0i endurb\u00e6tt musteri\u00f0 \u00fe\u00e1 fer\u00f0a\u00f0ist Nek\u00f3 k\u00f3ngur af Egyptalandi upp a\u00f0 berjast \u00ed Karkemis hj\u00e1 Euphraten. <span class=\"athugasemd\" title=\"Nek\u00f3 \/ 4. Reg. 23\">[<\/span> En J\u00f3s\u00edas dr\u00f3 \u00fat \u00ed m\u00f3ti honum. En hann sendi bo\u00f0 til hans og l\u00e9t segja honum: &#8222;Hva\u00f0 hefi eg me\u00f0 \u00feig, \u00fe\u00fa k\u00f3ngur J\u00fada? Eigi kom eg \u00fe\u00e9r \u00ed m\u00f3t heldur a\u00f0 berjast \u00ed m\u00f3ti \u00f6\u00f0ru h\u00fasi. Og Gu\u00f0 sag\u00f0i a\u00f0 eg skyldi fl\u00fdta m\u00e9r. L\u00e1t af a\u00f0 gj\u00f6ra \u00ed m\u00f3ti Gu\u00f0i \u00feeim sem er me\u00f0 m\u00e9r svo hann sl\u00e1i \u00feig ekki \u00ed hel.&#8220;<\/p>\n<p>\tEn J\u00f3s\u00edas leit ekki af honum heldur bj\u00f3 sig til str\u00ed\u00f0s \u00ed m\u00f3ti honum og vildi ekki hl\u00fd\u00f0a or\u00f0um Nek\u00f3 \u00fat af Gu\u00f0s munni heldur f\u00f3r og bar\u00f0ist vi\u00f0 hann \u00e1 \u00feeim v\u00f6llum Megidd\u00f3. En bogmenn skutu J\u00f3s\u00edam k\u00f3ng. <span class=\"athugasemd\" title=\"J\u00f3s\u00edas f\u00e9kk banas\u00e1r og dey\u00f0i af \u00fev\u00ed\">[<\/span> Og k\u00f3ngurinn sag\u00f0i til sinna \u00fe\u00e9nara: &#8222;Flytji\u00f0 mig \u00fat bardaganum \u00fev\u00ed eg er or\u00f0inn mj\u00f6g s\u00e1r.&#8220; Og hans \u00fe\u00e9narar t\u00f3ku hann af vagninum og l\u00e9tu hann \u00ed hans annan vagn og fluttu hann til Jer\u00fasalem. Og hann anda\u00f0ist og var jar\u00f0a\u00f0ur \u00ed gr\u00f6f sinna fe\u00f0ra. Og allur J\u00fada og Jer\u00fasalem syrg\u00f0u fr\u00e1fall Josie. Jerem\u00edas gr\u00e9t og J\u00f3s\u00edam og \u00fea\u00f0 var\u00f0 si\u00f0vani \u00ed \u00cdsrael, sj\u00e1, \u00fea\u00f0 er skrifa\u00f0 me\u00f0al sorgars\u00f6ngvanna. Hva\u00f0 meira er a\u00f0 segja um J\u00f3s\u00eda og hans miskunnsemd, svo sem skrifa\u00f0 stendur \u00ed Drottins l\u00f6gm\u00e1li og hans gj\u00f6rningar, hinir fyrstu og s\u00ed\u00f0ustu, sj\u00e1, \u00fea\u00f0 er skrifa\u00f0 \u00ed \u00cdsraels- og J\u00fadak\u00f3nga b\u00f3k.<\/p>\n","protected":false},"excerpt":{"rendered":"<p>XXXV. Og J\u00f3s\u00edas h\u00e9lt Drottni p\u00e1ska \u00ed Jer\u00fasalem og f\u00f3rnf\u00e6r\u00f0i p\u00e1skaoffur \u00e1 \u00feeim fj\u00f3rt\u00e1nda degi \u00ed \u00feeim fyrsta m\u00e1na\u00f0i. [ Og hann skipa\u00f0i prestana til \u00feeirra var\u00f0halds og styrkti \u00fe\u00e1 \u00ed \u00feeirra emb\u00e6tti \u00ed h\u00fasi Drottins. Og hann sag\u00f0i til Lev\u00edtanna hverjir e\u00f0 l\u00e6r\u00f0u allan \u00cdsrael og helga\u00f0ir voru Drottni: &#8222;Setji\u00f0 \u00fe\u00e1 heil\u00f6gu \u00f6rk \u00ed h\u00fasi\u00f0 \u00fea\u00f0 sem Sal\u00f3mon son Dav\u00ed\u00f0s Israelis k\u00f3ngur bygg\u00f0i. Og \u00fe\u00e9r skulu\u00f0 eigi bera hana \u00e1 y\u00f0rum \u00f6xlum. \u00dej\u00f3ni\u00f0 n\u00fa Drottni y\u00f0rum Gu\u00f0i og hans f\u00f3lki \u00cdsrael. Skipti\u00f0 y\u00f0ra fe\u00f0ra h\u00fasum \u00ed skipanir so sem \u00fea\u00f0 er skrifa\u00f0 af Dav\u00ed\u00f0 Israelisk\u00f3ngi og hans syni Sal\u00f3mon <a href=\"https:\/\/biblian.is\/gudbrandsbiblia\/sidari-kronikubok-35-kafli\/\"> [&#8230;]<\/a><\/p>\n","protected":false},"author":1,"featured_media":0,"parent":0,"menu_order":0,"comment_status":"open","ping_status":"open","template":"bibliukaflar.php","meta":{"footnotes":""},"class_list":["post-3095","page","type-page","status-publish","hentry"],"_links":{"self":[{"href":"https:\/\/biblian.is\/gudbrandsbiblia\/wp-json\/wp\/v2\/pages\/3095","targetHints":{"allow":["GET"]}}],"collection":[{"href":"https:\/\/biblian.is\/gudbrandsbiblia\/wp-json\/wp\/v2\/pages"}],"about":[{"href":"https:\/\/biblian.is\/gudbrandsbiblia\/wp-json\/wp\/v2\/types\/page"}],"author":[{"embeddable":true,"href":"https:\/\/biblian.is\/gudbrandsbiblia\/wp-json\/wp\/v2\/users\/1"}],"replies":[{"embeddable":true,"href":"https:\/\/biblian.is\/gudbrandsbiblia\/wp-json\/wp\/v2\/comments?post=3095"}],"version-history":[{"count":0,"href":"https:\/\/biblian.is\/gudbrandsbiblia\/wp-json\/wp\/v2\/pages\/3095\/revisions"}],"wp:attachment":[{"href":"https:\/\/biblian.is\/gudbrandsbiblia\/wp-json\/wp\/v2\/media?parent=3095"}],"curies":[{"name":"wp","href":"https:\/\/api.w.org\/{rel}","templated":true}]}}