{"id":3089,"date":"2017-12-18T18:32:36","date_gmt":"2017-12-18T18:32:36","guid":{"rendered":"http:\/\/biblian.is\/gudbrandsbiblia\/sidari-kronikubok-29-kafli\/"},"modified":"2017-12-18T18:32:36","modified_gmt":"2017-12-18T18:32:36","slug":"sidari-kronikubok-29-kafli","status":"publish","type":"page","link":"https:\/\/biblian.is\/gudbrandsbiblia\/sidari-kronikubok-29-kafli\/","title":{"rendered":"S\u00ed\u00f0ari kron\u00edkub\u00f3k 29. kafli"},"content":{"rendered":"<p>XXIX.<\/p>\n<p>Esek\u00edas k\u00f3ngur haf\u00f0i fimm um tv\u00edtugt \u00fe\u00e1 hann var\u00f0 k\u00f3ngur og r\u00edkti n\u00edu \u00e1r og tuttugu \u00ed Jer\u00fasalem. <span class=\"athugasemd\" title=\"Esek\u00edas 19 \u00e1r k\u00f3ngur \u00ed J\u00fada \/ 4. Reg. 18\">[<\/span> Hans m\u00f3\u00f0ir h\u00e9t Ab\u00eda d\u00f3ttir Zacharie. Og hann gj\u00f6r\u00f0i \u00fea\u00f0 sem Drottni vel \u00fe\u00f3kna\u00f0ist svo sem hans fa\u00f0ir Dav\u00ed\u00f0. \u00c1 fyrsta m\u00e1na\u00f0i og \u00e1 \u00fev\u00ed fyrsta \u00e1ri s\u00edns k\u00f3ngsr\u00edkis l\u00e9t hann upp dyrnar \u00e1 h\u00fasi Drottins og endurb\u00e6tti \u00fe\u00e6r. Og hann framleiddi kennimenn og Lev\u00edta og samansafna\u00f0i \u00feeim \u00e1 \u00fea\u00f0 brei\u00f0a str\u00e6ti m\u00f3t austri og sag\u00f0i til \u00feeirra: &#8222;\u00de\u00e9r allir kennimenn og Lev\u00edtar, heyri\u00f0 m\u00e9r: Helgi\u00f0 y\u00f0ur n\u00fa so a\u00f0 \u00fe\u00e9r megi\u00f0 og helga Drottins Gu\u00f0s y\u00f0vars fe\u00f0ra h\u00fas og beri\u00f0 \u00f6ll \u00f3hreinindi \u00fat af helgid\u00f3minum sem \u00fear er innkomin. \u00dev\u00ed a\u00f0 vorir forfe\u00f0ur hafa misgj\u00f6rt og gj\u00f6r\u00f0u \u00fea\u00f0 sem Drottni vorum Gu\u00f0i illa l\u00edka\u00f0i og hafa yfirgefi\u00f0 hann. <span class=\"athugasemd\" title=\"Esek\u00eda \u00e1minning til Lev\u00edtanna\">[<\/span> \u00dev\u00ed \u00feeir sneru s\u00ednu andliti fr\u00e1 Drottins tjaldb\u00fa\u00f0 og sneru s\u00ednu baki vi\u00f0 henni og hafa l\u00e6st dyrunum \u00e1 forh\u00fasinu, \u00fatsl\u00f6kktu lampana og brenndu ekkert reykelsi, f\u00e6r\u00f0u og ekki brennif\u00f3rnir \u00cdsraels Gu\u00f0i \u00ed helgid\u00f3minum.<\/p>\n<p>\tOg s\u00f6kum \u00fev\u00edl\u00edks er Drottins rei\u00f0i komin yfir J\u00fada og Jer\u00fasalem so hann hefur gefi\u00f0 \u00fe\u00e1 \u00ed sundurdreifing og \u00ed forey\u00f0slu so a\u00f0 menn bl\u00edstra a\u00f0 \u00feeim so sem \u00fe\u00e9r sj\u00e1i\u00f0 me\u00f0 y\u00f0rum augum. \u00dev\u00ed a\u00f0 sj\u00e1i\u00f0, \u00feess vegna eru vorir fe\u00f0ur fallnir fyrir sver\u00f0i, vorar kvinnur, synir og d\u00e6tur herteknar. N\u00fa hefi eg \u00fea\u00f0 \u00ed m\u00ednu sinni a\u00f0 eg vil gj\u00f6ra eitt s\u00e1ttm\u00e1l vi\u00f0 Drottin \u00cdsraels Gu\u00f0 svo a\u00f0 hans rei\u00f0i og grimmd v\u00edki fr\u00e1 oss. N\u00fa m\u00ednir synir, veri\u00f0 eigi tregir \u00fev\u00ed a\u00f0 y\u00f0ur hefur Drottinn \u00fatvali\u00f0 a\u00f0 \u00fe\u00e9r skulu\u00f0 standa fyrir honum og \u00fej\u00f3na honum og brenna fyrir honum reykelsi.&#8220;<\/p>\n<p>\t\u00de\u00e1 t\u00f3ku Lev\u00edtarnir sig upp, Mahat son Amasa\u00ed og J\u00f3el son Asarja af sonum Kahat. En af sonum Merar\u00ed: K\u00eds son Abd\u00ed og Asarja son Jehaleel. En af sonum Gerson:J\u00f3ab son Simma og Eden son J\u00f3a. Og af sonum El\u00edsafan: Simr\u00ed og Je\u00edel. Og af Assaf: Sakar\u00eda og Matanja. Og af sonum Heman: Jeh\u00edel og Seme\u00ed. Og af sonum Jed\u00edt\u00fan: Semaja og \u00das\u00edel. Og \u00feeir samans\u00f6fnu\u00f0u s\u00ednum br\u00e6\u00f0rum og helgu\u00f0u sig og gengu inn eftir k\u00f3ngsins bo\u00f0i og eftir Drottins or\u00f0i a\u00f0 hreinsa h\u00fas Drottins.<\/p>\n<p>\tOg kennimennirnir gengu inn \u00ed musteri Drottins a\u00f0 hreinsa \u00fea\u00f0 og b\u00e1ru allan \u00feann \u00f3hreinleika (sem fundinn var \u00ed h\u00fasi Drottins) \u00fat \u00ed gar\u00f0inn fyrir utan h\u00fas Drottins. <span class=\"athugasemd\" title=\"Prestarnir hreinsa musteri Drottins i. dag aprilis\">[<\/span> En Lev\u00edtarnir t\u00f3ku \u00fea\u00f0 og b\u00e1ru \u00fat \u00ed l\u00e6kinn Kedron. Og \u00feeir t\u00f3ku til \u00e1 \u00feeim fyrsta degi \u00feess fyrsta m\u00e1na\u00f0ar a\u00f0 helga sig en \u00e1 \u00feeim \u00e1ttunda degi \u00ed sama m\u00e1nu\u00f0i gengu \u00feeir inn \u00ed Drottins forh\u00fas og helgu\u00f0u h\u00fas Drottins \u00ed \u00e1tta daga svo a\u00f0 allt var fullkomna\u00f0 \u00e1 sext\u00e1nda degi \u00ed fyrsta m\u00e1na\u00f0i.<\/p>\n<p>\tEftir \u00fea\u00f0 gengu \u00feeir inn fyrir k\u00f3ng Esek\u00edam og s\u00f6g\u00f0u: &#8222;V\u00e9r h\u00f6fum hreinsa\u00f0 allt h\u00fas Drottins: Brennioffursaltari\u00f0 og \u00f6ll \u00feess ker, bor\u00f0i\u00f0 sko\u00f0unarbrau\u00f0anna og \u00f6ll \u00feau ker \u00fear heyra til og \u00feau ker sem k\u00f3ng Akas saurga\u00f0i \u00fe\u00e1 hann var k\u00f3ngur \u00fe\u00e1 hann misgj\u00f6r\u00f0i, \u00feau h\u00f6fum v\u00e9r helga\u00f0 og tilb\u00fai\u00f0. Sj\u00e1, \u00feau eru \u00f6ll sett fyrir altari Drottins.&#8220; <\/p>\n<p>\tSnemma morguns t\u00f3k k\u00f3ngurinn sig upp og samansafna\u00f0i \u00f6llum \u00feeim yppustu h\u00f6f\u00f0ingjum \u00ed sta\u00f0num og gekk upp \u00ed h\u00fas Drottins og haf\u00f0i upp \u00feanga\u00f0 sj\u00f6 yxn, sj\u00f6 hr\u00fata, sj\u00f6 l\u00f6mb og sj\u00f6 hafra til syndaoffurs fyrir k\u00f3ngsr\u00edki\u00f0, fyrir helgid\u00f3minn og fyrir J\u00fada. <span class=\"athugasemd\" title=\"Esek\u00edas me\u00f0 auldungum J\u00fada offrar \u00ed musterinu\">[<\/span> Og hann bau\u00f0 prestunum, Arons sonum, a\u00f0 \u00feeir skyldu f\u00e6ra f\u00f3rnir yfir altari Drottins. Prestanir s\u00e6f\u00f0u uxana og t\u00f3ku bl\u00f3\u00f0i\u00f0 og st\u00f6kktu \u00fev\u00ed yfir altari\u00f0. \u00deeir sl\u00e1tru\u00f0u og hr\u00fatum og st\u00f6kktu bl\u00f3\u00f0inu \u00e1 altari\u00f0 og \u00feeir sl\u00e1tru\u00f0u l\u00f6mbunum og st\u00f6kktu bl\u00f3\u00f0inu \u00e1 altari\u00f0. S\u00ed\u00f0an leiddu \u00feeir hafrana fram til syndaoffurs fyrir k\u00f3nginn og alm\u00fagann og \u00feeir l\u00f6g\u00f0u s\u00ednar hendur yfir \u00fe\u00e1. Og prestarnir s\u00e6f\u00f0u \u00fe\u00e1 og st\u00f6kktu bl\u00f3\u00f0inu \u00e1 altari\u00f0 til a\u00f0 forl\u00edka allan \u00cdsrael. \u00dev\u00ed a\u00f0 k\u00f3ngurinn haf\u00f0i so bo\u00f0i\u00f0 a\u00f0 \u00feeir skyldu f\u00e6ra brennioffur og syndaoffur fyrir allan \u00cdsraelsl\u00fd\u00f0.<\/p>\n<p>\tOg hann skikka\u00f0i Lev\u00edtana \u00ed Drottins h\u00fasi me\u00f0 cymbaalis, psalterio og h\u00f6rpum svo sem Dav\u00ed\u00f0 haf\u00f0i b\u00edfala\u00f0 og Ga\u00f0 k\u00f3ngsins sj\u00e1andi og Natan sp\u00e1ma\u00f0ur \u00fev\u00ed \u00fea\u00f0 var Drottins bo\u00f0 fyrir hans sp\u00e1menn. Og Lev\u00edtarnir st\u00f3\u00f0u me\u00f0 allsh\u00e1ttu\u00f0um strengjahlj\u00f3\u00f0f\u00e6rum Dav\u00ed\u00f0s og prestarnir me\u00f0 s\u00ednum l\u00fa\u00f0rum. Og Esek\u00edas bau\u00f0 \u00feeim a\u00f0 f\u00e6ra brennioffur yfir altari\u00f0. Og \u00e1 \u00feeim sama t\u00edma \u00fe\u00e1 \u00feeir t\u00f3ku til a\u00f0 f\u00e6ra brennioffur \u00fe\u00e1 upph\u00f3fu \u00feeir og lofs\u00f6ngva Drottins me\u00f0 l\u00fa\u00f0rum og \u00e1 allra handa strengjaleikum Dav\u00ed\u00f0s \u00cdsraelsk\u00f3ngs. En allur alm\u00faginn ba\u00f0st fyrir en s\u00f6ngvararnir me\u00f0 sinn allsh\u00e1tta\u00f0an s\u00f6ng og \u00feeir e\u00f0 \u00ed l\u00fa\u00f0ra bl\u00e9su me\u00f0 s\u00ednar b\u00e1s\u00fanur voru a\u00f0 \u00fev\u00ed \u00fear til a\u00f0 brennioffri\u00f0 var fullkomna\u00f0. En a\u00f0 \u00fev\u00ed fullkomnu\u00f0u \u00fe\u00e1 laut k\u00f3ngurinn ni\u00f0ur og allir \u00feeir sem hj\u00e1 honum voru og b\u00e1\u00f0ust fyrir.<\/p>\n<p>\tOg Esek\u00edas k\u00f3ngur og h\u00f6f\u00f0ingjarnir b\u00e1\u00f0u Lev\u00edtana a\u00f0 lofa Drottin me\u00f0 lofs\u00f6ngvum Dav\u00ed\u00f0s og Assaf sj\u00e1anda. Og \u00feeir lofu\u00f0u Gu\u00f0 me\u00f0 gle\u00f0i, f\u00e9llu \u00e1 kn\u00e9 og b\u00e1\u00f0ust fyrir.<\/p>\n<p>\t\u00de\u00e1 svara\u00f0i Esek\u00edas og sag\u00f0i: &#8222;\u00de\u00e9r hafi\u00f0 n\u00fa uppfyllt y\u00f0ar hendur Drottni. Fari\u00f0 n\u00fa og beri\u00f0 hinga\u00f0 f\u00f3rnir og lofgj\u00f6r\u00f0aroffur \u00ed h\u00fas Drottins.&#8220; Og alm\u00faginn bar fram f\u00f3rnir og lofgj\u00f6r\u00f0aroffur og brennif\u00f3rnir af sj\u00e1lfviljugu hjarta. <span class=\"athugasemd\" title=\"Alm\u00fagans offur\">[<\/span> En talan \u00e1 \u00feeim brennif\u00f3rnum sem alm\u00faginn bar fram var sj\u00f6t\u00edgi uxar, hundra\u00f0 hr\u00fatar og tv\u00f6 hundru\u00f0 lamba og \u00fea\u00f0 allt saman var offra\u00f0 til brennif\u00f3rnar Drottni. H\u00e9r a\u00f0 auk helgu\u00f0u \u00feeir sex hundru\u00f0 uxa og \u00ferj\u00fa \u00fe\u00fasund sau\u00f0i.<\/p>\n<p>\tEn prestarnir voru of f\u00e1ir svo \u00feeir g\u00e1tu ekki teki\u00f0 skinnin af \u00f6llum brennif\u00f3rnum og \u00fev\u00ed t\u00f3ku \u00feeir Lev\u00edtana s\u00edna br\u00e6\u00f0ur til s\u00edn svo lengi sem \u00feessi \u00fej\u00f3nusta var ekki \u00fati og \u00fear til a\u00f0 prestarnir helgu\u00f0u sig. \u00dev\u00ed a\u00f0 Lev\u00edtana var au\u00f0veldara a\u00f0 helga en kennimennina. En brennioffri\u00f0 var miki\u00f0 me\u00f0 \u00feakkaroffursins feitleika og drykkjaroffri\u00f0 til brennioffursins. Og \u00ed \u00fev\u00edl\u00edkan m\u00e1ta var\u00f0 emb\u00e6tti\u00f0 fullkomna\u00f0 \u00ed h\u00fasi Drottins. Og Esek\u00edas gladdist me\u00f0 \u00f6llu f\u00f3lkinu a\u00f0 \u00fej\u00f3nustugj\u00f6r\u00f0 Gu\u00f0s var \u00fati \u00fev\u00ed a\u00f0 \u00fea\u00f0 ske\u00f0i so skj\u00f3tlega.<\/p>\n","protected":false},"excerpt":{"rendered":"<p>XXIX. Esek\u00edas k\u00f3ngur haf\u00f0i fimm um tv\u00edtugt \u00fe\u00e1 hann var\u00f0 k\u00f3ngur og r\u00edkti n\u00edu \u00e1r og tuttugu \u00ed Jer\u00fasalem. [ Hans m\u00f3\u00f0ir h\u00e9t Ab\u00eda d\u00f3ttir Zacharie. Og hann gj\u00f6r\u00f0i \u00fea\u00f0 sem Drottni vel \u00fe\u00f3kna\u00f0ist svo sem hans fa\u00f0ir Dav\u00ed\u00f0. \u00c1 fyrsta m\u00e1na\u00f0i og \u00e1 \u00fev\u00ed fyrsta \u00e1ri s\u00edns k\u00f3ngsr\u00edkis l\u00e9t hann upp dyrnar \u00e1 h\u00fasi Drottins og endurb\u00e6tti \u00fe\u00e6r. Og hann framleiddi kennimenn og Lev\u00edta og samansafna\u00f0i \u00feeim \u00e1 \u00fea\u00f0 brei\u00f0a str\u00e6ti m\u00f3t austri og sag\u00f0i til \u00feeirra: &#8222;\u00de\u00e9r allir kennimenn og Lev\u00edtar, heyri\u00f0 m\u00e9r: Helgi\u00f0 y\u00f0ur n\u00fa so a\u00f0 \u00fe\u00e9r megi\u00f0 og helga Drottins Gu\u00f0s y\u00f0vars fe\u00f0ra h\u00fas og <a href=\"https:\/\/biblian.is\/gudbrandsbiblia\/sidari-kronikubok-29-kafli\/\"> [&#8230;]<\/a><\/p>\n","protected":false},"author":1,"featured_media":0,"parent":0,"menu_order":0,"comment_status":"open","ping_status":"open","template":"bibliukaflar.php","meta":{"footnotes":""},"class_list":["post-3089","page","type-page","status-publish","hentry"],"_links":{"self":[{"href":"https:\/\/biblian.is\/gudbrandsbiblia\/wp-json\/wp\/v2\/pages\/3089","targetHints":{"allow":["GET"]}}],"collection":[{"href":"https:\/\/biblian.is\/gudbrandsbiblia\/wp-json\/wp\/v2\/pages"}],"about":[{"href":"https:\/\/biblian.is\/gudbrandsbiblia\/wp-json\/wp\/v2\/types\/page"}],"author":[{"embeddable":true,"href":"https:\/\/biblian.is\/gudbrandsbiblia\/wp-json\/wp\/v2\/users\/1"}],"replies":[{"embeddable":true,"href":"https:\/\/biblian.is\/gudbrandsbiblia\/wp-json\/wp\/v2\/comments?post=3089"}],"version-history":[{"count":0,"href":"https:\/\/biblian.is\/gudbrandsbiblia\/wp-json\/wp\/v2\/pages\/3089\/revisions"}],"wp:attachment":[{"href":"https:\/\/biblian.is\/gudbrandsbiblia\/wp-json\/wp\/v2\/media?parent=3089"}],"curies":[{"name":"wp","href":"https:\/\/api.w.org\/{rel}","templated":true}]}}