{"id":3083,"date":"2017-12-18T18:32:36","date_gmt":"2017-12-18T18:32:36","guid":{"rendered":"http:\/\/biblian.is\/gudbrandsbiblia\/sidari-kronikubok-23-kafli\/"},"modified":"2017-12-18T18:32:36","modified_gmt":"2017-12-18T18:32:36","slug":"sidari-kronikubok-23-kafli","status":"publish","type":"page","link":"https:\/\/biblian.is\/gudbrandsbiblia\/sidari-kronikubok-23-kafli\/","title":{"rendered":"S\u00ed\u00f0ari kron\u00edkub\u00f3k 23. kafli"},"content":{"rendered":"<p>XXIII.<\/p>\n<p>En \u00e1 \u00fev\u00ed sj\u00f6unda \u00e1ri t\u00f3k J\u00f3jada eitt \u00f6ruggt sinni fyrir sig og kalla\u00f0i til s\u00edn hundra\u00f0sh\u00f6f\u00f0ingjana, sem var Asarja son Jer\u00f3ham, \u00cdsmael son J\u00f3hanan, Asarja son \u00d3be\u00f0, Maeseja son Adaja og El\u00edsafat son Sikr\u00ed, og gj\u00f6r\u00f0i eitt s\u00e1ttm\u00e1l vi\u00f0 \u00fe\u00e1. <span class=\"athugasemd\" title=\"J\u00f3jada \/ 4. Reg. 11\">[<\/span> Og \u00feeir reistu um kring \u00ed J\u00fada og s\u00f6fnu\u00f0u \u00f6llum Lev\u00edtunum til samans af \u00f6llum borgum J\u00fada og \u00feeim yppurstu fe\u00f0rum \u00ed \u00cdsrael a\u00f0 \u00feeir skyldu koma til Jer\u00fasalem. Og allur alm\u00faginn gj\u00f6r\u00f0i eitt s\u00e1ttm\u00e1l vi\u00f0 k\u00f3nginn \u00ed Gu\u00f0s h\u00fasi. Og J\u00f3jada sag\u00f0i til \u00feeirra: <span class=\"athugasemd\" title=\"2. Reg. 7\">[<\/span> &#8222;Sj\u00e1i\u00f0, k\u00f3ngsins son skal vera k\u00f3ngur so sem Drottinn hefur tala\u00f0 um sonu Dav\u00ed\u00f0. \u00dear fyrir skulu \u00fe\u00e9r svo gj\u00f6ra.<\/p>\n<p>\tS\u00e1 hinn \u00feri\u00f0ji partur af y\u00f0ur sem kemur til \u00fevottdagshelgarinnar skal vera \u00e1 me\u00f0al prestanna og Lev\u00edtanna sem eru var\u00f0haldsmenn portanna. Annar \u00feri\u00f0jungur skal vera \u00ed k\u00f3ngsins h\u00fasi og s\u00fa hin \u00feri\u00f0ja sveit skal vera vi\u00f0 \u00fea\u00f0 port sem kallast Grundvallarport. En allt f\u00f3lki\u00f0 skal vera \u00ed gar\u00f0inum fyrir Drottins h\u00fasi. Og enginn skal ganga inn \u00ed h\u00fas Drottins utan \u00feeir prestar og Lev\u00edtar sem \u00fear \u00fej\u00f3na, \u00feeir skulu inn ganga \u00fev\u00ed a\u00f0 \u00feeir eru helga\u00f0ir, en allt f\u00f3lki\u00f0 anna\u00f0 skal g\u00e6ta a\u00f0 Drottins var\u00f0haldi. Og Lev\u00edtarnir skulu skipa s\u00e9r \u00ed kringum k\u00f3nginn, allir alvopna\u00f0ir. Og hver sem gengur inn \u00ed h\u00fasi\u00f0 s\u00e1 skal deyja. Og \u00feeir skulu vera hj\u00e1 k\u00f3nginum \u00fe\u00e1 hann gengur \u00fat og inn.&#8220;<\/p>\n<p>\tOg Lev\u00edtarnir og allur J\u00fada gj\u00f6r\u00f0i allt svo sem J\u00f3jada prestur bau\u00f0 \u00feeim og hver t\u00f3k sitt f\u00f3lk sem gekk til \u00fevottdagshelgarinnar me\u00f0 \u00feeim sem fr\u00e1 gengu um \u00fevottdaginn. <span class=\"athugasemd\" title=\"4. Reg. 11\">[<\/span> \u00dev\u00ed J\u00f3jada kennima\u00f0ur l\u00e9t ekki \u00fe\u00e6r tv\u00e6r sveitir skiljast a\u00f0. Og J\u00f3jada kennima\u00f0ur f\u00e9kk \u00feeim yppustu hundra\u00f0sh\u00f6f\u00f0ingjum spj\u00f3t og skildi og k\u00f3ng Dav\u00ed\u00f0s vopn sem a\u00f0 voru \u00ed Gu\u00f0s h\u00fasi. Og hann skipa\u00f0i f\u00f3lkinu hvern me\u00f0 s\u00ednu vopni \u00ed sinni hendi a\u00f0 \u00feeir skyldu halda st\u00f6\u00f0u fr\u00e1 \u00fev\u00ed h\u00e6gra horni musterisins og til hins vinstra fyrir altarinu og musterinu, allt \u00ed kringum k\u00f3nginn.<\/p>\n<p>\tOg \u00feeir framleiddu son k\u00f3ngsins og settu k\u00f3r\u00f3nuna \u00e1 hann og <span class=\"athugasemd\" title=\"a \/ \u00dea\u00f0 er l\u00f6gm\u00e1lsb\u00f3k Gu\u00f0s\">[<\/span> vitnisbur\u00f0inn og settu hann til k\u00f3ngs. <span class=\"athugasemd\" title=\"J\u00f3as kr\u00fdndur til k\u00f3ngs\">[<\/span> Og J\u00f3jada me\u00f0 s\u00ednum sonum smur\u00f0i hann og \u00feeir s\u00f6g\u00f0u: &#8222;K\u00f3nginn ske lukka!&#8220;<\/p>\n<p>\tSem Atal\u00eda heyr\u00f0i h\u00e1reysti f\u00f3lksins \u00feess sem skunda\u00f0i til a\u00f0 lofa k\u00f3nginn \u00fe\u00e1 gekk h\u00fan til f\u00f3lksins \u00ed Drottins h\u00fas. Og sem h\u00fan skyggndist um, sj\u00e1, \u00fe\u00e1 st\u00f3\u00f0 k\u00f3ngurinn \u00ed s\u00ednum sta\u00f0 \u00ed innganginum og \u00feeir yppustu og f\u00f3lki\u00f0 st\u00f3\u00f0 \u00ed kringum k\u00f3nginn og allur landsins alm\u00fagi var gla\u00f0ur og bl\u00e9su \u00ed s\u00ednar b\u00e1s\u00fanur og sungu lofgj\u00f6r\u00f0 me\u00f0 allra handa strengjaleik \u00fe\u00e1 reif h\u00fan \u00ed sundur s\u00edn kl\u00e6\u00f0i og sag\u00f0i: &#8222;Samt\u00f6k, samt\u00f6k!&#8220; En J\u00f3jada prestur gekk \u00fat me\u00f0 \u00feeim \u00e6\u00f0stu hundra\u00f0sh\u00f6f\u00f0ingjum sem voru yfir hernum og sag\u00f0i til \u00feeirra: &#8222;Lei\u00f0i\u00f0 hana af musterinu \u00fat yfir gar\u00f0inn og hver sem henni fylgir eftir s\u00e1 skal dey\u00f0ast me\u00f0 sver\u00f0i.&#8220; \u00dev\u00ed presturinn bau\u00f0 a\u00f0 h\u00fan skyldi ekki l\u00edfl\u00e1tast \u00ed h\u00fasi Drottins. En sem \u00feeir l\u00f6g\u00f0u hendur \u00e1 hana og komu fyrir hesta portsins inngang hj\u00e1 k\u00f3ngsins h\u00fasi \u00fear afl\u00edfu\u00f0u \u00feeir hana. <span class=\"athugasemd\" title=\"Atal\u00eda \u00ed hel slegin\">[<\/span><\/p>\n<p>\tOg J\u00f3jada gj\u00f6r\u00f0i einn s\u00e1ttm\u00e1la milli s\u00edn og alm\u00fagans og k\u00f3ngsins a\u00f0 \u00feeir skyldu vera Drottins f\u00f3lk. <span class=\"athugasemd\" title=\"Baals h\u00fas ni\u00f0urbroti\u00f0\">[<\/span> Eftir \u00fea\u00f0 gekk allt f\u00f3lki\u00f0 inn \u00ed h\u00fas Baal og brutu \u00fea\u00f0 ni\u00f0ur. \u00deeir brutu og \u00ed sundur hans altari og b\u00edl\u00e6ti og dr\u00e1pu Matan Baalsprest fyrir altarinu. Og J\u00f3jada tilsetti emb\u00e6ttismenn \u00ed h\u00fasi Drottins \u00e1 me\u00f0al prestanna og Lev\u00edtanna svo sem Dav\u00ed\u00f0 haf\u00f0i \u00e1\u00f0ur skikka\u00f0 \u00ed Gu\u00f0s h\u00fasi a\u00f0 f\u00e6ra Drottni brennif\u00f3rnir, eins og skrifa\u00f0 stendur \u00ed M\u00f3sesl\u00f6gum, me\u00f0 fagna\u00f0i og lofs\u00f6ngum sem Dav\u00ed\u00f0 haf\u00f0i dikta\u00f0. <span class=\"athugasemd\" title=\"1. Par. 24; 25\">[<\/span> Hann setti og dyraver\u00f0i fyrir porti\u00f0 \u00e1 Drottins h\u00fasi so a\u00f0 enginn skyldi innkoma \u00fear sem \u00f3hreinn v\u00e6ri a\u00f0 nokkru.<\/p>\n<p>\tEftir \u00fea\u00f0 t\u00f3k hann \u00fe\u00e1 yppustu hundra\u00f0sh\u00f6f\u00f0ingja og \u00fe\u00e1 hinu mestu h\u00f6f\u00f0ingja og allan landsl\u00fd\u00f0inn og leiddu k\u00f3nginn ofan fr\u00e1 Drottins h\u00fasi og f\u00e6r\u00f0u hann inn um \u00fea\u00f0 h\u00e1va port sem liggur til k\u00f3ngsgar\u00f0sins, settu hann \u00ed k\u00f3ngs h\u00e1s\u00e6ti og allur landsins alm\u00fagi var gla\u00f0ur og borgin stilltist. En Atal\u00eda var\u00f0 drepin me\u00f0 sver\u00f0i.<\/p>\n","protected":false},"excerpt":{"rendered":"<p>XXIII. En \u00e1 \u00fev\u00ed sj\u00f6unda \u00e1ri t\u00f3k J\u00f3jada eitt \u00f6ruggt sinni fyrir sig og kalla\u00f0i til s\u00edn hundra\u00f0sh\u00f6f\u00f0ingjana, sem var Asarja son Jer\u00f3ham, \u00cdsmael son J\u00f3hanan, Asarja son \u00d3be\u00f0, Maeseja son Adaja og El\u00edsafat son Sikr\u00ed, og gj\u00f6r\u00f0i eitt s\u00e1ttm\u00e1l vi\u00f0 \u00fe\u00e1. [ Og \u00feeir reistu um kring \u00ed J\u00fada og s\u00f6fnu\u00f0u \u00f6llum Lev\u00edtunum til samans af \u00f6llum borgum J\u00fada og \u00feeim yppurstu fe\u00f0rum \u00ed \u00cdsrael a\u00f0 \u00feeir skyldu koma til Jer\u00fasalem. Og allur alm\u00faginn gj\u00f6r\u00f0i eitt s\u00e1ttm\u00e1l vi\u00f0 k\u00f3nginn \u00ed Gu\u00f0s h\u00fasi. Og J\u00f3jada sag\u00f0i til \u00feeirra: [ &#8222;Sj\u00e1i\u00f0, k\u00f3ngsins son skal vera k\u00f3ngur so sem Drottinn hefur tala\u00f0 <a href=\"https:\/\/biblian.is\/gudbrandsbiblia\/sidari-kronikubok-23-kafli\/\"> [&#8230;]<\/a><\/p>\n","protected":false},"author":1,"featured_media":0,"parent":0,"menu_order":0,"comment_status":"open","ping_status":"open","template":"bibliukaflar.php","meta":{"footnotes":""},"class_list":["post-3083","page","type-page","status-publish","hentry"],"_links":{"self":[{"href":"https:\/\/biblian.is\/gudbrandsbiblia\/wp-json\/wp\/v2\/pages\/3083","targetHints":{"allow":["GET"]}}],"collection":[{"href":"https:\/\/biblian.is\/gudbrandsbiblia\/wp-json\/wp\/v2\/pages"}],"about":[{"href":"https:\/\/biblian.is\/gudbrandsbiblia\/wp-json\/wp\/v2\/types\/page"}],"author":[{"embeddable":true,"href":"https:\/\/biblian.is\/gudbrandsbiblia\/wp-json\/wp\/v2\/users\/1"}],"replies":[{"embeddable":true,"href":"https:\/\/biblian.is\/gudbrandsbiblia\/wp-json\/wp\/v2\/comments?post=3083"}],"version-history":[{"count":0,"href":"https:\/\/biblian.is\/gudbrandsbiblia\/wp-json\/wp\/v2\/pages\/3083\/revisions"}],"wp:attachment":[{"href":"https:\/\/biblian.is\/gudbrandsbiblia\/wp-json\/wp\/v2\/media?parent=3083"}],"curies":[{"name":"wp","href":"https:\/\/api.w.org\/{rel}","templated":true}]}}