{"id":3082,"date":"2017-12-18T18:32:36","date_gmt":"2017-12-18T18:32:36","guid":{"rendered":"http:\/\/biblian.is\/gudbrandsbiblia\/sidari-kronikubok-22-kafli\/"},"modified":"2017-12-18T18:32:36","modified_gmt":"2017-12-18T18:32:36","slug":"sidari-kronikubok-22-kafli","status":"publish","type":"page","link":"https:\/\/biblian.is\/gudbrandsbiblia\/sidari-kronikubok-22-kafli\/","title":{"rendered":"S\u00ed\u00f0ari kron\u00edkub\u00f3k 22. kafli"},"content":{"rendered":"<p>XXII.<\/p>\n<p>Eftir dau\u00f0a J\u00f3ram t\u00f3ku \u00feeir \u00ed Jer\u00fasalem Ahas\u00eda hans yngsta son til k\u00f3ngs \u00ed hans sta\u00f0. <span class=\"athugasemd\" title=\"Ahas\u00eda 2 \u00e1r k\u00f3ngur \u00ed J\u00fada\">[<\/span> \u00dev\u00ed a\u00f0 \u00feeir v\u00edkingar sem komu af Arabia \u00feeir h\u00f6f\u00f0u \u00ed hel slegi\u00f0 alla hans eldri br\u00e6\u00f0ur og \u00fev\u00ed var\u00f0 Ahas\u00eda son J\u00f3ram k\u00f3ngur \u00ed J\u00fada. Og Ahas\u00eda haf\u00f0i tvo um fertugt \u00fe\u00e1 hann var\u00f0 k\u00f3ngur og hann r\u00edkti eitt \u00e1r \u00ed Jer\u00fasalem. Hans m\u00f3\u00f0ir h\u00e9t Atal\u00eda d\u00f3ttir Amr\u00ed. <span class=\"athugasemd\" title=\"4. Reg. 8 \/ Atal\u00eda\">[<\/span> Hann gekk og \u00e1 vegum Akabs h\u00fass \u00fev\u00ed hans m\u00f3\u00f0ir h\u00e9lt honum \u00fear til a\u00f0 hann var\u00f0 \u00f3gu\u00f0legur og \u00fev\u00ed gj\u00f6r\u00f0i hann \u00fea\u00f0 sem Drottni illa l\u00edka\u00f0i, l\u00edka sem h\u00fas Akabs. \u00dev\u00ed \u00feeir voru hans r\u00e1\u00f0uneyti eftir hans f\u00f6\u00f0urs dau\u00f0a, honum til fordj\u00f6rfunar, en hann gekk eftir \u00feeirra r\u00e1\u00f0um.<\/p>\n<p>\tOg hann f\u00f3r me\u00f0 J\u00f3ram syni Akab \u00cdsraelsk\u00f3ngi \u00ed bardaga til Ram\u00f3t \u00ed G\u00edlea\u00f0 \u00e1 m\u00f3ti Hasael k\u00f3ngi af Syria. <span class=\"athugasemd\" title=\"J\u00f3ram \/ Hasael \/ Ahas\u00eda\">[<\/span> En \u00feeir af Syria s\u00e6r\u00f0u J\u00f3ram s\u00e1rum so hann sneri aftur a\u00f0 l\u00e1ta gr\u00e6\u00f0a sig \u00ed Jesreel \u00fev\u00ed han haf\u00f0i s\u00e1r \u00fea\u00f0 hann f\u00e9kk \u00ed Rama \u00fe\u00e1 hann bar\u00f0ist me\u00f0 Hasael k\u00f3ng af Syria. Og Ahas\u00eda son J\u00f3ram k\u00f3ngur J\u00fada f\u00f3r ofan til fundar vi\u00f0 J\u00f3ram son Akab til Jesreel sem sj\u00fakur l\u00e1. \u00dev\u00ed Gu\u00f0 vildi a\u00f0 Ahas\u00eda skyldi ver\u00f0a \u00fea\u00f0 til \u00f3lukku a\u00f0 hann kom til J\u00f3ram og dr\u00f3 so \u00fat me\u00f0 J\u00f3ram m\u00f3t Jeh\u00fa syni Nims\u00ed hvern Drottinn haf\u00f0i smurt til \u00feess a\u00f0 ey\u00f0ileggja Akabs h\u00fas.<\/p>\n<p>\tEn sem Jeh\u00fa var a\u00f0 ey\u00f0a h\u00fasi Akab \u00fe\u00e1 fann hann nokkra h\u00f6f\u00f0ingja af J\u00fada og af Ahas\u00eda br\u00e6\u00f0rasonum, \u00feeir e\u00f0 \u00fej\u00f3nu\u00f0u Ahas\u00eda, og hann sl\u00f3 \u00fe\u00e1 \u00ed hel. <span class=\"athugasemd\" title=\"Jeh\u00fa \/ 4. Reg. 9\">[<\/span> En hann leita\u00f0i eftir Ahas\u00eda og fann hann \u00fear hann haf\u00f0i fali\u00f0 sig \u00ed Samaria. Og \u00feeir f\u00e6r\u00f0u hann til Jeh\u00fa, hann sl\u00f3 hann \u00ed hel og var s\u00ed\u00f0an jar\u00f0a\u00f0ur. \u00dev\u00ed \u00feeir s\u00f6g\u00f0u: &#8222;Hann er son J\u00f3safat sem leita\u00f0i eftir Drottni af \u00f6llu s\u00ednu hjarta.&#8220; Og \u00fear voru \u00f6ngvir fleiri til eftir af Ahas\u00eda h\u00fasi sem k\u00f3ngar yr\u00f0i.<\/p>\n<p>\tEn sem Atal\u00eda m\u00f3\u00f0ir Ahas\u00edas s\u00e1 a\u00f0 hennar son var dau\u00f0ur \u00fe\u00e1 t\u00f3k h\u00fan sig upp og drap allt konunglegt slekti \u00ed J\u00fada h\u00fasi. <span class=\"athugasemd\" title=\"Atal\u00eda \/ 4. Reg. 11\">[<\/span> En J\u00f3sabeat k\u00f3ngsins systir t\u00f3k J\u00f3as son Ahas\u00eda og stal honum \u00ed burt fr\u00e1 k\u00f3ngsins sonum sem \u00ed hel voru slegnir og faldi hann me\u00f0 f\u00f3stru sinni \u00ed einu svefnherbergi. <span class=\"athugasemd\" title=\"J\u00f3sabeat felur J\u00f3as \u00ed sex \u00e1r\">[<\/span> Svo fal J\u00f3sabeat hann hver e\u00f0 var d\u00f3ttir J\u00f3ram k\u00f3ngs og kvinna J\u00f3jada kennimanns a\u00f0 hann var\u00f0 eigi sleginn \u00ed hel af Atal\u00eda. Og hann var geymdur me\u00f0 \u00feeim \u00ed Drottins h\u00fasi sex \u00e1r, so lengi sem Atal\u00eda var drottning \u00ed landinu.<\/p>\n","protected":false},"excerpt":{"rendered":"<p>XXII. Eftir dau\u00f0a J\u00f3ram t\u00f3ku \u00feeir \u00ed Jer\u00fasalem Ahas\u00eda hans yngsta son til k\u00f3ngs \u00ed hans sta\u00f0. [ \u00dev\u00ed a\u00f0 \u00feeir v\u00edkingar sem komu af Arabia \u00feeir h\u00f6f\u00f0u \u00ed hel slegi\u00f0 alla hans eldri br\u00e6\u00f0ur og \u00fev\u00ed var\u00f0 Ahas\u00eda son J\u00f3ram k\u00f3ngur \u00ed J\u00fada. Og Ahas\u00eda haf\u00f0i tvo um fertugt \u00fe\u00e1 hann var\u00f0 k\u00f3ngur og hann r\u00edkti eitt \u00e1r \u00ed Jer\u00fasalem. Hans m\u00f3\u00f0ir h\u00e9t Atal\u00eda d\u00f3ttir Amr\u00ed. [ Hann gekk og \u00e1 vegum Akabs h\u00fass \u00fev\u00ed hans m\u00f3\u00f0ir h\u00e9lt honum \u00fear til a\u00f0 hann var\u00f0 \u00f3gu\u00f0legur og \u00fev\u00ed gj\u00f6r\u00f0i hann \u00fea\u00f0 sem Drottni illa l\u00edka\u00f0i, l\u00edka sem h\u00fas Akabs. \u00dev\u00ed <a href=\"https:\/\/biblian.is\/gudbrandsbiblia\/sidari-kronikubok-22-kafli\/\"> [&#8230;]<\/a><\/p>\n","protected":false},"author":1,"featured_media":0,"parent":0,"menu_order":0,"comment_status":"open","ping_status":"open","template":"bibliukaflar.php","meta":{"footnotes":""},"class_list":["post-3082","page","type-page","status-publish","hentry"],"_links":{"self":[{"href":"https:\/\/biblian.is\/gudbrandsbiblia\/wp-json\/wp\/v2\/pages\/3082","targetHints":{"allow":["GET"]}}],"collection":[{"href":"https:\/\/biblian.is\/gudbrandsbiblia\/wp-json\/wp\/v2\/pages"}],"about":[{"href":"https:\/\/biblian.is\/gudbrandsbiblia\/wp-json\/wp\/v2\/types\/page"}],"author":[{"embeddable":true,"href":"https:\/\/biblian.is\/gudbrandsbiblia\/wp-json\/wp\/v2\/users\/1"}],"replies":[{"embeddable":true,"href":"https:\/\/biblian.is\/gudbrandsbiblia\/wp-json\/wp\/v2\/comments?post=3082"}],"version-history":[{"count":0,"href":"https:\/\/biblian.is\/gudbrandsbiblia\/wp-json\/wp\/v2\/pages\/3082\/revisions"}],"wp:attachment":[{"href":"https:\/\/biblian.is\/gudbrandsbiblia\/wp-json\/wp\/v2\/media?parent=3082"}],"curies":[{"name":"wp","href":"https:\/\/api.w.org\/{rel}","templated":true}]}}