{"id":3081,"date":"2017-12-18T18:32:36","date_gmt":"2017-12-18T18:32:36","guid":{"rendered":"http:\/\/biblian.is\/gudbrandsbiblia\/sidari-kronikubok-21-kafli\/"},"modified":"2017-12-18T18:32:36","modified_gmt":"2017-12-18T18:32:36","slug":"sidari-kronikubok-21-kafli","status":"publish","type":"page","link":"https:\/\/biblian.is\/gudbrandsbiblia\/sidari-kronikubok-21-kafli\/","title":{"rendered":"S\u00ed\u00f0ari kron\u00edkub\u00f3k 21. kafli"},"content":{"rendered":"<p>XXI.<\/p>\n<p>Og J\u00f3safat sofna\u00f0i me\u00f0 s\u00ednum fe\u00f0rum og var jar\u00f0a\u00f0ur me\u00f0 \u00feeim \u00ed borg Dav\u00ed\u00f0s og hans son J\u00f3ram t\u00f3k k\u00f3ngd\u00f3m eftir hann. <span class=\"athugasemd\" title=\"J\u00f3ram k\u00f3ngur \u00ed J\u00fada \u00e1tta \u00e1r \/ 3. Reg. 22\">[<\/span> Og hann \u00e1tti marga br\u00e6\u00f0ur, allir synir J\u00f3safat: Asarjam, Jeh\u00edel, Sakar\u00edam, Asarjam, M\u00edkael og Sefatja. \u00deessir allir voru synir J\u00f3safat J\u00fadak\u00f3ngs. Og \u00feeirra fa\u00f0ir gaf \u00feeim margar g\u00e1fur \u00ed silfri, gulli og gersemum og sterkar borgir \u00ed J\u00fada. En J\u00f3ram gaf hann r\u00edki\u00f0 \u00fev\u00ed hann var frumgetinn.<\/p>\n<p>\tN\u00fa sem J\u00f3ram var sta\u00f0festur yfir s\u00edns f\u00f6\u00f0urs k\u00f3ngsr\u00edki og var\u00f0 megtugur \u00fe\u00e1 drap hann alla s\u00edna br\u00e6\u00f0ur me\u00f0 sver\u00f0i, svo og nokkra af h\u00f6f\u00f0ingjum \u00ed \u00cdsrael. <span class=\"athugasemd\" title=\"J\u00f3ram myr\u00f0ir s\u00edna br\u00e6\u00f0ur\">[<\/span> J\u00f3ram haf\u00f0i \u00ferj\u00e1t\u00edgi og tv\u00f6 \u00e1r \u00fe\u00e1 hann var\u00f0 k\u00f3ngur og r\u00edkti \u00e1tta \u00e1r \u00ed Jer\u00fasalem. Og hann gekk \u00e1 \u00cdsraelsk\u00f3nga vegum so sem Akabs h\u00fas gj\u00f6r\u00f0i. \u00dev\u00ed d\u00f3ttir Akabs var hans eiginkvinna. Og hann gj\u00f6r\u00f0i \u00fea\u00f0 sem Drottni misl\u00edka\u00f0i. En \u00fe\u00f3 vildi Drottinn ekki me\u00f0 \u00f6llu ey\u00f0ileggja Dav\u00ed\u00f0s h\u00fas s\u00f6kum \u00feess s\u00e1ttm\u00e1la sem hann haf\u00f0i bundi\u00f0 vi\u00f0 Dav\u00ed\u00f0 og sem hann haf\u00f0i lofa\u00f0 a\u00f0 gefa honum og hans sonum \u00e6t\u00ed\u00f0 eitt lj\u00f3s.<\/p>\n<p>\t\u00c1 hans d\u00f6gum f\u00e9llu Edomiter fr\u00e1 J\u00fada og settu einn k\u00f3ng yfir sig. <span class=\"athugasemd\" title=\"Edomiter falla fr\u00e1 J\u00fada\">[<\/span> \u00dev\u00ed a\u00f0 J\u00f3ram var farinn yfir um me\u00f0 s\u00ednum h\u00f6f\u00f0ingjum og allir vagnar me\u00f0 honum og hann t\u00f3k sig upp \u00e1 n\u00e1ttar\u00feeli og sl\u00f3 Ed\u00f3m allt um kring \u00fear hann var og \u00fe\u00e1 hinu yppustu fyrir v\u00f6gnunum og \u00fev\u00ed f\u00e9llu Edomiter fr\u00e1 J\u00fada allt til \u00feessa dags. \u00deennan sama t\u00edma f\u00e9llu og L\u00edbna fr\u00e1 honum. <span class=\"athugasemd\" title=\"L\u00edbna\">[<\/span> \u00dev\u00ed hann fyrirleit Drottin Gu\u00f0 sinna fe\u00f0ra og gj\u00f6r\u00f0i h\u00e6\u00f0ir \u00e1 fj\u00f6llum J\u00fada og kom innbyggjurum \u00ed Jer\u00fasalem til a\u00f0 fremja h\u00f3r og afvegaleiddi J\u00fada.<\/p>\n<p>\tOg \u00fear kom eitt br\u00e9f til hans fr\u00e1 El\u00eda sp\u00e1manni. <span class=\"athugasemd\" title=\"El\u00eda skrifar til J\u00f3ram\">[<\/span> \u00dea\u00f0 var svo l\u00e1tandi: &#8222;Svo segir Drottinn Gu\u00f0 \u00fe\u00edns f\u00f6\u00f0urs Dav\u00ed\u00f0s: S\u00f6kum \u00feess a\u00f0 \u00fe\u00fa hefur ekki gengi\u00f0 \u00e1 vegi \u00fe\u00edns f\u00f6\u00f0urs J\u00f3safat og eigi heldur \u00e1 vegi Asa J\u00fadak\u00f3ngs heldur hefur \u00fe\u00fa gengi\u00f0 \u00ed \u00cdsraelsk\u00f3nga vegum og gj\u00f6rir \u00fea\u00f0 a\u00f0 innbyggjendur J\u00fada og Jer\u00fasalem fremja h\u00f3r eftir Akabs h\u00fass h\u00f3rd\u00f3mi, \u00fear a\u00f0 auk hefur \u00fe\u00fa drepi\u00f0 \u00fe\u00edna br\u00e6\u00f0ur af \u00fe\u00edns f\u00f6\u00f0urs h\u00fasi hverjir e\u00f0 betri voru en \u00fe\u00fa, sj\u00e1, so skal Drottinn sl\u00e1 \u00feig me\u00f0 st\u00f3rri pl\u00e1gu, \u00feitt f\u00f3lk, \u00fe\u00edn b\u00f6rn, \u00fe\u00ednar kvinnur og allt \u00fea\u00f0 \u00fe\u00fa \u00e1tt og \u00fe\u00fa skalt hafa inn vesta sj\u00fakd\u00f3m \u00ed \u00fe\u00ednum i\u00f0rum \u00fear til a\u00f0 innyflin skulu af sj\u00fakd\u00f3mi falla fr\u00e1 \u00fe\u00e9r dag fr\u00e1 degi.&#8220;<\/p>\n<p>\tSvo uppvakti Drottinn \u00ed m\u00f3t J\u00f3ram anda Philisteorum og Arabum sem a\u00f0 liggja hartn\u00e6rri Bl\u00e1landi. Og \u00feeir dr\u00f3gu upp til J\u00fada, yfirunnu hana og \u00ed burt f\u00e6r\u00f0u allt \u00fea\u00f0 f\u00e9 sem a\u00f0 fannst \u00ed k\u00f3ngsins h\u00fasi, \u00fear me\u00f0 hans syni og hans kvinnur, svo hann h\u00e9lt ekki eftir neinum s\u00ednum syni utan J\u00f3akas hver a\u00f0 var hans yngsti son. Og eftir allt \u00feetta sl\u00f3 Drottinn hann \u00ed hans i\u00f0rum me\u00f0 sj\u00fakd\u00f3mi \u00f3l\u00e6knanlegum og \u00fea\u00f0 vara\u00f0i dag fr\u00e1 degi \u00fear til tv\u00f6 \u00e1r voru li\u00f0in, \u00fe\u00e1 f\u00e9llu hans i\u00f0ur fr\u00e1 honum af hans sj\u00fakleika so hann d\u00f3 illum dau\u00f0a. Og \u00feeir brenndu ekkert b\u00e1l yfir honum svo sem \u00feeir h\u00f6f\u00f0u gj\u00f6rt yfir hans forfe\u00f0rum. Hann var t\u00f3lf og tuttugu \u00e1ra gamall \u00fe\u00e1 hann var\u00f0 k\u00f3ngur og hann r\u00edkti \u00e1tta \u00e1r yfir Jer\u00fasalem. Og hann gekk ekki r\u00e9ttilega. Og \u00feeir j\u00f6r\u00f0u\u00f0u hann \u00ed Dav\u00ed\u00f0ssta\u00f0 en \u00fe\u00f3 ekki \u00e1 me\u00f0al annarra k\u00f3ngalei\u00f0a.<\/p>\n","protected":false},"excerpt":{"rendered":"<p>XXI. Og J\u00f3safat sofna\u00f0i me\u00f0 s\u00ednum fe\u00f0rum og var jar\u00f0a\u00f0ur me\u00f0 \u00feeim \u00ed borg Dav\u00ed\u00f0s og hans son J\u00f3ram t\u00f3k k\u00f3ngd\u00f3m eftir hann. [ Og hann \u00e1tti marga br\u00e6\u00f0ur, allir synir J\u00f3safat: Asarjam, Jeh\u00edel, Sakar\u00edam, Asarjam, M\u00edkael og Sefatja. \u00deessir allir voru synir J\u00f3safat J\u00fadak\u00f3ngs. Og \u00feeirra fa\u00f0ir gaf \u00feeim margar g\u00e1fur \u00ed silfri, gulli og gersemum og sterkar borgir \u00ed J\u00fada. En J\u00f3ram gaf hann r\u00edki\u00f0 \u00fev\u00ed hann var frumgetinn. N\u00fa sem J\u00f3ram var sta\u00f0festur yfir s\u00edns f\u00f6\u00f0urs k\u00f3ngsr\u00edki og var\u00f0 megtugur \u00fe\u00e1 drap hann alla s\u00edna br\u00e6\u00f0ur me\u00f0 sver\u00f0i, svo og nokkra af h\u00f6f\u00f0ingjum \u00ed \u00cdsrael. [ J\u00f3ram <a href=\"https:\/\/biblian.is\/gudbrandsbiblia\/sidari-kronikubok-21-kafli\/\"> [&#8230;]<\/a><\/p>\n","protected":false},"author":1,"featured_media":0,"parent":0,"menu_order":0,"comment_status":"open","ping_status":"open","template":"bibliukaflar.php","meta":{"footnotes":""},"class_list":["post-3081","page","type-page","status-publish","hentry"],"_links":{"self":[{"href":"https:\/\/biblian.is\/gudbrandsbiblia\/wp-json\/wp\/v2\/pages\/3081","targetHints":{"allow":["GET"]}}],"collection":[{"href":"https:\/\/biblian.is\/gudbrandsbiblia\/wp-json\/wp\/v2\/pages"}],"about":[{"href":"https:\/\/biblian.is\/gudbrandsbiblia\/wp-json\/wp\/v2\/types\/page"}],"author":[{"embeddable":true,"href":"https:\/\/biblian.is\/gudbrandsbiblia\/wp-json\/wp\/v2\/users\/1"}],"replies":[{"embeddable":true,"href":"https:\/\/biblian.is\/gudbrandsbiblia\/wp-json\/wp\/v2\/comments?post=3081"}],"version-history":[{"count":0,"href":"https:\/\/biblian.is\/gudbrandsbiblia\/wp-json\/wp\/v2\/pages\/3081\/revisions"}],"wp:attachment":[{"href":"https:\/\/biblian.is\/gudbrandsbiblia\/wp-json\/wp\/v2\/media?parent=3081"}],"curies":[{"name":"wp","href":"https:\/\/api.w.org\/{rel}","templated":true}]}}