{"id":3079,"date":"2017-12-18T18:32:36","date_gmt":"2017-12-18T18:32:36","guid":{"rendered":"http:\/\/biblian.is\/gudbrandsbiblia\/sidari-kronikubok-19-kafli\/"},"modified":"2017-12-18T18:32:36","modified_gmt":"2017-12-18T18:32:36","slug":"sidari-kronikubok-19-kafli","status":"publish","type":"page","link":"https:\/\/biblian.is\/gudbrandsbiblia\/sidari-kronikubok-19-kafli\/","title":{"rendered":"S\u00ed\u00f0ari kron\u00edkub\u00f3k 19. kafli"},"content":{"rendered":"<p>XIX.<\/p>\n<p>En J\u00f3safat k\u00f3ngur J\u00fada kom heim aftur me\u00f0 fri\u00f0i til Jer\u00fasalem. Og Jeh\u00fa sj\u00e1andi son Hanan\u00ed gekk \u00fat \u00ed m\u00f3t honum og sag\u00f0i til J\u00f3safat k\u00f3ngs: <span class=\"athugasemd\" title=\"Jeh\u00fa \/ Supra 16 \/ \u00de\u00e1 \u00f3gu\u00f0legu skulu menn for\u00f0ast\">[<\/span> &#8222;Skalt \u00fe\u00fa svo veita li\u00f0 \u00feeim \u00f3gu\u00f0lega og elska \u00fe\u00e1 sem hata Drottin? Og \u00fev\u00ed er Gu\u00f0s rei\u00f0i yfir \u00fe\u00e9r. En \u00fe\u00f3 er \u00fear nokku\u00f0 gott fundi\u00f0 hj\u00e1 \u00fe\u00e9r a\u00f0 \u00fe\u00fa hefur upph\u00f6ggvi\u00f0 lunda af landinu og hefur tilb\u00fai\u00f0 \u00feitt hjarta a\u00f0 leita Drottins.&#8220; So var J\u00f3safat \u00ed Jer\u00fasalem.<\/p>\n<p>\tOg hann f\u00f3r \u00fat \u00ed anna\u00f0 sinn \u00e1 me\u00f0al f\u00f3lksins fr\u00e1 Bersaba allt til fjallsins Efra\u00edm og leiddi \u00fe\u00e1 aftur til Drottins \u00feeirra fe\u00f0ra Gu\u00f0s. Og hann setti d\u00f3mendur \u00ed landi\u00f0, \u00ed allar sterkar borgir J\u00fada, nokkra \u00ed hverja borg, og hann sag\u00f0i til d\u00f3mandanna: <span class=\"athugasemd\" title=\"\u00c1minning J\u00f3safat til d\u00f3maranna\">[<\/span> &#8222;Gaumg\u00e6fi\u00f0 hva\u00f0 \u00fe\u00e9r gj\u00f6ri\u00f0 \u00fev\u00ed a\u00f0 ei d\u00e6mi \u00fe\u00e9r mannanna d\u00f3ma heldur Drottins og hann er me\u00f0 y\u00f0ur \u00ed d\u00f3minum. L\u00e1ti\u00f0 \u00fev\u00ed Drottins \u00f3tta vera hj\u00e1 y\u00f0ur og var\u00f0veiti\u00f0 y\u00f0ur og gj\u00f6ri\u00f0 \u00fea\u00f0 \u00fev\u00ed a\u00f0 \u00fear er ekkert rangl\u00e6ti hj\u00e1 Drottni vorum Gu\u00f0i, eigi heldur manngreinar\u00e1lit og ei tekur hann gjafir.&#8220;<\/p>\n<p>\tOg J\u00f3safat skikka\u00f0i \u00ed Jer\u00fasalem af Lev\u00edtunum og prestunum og af \u00feeim yppustu fe\u00f0rum \u00ed \u00cdsrael yfir Drottins d\u00f3ma og yfir m\u00e1laferlin og l\u00e9t \u00fe\u00e1 b\u00faa \u00ed Jer\u00fasalem. Og hann bau\u00f0 \u00feeim og sag\u00f0i: &#8222;Gj\u00f6ri\u00f0 so \u00ed Drottins \u00f3tta alla hluti tr\u00falega me\u00f0 algj\u00f6r\u00f0u hjarta. \u00cd \u00f6llum \u00feeim m\u00e1lefnum sem koma fyrir y\u00f0ur fr\u00e1 y\u00f0ar br\u00e6\u00f0rum sem b\u00faa \u00ed \u00feeirra borgum, \u00ed millum bl\u00f3\u00f0s og bl\u00f3\u00f0s, \u00ed millum l\u00f6gm\u00e1ls og bo\u00f0or\u00f0a, \u00ed millum setninga og r\u00e9ttinda, skulu \u00fe\u00e9r undirv\u00edsa \u00feeim svo a\u00f0 \u00feeir syndgist ekki \u00ed m\u00f3ti Drottni og a\u00f0 ei komi rei\u00f0i yfir y\u00f0ur og y\u00f0ar br\u00e6\u00f0ur. Gj\u00f6ri\u00f0 svo og \u00fe\u00e1 munu \u00fe\u00e9r ekki syndgast. Sj\u00e1, Amarja kennima\u00f0ur er s\u00e1 yppasti yfir y\u00f0ur \u00ed \u00f6llum m\u00e1lefnum Drottins. Svo er Sebadja son \u00cdsamel h\u00f6f\u00f0ingi \u00ed J\u00fada h\u00fasi \u00ed \u00f6llum k\u00f3ngsins m\u00e1laferlum. Svo hafi \u00fe\u00e9r emb\u00e6ttismenn og Lev\u00edtana fyrir y\u00f0ur. Styrkist og gj\u00f6ri\u00f0 \u00feetta og Drottinn mun vera me\u00f0 \u00feeim g\u00f3\u00f0u.&#8220;<\/p>\n","protected":false},"excerpt":{"rendered":"<p>XIX. En J\u00f3safat k\u00f3ngur J\u00fada kom heim aftur me\u00f0 fri\u00f0i til Jer\u00fasalem. Og Jeh\u00fa sj\u00e1andi son Hanan\u00ed gekk \u00fat \u00ed m\u00f3t honum og sag\u00f0i til J\u00f3safat k\u00f3ngs: [ &#8222;Skalt \u00fe\u00fa svo veita li\u00f0 \u00feeim \u00f3gu\u00f0lega og elska \u00fe\u00e1 sem hata Drottin? Og \u00fev\u00ed er Gu\u00f0s rei\u00f0i yfir \u00fe\u00e9r. En \u00fe\u00f3 er \u00fear nokku\u00f0 gott fundi\u00f0 hj\u00e1 \u00fe\u00e9r a\u00f0 \u00fe\u00fa hefur upph\u00f6ggvi\u00f0 lunda af landinu og hefur tilb\u00fai\u00f0 \u00feitt hjarta a\u00f0 leita Drottins.&#8220; So var J\u00f3safat \u00ed Jer\u00fasalem. Og hann f\u00f3r \u00fat \u00ed anna\u00f0 sinn \u00e1 me\u00f0al f\u00f3lksins fr\u00e1 Bersaba allt til fjallsins Efra\u00edm og leiddi \u00fe\u00e1 aftur til Drottins \u00feeirra <a href=\"https:\/\/biblian.is\/gudbrandsbiblia\/sidari-kronikubok-19-kafli\/\"> [&#8230;]<\/a><\/p>\n","protected":false},"author":1,"featured_media":0,"parent":0,"menu_order":0,"comment_status":"open","ping_status":"open","template":"bibliukaflar.php","meta":{"footnotes":""},"class_list":["post-3079","page","type-page","status-publish","hentry"],"_links":{"self":[{"href":"https:\/\/biblian.is\/gudbrandsbiblia\/wp-json\/wp\/v2\/pages\/3079","targetHints":{"allow":["GET"]}}],"collection":[{"href":"https:\/\/biblian.is\/gudbrandsbiblia\/wp-json\/wp\/v2\/pages"}],"about":[{"href":"https:\/\/biblian.is\/gudbrandsbiblia\/wp-json\/wp\/v2\/types\/page"}],"author":[{"embeddable":true,"href":"https:\/\/biblian.is\/gudbrandsbiblia\/wp-json\/wp\/v2\/users\/1"}],"replies":[{"embeddable":true,"href":"https:\/\/biblian.is\/gudbrandsbiblia\/wp-json\/wp\/v2\/comments?post=3079"}],"version-history":[{"count":0,"href":"https:\/\/biblian.is\/gudbrandsbiblia\/wp-json\/wp\/v2\/pages\/3079\/revisions"}],"wp:attachment":[{"href":"https:\/\/biblian.is\/gudbrandsbiblia\/wp-json\/wp\/v2\/media?parent=3079"}],"curies":[{"name":"wp","href":"https:\/\/api.w.org\/{rel}","templated":true}]}}