{"id":3077,"date":"2017-12-18T18:32:36","date_gmt":"2017-12-18T18:32:36","guid":{"rendered":"http:\/\/biblian.is\/gudbrandsbiblia\/sidari-kronikubok-17-kafli\/"},"modified":"2017-12-18T18:32:36","modified_gmt":"2017-12-18T18:32:36","slug":"sidari-kronikubok-17-kafli","status":"publish","type":"page","link":"https:\/\/biblian.is\/gudbrandsbiblia\/sidari-kronikubok-17-kafli\/","title":{"rendered":"S\u00ed\u00f0ari kron\u00edkub\u00f3k 17. kafli"},"content":{"rendered":"<p>XVII.<\/p>\n<p>Og hans son J\u00f3safat var\u00f0 k\u00f3ngur \u00ed hans sta\u00f0 og hann var\u00f0 megtugur m\u00f3t \u00cdsrael. <span class=\"athugasemd\" title=\"J\u00f3safat \/ 3. Reg. 15\">[<\/span> Hann setti str\u00ed\u00f0sf\u00f3lk \u00ed allar sterkar borgir J\u00fada, skikka\u00f0i og so emb\u00e6ttismenn alls sta\u00f0ar um J\u00fadaland og \u00ed Efra\u00edmsborgir sem hans fa\u00f0ir Assa haf\u00f0i unni\u00f0. Og Gu\u00f0 var me\u00f0 J\u00f3safat \u00fev\u00ed a\u00f0 hann gekk \u00ed \u00f6llum vegi s\u00edns f\u00f6\u00f0urs Dav\u00ed\u00f0s og hann leita\u00f0i ekki eftir Baal\u00edm heldur eftir sinna fe\u00f0ra Gu\u00f0i og gekk eftir hans bo\u00f0or\u00f0um en ekki eftir Israelis verkum. Og \u00fev\u00ed sta\u00f0festi Drottinn hans r\u00edki. Og allir \u00ed J\u00fada f\u00e6r\u00f0u honum gjafir og hann haf\u00f0i ofurmikinn r\u00edkd\u00f3m og mikla vegsemd. Og sem hans hjarta var or\u00f0i\u00f0 \u00f6ruggt \u00ed vegi Drottins eftir \u00fea\u00f0 t\u00f3k hann h\u00e6\u00f0ir og lunda \u00ed burt af J\u00fada.<\/p>\n<p>\tOg \u00e1 \u00fev\u00ed \u00feri\u00f0ja \u00e1ri s\u00edns r\u00edkis \u00fatsendi hann s\u00edna h\u00f6f\u00f0ingja Benha\u00edl, \u00d3bad\u00eda, Sakar\u00eda, Netaneel og M\u00edkaja a\u00f0 \u00feeir skyldu kenna \u00ed st\u00f6\u00f0um J\u00fada. <span class=\"athugasemd\" title=\"Visitatio kirknanna\">[<\/span> Og Lev\u00edta sendi hann me\u00f0 \u00feeim, Samajam, Netajam, Sebadjam, Asahel, Sem\u00edram\u00f3t, J\u00f3natan, Ad\u00f3n\u00edan, Thob\u00edan og Tob Ad\u00f3n\u00eda, og me\u00f0 \u00feeim prestana El\u00edsama og J\u00f3ram. Og \u00feeir kenndu f\u00f3lkinu \u00ed J\u00fada og h\u00f6f\u00f0u Gu\u00f0s l\u00f6gm\u00e1lsb\u00f3k me\u00f0 s\u00e9r og fer\u00f0u\u00f0ust \u00ed kring um allar borgir J\u00fada og l\u00e6r\u00f0u f\u00f3lki\u00f0.<\/p>\n<p>\tOg \u00f3tti Drottins f\u00e9ll yfir \u00f6ll k\u00f3ngar\u00edki \u00ed landinu sem a\u00f0 voru \u00ed kringum J\u00fada so \u00feeir vogu\u00f0u ekki a\u00f0 berjast \u00e1 m\u00f3ti J\u00f3safat. <span class=\"athugasemd\" title=\"J\u00f3safats d\u00fdr\u00f0\">[<\/span> \u00deeir Philistei f\u00e6r\u00f0u J\u00f3safat g\u00e1fur, mikinn \u00feunga silfurs. Og \u00feeir af r\u00edkjum Arabia f\u00e6r\u00f0u honum sj\u00f6 \u00fe\u00fasund og sj\u00f6 hundru\u00f0 hr\u00fata og sj\u00f6 \u00fe\u00fasund og sj\u00f6 hundru\u00f0 hafra. So efldist J\u00f3safat a\u00f0 hans afli \u00f3x meir og meir. Hann bygg\u00f0i m\u00f6rg slot og kornsta\u00f0i \u00ed J\u00fada og haf\u00f0i mikla gn\u00f3tt alls kyns <span class=\"athugasemd\" title=\"a \/ Ei a\u00f0eins vistir heldur vopn og verjur\">[<\/span> forr\u00e1\u00f0a \u00ed st\u00f6\u00f0um J\u00fada og str\u00ed\u00f0smenn og voldugt f\u00f3lk \u00ed Jer\u00fasalem.<\/p>\n<p>\tOg \u00feessi var skipan \u00ed \u00feeirra fe\u00f0ra h\u00fasi \u00feeir sem a\u00f0 voru yppastir yfir J\u00fada, yfir \u00fe\u00fasund: <span class=\"athugasemd\" title=\"H\u00f6f\u00f0ingjar og str\u00ed\u00f0sf\u00f3lk J\u00f3safat\">[<\/span> Hertugi Adna og me\u00f0 honum voru \u00ferisvar sinnum hundra\u00f0 \u00fe\u00fasund, \u00fea\u00f0 valdasta li\u00f0. N\u00e6st honum var h\u00f6f\u00f0ingi J\u00f3hanan, me\u00f0 honum voru tvisvar sinnum hundra\u00f0 \u00fe\u00fasund og \u00e1ttat\u00edgi \u00fe\u00fasund. N\u00e6st honum var Amasja son S\u00edkr\u00ed hver e\u00f0 var helga\u00f0ur Drottni og me\u00f0 honum voru tv\u00f6 hundru\u00f0 \u00fe\u00fasund hraustra str\u00ed\u00f0smanna. En af sonum Benjam\u00edn var Eljad mikill herma\u00f0ur og me\u00f0 honum tv\u00f6 hundru\u00f0 \u00fe\u00fasund, hverjir \u00fatb\u00fanir voru me\u00f0 boga og skj\u00f6ldu. N\u00e6st honum var J\u00f3sabad og me\u00f0 honum voru hundra\u00f0 og \u00e1ttat\u00edgi \u00fe\u00fasund \u00fatb\u00fanir til bardaga. \u00deessir allir voru me\u00f0 k\u00f3nginum. Fyrir utan \u00fe\u00e1 menn sem k\u00f3ngurinn haf\u00f0i sett \u00ed sterkar borgir \u00ed allri Judea.<\/p>\n","protected":false},"excerpt":{"rendered":"<p>XVII. Og hans son J\u00f3safat var\u00f0 k\u00f3ngur \u00ed hans sta\u00f0 og hann var\u00f0 megtugur m\u00f3t \u00cdsrael. [ Hann setti str\u00ed\u00f0sf\u00f3lk \u00ed allar sterkar borgir J\u00fada, skikka\u00f0i og so emb\u00e6ttismenn alls sta\u00f0ar um J\u00fadaland og \u00ed Efra\u00edmsborgir sem hans fa\u00f0ir Assa haf\u00f0i unni\u00f0. Og Gu\u00f0 var me\u00f0 J\u00f3safat \u00fev\u00ed a\u00f0 hann gekk \u00ed \u00f6llum vegi s\u00edns f\u00f6\u00f0urs Dav\u00ed\u00f0s og hann leita\u00f0i ekki eftir Baal\u00edm heldur eftir sinna fe\u00f0ra Gu\u00f0i og gekk eftir hans bo\u00f0or\u00f0um en ekki eftir Israelis verkum. Og \u00fev\u00ed sta\u00f0festi Drottinn hans r\u00edki. Og allir \u00ed J\u00fada f\u00e6r\u00f0u honum gjafir og hann haf\u00f0i ofurmikinn r\u00edkd\u00f3m og mikla vegsemd. Og <a href=\"https:\/\/biblian.is\/gudbrandsbiblia\/sidari-kronikubok-17-kafli\/\"> [&#8230;]<\/a><\/p>\n","protected":false},"author":1,"featured_media":0,"parent":0,"menu_order":0,"comment_status":"open","ping_status":"open","template":"bibliukaflar.php","meta":{"footnotes":""},"class_list":["post-3077","page","type-page","status-publish","hentry"],"_links":{"self":[{"href":"https:\/\/biblian.is\/gudbrandsbiblia\/wp-json\/wp\/v2\/pages\/3077","targetHints":{"allow":["GET"]}}],"collection":[{"href":"https:\/\/biblian.is\/gudbrandsbiblia\/wp-json\/wp\/v2\/pages"}],"about":[{"href":"https:\/\/biblian.is\/gudbrandsbiblia\/wp-json\/wp\/v2\/types\/page"}],"author":[{"embeddable":true,"href":"https:\/\/biblian.is\/gudbrandsbiblia\/wp-json\/wp\/v2\/users\/1"}],"replies":[{"embeddable":true,"href":"https:\/\/biblian.is\/gudbrandsbiblia\/wp-json\/wp\/v2\/comments?post=3077"}],"version-history":[{"count":0,"href":"https:\/\/biblian.is\/gudbrandsbiblia\/wp-json\/wp\/v2\/pages\/3077\/revisions"}],"wp:attachment":[{"href":"https:\/\/biblian.is\/gudbrandsbiblia\/wp-json\/wp\/v2\/media?parent=3077"}],"curies":[{"name":"wp","href":"https:\/\/api.w.org\/{rel}","templated":true}]}}