{"id":3076,"date":"2017-12-18T18:32:36","date_gmt":"2017-12-18T18:32:36","guid":{"rendered":"http:\/\/biblian.is\/gudbrandsbiblia\/sidari-kronikubok-16-kafli\/"},"modified":"2017-12-18T18:32:36","modified_gmt":"2017-12-18T18:32:36","slug":"sidari-kronikubok-16-kafli","status":"publish","type":"page","link":"https:\/\/biblian.is\/gudbrandsbiblia\/sidari-kronikubok-16-kafli\/","title":{"rendered":"S\u00ed\u00f0ari kron\u00edkub\u00f3k 16. kafli"},"content":{"rendered":"<p>XVI.<\/p>\n<p>\u00c1 \u00fev\u00ed sext\u00e1nda og tuttugasta \u00e1ri Assa k\u00f3ngs \u00fe\u00e1 dr\u00f3 Baesa \u00cdsraels k\u00f3ngur \u00fat \u00ed m\u00f3t J\u00fada og bygg\u00f0i upp Rama a\u00f0 hamla Assa k\u00f3ngi a\u00f0 fara \u00fat og inn. <span class=\"athugasemd\" title=\"Baesa \/ 3. Reg. 15\">[<\/span> En Assa t\u00f3k af \u00feeim f\u00e9sj\u00f3\u00f0um sem voru \u00ed Drottins h\u00fasi og so \u00ed k\u00f3ngsins h\u00fasi, silfur og gull, og sendi til Benhadad k\u00f3ngsins \u00ed Syria hver a\u00f0 bj\u00f3 \u00ed Damasco og l\u00e9t segja honum: &#8222;\u00dear er s\u00e1ttm\u00e1l \u00ed milli m\u00edn og \u00fe\u00edn og milli m\u00edns og \u00fe\u00edns f\u00f6\u00f0urs. \u00dear fyrir hefi eg sent \u00fe\u00e9r silfur og gull a\u00f0 \u00fe\u00fa sl\u00edtir vin\u00e1ttu vi\u00f0 Baesa \u00cdsraels k\u00f3ng svo hann v\u00edki fr\u00e1 m\u00e9r.&#8220;<\/p>\n<p>\tBenhadad hl\u00fdddi or\u00f0sendingu Assa k\u00f3ngs og sendi s\u00edna str\u00ed\u00f0sh\u00f6f\u00f0ingja \u00e1 m\u00f3ti \u00cdsraels st\u00f6\u00f0um og \u00feeir sl\u00f3gu Ejon, Dan og Abel Ma\u00edm og alla Neftal\u00ed kornsta\u00f0i. En sem Baesa heyr\u00f0i \u00fea\u00f0 \u00fe\u00e1 h\u00e6tti hann a\u00f0 byggja Rama og l\u00e9t af s\u00ednum gj\u00f6rningi. S\u00ed\u00f0an t\u00f3k k\u00f3ng Assa allan J\u00fadaher til s\u00edn og l\u00e9t draga \u00fe\u00e1 steina og \u00fe\u00e1 vi\u00f0u fr\u00e1 Rama me\u00f0 hverju Baesa \u00e6tla\u00f0i a\u00f0 byggja sta\u00f0inn en Assa bygg\u00f0i af \u00feessu efni Geba og Mispa. <span class=\"athugasemd\" title=\"Infra 18\">[<\/span><\/p>\n<p>\t\u00c1 \u00feeim t\u00edma kom Hana\u00ed sp\u00e1ma\u00f0ur til Assa J\u00fadak\u00f3ngs og sag\u00f0i til hans: &#8222;S\u00f6kum \u00feess a\u00f0 \u00fe\u00fa settir \u00feitt traust til k\u00f3ngsins af S\u00fdrlandi en treystir ekki upp \u00e1 Drottin \u00feinn Gu\u00f0, \u00fear fyrir er k\u00f3ngsins her af Syria sloppinn \u00far \u00feinni hendi. <span class=\"athugasemd\" title=\"H\u00edram sj\u00e1andi fanginn af Asa\">[<\/span> E\u00f0a voru ekki \u00feeir hinu bl\u00e1lensku og \u00feeir af Libia einn ofurm\u00e1ta mikill mannfj\u00f6ldi me\u00f0 v\u00f6gnum og riddarali\u00f0i? \u00de\u00f3 gaf Drottinn \u00fe\u00e1 \u00ed \u00fe\u00ednar hendur \u00fev\u00ed a\u00f0 \u00fe\u00fa settir \u00feitt traust \u00e1 hann. \u00dev\u00ed augu Drottins sj\u00e1 alla j\u00f6r\u00f0ina og hann styrkir \u00fe\u00e1 sem tr\u00faa \u00e1 hann af \u00f6llu hjarta. F\u00e1v\u00edslega gj\u00f6r\u00f0ir \u00fe\u00fa, \u00fear fyrir munt \u00fe\u00fa h\u00e9\u00f0an \u00ed fr\u00e1 hafa \u00f3fri\u00f0.&#8220; En sem Assa heyr\u00f0i \u00feessi or\u00f0 var\u00f0 hann rei\u00f0ur vi\u00f0 sp\u00e1manninn, l\u00e9t taka hann og setja \u00ed myrkvastofu \u00fev\u00ed a\u00f0 honum misl\u00edka\u00f0i mj\u00f6g vi\u00f0 hann vegna \u00feess sem hann gj\u00f6rt haf\u00f0i. Og Assa <span class=\"athugasemd\" title=\"sword L\u00edfl\u00e9t nokkra\">[<\/span> ni\u00f0ur\u00ferykkti nokkru af f\u00f3lkinu \u00e1 \u00feeim t\u00edma. <\/p>\n<p>\tEn k\u00f3ngs Assa gj\u00f6rningar, b\u00e6\u00f0i \u00feeir fyrstu og hinu s\u00ed\u00f0ustu, sj\u00e1, \u00feeir eru skrifa\u00f0ir \u00ed J\u00fada- og Israelisk\u00f3nga b\u00f3k. Og Assa f\u00e9kk f\u00f3taverk og var\u00f0 sj\u00fakur \u00fear af \u00e1 \u00fev\u00ed n\u00edunda og \u00fer\u00edtuganda \u00e1ri hans r\u00edkis og hans krankd\u00f3mur j\u00f3kst meir og meir. Og hann leita\u00f0i ekki Drottins \u00ed s\u00ednum sj\u00fakd\u00f3mi heldur l\u00e6knara. Svo sofna\u00f0i Assa me\u00f0 s\u00ednum fe\u00f0rum og anda\u00f0ist \u00e1 hinu fyrsta og fertugasta \u00e1ri s\u00edns k\u00f3ngd\u00f3ms og var jar\u00f0a\u00f0ur \u00ed sinni gr\u00f6f, \u00feeirri hann l\u00e9t sj\u00e1lfur gj\u00f6ra \u00ed Dav\u00ed\u00f0ssta\u00f0. Og \u00feeir l\u00f6g\u00f0u hann \u00ed s\u00edna rekkju hverja \u00feeir h\u00f6f\u00f0u \u00e1\u00f0ur fyllt me\u00f0 g\u00f3\u00f0um reykelsisilm og tilbjuggu allsh\u00e1ttu\u00f0 d\u00fdrleg smyrsl eftir smyrslamakarans kunn\u00e1ttu og gj\u00f6r\u00f0u st\u00f3rt b\u00e1l yfir honum.<\/p>\n","protected":false},"excerpt":{"rendered":"<p>XVI. \u00c1 \u00fev\u00ed sext\u00e1nda og tuttugasta \u00e1ri Assa k\u00f3ngs \u00fe\u00e1 dr\u00f3 Baesa \u00cdsraels k\u00f3ngur \u00fat \u00ed m\u00f3t J\u00fada og bygg\u00f0i upp Rama a\u00f0 hamla Assa k\u00f3ngi a\u00f0 fara \u00fat og inn. [ En Assa t\u00f3k af \u00feeim f\u00e9sj\u00f3\u00f0um sem voru \u00ed Drottins h\u00fasi og so \u00ed k\u00f3ngsins h\u00fasi, silfur og gull, og sendi til Benhadad k\u00f3ngsins \u00ed Syria hver a\u00f0 bj\u00f3 \u00ed Damasco og l\u00e9t segja honum: &#8222;\u00dear er s\u00e1ttm\u00e1l \u00ed milli m\u00edn og \u00fe\u00edn og milli m\u00edns og \u00fe\u00edns f\u00f6\u00f0urs. \u00dear fyrir hefi eg sent \u00fe\u00e9r silfur og gull a\u00f0 \u00fe\u00fa sl\u00edtir vin\u00e1ttu vi\u00f0 Baesa \u00cdsraels k\u00f3ng svo hann <a href=\"https:\/\/biblian.is\/gudbrandsbiblia\/sidari-kronikubok-16-kafli\/\"> [&#8230;]<\/a><\/p>\n","protected":false},"author":1,"featured_media":0,"parent":0,"menu_order":0,"comment_status":"open","ping_status":"open","template":"bibliukaflar.php","meta":{"footnotes":""},"class_list":["post-3076","page","type-page","status-publish","hentry"],"_links":{"self":[{"href":"https:\/\/biblian.is\/gudbrandsbiblia\/wp-json\/wp\/v2\/pages\/3076","targetHints":{"allow":["GET"]}}],"collection":[{"href":"https:\/\/biblian.is\/gudbrandsbiblia\/wp-json\/wp\/v2\/pages"}],"about":[{"href":"https:\/\/biblian.is\/gudbrandsbiblia\/wp-json\/wp\/v2\/types\/page"}],"author":[{"embeddable":true,"href":"https:\/\/biblian.is\/gudbrandsbiblia\/wp-json\/wp\/v2\/users\/1"}],"replies":[{"embeddable":true,"href":"https:\/\/biblian.is\/gudbrandsbiblia\/wp-json\/wp\/v2\/comments?post=3076"}],"version-history":[{"count":0,"href":"https:\/\/biblian.is\/gudbrandsbiblia\/wp-json\/wp\/v2\/pages\/3076\/revisions"}],"wp:attachment":[{"href":"https:\/\/biblian.is\/gudbrandsbiblia\/wp-json\/wp\/v2\/media?parent=3076"}],"curies":[{"name":"wp","href":"https:\/\/api.w.org\/{rel}","templated":true}]}}