{"id":3074,"date":"2017-12-18T18:32:36","date_gmt":"2017-12-18T18:32:36","guid":{"rendered":"http:\/\/biblian.is\/gudbrandsbiblia\/sidari-kronikubok-14-kafli\/"},"modified":"2017-12-18T18:32:36","modified_gmt":"2017-12-18T18:32:36","slug":"sidari-kronikubok-14-kafli","status":"publish","type":"page","link":"https:\/\/biblian.is\/gudbrandsbiblia\/sidari-kronikubok-14-kafli\/","title":{"rendered":"S\u00ed\u00f0ari kron\u00edkub\u00f3k 14. kafli"},"content":{"rendered":"<p>XIIII.<\/p>\n<p>Og Assa gj\u00f6r\u00f0i \u00fea\u00f0 sem r\u00e9tt var og \u00feakkn\u00e6milegt fyrir Drottni hans Gu\u00f0i. <span class=\"athugasemd\" title=\"Assa \/ 3. Reg. 15\">[<\/span> Hann braut ni\u00f0ur \u00feau annarlegu altari og h\u00e6\u00f0irnar og sundursl\u00f3 b\u00edl\u00e6tin og upphj\u00f3 lundana. Hann l\u00e9t segja J\u00fada a\u00f0 \u00feeir skyldu leita Drottins \u00feeirra fe\u00f0ra Gu\u00f0s og breyta eftir l\u00f6gm\u00e1linu og bo\u00f0or\u00f0unum. Og hann burt t\u00f3k \u00fe\u00e6r h\u00e6\u00f0ir og afgu\u00f0ina \u00far \u00f6llum borgum \u00ed J\u00fada \u00fev\u00ed a\u00f0 r\u00edki\u00f0 var \u00ed fri\u00f0i undir honum. Og hann l\u00e9t byggja sterkar borgir \u00ed J\u00fada \u00fev\u00ed a\u00f0 landi\u00f0 var stilli og ekkert str\u00ed\u00f0 h\u00f3fst upp \u00ed m\u00f3ti honum \u00e1 \u00feeim \u00e1rum \u00fev\u00ed Drottinn gaf honum fri\u00f0.<\/p>\n<p>\tOg hann sag\u00f0i til J\u00fada: &#8222;L\u00e1tum oss byggja \u00feessar borgir og styrkjum \u00fe\u00e6r me\u00f0 steinveggjum, turnum, portum og grindum \u00e1 me\u00f0an fri\u00f0ur er \u00ed landinu. \u00dev\u00ed a\u00f0 v\u00e9r h\u00f6fum leita\u00f0 Drottins vors Gu\u00f0s og hann hefur gefi\u00f0 oss fri\u00f0 allt um kring.&#8220; Svo t\u00f3ku \u00feeir til a\u00f0 byggja og \u00fea\u00f0 gekk fram lukkusamlega. Assa haf\u00f0i einn mikinn her hver e\u00f0 bar skj\u00f6ld og spj\u00f3t: Af J\u00fada \u00ferisvar sinnum hundra\u00f0 \u00fe\u00fasund manna, af Benjam\u00edn tvisvar sinnum hundra\u00f0 \u00fe\u00fasund og \u00e1ttat\u00edgi \u00fe\u00fasundir sem a\u00f0 skj\u00f6ld b\u00e1ru og k\u00e6nir voru me\u00f0 boga og \u00feetta var allt hi\u00f0 valdasta str\u00ed\u00f0sf\u00f3lk.<\/p>\n<p>\tOg Sera af Bl\u00e1landi dr\u00f3 \u00fat \u00ed m\u00f3ti \u00feeim me\u00f0 einn mj\u00f6g mikinn her. <span class=\"athugasemd\" title=\"Sera\">[<\/span> Hann haf\u00f0i t\u00edu sinnum hundra\u00f0 \u00fe\u00fasund manns, \u00fear a\u00f0 auk \u00ferj\u00fa hundru\u00f0 vagna, og kom allt til Maresa. Og Assa dr\u00f3 \u00ed m\u00f3t honum. Og \u00feeir bjuggust til bardaga \u00ed dalnum Sefata hj\u00e1 Maresa. Og Asa kalla\u00f0i \u00e1 Drottin sinn Gu\u00f0 og sag\u00f0i: <span class=\"athugasemd\" title=\"B\u00e6n Assa\">[<\/span> &#8222;Drottinn, enginn er mismunur fyrir \u00fe\u00e9r a\u00f0 hj\u00e1lpa m\u00f6rgum e\u00f0ur \u00feeim sem magtarlausir eru. Hj\u00e1lpa oss, Drottinn vor Gu\u00f0, \u00fev\u00ed v\u00e9r vonum \u00e1 \u00feig og v\u00e9r erum komnir \u00ed \u00fe\u00ednu nafni m\u00f3ti \u00feessum st\u00f3ra mannfj\u00f6lda. Drottinn vor Gu\u00f0, enginn mann m\u00e1 s\u00e9r nokku\u00f0 \u00ed m\u00f3ti \u00fe\u00e9r.&#8220;<\/p>\n<p>\tOg Gu\u00f0 pl\u00e1ga\u00f0i \u00fe\u00e1 bl\u00e1lensku fyrir Assa og fyrir J\u00fada. <span class=\"athugasemd\" title=\"D\u00e1samlegur sigur\">[<\/span> Og Assa og hans f\u00f3lk sem var me\u00f0 honum r\u00e1ku fl\u00f3ttann allt til Gerar og \u00feeir bl\u00e1lensku f\u00e9llu svo a\u00f0 enginn af \u00feeim var lifandi eftir og \u00feeir voru \u00ed hel slegnir af Drottni og af hans her og \u00feeir t\u00f3ku \u00fear \u00f3grynni fj\u00e1r. Hann sl\u00f3 alla sta\u00f0ina \u00ed kringum Gerar \u00fev\u00ed a\u00f0 Drottins \u00f3tti f\u00e9ll yfir \u00fe\u00e1. Og \u00feeir r\u00e6ntu allar borgir \u00fev\u00ed a\u00f0 \u00fe\u00e6r voru fullar herfangs. Og \u00feeir sl\u00f3gu ni\u00f0ur f\u00e9h\u00fasin og fengu \u00f3grynni sau\u00f0a og \u00falfalda og komu svo aftur \u00ed Jer\u00fasalem.<\/p>\n","protected":false},"excerpt":{"rendered":"<p>XIIII. Og Assa gj\u00f6r\u00f0i \u00fea\u00f0 sem r\u00e9tt var og \u00feakkn\u00e6milegt fyrir Drottni hans Gu\u00f0i. [ Hann braut ni\u00f0ur \u00feau annarlegu altari og h\u00e6\u00f0irnar og sundursl\u00f3 b\u00edl\u00e6tin og upphj\u00f3 lundana. Hann l\u00e9t segja J\u00fada a\u00f0 \u00feeir skyldu leita Drottins \u00feeirra fe\u00f0ra Gu\u00f0s og breyta eftir l\u00f6gm\u00e1linu og bo\u00f0or\u00f0unum. Og hann burt t\u00f3k \u00fe\u00e6r h\u00e6\u00f0ir og afgu\u00f0ina \u00far \u00f6llum borgum \u00ed J\u00fada \u00fev\u00ed a\u00f0 r\u00edki\u00f0 var \u00ed fri\u00f0i undir honum. Og hann l\u00e9t byggja sterkar borgir \u00ed J\u00fada \u00fev\u00ed a\u00f0 landi\u00f0 var stilli og ekkert str\u00ed\u00f0 h\u00f3fst upp \u00ed m\u00f3ti honum \u00e1 \u00feeim \u00e1rum \u00fev\u00ed Drottinn gaf honum fri\u00f0. Og hann sag\u00f0i <a href=\"https:\/\/biblian.is\/gudbrandsbiblia\/sidari-kronikubok-14-kafli\/\"> [&#8230;]<\/a><\/p>\n","protected":false},"author":1,"featured_media":0,"parent":0,"menu_order":0,"comment_status":"open","ping_status":"open","template":"bibliukaflar.php","meta":{"footnotes":""},"class_list":["post-3074","page","type-page","status-publish","hentry"],"_links":{"self":[{"href":"https:\/\/biblian.is\/gudbrandsbiblia\/wp-json\/wp\/v2\/pages\/3074","targetHints":{"allow":["GET"]}}],"collection":[{"href":"https:\/\/biblian.is\/gudbrandsbiblia\/wp-json\/wp\/v2\/pages"}],"about":[{"href":"https:\/\/biblian.is\/gudbrandsbiblia\/wp-json\/wp\/v2\/types\/page"}],"author":[{"embeddable":true,"href":"https:\/\/biblian.is\/gudbrandsbiblia\/wp-json\/wp\/v2\/users\/1"}],"replies":[{"embeddable":true,"href":"https:\/\/biblian.is\/gudbrandsbiblia\/wp-json\/wp\/v2\/comments?post=3074"}],"version-history":[{"count":0,"href":"https:\/\/biblian.is\/gudbrandsbiblia\/wp-json\/wp\/v2\/pages\/3074\/revisions"}],"wp:attachment":[{"href":"https:\/\/biblian.is\/gudbrandsbiblia\/wp-json\/wp\/v2\/media?parent=3074"}],"curies":[{"name":"wp","href":"https:\/\/api.w.org\/{rel}","templated":true}]}}