{"id":3073,"date":"2017-12-18T18:32:36","date_gmt":"2017-12-18T18:32:36","guid":{"rendered":"http:\/\/biblian.is\/gudbrandsbiblia\/sidari-kronikubok-13-kafli\/"},"modified":"2017-12-18T18:32:36","modified_gmt":"2017-12-18T18:32:36","slug":"sidari-kronikubok-13-kafli","status":"publish","type":"page","link":"https:\/\/biblian.is\/gudbrandsbiblia\/sidari-kronikubok-13-kafli\/","title":{"rendered":"S\u00ed\u00f0ari kron\u00edkub\u00f3k 13. kafli"},"content":{"rendered":"<p>XIII.<\/p>\n<p>\u00c1 \u00fev\u00ed \u00e1tj\u00e1nda \u00e1ri Jer\u00f3b\u00f3ams k\u00f3ngs \u00fe\u00e1 var\u00f0 Ab\u00eda k\u00f3ngur yfir J\u00fada og r\u00edkti \u00ferj\u00fa \u00e1r \u00ed Jer\u00fasalem. <span class=\"athugasemd\" title=\"Ab\u00eda k\u00f3ngur \u00ed J\u00fada \u00ferj\u00fa \u00e1r \/ 3. Reg. 15\">[<\/span> Hans m\u00f3\u00f0ir h\u00e9t M\u00edkaja d\u00f3ttir \u00dar\u00edel af G\u00edbea. Og \u00fear upph\u00f3fst eitt str\u00ed\u00f0 \u00e1 millum Ab\u00eda og Jer\u00f3b\u00f3am. Og Ab\u00eda bj\u00f3 sig til bardaga me\u00f0 fj\u00f6gur hundru\u00f0 \u00fe\u00fasund ungra og hraustra str\u00ed\u00f0smanna. Jer\u00f3b\u00f3am bj\u00f3st og til bardaga me\u00f0 \u00e1tta sinnum hundra\u00f0 \u00fe\u00fasund ungra og r\u00f6skra str\u00ed\u00f0smanna.<\/p>\n<p>\tOg Ab\u00eda bj\u00f3 sig til \u00e1 fjalli Hemara\u00edm sem liggur \u00e1 fjallbygg\u00f0um Efra\u00edm og sag\u00f0i: <span class=\"athugasemd\" title=\"R\u00e6\u00f0a Ab\u00eda til Jer\u00f3b\u00f3am og alls Israelis\">[<\/span> &#8222;Heyr mig, Jer\u00f3b\u00f3am. Viti \u00fe\u00e9r ekki a\u00f0 Drottinn Gu\u00f0 \u00cdsraels hefur gefi\u00f0 Dav\u00ed\u00f0 r\u00edki yfir \u00cdsrael \u00e6vinlega, honum og hans sonum, til eins fasts s\u00e1ttm\u00e1la? En Jer\u00f3b\u00f3am son Nebat \u00fe\u00e9nari Sal\u00f3mon, sonar Dav\u00ed\u00f0s, h\u00f3f sig upp og hann gj\u00f6r\u00f0i uppreist \u00ed m\u00f3ti s\u00ednum herra. Og margt lausingjaf\u00f3lk og synir Bel\u00edals g\u00e1fu sig til hans og hann styrkti \u00fe\u00e1 m\u00f3ti R\u00f3b\u00f3am syni Sal\u00f3mon. \u00dev\u00ed R\u00f3b\u00f3am var ungur og blau\u00f0hjarta\u00f0ur so hann kunni ekki a\u00f0 verja sig fyrir \u00feeim. N\u00fa hugsi \u00fe\u00e9r a\u00f0 setja y\u00f0ur upp \u00ed m\u00f3ti r\u00edki Drottins undir sonum Dav\u00ed\u00f0s fyrir \u00fev\u00ed a\u00f0 \u00fe\u00e9r eru\u00f0 mj\u00f6g margir og hafi\u00f0 \u00fe\u00e1 gullk\u00e1lfa til afgu\u00f0a sem Jer\u00f3b\u00f3am gj\u00f6r\u00f0i y\u00f0ur. <span class=\"athugasemd\" title=\"3. Reg. 12\">[<\/span> Hafi \u00fe\u00e9r ekki \u00fatreki\u00f0 sonu Arons, Gu\u00f0s presta, og Lev\u00edtana og hafi\u00f0 gj\u00f6rt y\u00f0ur sj\u00e1lfum presta svo sem \u00fej\u00f3\u00f0ir landsins? Hver sem kemur me\u00f0 ungan uxa og sj\u00f6 sau\u00f0i a\u00f0 fylla s\u00edna h\u00f6nd hann ver\u00f0ur \u00feeirra prestur sem ekki eru gu\u00f0ir.<\/p>\n<p>\tEn Drottinn vor Gu\u00f0 er me\u00f0 oss hvern v\u00e9r ekki yfirgefum og \u00feeir kennimenn sem \u00fej\u00f3na Drottni, synir Arons og Lev\u00edtarnir \u00ed \u00feeirra skikkan. Og \u00feeir f\u00e6ra Drottni brennif\u00f3rnir hvern morgun og hvert kveld, so og \u00feann s\u00e6ta reykelsisilm og tilrei\u00f0a brau\u00f0in og \u00fea\u00f0 hreina bor\u00f0, svo og rei\u00f0ub\u00faa \u00feeir gullstikuna me\u00f0 s\u00ednum l\u00f6mpum so \u00fea\u00f0 upptendrist hvern aftan. \u00dev\u00ed a\u00f0 v\u00e9r var\u00f0veitum bo\u00f0or\u00f0 Gu\u00f0s vors Drottins hvern \u00fe\u00e9r hafi\u00f0 yfirgefi\u00f0. Sj\u00e1, Gu\u00f0 er me\u00f0 oss fremst \u00ed vorri fylkingu og hans prestar sem bl\u00e1sa \u00ed l\u00fa\u00f0ra og trameta \u00e1 m\u00f3ti y\u00f0ur. \u00de\u00e9r \u00cdsraelssynir, berjist ei \u00e1 m\u00f3ti Drottni y\u00f0ra fe\u00f0ra Gu\u00f0i \u00fev\u00ed \u00fea\u00f0 mun ekki lukkast y\u00f0ur.&#8220;<\/p>\n<p>\tOg Jer\u00f3b\u00f3am haf\u00f0i gj\u00f6rt launs\u00e1tur \u00e1 bak til vi\u00f0 \u00fe\u00e1 so a\u00f0 hann k\u00e6mi \u00e1 baki \u00feeim og v\u00e6ri \u00feeim svo b\u00e6\u00f0i \u00e1 bak og fyrir. En sem J\u00fada sneri s\u00e9r vi\u00f0, sj\u00e1, \u00fe\u00e1 kom her \u00ed m\u00f3ti \u00feeim b\u00e6\u00f0i \u00e1 bak og fyrir. \u00de\u00e1 k\u00f6llu\u00f0u \u00feeir til Drottins og prestarnir bl\u00e9su \u00ed s\u00edna l\u00fa\u00f0ra og hver ma\u00f0ur \u00ed J\u00fada \u00e6pti her\u00f3pi. Og sem \u00feeir \u00e6ptu upp allir \u00fe\u00e1 skelfdi Gu\u00f0 Jer\u00f3b\u00f3am og allan \u00cdsrael fyrir Ab\u00eda og J\u00fada svo a\u00f0 \u00cdsraelssynir fl\u00fd\u00f0u fyrir J\u00fada og Gu\u00f0 gaf \u00fe\u00e1 \u00ed \u00feeirra hendur so a\u00f0 Ab\u00eda og hans f\u00f3lk veitti \u00feeim miki\u00f0 slag og \u00fear f\u00e9llu af \u00cdsrael fimm sinnum hundra\u00f0 \u00fe\u00fasund hraustra str\u00ed\u00f0smanna. <span class=\"athugasemd\" title=\"Fimm hundru\u00f0 \u00fe\u00fasund f\u00e9llu af \u00cdsrael\">[<\/span> Svo var \u00cdsraelsl\u00fd\u00f0ur undirlag\u00f0ur \u00e1 \u00feeim sama t\u00edma. En synir J\u00fada ur\u00f0u hughraustir \u00fev\u00ed \u00feeir treystu upp \u00e1 Drottin \u00feeirra fe\u00f0ra Gu\u00f0. En Ab\u00eda s\u00f3tti eftir Jer\u00f3b\u00f3am og vann hans borgir fr\u00e1 honum: Betel me\u00f0 hennar d\u00e6trum, Jesana me\u00f0 hennar d\u00e6trum og Efron me\u00f0 hennar d\u00e6trum. Og upp fr\u00e1 \u00feessu haf\u00f0i Jer\u00f3b\u00f3am \u00f6ngvan styrk svo lengi sem Ab\u00eda lif\u00f0i en Drottinn pl\u00e1ga\u00f0i hann svo a\u00f0 hann d\u00f3.<\/p>\n<p>\tEn sem Ab\u00eda efldist \u00ed s\u00ednu r\u00edki \u00fe\u00e1 t\u00f3k hann s\u00e9r fj\u00f3rt\u00e1n eiginkvinnur og gat tvo og tuttugu sonu og sext\u00e1n d\u00e6tur. <span class=\"athugasemd\" title=\"3. Reg. 15\">[<\/span> En hva\u00f0 fleira er a\u00f0 segja af Ab\u00eda, af hans vegum og hans gj\u00f6rningum, \u00fea\u00f0 er skrifa\u00f0 \u00ed Historiu Idd\u00f3 sp\u00e1manns. <span class=\"athugasemd\" title=\"Idd\u00f3\">[<\/span> Og Ab\u00eda sofna\u00f0i me\u00f0 s\u00ednum fe\u00f0rum og \u00feeir j\u00f6r\u00f0u\u00f0u hann \u00ed Dav\u00ed\u00f0sborg og Assa hans son var\u00f0 k\u00f3ngur \u00ed hans sta\u00f0 og \u00e1 hans d\u00f6gum var fri\u00f0ur \u00ed landinu um t\u00edu \u00e1r.<\/p>\n","protected":false},"excerpt":{"rendered":"<p>XIII. \u00c1 \u00fev\u00ed \u00e1tj\u00e1nda \u00e1ri Jer\u00f3b\u00f3ams k\u00f3ngs \u00fe\u00e1 var\u00f0 Ab\u00eda k\u00f3ngur yfir J\u00fada og r\u00edkti \u00ferj\u00fa \u00e1r \u00ed Jer\u00fasalem. [ Hans m\u00f3\u00f0ir h\u00e9t M\u00edkaja d\u00f3ttir \u00dar\u00edel af G\u00edbea. Og \u00fear upph\u00f3fst eitt str\u00ed\u00f0 \u00e1 millum Ab\u00eda og Jer\u00f3b\u00f3am. Og Ab\u00eda bj\u00f3 sig til bardaga me\u00f0 fj\u00f6gur hundru\u00f0 \u00fe\u00fasund ungra og hraustra str\u00ed\u00f0smanna. Jer\u00f3b\u00f3am bj\u00f3st og til bardaga me\u00f0 \u00e1tta sinnum hundra\u00f0 \u00fe\u00fasund ungra og r\u00f6skra str\u00ed\u00f0smanna. Og Ab\u00eda bj\u00f3 sig til \u00e1 fjalli Hemara\u00edm sem liggur \u00e1 fjallbygg\u00f0um Efra\u00edm og sag\u00f0i: [ &#8222;Heyr mig, Jer\u00f3b\u00f3am. Viti \u00fe\u00e9r ekki a\u00f0 Drottinn Gu\u00f0 \u00cdsraels hefur gefi\u00f0 Dav\u00ed\u00f0 r\u00edki yfir \u00cdsrael \u00e6vinlega, honum <a href=\"https:\/\/biblian.is\/gudbrandsbiblia\/sidari-kronikubok-13-kafli\/\"> [&#8230;]<\/a><\/p>\n","protected":false},"author":1,"featured_media":0,"parent":0,"menu_order":0,"comment_status":"open","ping_status":"open","template":"bibliukaflar.php","meta":{"footnotes":""},"class_list":["post-3073","page","type-page","status-publish","hentry"],"_links":{"self":[{"href":"https:\/\/biblian.is\/gudbrandsbiblia\/wp-json\/wp\/v2\/pages\/3073","targetHints":{"allow":["GET"]}}],"collection":[{"href":"https:\/\/biblian.is\/gudbrandsbiblia\/wp-json\/wp\/v2\/pages"}],"about":[{"href":"https:\/\/biblian.is\/gudbrandsbiblia\/wp-json\/wp\/v2\/types\/page"}],"author":[{"embeddable":true,"href":"https:\/\/biblian.is\/gudbrandsbiblia\/wp-json\/wp\/v2\/users\/1"}],"replies":[{"embeddable":true,"href":"https:\/\/biblian.is\/gudbrandsbiblia\/wp-json\/wp\/v2\/comments?post=3073"}],"version-history":[{"count":0,"href":"https:\/\/biblian.is\/gudbrandsbiblia\/wp-json\/wp\/v2\/pages\/3073\/revisions"}],"wp:attachment":[{"href":"https:\/\/biblian.is\/gudbrandsbiblia\/wp-json\/wp\/v2\/media?parent=3073"}],"curies":[{"name":"wp","href":"https:\/\/api.w.org\/{rel}","templated":true}]}}