{"id":3072,"date":"2017-12-18T18:32:32","date_gmt":"2017-12-18T18:32:32","guid":{"rendered":"http:\/\/biblian.is\/gudbrandsbiblia\/sidari-kronikubok-12-kafli\/"},"modified":"2017-12-18T18:32:32","modified_gmt":"2017-12-18T18:32:32","slug":"sidari-kronikubok-12-kafli","status":"publish","type":"page","link":"https:\/\/biblian.is\/gudbrandsbiblia\/sidari-kronikubok-12-kafli\/","title":{"rendered":"S\u00ed\u00f0ari kron\u00edkub\u00f3k 12. kafli"},"content":{"rendered":"<p>XII.<\/p>\n<p>En n\u00fa sem r\u00edki R\u00f3b\u00f3am k\u00f3ngs efldist og sta\u00f0festist \u00fe\u00e1 gleymdi hann Drottins l\u00f6gm\u00e1li og allur \u00cdsrael me\u00f0 honum. <span class=\"athugasemd\" title=\"3. Reg. 14 \/ S\u00edsak Egyptak\u00f3ngur\">[<\/span> En \u00e1 \u00fev\u00ed fimmta \u00e1ri R\u00f3b\u00f3am k\u00f3ngs \u00fe\u00e1 f\u00f3r S\u00edsak k\u00f3ngurinn af Egyptalandi upp til Jer\u00fasalem (\u00fev\u00ed a\u00f0 \u00feeir h\u00f6f\u00f0u misgj\u00f6rt vi\u00f0 Drottin) me\u00f0 t\u00f3lf hundru\u00f0 vagna og me\u00f0 sext\u00edgi \u00fe\u00fasund riddara en \u00fea\u00f0 f\u00f3lk sem kom me\u00f0 honum af Egyptalandi, L\u00edb\u00eda, S\u00fak\u00edm og af Bl\u00e1landi var \u00f3teljanlegt fyrir fj\u00f6lda sakir. Og hann yfirvann allar \u00fe\u00e6r sterkustu borgir \u00ed J\u00fada og kom fyrir Jer\u00fasalem.<\/p>\n<p>\t\u00de\u00e1 kom Semaja sp\u00e1ma\u00f0ur til R\u00f3b\u00f3am og til h\u00f6f\u00f0ingjanna \u00ed J\u00fada, hverjir samn h\u00f6f\u00f0u safnast \u00ed Jer\u00fasalem og fl\u00fd\u00f0u fyrir S\u00edsak, og sag\u00f0i til \u00feeirra: <span class=\"athugasemd\" title=\"Semaja sp\u00e1ma\u00f0ur\">[<\/span> &#8222;Svo segir Drottinn: \u00de\u00e9r hafi\u00f0 yfirgefi\u00f0 mig, \u00fear fyrir skal eg og yfirgefa y\u00f0ur \u00ed hendur S\u00edsak.&#8220; \u00de\u00e1 au\u00f0m\u00fdktu \u00cdsraels h\u00f6f\u00f0ingjar sig me\u00f0 k\u00f3nginum og s\u00f6g\u00f0u: &#8222;Drottinn er r\u00e9ttl\u00e1tur.&#8220; Og sem Drottinn s\u00e1 \u00fea\u00f0 a\u00f0 \u00feeir au\u00f0m\u00fdktu sig \u00fe\u00e1 kom or\u00f0 Drottins yfir Semaja og sag\u00f0i: &#8222;\u00deeir hafa n\u00fa au\u00f0m\u00fdkt sig. \u00dev\u00ed vil eg ekki fordjarfa \u00fe\u00e1 heldur vil eg veita \u00feeim nokkra litla hj\u00e1lp so a\u00f0 m\u00edn rei\u00f0i skal ekki drj\u00fapa yfir Jer\u00fasalem fyrir S\u00edsak. \u00de\u00f3 skulu \u00feeir vera honum undirgefnir so a\u00f0 \u00feeir viti hver mismunur \u00fea\u00f0 er a\u00f0 \u00fej\u00f3na m\u00e9r e\u00f0a a\u00f0 \u00fej\u00f3na k\u00f3ngar\u00edkjum jar\u00f0arinnar.&#8220;<\/p>\n<p>\tSvo f\u00f3r n\u00fa S\u00edsak Egyptak\u00f3ngur upp til Jer\u00fasalem og t\u00f3k burt f\u00e9sj\u00f3\u00f0una sem a\u00f0 voru \u00ed h\u00fasi Drottins og \u00fea\u00f0 liggjanda f\u00e9 sem l\u00e1 \u00ed k\u00f3ngsins h\u00fasi og flutti \u00fea\u00f0 allt \u00ed burt me\u00f0 s\u00e9r. <span class=\"athugasemd\" title=\"Musteri\u00f0 r\u00e6nt \u00fe\u00e1 \u00fea\u00f0 haf\u00f0i ekki utan xly \u00e1r sta\u00f0i\u00f0\">[<\/span> Hann t\u00f3k og \u00fe\u00e1 gullskj\u00f6ldu sem Sal\u00f3mon haf\u00f0i l\u00e1ti\u00f0 gj\u00f6ra, \u00ed hverra sta\u00f0 a\u00f0 k\u00f3ng R\u00f3b\u00f3am l\u00e9t gj\u00f6ra koparskj\u00f6ldu og bau\u00f0 um \u00fe\u00e1 h\u00f6f\u00f0ingjum hir\u00f0mannanna hverjir a\u00f0 t\u00f3ku vara upp \u00e1 k\u00f3ngsins h\u00fasdyrum. Og so oft sem k\u00f3ngurinn gekk \u00ed Drottins h\u00fas \u00fe\u00e1 komu hir\u00f0mennirnir og b\u00e1ru skj\u00f6lduna og l\u00e9tu \u00fe\u00e1 s\u00ed\u00f0an aftur \u00ed hir\u00f0manna herbergi. Og af \u00fev\u00ed a\u00f0 hann au\u00f0m\u00fdkti sig \u00fe\u00e1 sneri Gu\u00f0s rei\u00f0i fr\u00e1 honum so a\u00f0 hann var\u00f0 ekki me\u00f0 \u00f6llu afm\u00e1\u00f0ur \u00fev\u00ed a\u00f0 \u00fear fannst enn nokku\u00f0 gott eftir \u00ed J\u00fada.<\/p>\n<p>\tSvo styrktist n\u00fa r\u00edki R\u00f3b\u00f3am \u00ed Jer\u00fasalem og hann r\u00edkti \u00fear. R\u00f3b\u00f3am haf\u00f0i eitt \u00e1r og fj\u00f6rut\u00edgi \u00fe\u00e1 hann var\u00f0 k\u00f3ngur en hann r\u00edkti seytj\u00e1n \u00e1r \u00ed Jer\u00fasalem \u00ed \u00feeim sta\u00f0 sem Drottinn haf\u00f0i \u00fatvali\u00f0 af \u00f6llum Israelis \u00e6ttum a\u00f0 hann vildi \u00fear setja sitt nafn. <span class=\"athugasemd\" title=\"R\u00f3b\u00f3am 17 \u00e1r k\u00f3ngur \u00ed J\u00fada\">[<\/span> Hans m\u00f3\u00f0ir h\u00e9t Naema og var amm\u00f3neskrar \u00e6ttar. Og hann gj\u00f6r\u00f0i illa hluti og skikka\u00f0i ekki s\u00ednu hjarta a\u00f0 leita Drottins.<\/p>\n<p>\tOg R\u00f3b\u00f3ams gj\u00f6rningar, b\u00e6\u00f0i \u00feeir fyrstu og s\u00ed\u00f0ustu, \u00feeir eru skrifa\u00f0ir \u00ed Gj\u00f6rningab\u00f3k Semaja propheta og hj\u00e1 Idd\u00f3 sj\u00e1anda og uppteikna\u00f0ir. Og \u00fear var \u00f3fri\u00f0ur millum R\u00f3b\u00f3am og Jer\u00f3b\u00f3am alla \u00feeirra l\u00edfsdaga. Og R\u00f3b\u00f3am sofna\u00f0i me\u00f0 s\u00ednum fe\u00f0rum og var jar\u00f0a\u00f0ur \u00ed borg Dav\u00ed\u00f0s og hans son Ab\u00eda t\u00f3k r\u00edki eftir hann.<\/p>\n","protected":false},"excerpt":{"rendered":"<p>XII. En n\u00fa sem r\u00edki R\u00f3b\u00f3am k\u00f3ngs efldist og sta\u00f0festist \u00fe\u00e1 gleymdi hann Drottins l\u00f6gm\u00e1li og allur \u00cdsrael me\u00f0 honum. [ En \u00e1 \u00fev\u00ed fimmta \u00e1ri R\u00f3b\u00f3am k\u00f3ngs \u00fe\u00e1 f\u00f3r S\u00edsak k\u00f3ngurinn af Egyptalandi upp til Jer\u00fasalem (\u00fev\u00ed a\u00f0 \u00feeir h\u00f6f\u00f0u misgj\u00f6rt vi\u00f0 Drottin) me\u00f0 t\u00f3lf hundru\u00f0 vagna og me\u00f0 sext\u00edgi \u00fe\u00fasund riddara en \u00fea\u00f0 f\u00f3lk sem kom me\u00f0 honum af Egyptalandi, L\u00edb\u00eda, S\u00fak\u00edm og af Bl\u00e1landi var \u00f3teljanlegt fyrir fj\u00f6lda sakir. Og hann yfirvann allar \u00fe\u00e6r sterkustu borgir \u00ed J\u00fada og kom fyrir Jer\u00fasalem. \u00de\u00e1 kom Semaja sp\u00e1ma\u00f0ur til R\u00f3b\u00f3am og til h\u00f6f\u00f0ingjanna \u00ed J\u00fada, hverjir samn h\u00f6f\u00f0u safnast <a href=\"https:\/\/biblian.is\/gudbrandsbiblia\/sidari-kronikubok-12-kafli\/\"> [&#8230;]<\/a><\/p>\n","protected":false},"author":1,"featured_media":0,"parent":0,"menu_order":0,"comment_status":"open","ping_status":"open","template":"bibliukaflar.php","meta":{"footnotes":""},"class_list":["post-3072","page","type-page","status-publish","hentry"],"_links":{"self":[{"href":"https:\/\/biblian.is\/gudbrandsbiblia\/wp-json\/wp\/v2\/pages\/3072","targetHints":{"allow":["GET"]}}],"collection":[{"href":"https:\/\/biblian.is\/gudbrandsbiblia\/wp-json\/wp\/v2\/pages"}],"about":[{"href":"https:\/\/biblian.is\/gudbrandsbiblia\/wp-json\/wp\/v2\/types\/page"}],"author":[{"embeddable":true,"href":"https:\/\/biblian.is\/gudbrandsbiblia\/wp-json\/wp\/v2\/users\/1"}],"replies":[{"embeddable":true,"href":"https:\/\/biblian.is\/gudbrandsbiblia\/wp-json\/wp\/v2\/comments?post=3072"}],"version-history":[{"count":0,"href":"https:\/\/biblian.is\/gudbrandsbiblia\/wp-json\/wp\/v2\/pages\/3072\/revisions"}],"wp:attachment":[{"href":"https:\/\/biblian.is\/gudbrandsbiblia\/wp-json\/wp\/v2\/media?parent=3072"}],"curies":[{"name":"wp","href":"https:\/\/api.w.org\/{rel}","templated":true}]}}