{"id":3071,"date":"2017-12-18T18:32:32","date_gmt":"2017-12-18T18:32:32","guid":{"rendered":"http:\/\/biblian.is\/gudbrandsbiblia\/sidari-kronikubok-11-kafli\/"},"modified":"2017-12-18T18:32:32","modified_gmt":"2017-12-18T18:32:32","slug":"sidari-kronikubok-11-kafli","status":"publish","type":"page","link":"https:\/\/biblian.is\/gudbrandsbiblia\/sidari-kronikubok-11-kafli\/","title":{"rendered":"S\u00ed\u00f0ari kron\u00edkub\u00f3k 11. kafli"},"content":{"rendered":"<p>XI.<\/p>\n<p>En \u00fe\u00e1 R\u00f3b\u00f3am kom til Jer\u00fasalem \u00fe\u00e1 safna\u00f0i hann a\u00f0 s\u00e9r \u00f6llu h\u00fasi J\u00fada og Benjam\u00edn, hundra\u00f0 og \u00e1ttat\u00edgi \u00fe\u00fasundum ungra og hraustra str\u00ed\u00f0smanna, a\u00f0 berjast vi\u00f0 \u00cdsrael og a\u00f0 vinna r\u00edki\u00f0 aftur undir R\u00f3b\u00f3am. <span class=\"athugasemd\" title=\"R\u00f3b\u00f3am \/ 3. Reg. 12\">[<\/span> En Drottins or\u00f0 kom til Semaja gu\u00f0smanns og sag\u00f0i: <span class=\"athugasemd\" title=\"Semaja\">[<\/span> &#8222;Seg \u00fe\u00fa til R\u00f3b\u00f3am sonar Sal\u00f3mon k\u00f3ngsins \u00ed J\u00fada og til alls \u00cdsraels sem er \u00ed J\u00fada og Benjam\u00edn: Svo segir Drottinn: Eigi skulu \u00fe\u00e9r fer\u00f0ast upp \u00feanga\u00f0 og ei heldur berjast \u00ed m\u00f3ti y\u00f0rum br\u00e6\u00f0rum. Fari hver til sinna heimkynna \u00fev\u00ed a\u00f0 \u00feetta er ske\u00f0 af m\u00e9r.&#8220; \u00deeir hl\u00fdddu or\u00f0i Drottins og l\u00e9tu af \u00feeirri herf\u00f6r \u00ed m\u00f3ti Jer\u00f3b\u00f3am.<\/p>\n<p>\tOg R\u00f3b\u00f3am bj\u00f3 \u00ed Jer\u00fasalem en bygg\u00f0i fasta sta\u00f0i \u00ed J\u00fada, sem var Betlehem, Etam, Tek\u00f3a, Bet S\u00far, S\u00f3k\u00f3, Ad\u00fallam, Gat, Maressa, S\u00edf, Ad\u00f3ra\u00edm, Lak\u00eds, Aseka, Sarega, Ajalon og Hebron. <span class=\"athugasemd\" title=\"Sterkir sta\u00f0ir \u00ed J\u00fada\">[<\/span> \u00deessar voru inu sterkustu borgir \u00ed J\u00fada og Benjam\u00edn. Og hann gj\u00f6r\u00f0i \u00fe\u00e6r sterkar og setti h\u00f6f\u00f0ingja fyrir \u00fe\u00e6r og lag\u00f0i \u00fear inn vistir, vi\u00f0smj\u00f6r og v\u00edn. Og hann lag\u00f0i vopn, skj\u00f6ldu og spj\u00f3t \u00ed allar borgir og gj\u00f6r\u00f0i \u00fe\u00e6r rammbygg\u00f0ar. Og hann r\u00edkti yfir J\u00fada og Benjam\u00edn.<\/p>\n<p>\tEn prestarnir og Lev\u00edtarnir komu til hans af \u00f6llum \u00cdsrael og af \u00f6llum s\u00ednum lands\u00e1lfum \u00fev\u00ed a\u00f0 \u00feeir ofurg\u00e1fu s\u00edna forsta\u00f0i og s\u00ednar eignir og komu \u00ed J\u00fada til Jer\u00fasalem. <span class=\"athugasemd\" title=\"Jer\u00f3b\u00f3am \/ 3. Reg. 12\">[<\/span> \u00dev\u00ed a\u00f0 Jer\u00f3b\u00f3am og hans synir \u00fatr\u00fdmdu \u00fe\u00e1 so a\u00f0 \u00feeir m\u00e1ttu ekki fremja \u00feeirra prestlegt emb\u00e6tti fyrir Drottni. En hann t\u00f3k s\u00e9r presta til \u00feeirra h\u00e6\u00f0a og til \u00feeirra dj\u00f6fla og k\u00e1lfa sem hann l\u00e9t gj\u00f6ra. Og margir komu eftir \u00feeim af \u00f6llum Israelis \u00e6ttum hverjir s\u00edn hj\u00f6rtu g\u00e1fu til \u00feess a\u00f0 leita Drottins \u00cdsraels Gu\u00f0s \u00ed Jer\u00fasalem og a\u00f0 f\u00e6ra s\u00ednar f\u00f3rnir Drottni \u00feeirra fe\u00f0ra Gu\u00f0i. Og \u00feeir efldu r\u00edki J\u00fada og styrktu R\u00f3b\u00f3am son Sal\u00f3mon \u00ed \u00ferj\u00fa \u00e1r \u00fev\u00ed a\u00f0 \u00feeir gengu \u00e1 vegi Dav\u00ed\u00f0s og Sal\u00f3mons \u00ed \u00ferj\u00fa \u00e1r.<\/p>\n<p>\tOg R\u00f3b\u00f3am t\u00f3k s\u00e9r til eiginkvinnu Mahelat d\u00f3ttir Jer\u00edm\u00f3t sonar Dav\u00ed\u00f0s og Ab\u00edha\u00edl d\u00f3ttir El\u00edab sonar \u00cdsa\u00ed. <span class=\"athugasemd\" title=\"R\u00f3b\u00f3ams kvinnur og b\u00f6rn\">[<\/span> H\u00fan f\u00e6ddi honum \u00feessa sonu: Jeh\u00fas, Samarja og Saham. Eftir \u00fea\u00f0 t\u00f3k hann Maeka d\u00f3ttir Absalom. H\u00fan f\u00e6ddi honum Ab\u00eda, Ata\u00ed, S\u00edsa og Sel\u00f3m\u00edt. En R\u00f3b\u00f3am haf\u00f0i Maeka d\u00f3ttir Absalom \u00e1stk\u00e6rari heldur en allar a\u00f0rar s\u00ednar eiginkvonur og frillur. \u00dev\u00ed hann haf\u00f0i \u00e1tj\u00e1n eiginkvinnur og sext\u00edgi frillur og hann gat \u00e1tj\u00e1n og tuttugu sonu og sext\u00edgi d\u00e6tur. Og R\u00f3b\u00f3am setti Ab\u00eda son Maeka til eins h\u00f6fu\u00f0s og h\u00f6f\u00f0ingja \u00e1 me\u00f0al sinna br\u00e6\u00f0ra \u00fev\u00ed hann \u00e6tla\u00f0i s\u00e9r a\u00f0 setja hann til k\u00f3ngs. <span class=\"athugasemd\" title=\"Ab\u00eda\">[<\/span> Og hann efldist og var\u00f0 megtugri en hans allir synir \u00ed landi J\u00fada og Benjam\u00edn og \u00ed \u00f6llum f\u00f6stum st\u00f6\u00f0um. Og hann gaf \u00feeim ofurmiklar vistir og t\u00f3k fj\u00f6lda eiginkvenna.<\/p>\n","protected":false},"excerpt":{"rendered":"<p>XI. En \u00fe\u00e1 R\u00f3b\u00f3am kom til Jer\u00fasalem \u00fe\u00e1 safna\u00f0i hann a\u00f0 s\u00e9r \u00f6llu h\u00fasi J\u00fada og Benjam\u00edn, hundra\u00f0 og \u00e1ttat\u00edgi \u00fe\u00fasundum ungra og hraustra str\u00ed\u00f0smanna, a\u00f0 berjast vi\u00f0 \u00cdsrael og a\u00f0 vinna r\u00edki\u00f0 aftur undir R\u00f3b\u00f3am. [ En Drottins or\u00f0 kom til Semaja gu\u00f0smanns og sag\u00f0i: [ &#8222;Seg \u00fe\u00fa til R\u00f3b\u00f3am sonar Sal\u00f3mon k\u00f3ngsins \u00ed J\u00fada og til alls \u00cdsraels sem er \u00ed J\u00fada og Benjam\u00edn: Svo segir Drottinn: Eigi skulu \u00fe\u00e9r fer\u00f0ast upp \u00feanga\u00f0 og ei heldur berjast \u00ed m\u00f3ti y\u00f0rum br\u00e6\u00f0rum. Fari hver til sinna heimkynna \u00fev\u00ed a\u00f0 \u00feetta er ske\u00f0 af m\u00e9r.&#8220; \u00deeir hl\u00fdddu or\u00f0i Drottins og <a href=\"https:\/\/biblian.is\/gudbrandsbiblia\/sidari-kronikubok-11-kafli\/\"> [&#8230;]<\/a><\/p>\n","protected":false},"author":1,"featured_media":0,"parent":0,"menu_order":0,"comment_status":"open","ping_status":"open","template":"bibliukaflar.php","meta":{"footnotes":""},"class_list":["post-3071","page","type-page","status-publish","hentry"],"_links":{"self":[{"href":"https:\/\/biblian.is\/gudbrandsbiblia\/wp-json\/wp\/v2\/pages\/3071","targetHints":{"allow":["GET"]}}],"collection":[{"href":"https:\/\/biblian.is\/gudbrandsbiblia\/wp-json\/wp\/v2\/pages"}],"about":[{"href":"https:\/\/biblian.is\/gudbrandsbiblia\/wp-json\/wp\/v2\/types\/page"}],"author":[{"embeddable":true,"href":"https:\/\/biblian.is\/gudbrandsbiblia\/wp-json\/wp\/v2\/users\/1"}],"replies":[{"embeddable":true,"href":"https:\/\/biblian.is\/gudbrandsbiblia\/wp-json\/wp\/v2\/comments?post=3071"}],"version-history":[{"count":0,"href":"https:\/\/biblian.is\/gudbrandsbiblia\/wp-json\/wp\/v2\/pages\/3071\/revisions"}],"wp:attachment":[{"href":"https:\/\/biblian.is\/gudbrandsbiblia\/wp-json\/wp\/v2\/media?parent=3071"}],"curies":[{"name":"wp","href":"https:\/\/api.w.org\/{rel}","templated":true}]}}