{"id":3065,"date":"2017-12-18T18:32:32","date_gmt":"2017-12-18T18:32:32","guid":{"rendered":"http:\/\/biblian.is\/gudbrandsbiblia\/sidari-kronikubok-5-kafli\/"},"modified":"2017-12-18T18:32:32","modified_gmt":"2017-12-18T18:32:32","slug":"sidari-kronikubok-5-kafli","status":"publish","type":"page","link":"https:\/\/biblian.is\/gudbrandsbiblia\/sidari-kronikubok-5-kafli\/","title":{"rendered":"S\u00ed\u00f0ari kron\u00edkub\u00f3k 5. kafli"},"content":{"rendered":"<p>V.<\/p>\n<p>Og Sal\u00f3mon k\u00f3ngur bar inn \u00feanga\u00f0 allt \u00fea\u00f0 sem hans fa\u00f0ir Dav\u00ed\u00f0 haf\u00f0i helga\u00f0, sem a\u00f0 var silfur og gull og allra handa ker, og lag\u00f0i \u00fea\u00f0 \u00ed f\u00e9hirslur Gu\u00f0s h\u00fass.<\/p>\n<p>\t\u00de\u00e1 samankalla\u00f0i Sal\u00f3mon alla inu elstu \u00ed \u00cdsrael, allra kynkv\u00edsla h\u00f6f\u00f0ingja og fe\u00f0ur \u00e1 me\u00f0al \u00cdsraelssona til Jer\u00fasalem a\u00f0 \u00feeir skyldu f\u00e6ra upp Drottins s\u00e1ttm\u00e1ls\u00f6rk af Dav\u00ed\u00f0ssta\u00f0 sem a\u00f0 var S\u00edon. <span class=\"athugasemd\" title=\"S\u00e1ttm\u00e1lsaurkin flutt \u00ed musteri\u00f0 \/ 3. Reg. 8\">[<\/span> Og allir \u00cdsraelsmenn s\u00f6fnu\u00f0ust saman til k\u00f3ngsins \u00e1 h\u00e1t\u00ed\u00f0inni, \u00fea\u00f0 var \u00ed \u00feeim sj\u00f6unda m\u00e1na\u00f0i. Og allir inu elstu \u00ed \u00cdsrael komu og Lev\u00edtarnir t\u00f3ku upp \u00f6rkina og b\u00e1ru hana me\u00f0 vitnisbur\u00f0arins tjaldb\u00fa\u00f0 og \u00feann allan heilagan umb\u00fana\u00f0 sem var \u00ed tjaldb\u00fa\u00f0inni b\u00e1ru prestarnir og Lev\u00edtarnir upp me\u00f0. En Sal\u00f3mon k\u00f3ngur og allur Israeliss\u00f6fnu\u00f0ur sem til hans var kominn offra\u00f0i sau\u00f0um og uxum fyrir \u00f6rkinni, svo m\u00f6rgum a\u00f0 enginn kunni a\u00f0 telja e\u00f0a reikna \u00fea\u00f0.<\/p>\n<p>\tSvo var n\u00fa Drottins s\u00e1ttm\u00e1ls\u00f6rk borin af prestunum \u00ed sinn sta\u00f0 inn \u00ed k\u00f3rinn h\u00fassins, \u00ed \u00fea\u00f0 allrahelgasta, undir v\u00e6ngi ker\u00fab\u00edm svo a\u00f0 ker\u00fab\u00edm \u00fatbreiddu s\u00edna v\u00e6ngi yfir \u00feann sta\u00f0 sem \u00f6rkin var og ker\u00fab\u00edm huldu \u00f6rkina og hennar stengur ofanvert. <span class=\"athugasemd\" title=\"Hvar Gu\u00f0s \u00f6rk var sett\">[<\/span> En stengurnar voru svo langar a\u00f0 sj\u00e1 m\u00e1tti \u00e1 knappana \u00e1 \u00feeim fyrir framan k\u00f3rinn en utan til s\u00e1ust \u00feeir ekki. Og h\u00fan var \u00fear allt til \u00feessa dags. Og ekki neitt var \u00ed \u00f6rkinni utan \u00feau tv\u00f6 steinspj\u00f6ld sem M\u00f3ses l\u00e9t \u00ed hana \u00ed H\u00f3reb \u00fe\u00e1 a\u00f0 Drottinn gj\u00f6r\u00f0i einn s\u00e1ttm\u00e1la vi\u00f0 \u00cdsraelssonu \u00fe\u00e1 \u00feeir f\u00f3ru af Egyptalandi. <\/p>\n<p>\tEn sem prestarnir gengu n\u00fa \u00fat af helgid\u00f3minum (\u00fev\u00ed allir prestar sem til samans voru helgu\u00f0u sig og \u00feeirra skikkan var \u00fe\u00e1 enn ekki haldin) og Lev\u00edtarnir me\u00f0 \u00f6llum \u00feeim sem voru undir Assaf, Heman, Jed\u00edt\u00fan, \u00feeirra synir og br\u00e6\u00f0ur, skr\u00fdddir \u00ed l\u00ednkl\u00e6\u00f0i, sungu me\u00f0 cimbalis, psalterio og h\u00f6rpum standandi fyrir austan altari\u00f0 og hundra\u00f0 og tuttugu prestar hj\u00e1 \u00feeim sem a\u00f0 bl\u00e9su \u00ed s\u00ednar trametur. Og er \u00feeir sungu til samans, b\u00e6\u00f0i me\u00f0 hlj\u00f3\u00f0unum og so trametunum undir eins, \u00fe\u00e1 var a\u00f0 heyra svo sem ein hlj\u00f3\u00f0 v\u00e6ri allra \u00feeirra, lofandi og vegsamandi Drottin. Og sem \u00feeir h\u00f3fu upp hlj\u00f3\u00f0in me\u00f0 b\u00e1s\u00fanunni, cimbalis og \u00f6\u00f0rum strengjaleik og lofu\u00f0u Drottin, \u00fea\u00f0 hann er g\u00f3\u00f0ur og hans miskunnsemi varir \u00e6vinlega, \u00fe\u00e1 var\u00f0 Drottins h\u00fas fullt af \u00feoku svo a\u00f0 prestarnir g\u00e1tu ekki sta\u00f0i\u00f0 og \u00fej\u00f3na\u00f0 fyrir \u00feokunni. \u00dev\u00ed a\u00f0 d\u00fdr\u00f0 Drottins uppfyllti Gu\u00f0s h\u00fas.<\/p>\n","protected":false},"excerpt":{"rendered":"<p>V. Og Sal\u00f3mon k\u00f3ngur bar inn \u00feanga\u00f0 allt \u00fea\u00f0 sem hans fa\u00f0ir Dav\u00ed\u00f0 haf\u00f0i helga\u00f0, sem a\u00f0 var silfur og gull og allra handa ker, og lag\u00f0i \u00fea\u00f0 \u00ed f\u00e9hirslur Gu\u00f0s h\u00fass. \u00de\u00e1 samankalla\u00f0i Sal\u00f3mon alla inu elstu \u00ed \u00cdsrael, allra kynkv\u00edsla h\u00f6f\u00f0ingja og fe\u00f0ur \u00e1 me\u00f0al \u00cdsraelssona til Jer\u00fasalem a\u00f0 \u00feeir skyldu f\u00e6ra upp Drottins s\u00e1ttm\u00e1ls\u00f6rk af Dav\u00ed\u00f0ssta\u00f0 sem a\u00f0 var S\u00edon. [ Og allir \u00cdsraelsmenn s\u00f6fnu\u00f0ust saman til k\u00f3ngsins \u00e1 h\u00e1t\u00ed\u00f0inni, \u00fea\u00f0 var \u00ed \u00feeim sj\u00f6unda m\u00e1na\u00f0i. Og allir inu elstu \u00ed \u00cdsrael komu og Lev\u00edtarnir t\u00f3ku upp \u00f6rkina og b\u00e1ru hana me\u00f0 vitnisbur\u00f0arins tjaldb\u00fa\u00f0 og \u00feann allan <a href=\"https:\/\/biblian.is\/gudbrandsbiblia\/sidari-kronikubok-5-kafli\/\"> [&#8230;]<\/a><\/p>\n","protected":false},"author":1,"featured_media":0,"parent":0,"menu_order":0,"comment_status":"open","ping_status":"open","template":"bibliukaflar.php","meta":{"footnotes":""},"class_list":["post-3065","page","type-page","status-publish","hentry"],"_links":{"self":[{"href":"https:\/\/biblian.is\/gudbrandsbiblia\/wp-json\/wp\/v2\/pages\/3065","targetHints":{"allow":["GET"]}}],"collection":[{"href":"https:\/\/biblian.is\/gudbrandsbiblia\/wp-json\/wp\/v2\/pages"}],"about":[{"href":"https:\/\/biblian.is\/gudbrandsbiblia\/wp-json\/wp\/v2\/types\/page"}],"author":[{"embeddable":true,"href":"https:\/\/biblian.is\/gudbrandsbiblia\/wp-json\/wp\/v2\/users\/1"}],"replies":[{"embeddable":true,"href":"https:\/\/biblian.is\/gudbrandsbiblia\/wp-json\/wp\/v2\/comments?post=3065"}],"version-history":[{"count":0,"href":"https:\/\/biblian.is\/gudbrandsbiblia\/wp-json\/wp\/v2\/pages\/3065\/revisions"}],"wp:attachment":[{"href":"https:\/\/biblian.is\/gudbrandsbiblia\/wp-json\/wp\/v2\/media?parent=3065"}],"curies":[{"name":"wp","href":"https:\/\/api.w.org\/{rel}","templated":true}]}}