{"id":3064,"date":"2017-12-18T18:32:32","date_gmt":"2017-12-18T18:32:32","guid":{"rendered":"http:\/\/biblian.is\/gudbrandsbiblia\/sidari-kronikubok-4-kafli\/"},"modified":"2017-12-18T18:32:32","modified_gmt":"2017-12-18T18:32:32","slug":"sidari-kronikubok-4-kafli","status":"publish","type":"page","link":"https:\/\/biblian.is\/gudbrandsbiblia\/sidari-kronikubok-4-kafli\/","title":{"rendered":"S\u00ed\u00f0ari kron\u00edkub\u00f3k 4. kafli"},"content":{"rendered":"<p>IIII.<\/p>\n<p>Hann gj\u00f6r\u00f0i og eitt koparaltari, tuttugu \u00e1lna langt og breitt og t\u00edu \u00e1lna h\u00e1tt. <span class=\"athugasemd\" title=\"Koparaltari \/ 3. Reg. 7\">[<\/span> Hann gj\u00f6r\u00f0i og \u00fea\u00f0 steypta haf, t\u00edu \u00e1lna v\u00edtt fr\u00e1 einum barmi og til \u00feess annars, kringl\u00f3tt og fimm \u00e1lna h\u00e1tt og ein sn\u00fara \u00ferj\u00e1t\u00edgi \u00e1lna l\u00f6ng l\u00e1 um kring \u00fea\u00f0. <span class=\"athugasemd\" title=\"\u00dea\u00f0 steypta haf\">[<\/span> \u00dear voru uxamyndir undir \u00fev\u00ed um kring og \u00fear voru tv\u00e6r ra\u00f0ir me\u00f0 knappa \u00ed kringum hafi\u00f0 (\u00fea\u00f0 sem t\u00edu \u00e1lna v\u00edtt var) og voru steyptir me\u00f0 \u00fev\u00ed. Og \u00fea\u00f0 st\u00f3\u00f0 svo yfir t\u00f3lf uxum so a\u00f0 \u00fer\u00edr horf\u00f0u \u00ed nor\u00f0ur og \u00fer\u00edr \u00ed vestur, \u00fer\u00edr \u00ed su\u00f0ur og \u00fer\u00edr \u00ed austur. Og hafi\u00f0 st\u00f3\u00f0 ofan \u00e1 \u00feeim og allur aftari hlutur uxanna snerist inn undir (hafi\u00f0). \u00deess \u00feykkt var \u00feverar handar og barmarnir voru svo sem \u00e1 \u00f6\u00f0rum bikar og \u00fatbreidd rosa og \u00ed \u00fea\u00f0 gekk \u00ferj\u00fa \u00fe\u00fasund batha.  <\/p>\n<p>\tOg hann gj\u00f6r\u00f0i t\u00edu kvernur og setti fimm af \u00feeim h\u00e6gramegin, a\u00f0rar fimm vinstramegin, a\u00f0 \u00ed \u00feeim skyldi \u00fevo allt \u00fea\u00f0 sem brennif\u00f3rnunum tilheyr\u00f0i. <span class=\"athugasemd\" title=\"sword Katla \/ t\u00edu katlar\">[<\/span> En \u00ed hafinu \u00fevo\u00f0u prestarnir sig. <\/p>\n<p>\tHann gj\u00f6r\u00f0i og t\u00edu lj\u00f3sastikur af gulli svo sem \u00fe\u00e6r skyldu vera og setti \u00fe\u00e6r \u00ed musteri\u00f0, fimm til h\u00e6gri handar og fimm til vinstri handar. <span class=\"athugasemd\" title=\"T\u00edu lj\u00f3sastikur af gulli\">[<\/span> Hann gj\u00f6r\u00f0i og t\u00edu bor\u00f0 og setti \u00feau \u00ed musteri\u00f0, fimm \u00e1 h\u00e6gri s\u00ed\u00f0u og fimm \u00e1 vinstri s\u00ed\u00f0u, og hann gj\u00f6r\u00f0i hundra\u00f0 sk\u00e1lir af kl\u00e1ra gulli.<\/p>\n<p>\tHann gj\u00f6r\u00f0i og einn gar\u00f0 fyrir prestana og eitt miki\u00f0 gangr\u00fam og dyr \u00e1 gangr\u00faminu og sl\u00f3 dyrnar me\u00f0 kopar. <span class=\"athugasemd\" title=\"Kirkjugar\u00f0ur\">[<\/span> Og hann setti hafi\u00f0 h\u00e6gramegin m\u00f3t austri sunnan til. Og H\u00edram gj\u00f6r\u00f0i p\u00f6nnur, sleifar og sk\u00e1lir. Svo fullkomna\u00f0i H\u00edram arfi\u00f0i\u00f0 sem hann sm\u00ed\u00f0a\u00f0i Sal\u00f3mon k\u00f3ngi til Gu\u00f0s h\u00fass, sem var \u00feeir tveir st\u00f3lparnir me\u00f0 s\u00ednum listum og hn\u00f6ppum ofan \u00e1 b\u00e1\u00f0um st\u00f3lpunum og \u00feeir b\u00e1\u00f0ir sn\u00fanu laufvi\u00f0arstreingir til a\u00f0 hylja hnappana ofan \u00e1 st\u00f3lpunum og \u00feau fj\u00f6gur hundru\u00f0 granataepli \u00e1 \u00feeim b\u00e1\u00f0um sn\u00fanum laufstrengjum, tv\u00e6r ra\u00f0ir granataepli \u00e1 hvorum streng, og huldu b\u00e1\u00f0ar listurnar \u00e1 hn\u00f6ppunum sem voru \u00e1 st\u00f3lpunum. Og hann gj\u00f6r\u00f0i st\u00f3lana og katlana \u00e1 st\u00f3lunum og eitt haf og t\u00f3lf uxa \u00fear undir, \u00fear til me\u00f0 potta, sleifar, kr\u00f3ka. Og \u00f6ll \u00feeirra ker gj\u00f6r\u00f0i H\u00edram Ab\u00edf Sal\u00f3mon k\u00f3ngi til Gu\u00f0s h\u00fass af kl\u00e1rum kopar. \u00cd h\u00e9ra\u00f0i hj\u00e1 J\u00f3rdan l\u00e9t k\u00f3ngurinn steypa \u00feetta \u00ed leirj\u00f6r\u00f0u \u00ed millum S\u00fak\u00f3t og Saredata. Og Sal\u00f3mon gj\u00f6r\u00f0i ofurm\u00f6rg \u00feessi ker svo a\u00f0 enginn mann kuni a\u00f0 vita vigtina \u00e1 koparnum.<\/p>\n<p>\tOg Sal\u00f3mon gj\u00f6r\u00f0i \u00f6ll kerin til Gu\u00f0s h\u00fass, sem var \u00fea\u00f0 gullaltari, bor\u00f0i\u00f0 og sko\u00f0unarbrau\u00f0in \u00fear upp \u00e1, lj\u00f3stastikunar me\u00f0 \u00feeirra l\u00f6mpum, af kl\u00e1ru gulli, a\u00f0 \u00fe\u00e6r skyldu l\u00fdsa fyrir k\u00f3rnum svo sem tilheyr\u00f0i og bl\u00f3mstrin \u00e1 l\u00f6mpunum og lj\u00f3sas\u00f6xin, \u00fea\u00f0 var allt af besta gulli. <span class=\"athugasemd\" title=\"3. Reg. 7\">[<\/span> Svo og \u00fear me\u00f0 kn\u00edfarnir, munnlaugar, skei\u00f0irnar og sk\u00e1lirnar var af kl\u00e1ru gulli. Og dyrnar til \u00feess allrahelgasta og dyrnar \u00e1 musterisins h\u00fasi voru gulllegar. Svo var allt arfi\u00f0i\u00f0 fullkomna\u00f0 sem a\u00f0 Sal\u00f3mon gj\u00f6r\u00f0i \u00e1 h\u00fasi Drottins.<\/p>\n","protected":false},"excerpt":{"rendered":"<p>IIII. Hann gj\u00f6r\u00f0i og eitt koparaltari, tuttugu \u00e1lna langt og breitt og t\u00edu \u00e1lna h\u00e1tt. [ Hann gj\u00f6r\u00f0i og \u00fea\u00f0 steypta haf, t\u00edu \u00e1lna v\u00edtt fr\u00e1 einum barmi og til \u00feess annars, kringl\u00f3tt og fimm \u00e1lna h\u00e1tt og ein sn\u00fara \u00ferj\u00e1t\u00edgi \u00e1lna l\u00f6ng l\u00e1 um kring \u00fea\u00f0. [ \u00dear voru uxamyndir undir \u00fev\u00ed um kring og \u00fear voru tv\u00e6r ra\u00f0ir me\u00f0 knappa \u00ed kringum hafi\u00f0 (\u00fea\u00f0 sem t\u00edu \u00e1lna v\u00edtt var) og voru steyptir me\u00f0 \u00fev\u00ed. Og \u00fea\u00f0 st\u00f3\u00f0 svo yfir t\u00f3lf uxum so a\u00f0 \u00fer\u00edr horf\u00f0u \u00ed nor\u00f0ur og \u00fer\u00edr \u00ed vestur, \u00fer\u00edr \u00ed su\u00f0ur og \u00fer\u00edr \u00ed austur. <a href=\"https:\/\/biblian.is\/gudbrandsbiblia\/sidari-kronikubok-4-kafli\/\"> [&#8230;]<\/a><\/p>\n","protected":false},"author":1,"featured_media":0,"parent":0,"menu_order":0,"comment_status":"open","ping_status":"open","template":"bibliukaflar.php","meta":{"footnotes":""},"class_list":["post-3064","page","type-page","status-publish","hentry"],"_links":{"self":[{"href":"https:\/\/biblian.is\/gudbrandsbiblia\/wp-json\/wp\/v2\/pages\/3064","targetHints":{"allow":["GET"]}}],"collection":[{"href":"https:\/\/biblian.is\/gudbrandsbiblia\/wp-json\/wp\/v2\/pages"}],"about":[{"href":"https:\/\/biblian.is\/gudbrandsbiblia\/wp-json\/wp\/v2\/types\/page"}],"author":[{"embeddable":true,"href":"https:\/\/biblian.is\/gudbrandsbiblia\/wp-json\/wp\/v2\/users\/1"}],"replies":[{"embeddable":true,"href":"https:\/\/biblian.is\/gudbrandsbiblia\/wp-json\/wp\/v2\/comments?post=3064"}],"version-history":[{"count":0,"href":"https:\/\/biblian.is\/gudbrandsbiblia\/wp-json\/wp\/v2\/pages\/3064\/revisions"}],"wp:attachment":[{"href":"https:\/\/biblian.is\/gudbrandsbiblia\/wp-json\/wp\/v2\/media?parent=3064"}],"curies":[{"name":"wp","href":"https:\/\/api.w.org\/{rel}","templated":true}]}}