{"id":3061,"date":"2017-12-18T18:32:32","date_gmt":"2017-12-18T18:32:32","guid":{"rendered":"http:\/\/biblian.is\/gudbrandsbiblia\/sidari-kronikubok-1-kafli\/"},"modified":"2017-12-18T18:32:32","modified_gmt":"2017-12-18T18:32:32","slug":"sidari-kronikubok-1-kafli","status":"publish","type":"page","link":"https:\/\/biblian.is\/gudbrandsbiblia\/sidari-kronikubok-1-kafli\/","title":{"rendered":"S\u00ed\u00f0ari kron\u00edkub\u00f3k 1. kafli"},"content":{"rendered":"<p>II. Paralipomenon<\/p>\n<p>S\u00fa aunnur Kron\u00edkub\u00f3kin<\/p>\n<p>I.<\/p>\n<p>Og Sal\u00f3mon son Dav\u00ed\u00f0s styrktist \u00ed s\u00ednu r\u00edki og Drottinn hans Gu\u00f0 var me\u00f0 honum og mikla\u00f0i hann meir og meir. <span class=\"athugasemd\" title=\"3. Reg. 9\">[<\/span> \u00de\u00e1 tala\u00f0i Sal\u00f3mon vi\u00f0 allan \u00cdsrael og vi\u00f0 h\u00f6fu\u00f0smennina yfir \u00fe\u00fasund og hundra\u00f0, vi\u00f0 d\u00f3mendur og alla h\u00f6f\u00f0ingja \u00ed \u00cdsrael og \u00fe\u00e1 \u00e6\u00f0stu fe\u00f0ur a\u00f0 \u00feeir f\u00e6ri af sta\u00f0, Sal\u00f3mon og allur manns\u00f6fnu\u00f0urinn me\u00f0 honum, til \u00feeirra h\u00e6\u00f0ar sem var \u00ed G\u00edbeon. \u00dev\u00ed \u00fear var Gu\u00f0s vitnisbur\u00f0artjaldb\u00fa\u00f0 hverja M\u00f3ses Gu\u00f0s \u00fe\u00e9nari haf\u00f0i gj\u00f6rt \u00ed ey\u00f0im\u00f6rku. <span class=\"athugasemd\" title=\"Vitnisbur\u00f0artjaldb\u00fa\u00f0in \u00ed G\u00edbeon \/ Exo. 38\">[<\/span> \u00dev\u00ed Dav\u00ed\u00f0 haf\u00f0i flutt Gu\u00f0s \u00f6rk upp fr\u00e1 Kirjat Jear\u00edm \u00feanga\u00f0 sem hann haf\u00f0i b\u00fai\u00f0 um hana \u00fev\u00ed hann haf\u00f0i uppreist eina tjaldb\u00fa\u00f0 til hennar \u00ed Jer\u00fasalem. En \u00fea\u00f0 koparaltari sem Besaleel son \u00dar\u00ed, sonar H\u00far, gj\u00f6rt haf\u00f0i, \u00fea\u00f0 var \u00fear fyrir tjaldb\u00fa\u00f0 Drottins. Og Sal\u00f3mon og allur s\u00f6fnu\u00f0urinn plaga\u00f0i a\u00f0 s\u00e6kja \u00feanga\u00f0. Og Sal\u00f3mon offra\u00f0i yfir \u00fea\u00f0 koparaltari fyri Drottni sem st\u00f3\u00f0 fyrir s\u00e1ttm\u00e1lstjaldb\u00fa\u00f0inni \u00fe\u00fasund brennif\u00f3rnum.<\/p>\n<p>\t\u00c1 \u00feeirri s\u00f6mu n\u00f3tt birtist Gu\u00f0 Sal\u00f3moni og sag\u00f0i til hans: <span class=\"athugasemd\" title=\"Sal\u00f3mon bi\u00f0ur Gu\u00f0 um v\u00edsd\u00f3m\">[<\/span> &#8222;Bi\u00f0 \u00fe\u00fa mig \u00feess sem \u00fe\u00fa vilt a\u00f0 eg gefi \u00fe\u00e9r.&#8220; Sal\u00f3mon svara\u00f0i Gu\u00f0i: &#8222;\u00de\u00fa hefur veitt mikla miskunnsemi m\u00ednum f\u00f6\u00f0ur Dav\u00ed\u00f0 og \u00fe\u00fa hefur sett mig til k\u00f3ngs \u00ed hans sta\u00f0. Svo l\u00e1t n\u00fa, Drottinn Gu\u00f0, \u00fe\u00edn or\u00f0 ver\u00f0a a\u00f0 sannindum sem \u00fe\u00fa sag\u00f0ir til m\u00edns f\u00f6\u00f0urs Dav\u00ed\u00f0s. \u00dev\u00ed a\u00f0 \u00fe\u00fa hefur sett mig til k\u00f3ngs yfir \u00feitt f\u00f3lk sem so margt er sem duft \u00e1 j\u00f6r\u00f0u. Gef m\u00e9r n\u00fa \u00fear fyrir visku og skilning so eg kunni a\u00f0 ganga \u00fat og inn fyrir \u00feessu f\u00f3lki. \u00dev\u00ed hver kann a\u00f0 d\u00e6ma \u00feetta \u00feitt hi\u00f0 mikla f\u00f3lk?&#8220;<\/p>\n<p>\t\u00de\u00e1 sag\u00f0i Gu\u00f0 til Sal\u00f3mon: <span class=\"athugasemd\" title=\"3. Reg. 3\">[<\/span> &#8222;S\u00f6kum \u00feess a\u00f0 \u00fe\u00fa hefur \u00feetta \u00ed sinni og ba\u00f0st ei um r\u00edkd\u00f3m, eigi heldur um au\u00f0\u00e6fi e\u00f0ur d\u00fdr\u00f0 e\u00f0ur um l\u00edf \u00feinna \u00f3vina e\u00f0ur um langa l\u00edfdaga heldur ba\u00f0st \u00fe\u00fa um visku og skilning svo \u00fe\u00fa megir d\u00e6ma mitt f\u00f3lk yfir hvert eg hefi sett \u00feig til eins k\u00f3ngs, svo s\u00e9 n\u00fa \u00fe\u00e9r gefin viska og skilningur. \u00dear til me\u00f0 vil eg gefa \u00fe\u00e9r r\u00edkd\u00f3m, au\u00f0\u00e6fi og d\u00fdr\u00f0 a\u00f0 \u00feinn l\u00edki skal eigi veri\u00f0 hafa \u00e1 me\u00f0al k\u00f3nganna fyrir \u00feig og eigi heldur mun vera eftir \u00feig.&#8220; <span class=\"athugasemd\" title=\"3. Reg. 4\">[<\/span> Eftir \u00fea\u00f0 kom Sal\u00f3mon fr\u00e1 \u00feeirri h\u00e6\u00f0 sem var \u00ed G\u00edbeon til Jer\u00fasalem, fr\u00e1 s\u00e1ttm\u00e1lans tjaldb\u00fa\u00f0, og r\u00edkti yfir \u00cdsrael.<\/p>\n<p>\tOg Sal\u00f3mon safna\u00f0i s\u00e9r v\u00f6gnum og ridd\u00f6rum so a\u00f0 hann f\u00e9kk \u00fe\u00fasund og fj\u00f6gur hundru\u00f0 vagna og t\u00f3lf \u00fe\u00fasund riddara og l\u00e9t \u00fe\u00e1 vera \u00ed vagnast\u00f6\u00f0unum og hj\u00e1 k\u00f3nginum \u00ed Jer\u00fasalem. <span class=\"athugasemd\" title=\"Au\u00f0\u00e6fi og magt Salomonis\">[<\/span> Og Sal\u00f3mon gj\u00f6r\u00f0i \u00fea\u00f0 a\u00f0 svo var miki\u00f0 gull og silfur \u00ed Jer\u00fasalem sem steinar og sedrusvi\u00f0ur svo sem m\u00f3rbertr\u00e9 \u00e1 m\u00f6rkunum. Og Sal\u00f3mon k\u00f3ngi fluttust hestar af Egyptalandi og allsh\u00e1ttu\u00f0 vara. Og k\u00f3ngsins kaupmenn keyptu \u00feessa v\u00f6ru og fluttu hana \u00fat af Egyptalandi, j\u00e1 einn vagn fyrir sex hundru\u00f0 silfurpeninga, einn hest fyrir hundra\u00f0 og fimmt\u00edgi. So f\u00e6r\u00f0u \u00feeir og til allra Hethiters k\u00f3nga og til k\u00f3nganna \u00ed Syria.<\/p>\n","protected":false},"excerpt":{"rendered":"<p>II. Paralipomenon S\u00fa aunnur Kron\u00edkub\u00f3kin I. Og Sal\u00f3mon son Dav\u00ed\u00f0s styrktist \u00ed s\u00ednu r\u00edki og Drottinn hans Gu\u00f0 var me\u00f0 honum og mikla\u00f0i hann meir og meir. [ \u00de\u00e1 tala\u00f0i Sal\u00f3mon vi\u00f0 allan \u00cdsrael og vi\u00f0 h\u00f6fu\u00f0smennina yfir \u00fe\u00fasund og hundra\u00f0, vi\u00f0 d\u00f3mendur og alla h\u00f6f\u00f0ingja \u00ed \u00cdsrael og \u00fe\u00e1 \u00e6\u00f0stu fe\u00f0ur a\u00f0 \u00feeir f\u00e6ri af sta\u00f0, Sal\u00f3mon og allur manns\u00f6fnu\u00f0urinn me\u00f0 honum, til \u00feeirra h\u00e6\u00f0ar sem var \u00ed G\u00edbeon. \u00dev\u00ed \u00fear var Gu\u00f0s vitnisbur\u00f0artjaldb\u00fa\u00f0 hverja M\u00f3ses Gu\u00f0s \u00fe\u00e9nari haf\u00f0i gj\u00f6rt \u00ed ey\u00f0im\u00f6rku. [ \u00dev\u00ed Dav\u00ed\u00f0 haf\u00f0i flutt Gu\u00f0s \u00f6rk upp fr\u00e1 Kirjat Jear\u00edm \u00feanga\u00f0 sem hann haf\u00f0i b\u00fai\u00f0 um <a href=\"https:\/\/biblian.is\/gudbrandsbiblia\/sidari-kronikubok-1-kafli\/\"> [&#8230;]<\/a><\/p>\n","protected":false},"author":1,"featured_media":0,"parent":0,"menu_order":0,"comment_status":"open","ping_status":"open","template":"bibliukaflar.php","meta":{"footnotes":""},"class_list":["post-3061","page","type-page","status-publish","hentry"],"_links":{"self":[{"href":"https:\/\/biblian.is\/gudbrandsbiblia\/wp-json\/wp\/v2\/pages\/3061","targetHints":{"allow":["GET"]}}],"collection":[{"href":"https:\/\/biblian.is\/gudbrandsbiblia\/wp-json\/wp\/v2\/pages"}],"about":[{"href":"https:\/\/biblian.is\/gudbrandsbiblia\/wp-json\/wp\/v2\/types\/page"}],"author":[{"embeddable":true,"href":"https:\/\/biblian.is\/gudbrandsbiblia\/wp-json\/wp\/v2\/users\/1"}],"replies":[{"embeddable":true,"href":"https:\/\/biblian.is\/gudbrandsbiblia\/wp-json\/wp\/v2\/comments?post=3061"}],"version-history":[{"count":0,"href":"https:\/\/biblian.is\/gudbrandsbiblia\/wp-json\/wp\/v2\/pages\/3061\/revisions"}],"wp:attachment":[{"href":"https:\/\/biblian.is\/gudbrandsbiblia\/wp-json\/wp\/v2\/media?parent=3061"}],"curies":[{"name":"wp","href":"https:\/\/api.w.org\/{rel}","templated":true}]}}