{"id":3059,"date":"2017-12-18T18:32:32","date_gmt":"2017-12-18T18:32:32","guid":{"rendered":"http:\/\/biblian.is\/gudbrandsbiblia\/fyrri-kronikubok-29-kafli\/"},"modified":"2017-12-18T18:32:32","modified_gmt":"2017-12-18T18:32:32","slug":"fyrri-kronikubok-29-kafli","status":"publish","type":"page","link":"https:\/\/biblian.is\/gudbrandsbiblia\/fyrri-kronikubok-29-kafli\/","title":{"rendered":"Fyrri kron\u00edkub\u00f3k 29. kafli"},"content":{"rendered":"<p>XXIX. <\/p>\n<p>Og Dav\u00ed\u00f0 samankalla\u00f0i til Jer\u00fasalem alla \u00fe\u00e1 \u00e6\u00f0stu af \u00cdsrael, sem var h\u00f6f\u00f0ingja kynkv\u00edslanna og h\u00f6f\u00f0ingja yfir \u00fe\u00e6r skipanir sem \u00fej\u00f3nu\u00f0u k\u00f3nginum, h\u00f6f\u00f0ingja yfir \u00fe\u00fasund og yfir hundra\u00f0, h\u00f6f\u00f0ingja yfir k\u00f3ngsins g\u00f3ss og f\u00e9 og yfir hans syni, herbergjasveina, str\u00ed\u00f0smenn og alla inu bestu menn. Og Dav\u00ed\u00f0 k\u00f3ngur st\u00f3\u00f0 \u00e1 s\u00edna f\u00e6tur og sag\u00f0i: <span class=\"athugasemd\" title=\"S\u00ed\u00f0asta b\u00edfalning Dav\u00ed\u00f0s til h\u00f6f\u00f0ingjanna\">[<\/span> <\/p>\n<p>\t&#8222;Heyri\u00f0 mig, m\u00ednir br\u00e6\u00f0ur og mitt f\u00f3lk. Eg hefi haft \u00ed sinni a\u00f0 byggja eitt h\u00fas (\u00ed hverju a\u00f0 Drottins s\u00e1ttm\u00e1ls\u00f6rk skyldi hv\u00edlast) og eina f\u00f3tsk\u00f6r vorum Drottni og eg haf\u00f0a allt til b\u00fai\u00f0 til \u00feessarar byggingar. En Gu\u00f0 l\u00e9t segja m\u00e9r: Ekki skalt \u00fe\u00fa byggja m\u00ednu nafni h\u00fas \u00fea\u00f0 \u00fe\u00fa ert bardagama\u00f0ur og hefur \u00fathellt bl\u00f3\u00f0i. N\u00fa hefur Drottinn Israelis Gu\u00f0 \u00fatvali\u00f0 mig af \u00f6llu h\u00fasi m\u00edns f\u00f6\u00f0urs a\u00f0 eg skyldi vera k\u00f3ngur yfir \u00cdsrael \u00e6vinlega. <span class=\"athugasemd\" title=\"3. Reg. 16\">[<\/span> \u00dev\u00ed hann \u00fatvaldi J\u00fada til hertugad\u00f3ms og af h\u00fasi J\u00fada m\u00edns f\u00f6\u00f0urs h\u00fass og \u00e1 me\u00f0al m\u00edns f\u00f6\u00f0urs sona haf\u00f0i hann \u00fe\u00f3knan \u00e1 m\u00e9r a\u00f0 hann setti mig til k\u00f3ngs yfir allan \u00cdsrael.<\/p>\n<p>\tOg \u00e1 me\u00f0al allra minna sona (\u00fev\u00ed a\u00f0 Drottinn hefur gefi\u00f0 m\u00e9r marga sonu) \u00fe\u00e1 hefur hann \u00fatvali\u00f0 Sal\u00f3mon minn son a\u00f0 hann skuli sitja \u00ed konunglegu h\u00e1s\u00e6ti Drottins yfir \u00cdsrael. <span class=\"athugasemd\" title=\"Sal\u00f3mon\">[<\/span> Og hann hefur tala\u00f0 til m\u00edn: \u00deinn sonur Sal\u00f3mon skal mitt h\u00fas byggja og gar\u00f0 \u00fev\u00ed a\u00f0 eg hefi \u00fatvali\u00f0 m\u00e9r hann til m\u00edns sonar og eg vil vera hans fa\u00f0ir. Og hans r\u00edki vil eg sta\u00f0festa \u00e6vinlega ef hann er sta\u00f0fastur a\u00f0 hann breyti eftir m\u00ednum bo\u00f0or\u00f0um og r\u00e9ttindum so sem \u00feennan dag.<\/p>\n<p>\tN\u00fa fyrir \u00f6llum \u00cdsrael, fyrir \u00f6llum Drottins s\u00f6fnu\u00f0i, og a\u00f0 \u00e1heyranda Gu\u00f0i vorum \u00fe\u00e1 haldi\u00f0 og uppspyrji\u00f0 \u00f6ll Drottins y\u00f0vars Gu\u00f0s bo\u00f0or\u00f0 svo \u00fe\u00e9r megi\u00f0 eignast \u00fea\u00f0 g\u00f3\u00f0a land og l\u00e1ta \u00fea\u00f0 y\u00f0rum sonum til erf\u00f0ar eftir y\u00f0ur \u00e6vinlega.<\/p>\n<p>\tOg \u00fe\u00fa, minn son Sal\u00f3mon, \u00feekkja skalt \u00fe\u00fa \u00feinn f\u00f6\u00f0urs Gu\u00f0 og \u00fej\u00f3na honum af \u00f6llu hjarta og me\u00f0 einnri viljugri s\u00e1lu. <span class=\"athugasemd\" title=\"Psal. 7 \/ Dav\u00ed\u00f0 \u00e1minnir sinn son Sal\u00f3mon\">[<\/span> \u00dev\u00ed a\u00f0 Drottinn rannsakar allra manna hj\u00f6rtu og undirstendur hugskotsins hugrenningar. Ef \u00fe\u00fa leitar hans \u00fe\u00e1 munt \u00fe\u00fa finna hann en ef \u00fe\u00fa fyrirl\u00e6tur hann \u00fe\u00e1 mun hann burtvarpa \u00fe\u00e9r \u00e6vinlega. Sj\u00e1 n\u00fa \u00fev\u00ed til \u00fev\u00ed a\u00f0 Drottinn hefur \u00fatvali\u00f0 \u00feig a\u00f0 \u00fe\u00fa skulir byggja eitt h\u00fas til helgid\u00f3msins. Vert styrkur og fullkomna \u00fea\u00f0.&#8220;<\/p>\n<p>\tOg Dav\u00ed\u00f0 gaf Sal\u00f3moni syni s\u00ednum eina fyrirmynd, hvernin sm\u00ed\u00f0a skyldi forh\u00fasi\u00f0, musteri\u00f0 og hans h\u00fas og herbergin og salinn og svefnh\u00fasin inann til og n\u00e1\u00f0arst\u00f3lsh\u00fasi\u00f0. <span class=\"athugasemd\" title=\"Sal\u00f3mon uppbyggir h\u00fasi\u00f0 eftir Gu\u00f0s skipan og hans or\u00f0i hvert ske\u00f0 var til hans f\u00f6\u00f0urs Dav\u00ed\u00f0s. Supra xviy. So og gefur Dav\u00ed\u00f0 honum eitt munstur e\u00f0ur fyrirmynd eftir \u00feeirri hann skal sm\u00ed\u00f0a \u00fev\u00ed a\u00f0 enginn mannleg verk e\u00f0ur \u00fej\u00f3nusta, af m\u00f6nnum sj\u00e1lfum upphugsu\u00f0 og \u00fatvalin, \u00fe\u00f3knast Gu\u00f0i\">[<\/span> \u00dear me\u00f0 eina l\u00edking og fyrirmynd upp \u00e1 allt \u00fea\u00f0 sem hann haf\u00f0i \u00ed s\u00ednu sinni sem var \u00e1 Drottins h\u00fass gar\u00f0i og \u00e1 \u00f6llum herbergjum \u00fear um kring og \u00e1 \u00fev\u00ed liggjandi f\u00e9 \u00ed Gu\u00f0s h\u00fasi og \u00e1 \u00feeim helgu\u00f0u f\u00e9sj\u00f3\u00f0um, \u00e1 prestanna og Lev\u00edtanna skipan og \u00e1 allri emb\u00e6ttis\u00fej\u00f3nustugj\u00f6r\u00f0 \u00ed Drottins h\u00fasi. Gulli\u00f0 (l\u00e9t hann til) eftir gullsvigt til allsh\u00e1tta\u00f0ra verkf\u00e6ra \u00ed hverju emb\u00e6tti og silfur eftir vigt til allra handa silfurkera \u00ed s\u00e9rhverri \u00fej\u00f3nustugj\u00f6r\u00f0.<\/p>\n<p>\tOg gull til gulllegra kertastikna og til gulllegra lampa, gull a\u00f0 vigt til s\u00e9rhverrar kertastiku og s\u00e9rhvers lampa. Hann gaf og svo silfur til silfurlj\u00f3sastikna og \u00feeirra lampa og eftir hverrar kertastiku emb\u00e6tti. Hann gaf og gull til f\u00f3rnarbrau\u00f0sins bor\u00f0s, til hvers bor\u00f0s s\u00edna vigt, svo og l\u00edka silfur til silfurbor\u00f0anna. Kl\u00e1rt gull til kr\u00f3kanna, munnlauganna og kannanna og til gullbikara, hverjum bikar s\u00edna vigt, og til silfurbikaranna, hverjum bikar s\u00edna vigt, og til reykelsisaltarisins \u00fea\u00f0 allra kl\u00e1rasta gull \u00ed sinni vigt og eina mynd \u00feess gyllta ker\u00fab\u00edm vagns so hann \u00fatbreiddi v\u00e6ngina og huldi s\u00e1ttm\u00e1ls\u00f6rkina Drottins ofanvert. &#8222;Allt \u00feetta var m\u00e9r gefi\u00f0&#8220; \u0096 sag\u00f0i hann \u0096 &#8222;skrifa\u00f0 af hendi Drottins a\u00f0 eg skyldi skilja allar sm\u00ed\u00f0ar \u00feessarar fyrirmyndar.&#8220;<\/p>\n<p>\tOg Dav\u00ed\u00f0 sag\u00f0i til s\u00edns sonar Sal\u00f3mon: &#8222;Vert \u00fe\u00fa hughraustur og tak styrk og gj\u00f6r \u00feetta. \u00d3ttast ekki og vert ekki efasamur. Gu\u00f0 Drottinn, minn Gu\u00f0, mun vera me\u00f0 \u00fe\u00e9r og hann mun ekki taka s\u00edna h\u00f6nd fr\u00e1 \u00fe\u00e9r og eigi heldur yfirgefa \u00feig \u00fear til a\u00f0 \u00fe\u00fa hefur fullkomna\u00f0 allan gj\u00f6rning til \u00fe\u00e9nustugj\u00f6r\u00f0ar \u00ed Drottins h\u00fasi. Sj\u00e1 \u00fe\u00fa, prestanna og Lev\u00edtanna skipanir til alls emb\u00e6ttis \u00ed Gu\u00f0s h\u00fasi eru me\u00f0 \u00fe\u00e9r og til allra \u00feessara gj\u00f6rninga og \u00feeir eru rei\u00f0ub\u00fanir me\u00f0 \u00feeirra visku til allra emb\u00e6ttanna, so og h\u00f6f\u00f0ingjarnir og allt f\u00f3lki\u00f0 til alls \u00feess sem \u00fe\u00fa b\u00fd\u00f0ur.&#8220;<\/p>\n","protected":false},"excerpt":{"rendered":"<p>XXIX. Og Dav\u00ed\u00f0 samankalla\u00f0i til Jer\u00fasalem alla \u00fe\u00e1 \u00e6\u00f0stu af \u00cdsrael, sem var h\u00f6f\u00f0ingja kynkv\u00edslanna og h\u00f6f\u00f0ingja yfir \u00fe\u00e6r skipanir sem \u00fej\u00f3nu\u00f0u k\u00f3nginum, h\u00f6f\u00f0ingja yfir \u00fe\u00fasund og yfir hundra\u00f0, h\u00f6f\u00f0ingja yfir k\u00f3ngsins g\u00f3ss og f\u00e9 og yfir hans syni, herbergjasveina, str\u00ed\u00f0smenn og alla inu bestu menn. Og Dav\u00ed\u00f0 k\u00f3ngur st\u00f3\u00f0 \u00e1 s\u00edna f\u00e6tur og sag\u00f0i: [ &#8222;Heyri\u00f0 mig, m\u00ednir br\u00e6\u00f0ur og mitt f\u00f3lk. Eg hefi haft \u00ed sinni a\u00f0 byggja eitt h\u00fas (\u00ed hverju a\u00f0 Drottins s\u00e1ttm\u00e1ls\u00f6rk skyldi hv\u00edlast) og eina f\u00f3tsk\u00f6r vorum Drottni og eg haf\u00f0a allt til b\u00fai\u00f0 til \u00feessarar byggingar. En Gu\u00f0 l\u00e9t segja m\u00e9r: Ekki skalt <a href=\"https:\/\/biblian.is\/gudbrandsbiblia\/fyrri-kronikubok-29-kafli\/\"> [&#8230;]<\/a><\/p>\n","protected":false},"author":1,"featured_media":0,"parent":0,"menu_order":0,"comment_status":"open","ping_status":"open","template":"bibliukaflar.php","meta":{"footnotes":""},"class_list":["post-3059","page","type-page","status-publish","hentry"],"_links":{"self":[{"href":"https:\/\/biblian.is\/gudbrandsbiblia\/wp-json\/wp\/v2\/pages\/3059","targetHints":{"allow":["GET"]}}],"collection":[{"href":"https:\/\/biblian.is\/gudbrandsbiblia\/wp-json\/wp\/v2\/pages"}],"about":[{"href":"https:\/\/biblian.is\/gudbrandsbiblia\/wp-json\/wp\/v2\/types\/page"}],"author":[{"embeddable":true,"href":"https:\/\/biblian.is\/gudbrandsbiblia\/wp-json\/wp\/v2\/users\/1"}],"replies":[{"embeddable":true,"href":"https:\/\/biblian.is\/gudbrandsbiblia\/wp-json\/wp\/v2\/comments?post=3059"}],"version-history":[{"count":0,"href":"https:\/\/biblian.is\/gudbrandsbiblia\/wp-json\/wp\/v2\/pages\/3059\/revisions"}],"wp:attachment":[{"href":"https:\/\/biblian.is\/gudbrandsbiblia\/wp-json\/wp\/v2\/media?parent=3059"}],"curies":[{"name":"wp","href":"https:\/\/api.w.org\/{rel}","templated":true}]}}