{"id":3058,"date":"2017-12-18T18:32:32","date_gmt":"2017-12-18T18:32:32","guid":{"rendered":"http:\/\/biblian.is\/gudbrandsbiblia\/fyrri-kronikubok-28-kafli\/"},"modified":"2017-12-18T18:32:32","modified_gmt":"2017-12-18T18:32:32","slug":"fyrri-kronikubok-28-kafli","status":"publish","type":"page","link":"https:\/\/biblian.is\/gudbrandsbiblia\/fyrri-kronikubok-28-kafli\/","title":{"rendered":"Fyrri kron\u00edkub\u00f3k 28. kafli"},"content":{"rendered":"<p>XXVIII.<\/p>\n<p>En \u00cdsraelssynir eftir \u00feeirra t\u00f6lu voru fe\u00f0ranna h\u00f6f\u00f0ingjar yfir \u00fe\u00fasund og hundra\u00f0 og emb\u00e6ttismenn sem \u00fej\u00f3nu\u00f0u k\u00f3nginum eftir \u00feeirra skipan, gangandi \u00fat og inn, einn \u00e1 hverjum m\u00e1na\u00f0i \u00e1 \u00f6llum m\u00e1nu\u00f0um \u00e1rsins. <span class=\"athugasemd\" title=\"Str\u00ed\u00f0smannaskipanir\">[<\/span> Og hver skipan haf\u00f0i fj\u00f3rar og tuttugu \u00fe\u00fasundir manna.<\/p>\n<p>\tJasabeam son Sabd\u00edel var settur yfir \u00fe\u00e1 fyrstu skipan og undir hans hendi voru fj\u00f3rar og tuttugu \u00fe\u00fasundir manns. <span class=\"athugasemd\" title=\"I \/ Jasabeam\">[<\/span> Af sonum Peres var s\u00e1 h\u00f6f\u00f0ingi yfir alla str\u00ed\u00f0sh\u00f6f\u00f0ingja \u00ed \u00feeim fyrsta m\u00e1na\u00f0i. D\u00f3da\u00ed Ahohiter var settur yfir skipan \u00feess annars m\u00e1na\u00f0ar og Mikl\u00f3t var h\u00f6f\u00f0ingi yfir hans skipan og undir hans skipan voru fj\u00f3rar og tuttugu \u00fe\u00fasundir. <span class=\"athugasemd\" title=\"2 \/ D\u00f3da\u00ed\">[<\/span> Benaja son J\u00f3jada prests var h\u00f6f\u00f0ingi \u00feess \u00feri\u00f0ja m\u00e1na\u00f0ar og undir hans skipan voru fj\u00f3rar og tuttugu \u00fe\u00fasundir. <span class=\"athugasemd\" title=\"3 \/ Benaja\">[<\/span> Hann er Benaja hinn sterkasti \u00e1 me\u00f0al \u00ferj\u00e1t\u00edgi og yfir \u00ferj\u00e1t\u00edgi og hans skipan var undir hans syni Amm\u00edsadab. <\/p>\n<p>\tAsael br\u00f3\u00f0ir J\u00f3ab var s\u00e1 fj\u00f3r\u00f0i \u00ed \u00feeim fj\u00f3r\u00f0a m\u00e1na\u00f0i og eftir hann Sabadja hans son og undir hans skipan voru fj\u00f3rar og tuttugu \u00fe\u00fasundir. <span class=\"athugasemd\" title=\"4 \/ Asahel\">[<\/span> Sameh\u00fad Jesrahiter var \u00ed \u00feeim fimmta m\u00e1na\u00f0i og undir hans skipan voru fj\u00f3rar og tuttugu \u00fe\u00fasundir. <span class=\"athugasemd\" title=\"5 \/ Sameh\u00fas\">[<\/span> \u00cdra son K\u00eds Thekoiter var sj\u00f6tti \u00ed \u00feeim sj\u00f6tta m\u00e1na\u00f0i og undir hans skipan voru fj\u00f3rar og tuttugu \u00fe\u00fasundir. <span class=\"athugasemd\" title=\"6 \/ \u00cdra\">[<\/span> <\/p>\n<p>\tHeles Peloniter af sonum Efra\u00edm var \u00ed \u00feeim sj\u00f6unda m\u00e1na\u00f0i og \u00ed hans skipan voru fj\u00f3rar og tuttugu \u00fe\u00fasundir. <span class=\"athugasemd\" title=\"7 \/ Heles\">[<\/span> Sibeka\u00ed Husathiter af \u00e6tt Saritarum var \u00feann \u00e1ttundi \u00ed \u00feeim \u00e1ttunda m\u00e1nu\u00f0i og undir hans skipan voru fj\u00f3rar og tuttugu \u00fe\u00fasundir. <span class=\"athugasemd\" title=\"8 \/ Sibeka\u00ed\">[<\/span> Ab\u00edeser Antothiter af sonum Jemini var \u00feann n\u00edundi \u00ed \u00feeim n\u00edunda m\u00e1na\u00f0i og undir hans skipan voru fj\u00f3rar og tuttugu \u00fe\u00fasundir. <span class=\"athugasemd\" title=\"9 \/ Ab\u00edeser\">[<\/span> <\/p>\n<p>\tMahera\u00ed Nethophathiter af Serahiter var s\u00e1 t\u00edundi \u00ed \u00feeim t\u00edunda m\u00e1na\u00f0i og undir hans skipan voru fj\u00f3rar og tuttugu \u00fe\u00fasundir. <span class=\"athugasemd\" title=\"10 \/ Mahera\">[<\/span> Benaja Pirgathoniter af sonum Efra\u00edm var s\u00e1 ellefti \u00ed \u00feeim ellefta m\u00e1na\u00f0i og undir hans skipan voru fj\u00f3rar og tuttugu \u00fe\u00fasundir. <span class=\"athugasemd\" title=\"11 \/ Benaja\">[<\/span> Helda\u00ed Netophathiter af Atn\u00edel var s\u00e1 t\u00f3lfti \u00ed \u00feeim t\u00f3lfta m\u00e1na\u00f0i og undir hans skipan voru fj\u00f3rar og tuttugu \u00fe\u00fasundir. <span class=\"athugasemd\" title=\"12 \/ Helda\u00ed\">[<\/span><\/p>\n<p>\tEn \u00feessir voru yfir \u00cdsraels \u00e6tt: <span class=\"athugasemd\" title=\"H\u00f6f\u00f0ingjar yfir Israelis \u00e6ttkv\u00edslir\">[<\/span> \u00c1 me\u00f0al sona R\u00faben var h\u00f6f\u00f0ingi El\u00edeser son Sikr\u00ed, \u00e1 me\u00f0al sona S\u00edmeon var Sefatja son Maeka, \u00e1 me\u00f0al Lev\u00edtanna Hasab\u00eda son Kem\u00fael, \u00e1 me\u00f0al Aron\u00edta var Sad\u00f3k, \u00e1 me\u00f0al J\u00fada var El\u00edh\u00fa af br\u00e6\u00f0rum Dav\u00ed\u00f0s, \u00e1 me\u00f0al \u00cdsaskar var Amr\u00ed son M\u00edkael, \u00e1 me\u00f0al Seb\u00falon var Jesmaja son \u00d3bad\u00eda, \u00e1 me\u00f0al Neftal\u00ed var Jer\u00edm\u00f3t son Asr\u00edel, \u00e1 me\u00f0al sona Efra\u00edm var H\u00f3sea son Asas\u00eda, \u00e1 milli h\u00e1lfrar Manasse \u00e6ttar var J\u00f3el son Pedaja og enn \u00e1 milli h\u00e1lfrar Manasse \u00e6ttar \u00ed G\u00edlea\u00f0 var Jedd\u00f3 son Sakar\u00eda, \u00e1 me\u00f0al Benjam\u00edn var Jeas\u00edel son Abner, \u00e1 me\u00f0al Dan var Asareel son Jer\u00f3ham. \u00deessir eru h\u00f6f\u00f0ingjar yfir \u00cdsraels \u00e6ttkv\u00edslum. <\/p>\n<p>\tEn Dav\u00ed\u00f0 reikna\u00f0i \u00fe\u00e1 ekki \u00ed t\u00f6luna sem voru fyrir innan tv\u00edtugs aldurs \u00fev\u00ed a\u00f0 Drottinn haf\u00f0i m\u00e6lt a\u00f0 hann vildi auka og margfalda \u00cdsrael svo sem stj\u00f6rnur \u00e1 himnum. En J\u00f3ab son Ser\u00faja haf\u00f0i teki\u00f0 til a\u00f0 telja en fullkomna\u00f0i \u00fea\u00f0 \u00fe\u00f3 ekki \u00fev\u00ed a\u00f0 rei\u00f0i var fallin yfir \u00cdsrael \u00fear fyrir og \u00fev\u00ed kom ekki talan \u00ed Dav\u00ed\u00f0s k\u00f3ngs kron\u00edku.<\/p>\n<p>\tAsmavet son Ad\u00edel var settur yfir k\u00f3ngsins f\u00e9hirslur. <span class=\"athugasemd\" title=\"H\u00f6fu\u00f0smenn yfir Dav\u00ed\u00f0s eignir og au\u00f0\u00e6vi\">[<\/span> Og J\u00f3natan son \u00das\u00eda var yfir \u00feeim f\u00e9sj\u00f3\u00f0um sem voru \u00ed landinu og \u00ed st\u00f6\u00f0unum, \u00ed kaupt\u00fanum og k\u00f6stulum. Esr\u00ed son Kel\u00fab var yfirsettur akurverksmennina a\u00f0 erja landi\u00f0. S\u00edme\u00ed Ramathiter var yfir v\u00edngar\u00f0sm\u00f6nnum. Sabd\u00ed Siphimiter var yfir v\u00ednkj\u00f6llurum og v\u00ednsins liggjanda f\u00e9. Baalhanan Gaderiter var yfir vi\u00f0smj\u00f6rsvi\u00f0arg\u00f6r\u00f0unum og yfir alding\u00f6r\u00f0unum \u00ed d\u00f6lunum. J\u00f3as var yfir \u00fev\u00ed jurtranna liggjanda f\u00e9. S\u00edtan Saroniter var yfir hagauxum sem gengu \u00ed Saaron. En Safat son Adla\u00ed var yfir uxunum sem gengu \u00e1 l\u00e1glendinu. \u00d3b\u00edl Ismaeliter var yfir kamelunum en Jehed\u00eda Meronothiter var yfir \u00f6snunum. Jases Hagariter var yfir sau\u00f0unum. \u00deessir allir voru h\u00f6f\u00f0injgjar yfir Dav\u00ed\u00f0s k\u00f3ngs g\u00f3ssi. En J\u00f3natan f\u00f6\u00f0urbr\u00f3\u00f0ir Dav\u00ed\u00f0s hann var r\u00e1\u00f0gjafi og hofmeistari og kanzeler. Og Jeh\u00edel son Hakm\u00f3n\u00ed var hj\u00e1 sonum k\u00f3ngsins. Ak\u00edt\u00f3fel var og k\u00f3ngsins r\u00e1\u00f0gjafi. <span class=\"athugasemd\" title=\"N\u00e6sti r\u00e1\u00f0gjafi k\u00f3ngs\">[<\/span> H\u00fasa\u00ed Arachiter var k\u00f3ngsins vinur. Eftir Ak\u00edt\u00f3fel var J\u00f3jada son Benaja og Abjatar. En J\u00f3ab var k\u00f3ngsins hersh\u00f6f\u00f0ingi.<\/p>\n","protected":false},"excerpt":{"rendered":"<p>XXVIII. En \u00cdsraelssynir eftir \u00feeirra t\u00f6lu voru fe\u00f0ranna h\u00f6f\u00f0ingjar yfir \u00fe\u00fasund og hundra\u00f0 og emb\u00e6ttismenn sem \u00fej\u00f3nu\u00f0u k\u00f3nginum eftir \u00feeirra skipan, gangandi \u00fat og inn, einn \u00e1 hverjum m\u00e1na\u00f0i \u00e1 \u00f6llum m\u00e1nu\u00f0um \u00e1rsins. [ Og hver skipan haf\u00f0i fj\u00f3rar og tuttugu \u00fe\u00fasundir manna. Jasabeam son Sabd\u00edel var settur yfir \u00fe\u00e1 fyrstu skipan og undir hans hendi voru fj\u00f3rar og tuttugu \u00fe\u00fasundir manns. [ Af sonum Peres var s\u00e1 h\u00f6f\u00f0ingi yfir alla str\u00ed\u00f0sh\u00f6f\u00f0ingja \u00ed \u00feeim fyrsta m\u00e1na\u00f0i. D\u00f3da\u00ed Ahohiter var settur yfir skipan \u00feess annars m\u00e1na\u00f0ar og Mikl\u00f3t var h\u00f6f\u00f0ingi yfir hans skipan og undir hans skipan voru fj\u00f3rar og tuttugu <a href=\"https:\/\/biblian.is\/gudbrandsbiblia\/fyrri-kronikubok-28-kafli\/\"> [&#8230;]<\/a><\/p>\n","protected":false},"author":1,"featured_media":0,"parent":0,"menu_order":0,"comment_status":"open","ping_status":"open","template":"bibliukaflar.php","meta":{"footnotes":""},"class_list":["post-3058","page","type-page","status-publish","hentry"],"_links":{"self":[{"href":"https:\/\/biblian.is\/gudbrandsbiblia\/wp-json\/wp\/v2\/pages\/3058","targetHints":{"allow":["GET"]}}],"collection":[{"href":"https:\/\/biblian.is\/gudbrandsbiblia\/wp-json\/wp\/v2\/pages"}],"about":[{"href":"https:\/\/biblian.is\/gudbrandsbiblia\/wp-json\/wp\/v2\/types\/page"}],"author":[{"embeddable":true,"href":"https:\/\/biblian.is\/gudbrandsbiblia\/wp-json\/wp\/v2\/users\/1"}],"replies":[{"embeddable":true,"href":"https:\/\/biblian.is\/gudbrandsbiblia\/wp-json\/wp\/v2\/comments?post=3058"}],"version-history":[{"count":0,"href":"https:\/\/biblian.is\/gudbrandsbiblia\/wp-json\/wp\/v2\/pages\/3058\/revisions"}],"wp:attachment":[{"href":"https:\/\/biblian.is\/gudbrandsbiblia\/wp-json\/wp\/v2\/media?parent=3058"}],"curies":[{"name":"wp","href":"https:\/\/api.w.org\/{rel}","templated":true}]}}