{"id":3057,"date":"2017-12-18T18:32:32","date_gmt":"2017-12-18T18:32:32","guid":{"rendered":"http:\/\/biblian.is\/gudbrandsbiblia\/fyrri-kronikubok-27-kafli\/"},"modified":"2017-12-18T18:32:32","modified_gmt":"2017-12-18T18:32:32","slug":"fyrri-kronikubok-27-kafli","status":"publish","type":"page","link":"https:\/\/biblian.is\/gudbrandsbiblia\/fyrri-kronikubok-27-kafli\/","title":{"rendered":"Fyrri kron\u00edkub\u00f3k 27. kafli"},"content":{"rendered":"<p>XXVII.<\/p>\n<p>Af skipan dyrav\u00f6rslumanna. <span class=\"athugasemd\" title=\"Dyravar\u00f0haldsmanna skipan\">[<\/span> \u00c1 me\u00f0al \u00feeirra Choriter var Meselemja son K\u00f3re af sonum Assaf. En synir Meselemja voru \u00feessir: S\u00e1 frumgetni Sakar\u00eda, annar Jed\u00edael, \u00feri\u00f0ji Sebadja, fj\u00f3r\u00f0i Jatn\u00edel, fimmti Elam, sj\u00f6tti J\u00f3hanan og inn sj\u00f6undi El\u00ed\u00f3ena\u00ed. En synir \u00d3be\u00f0 Ed\u00f3m voru \u00feessir: S\u00e1 frumgetni Semaja, annar J\u00f3sabad, \u00feri\u00f0ji J\u00f3a, fj\u00f3r\u00f0i Sakar, fimmti Netaneel, sj\u00f6tti Amm\u00edel, sj\u00f6undi \u00cdsaskar, \u00e1ttundi Peg\u00falta\u00ed. \u00dev\u00ed Gu\u00f0 haf\u00f0i blessa\u00f0 hann. Og hans son Semaja gat og sonu hverjir a\u00f0 stj\u00f3rnu\u00f0u \u00ed sinna fe\u00f0ra h\u00fasi \u00fev\u00ed \u00feeir voru manna <span class=\"athugasemd\" title=\"a \/ (Sterkastir) \/ \u00dev\u00ed a\u00f0 prestarnir ur\u00f0u a\u00f0 vera fremst \u00ed brj\u00f3sti fylkingar \u00ed bard\u00f6gum me\u00f0 trameturnar\">[<\/span> sterkastir. Svo voru \u00feeir n\u00fa synir Semaja Atn\u00ed, Refael, \u00d3be\u00f0 og Elsabad hvers br\u00e6\u00f0ur a\u00f0 voru sterkastir menn, El\u00edh\u00fa og Samakja. \u00deessir allir voru af sonum \u00d3be\u00f0 Ed\u00f3m. Og \u00feeir me\u00f0 \u00feeirra sonum og br\u00e6\u00f0rum voru sterkir menn og vel skikka\u00f0ir til \u00fej\u00f3nustu og \u00feessir voru tveir og sext\u00edgi af \u00d3be\u00f0 Ed\u00f3m. <\/p>\n<p>\tMeselemja haf\u00f0i \u00e1tj\u00e1n syni og br\u00e6\u00f0ur, \u00feeir voru manna sterkastir. En H\u00f3ssa af sonum Merar\u00ed \u00e1tti sonu: \u00deann yppasta Simr\u00ed \u00fev\u00ed a\u00f0 hann \u00e1tti ekki frumgetinn son og \u00fev\u00ed setti hans fa\u00f0ir hann til h\u00f6f\u00f0ingja, s\u00e1 annar var Hilk\u00eda, \u00feri\u00f0ji Tebalja, fj\u00f3r\u00f0i Sakar\u00eda. Allir synir H\u00f3ssa og br\u00e6\u00f0ur voru \u00ferett\u00e1n. <\/p>\n<p>\t\u00deessi er skipan \u00e1 dyravar\u00f0haldsm\u00f6nnunum a\u00f0 var\u00f0haldsh\u00f6f\u00f0ingjarnir svo sem \u00feeirra br\u00e6\u00f0ur \u00fej\u00f3ni jafnan \u00ed Drottins h\u00fasi. Og hlutirnir voru lag\u00f0ir so vel fyrir \u00feann minnsta sem \u00feann st\u00e6rsta \u00ed \u00feeirra fe\u00f0ra h\u00fasi, til hverra portdyra. S\u00e1 hlutur \u00ed m\u00f3t austri f\u00e9ll yfir Meselemja. \u00dear var og kasta\u00f0ur hlutur fyrir hans son Sakar\u00eda hver e\u00f0 var mj\u00f6g r\u00e1\u00f0kl\u00f3kur og honum hlotna\u00f0ist \u00ed m\u00f3t nor\u00f0ri. En \u00d3be\u00f0 Ed\u00f3m m\u00f3t su\u00f0ri og hans sonum hj\u00e1 h\u00fasi Es\u00fap\u00edm. Og S\u00fap\u00edm og H\u00f3ssa m\u00f3t vestri hj\u00e1 porti \u00fev\u00ed sem gengi\u00f0 var upp brennioffursins str\u00e6ti so a\u00f0 vaktin st\u00f3\u00f0 hver hj\u00e1 annarri. <\/p>\n<p>\t\u00cd m\u00f3t austri voru sex af Lev\u00edtunum. M\u00f3t nor\u00f0ri fj\u00f3rir um daga, m\u00f3ti su\u00f0ri fj\u00f3rir um dag. En hj\u00e1 Es\u00fap\u00edm voru tveir og tveir. Hj\u00e1 Parbar m\u00f3t vestri fj\u00f3rir \u00e1 str\u00e6tinu og tveir hj\u00e1 Parbar. \u00deessi er skipan dyravar\u00f0veislumannanna me\u00f0al sona \u00feeirra Choriter og sona Merar\u00ed. <\/p>\n<p>\tEn af Lev\u00edtunum var Ah\u00eda settur yfir f\u00e9sj\u00f3\u00f0u Gu\u00f0s h\u00fass og yfir \u00fe\u00e1 f\u00e9sj\u00f3\u00f0u sem helga\u00f0ir voru. <span class=\"athugasemd\" title=\"\u00deeir e\u00f0 settir voru yfir f\u00e9hirslur og f\u00e9sj\u00f3\u00f0u Gu\u00f0s h\u00fass\">[<\/span> Af sonum Laedan sonar Gerson. Af Laedan voru yppustu fe\u00f0ur \u00feeir Jehelither. Og synir Jeheliter voru Setan og hans br\u00f3\u00f0ir J\u00f3el, settir yfir f\u00e9sj\u00f3\u00f0u Drottins h\u00fass. Af Amramiter, Jezehariter, Hebroniter og Usieliter var Seb\u00fael son Gers\u00f3n, sonar M\u00f3se, h\u00f6f\u00f0ingi yfir fj\u00e1rsj\u00f3\u00f0una. En hans br\u00f3\u00f0ir El\u00edeser haf\u00f0i einn son sem var Rehabja, hvers son var Jesaja, hvers son var J\u00f3ram, hvers son var Sikr\u00ed, hvers son var Sel\u00f3m\u00edt. S\u00e1 sami Sel\u00f3m\u00edt og hans br\u00e6\u00f0ur voru settir yfir allt \u00fea\u00f0 heilaga liggjanda f\u00e9 sem k\u00f3ng Dav\u00ed\u00f0 helga\u00f0i og \u00feeir yppustu fe\u00f0ur \u00e1 me\u00f0al h\u00f6f\u00f0ingja yfir \u00fe\u00fasund og yfir hundra\u00f0 og hersh\u00f6f\u00f0ingjarnir. Af str\u00ed\u00f0inu og af herfanginu h\u00f6f\u00f0u \u00feeir \u00fea\u00f0 helga\u00f0 til \u00feess a\u00f0 endurb\u00e6ta Drottins h\u00fas me\u00f0. Og allt hva\u00f0 Sam\u00fael sj\u00e1andi og Saul son K\u00eds og Abner son Ner og J\u00f3ab son Ser\u00faja h\u00f6f\u00f0u heilagt gj\u00f6rt og allt \u00fea\u00f0 sem helga\u00f0 var, \u00fea\u00f0 var undir Sel\u00f3m\u00edt og hans br\u00e6\u00f0ra hendi.<\/p>\n<p>\tAf Jessehariter var Kenanja og hans synir skikka\u00f0ir til \u00fe\u00e9nustu utan til yfir \u00cdsrael, emb\u00e6ttismenn og d\u00f3marar. <span class=\"athugasemd\" title=\"Emb\u00e6ttismenn og d\u00f3marar\">[<\/span> En \u00e1 me\u00f0al \u00feeirra Hebroniter var Hasabja og hans br\u00e6\u00f0ur, \u00fe\u00fasund og sj\u00f6 hundru\u00f0 merkilegir menn, skikka\u00f0ir til \u00fej\u00f3nustu yfir \u00cdsrael hinumegin J\u00f3rdanar m\u00f3t vestri til allsh\u00e1tta\u00f0rar Drottins \u00fej\u00f3nustu og a\u00f0 \u00fej\u00f3na k\u00f3nginum. Item, \u00e1 me\u00f0al Hebron\u00edta var Jed\u00eda \u00feann yppasti \u00ed Hebroniter \u00e6tt me\u00f0al \u00feeirra fe\u00f0ra. Og \u00e1 \u00fev\u00ed fertuganda \u00e1ri Dav\u00ed\u00f0s k\u00f3ngs \u00fe\u00e1 var leita\u00f0 og fundnir hraustir menn \u00ed Jaesar \u00fat \u00ed G\u00edlea\u00f0. Og \u00feeirra br\u00e6\u00f0ur merkilegir a\u00f0 t\u00f6lu tv\u00f6 \u00fe\u00fasund og sj\u00f6 hundru\u00f0, h\u00f6f\u00f0ingjar yfir \u00feeirra fe\u00f0ra h\u00fasum. Og Dav\u00ed\u00f0 setti \u00fe\u00e1 yfir sonu R\u00faben og Ga\u00f0 og h\u00e1lfa Manasse \u00e6tt til allra erinda Gu\u00f0s og k\u00f3ngsins.<\/p>\n","protected":false},"excerpt":{"rendered":"<p>XXVII. Af skipan dyrav\u00f6rslumanna. [ \u00c1 me\u00f0al \u00feeirra Choriter var Meselemja son K\u00f3re af sonum Assaf. En synir Meselemja voru \u00feessir: S\u00e1 frumgetni Sakar\u00eda, annar Jed\u00edael, \u00feri\u00f0ji Sebadja, fj\u00f3r\u00f0i Jatn\u00edel, fimmti Elam, sj\u00f6tti J\u00f3hanan og inn sj\u00f6undi El\u00ed\u00f3ena\u00ed. En synir \u00d3be\u00f0 Ed\u00f3m voru \u00feessir: S\u00e1 frumgetni Semaja, annar J\u00f3sabad, \u00feri\u00f0ji J\u00f3a, fj\u00f3r\u00f0i Sakar, fimmti Netaneel, sj\u00f6tti Amm\u00edel, sj\u00f6undi \u00cdsaskar, \u00e1ttundi Peg\u00falta\u00ed. \u00dev\u00ed Gu\u00f0 haf\u00f0i blessa\u00f0 hann. Og hans son Semaja gat og sonu hverjir a\u00f0 stj\u00f3rnu\u00f0u \u00ed sinna fe\u00f0ra h\u00fasi \u00fev\u00ed \u00feeir voru manna [ sterkastir. Svo voru \u00feeir n\u00fa synir Semaja Atn\u00ed, Refael, \u00d3be\u00f0 og Elsabad hvers br\u00e6\u00f0ur a\u00f0 <a href=\"https:\/\/biblian.is\/gudbrandsbiblia\/fyrri-kronikubok-27-kafli\/\"> [&#8230;]<\/a><\/p>\n","protected":false},"author":1,"featured_media":0,"parent":0,"menu_order":0,"comment_status":"open","ping_status":"open","template":"bibliukaflar.php","meta":{"footnotes":""},"class_list":["post-3057","page","type-page","status-publish","hentry"],"_links":{"self":[{"href":"https:\/\/biblian.is\/gudbrandsbiblia\/wp-json\/wp\/v2\/pages\/3057","targetHints":{"allow":["GET"]}}],"collection":[{"href":"https:\/\/biblian.is\/gudbrandsbiblia\/wp-json\/wp\/v2\/pages"}],"about":[{"href":"https:\/\/biblian.is\/gudbrandsbiblia\/wp-json\/wp\/v2\/types\/page"}],"author":[{"embeddable":true,"href":"https:\/\/biblian.is\/gudbrandsbiblia\/wp-json\/wp\/v2\/users\/1"}],"replies":[{"embeddable":true,"href":"https:\/\/biblian.is\/gudbrandsbiblia\/wp-json\/wp\/v2\/comments?post=3057"}],"version-history":[{"count":0,"href":"https:\/\/biblian.is\/gudbrandsbiblia\/wp-json\/wp\/v2\/pages\/3057\/revisions"}],"wp:attachment":[{"href":"https:\/\/biblian.is\/gudbrandsbiblia\/wp-json\/wp\/v2\/media?parent=3057"}],"curies":[{"name":"wp","href":"https:\/\/api.w.org\/{rel}","templated":true}]}}