{"id":3055,"date":"2017-12-18T18:32:32","date_gmt":"2017-12-18T18:32:32","guid":{"rendered":"http:\/\/biblian.is\/gudbrandsbiblia\/fyrri-kronikubok-25-kafli\/"},"modified":"2017-12-18T18:32:32","modified_gmt":"2017-12-18T18:32:32","slug":"fyrri-kronikubok-25-kafli","status":"publish","type":"page","link":"https:\/\/biblian.is\/gudbrandsbiblia\/fyrri-kronikubok-25-kafli\/","title":{"rendered":"Fyrri kron\u00edkub\u00f3k 25. kafli"},"content":{"rendered":"<p>XXV.<\/p>\n<p>En \u00feessi var\u00f0 skikkan sona Aron. <span class=\"athugasemd\" title=\"Skipan prestanna \/ Luc. 1 \/ Num. 3\">[<\/span> Synir Aron voru \u00feeir Nadab, Ab\u00edh\u00fa, Eleasar og \u00cdtamar. En Nadab og Ab\u00edh\u00fa d\u00f3u fyrr en \u00feeirra fa\u00f0ir og \u00e1ttu engin b\u00f6rn. En Eleasar og \u00cdtamar ur\u00f0u prestar. Og Dav\u00ed\u00f0 skipti \u00feeim Sad\u00f3k af sonum Eleasar og Ah\u00edmelek af sonum \u00cdtamar eftir \u00feeirra \u00f6lu og emb\u00e6tti. Og \u00fear voru miklu fleiri h\u00f6f\u00f0ingsmenn fundnir \u00e1 millum sona Eleasar en \u00e1 me\u00f0al sona \u00cdtamar. Og hann skipti \u00feeim so a\u00f0 sext\u00e1n voru af sonum Eleasar til h\u00f6f\u00f0ingja settir \u00ed \u00feeirra fe\u00f0ra h\u00fasi og \u00e1tta af sonum \u00cdtamar \u00ed \u00feeirra fe\u00f0ra h\u00fasi. <span class=\"athugasemd\" title=\"24 h\u00f6f\u00f0ingjar yfir prestunum\">[<\/span> Og hann skipti \u00feeim eftir hlutfalli fyrir \u00fev\u00ed a\u00f0 hvortirtveggja, b\u00e6\u00f0i af sonum Eleasar og \u00cdtamar, voru h\u00f6f\u00f0ingjar \u00ed helgid\u00f3minum og yppastir fyrir Gu\u00f0i. Og Semaja ritari son Netaneel af Lev\u00edtunum hann skrifa\u00f0i \u00fe\u00e1 upp fyrir k\u00f3nginum og \u00feeim yppustu og fyrir prestinum Sad\u00f3k og fyrir sonum Ah\u00edmelek syni Abjatar og fyrir \u00feeim yppustu fe\u00f0rum \u00e1 millum prestanna og Lev\u00edtanna, sem var eins f\u00f6\u00f0urs h\u00fas fyrir Eleasar og \u00fea\u00f0 anna\u00f0 fyrir \u00cdtamar.<\/p>\n<p>\tEn s\u00e1 fyrsti hlutur f\u00e9ll yfir J\u00f3jar\u00edb, s\u00e1 annar yfir Jedaja, \u00feri\u00f0ji yfir Har\u00edm, fj\u00f3r\u00f0i yfir Se\u00f3r\u00edm, fimmti yfir Malk\u00eda, sj\u00f6tti yfir Mejam\u00edm, sj\u00f6undi yfir Hakos, \u00e1ttundi yfir Ab\u00eda, n\u00edundi yfir Jes\u00faa, t\u00edundir yfir Sekanja, s\u00e1 ellefti yfir Eljas\u00edb, s\u00e1 t\u00f3lfti yfir Jak\u00edm, \u00ferett\u00e1ndi yfir H\u00fava, fj\u00f3rtandi yfir Jesebeab, fimmt\u00e1ndi yfir Bilga, sext\u00e1ndi yfir Immer, seytj\u00e1ndi yfir Heser, \u00e1tj\u00e1ndi yfir Hap\u00edses, n\u00edtj\u00e1ndi yfir Petah\u00eda, tuttugasti yfir Jeheskel, fyrsti og tuttugasti yfir Jak\u00edn, annar og tuttugasti yfir Gam\u00fal, \u00feri\u00f0ji og tuttugasti yfir Delaja, fj\u00f3r\u00f0i og tuttugasti yfir Maasja. <span class=\"athugasemd\" title=\"Ab\u00eda \/ Luc. 1\">[<\/span> \u00deetta er \u00feeirra skipan eftir \u00feeirra emb\u00e6tti a\u00f0 \u00feeir gangi \u00ed Drottins h\u00fasi hver eftir sinni ordu undir \u00feeirra f\u00f6\u00f0ur Aron so sem Drottinn Gu\u00f0 \u00cdsraels haf\u00f0i bo\u00f0i\u00f0 \u00feeim.<\/p>\n<p>\tEn \u00feeir a\u00f0rir synir Lev\u00ed sem afgangs voru af sonum Amram var S\u00fabael. En af sonum S\u00fabael var Jehdeja. En me\u00f0 sonum Rehab\u00eda var Jes\u00eda \u00feann fyrsti. En me\u00f0al Jesehariter var hans son Sl\u00f3m\u00f3t. En \u00e1 millum sona Sl\u00f3m\u00f3t var Jahat. Synir Hebron voru Jer\u00eda \u00feann fyrsti, Amar\u00eda s\u00e1 annar, Jehas\u00edel \u00feann \u00ferij\u00f0i, Jakmean s\u00e1 fj\u00f3r\u00f0i. Son \u00das\u00edel var M\u00edka. En me\u00f0 sonum M\u00edka var Sam\u00edr. Jes\u00eda var br\u00f3\u00f0ir M\u00edka. Me\u00f0 sonum Jes\u00eda var Sakar\u00eda. Synir Merar\u00ed voru \u00feeir Mahel\u00ed og M\u00fas\u00ed hvers son e\u00f0 var Jaes\u00eda. Son Merar\u00ed af Jaes\u00eda, hans son var S\u00f3ham, Sak\u00far og \u00cdbr\u00ed. <\/p>\n<p>\tEn Mahel\u00ed \u00e1tti Eleasar \u00fev\u00ed hann haf\u00f0i \u00f6ngvan son. Af K\u00eds: Sonur K\u00eds var Jerahmeel. Synir M\u00fas\u00ed voru Mahel\u00ed, Eder og Jerem\u00f3t. \u00deetta eru synir Lev\u00ed eftir \u00feeirra fe\u00f0ra h\u00fasum. Og \u00fear voru lag\u00f0ir hlutir yfir \u00fe\u00e1 hj\u00e1 \u00feeirra br\u00e6\u00f0rum, sonum Aron, fyrir Dav\u00ed\u00f0 k\u00f3ngi og Sad\u00f3k og Ah\u00edmelek og fyrir \u00feeim yppustu fe\u00f0rum \u00e1 me\u00f0al prestanna og Lev\u00edtanna, svo vel \u00feeim minnsta br\u00f3\u00f0ir sem \u00feeim yppasta me\u00f0al fe\u00f0ranna.<\/p>\n","protected":false},"excerpt":{"rendered":"<p>XXV. En \u00feessi var\u00f0 skikkan sona Aron. [ Synir Aron voru \u00feeir Nadab, Ab\u00edh\u00fa, Eleasar og \u00cdtamar. En Nadab og Ab\u00edh\u00fa d\u00f3u fyrr en \u00feeirra fa\u00f0ir og \u00e1ttu engin b\u00f6rn. En Eleasar og \u00cdtamar ur\u00f0u prestar. Og Dav\u00ed\u00f0 skipti \u00feeim Sad\u00f3k af sonum Eleasar og Ah\u00edmelek af sonum \u00cdtamar eftir \u00feeirra \u00f6lu og emb\u00e6tti. Og \u00fear voru miklu fleiri h\u00f6f\u00f0ingsmenn fundnir \u00e1 millum sona Eleasar en \u00e1 me\u00f0al sona \u00cdtamar. Og hann skipti \u00feeim so a\u00f0 sext\u00e1n voru af sonum Eleasar til h\u00f6f\u00f0ingja settir \u00ed \u00feeirra fe\u00f0ra h\u00fasi og \u00e1tta af sonum \u00cdtamar \u00ed \u00feeirra fe\u00f0ra h\u00fasi. [ Og hann <a href=\"https:\/\/biblian.is\/gudbrandsbiblia\/fyrri-kronikubok-25-kafli\/\"> [&#8230;]<\/a><\/p>\n","protected":false},"author":1,"featured_media":0,"parent":0,"menu_order":0,"comment_status":"open","ping_status":"open","template":"bibliukaflar.php","meta":{"footnotes":""},"class_list":["post-3055","page","type-page","status-publish","hentry"],"_links":{"self":[{"href":"https:\/\/biblian.is\/gudbrandsbiblia\/wp-json\/wp\/v2\/pages\/3055","targetHints":{"allow":["GET"]}}],"collection":[{"href":"https:\/\/biblian.is\/gudbrandsbiblia\/wp-json\/wp\/v2\/pages"}],"about":[{"href":"https:\/\/biblian.is\/gudbrandsbiblia\/wp-json\/wp\/v2\/types\/page"}],"author":[{"embeddable":true,"href":"https:\/\/biblian.is\/gudbrandsbiblia\/wp-json\/wp\/v2\/users\/1"}],"replies":[{"embeddable":true,"href":"https:\/\/biblian.is\/gudbrandsbiblia\/wp-json\/wp\/v2\/comments?post=3055"}],"version-history":[{"count":0,"href":"https:\/\/biblian.is\/gudbrandsbiblia\/wp-json\/wp\/v2\/pages\/3055\/revisions"}],"wp:attachment":[{"href":"https:\/\/biblian.is\/gudbrandsbiblia\/wp-json\/wp\/v2\/media?parent=3055"}],"curies":[{"name":"wp","href":"https:\/\/api.w.org\/{rel}","templated":true}]}}