{"id":3054,"date":"2017-12-18T18:32:32","date_gmt":"2017-12-18T18:32:32","guid":{"rendered":"http:\/\/biblian.is\/gudbrandsbiblia\/fyrri-kronikubok-24-kafli\/"},"modified":"2017-12-18T18:32:32","modified_gmt":"2017-12-18T18:32:32","slug":"fyrri-kronikubok-24-kafli","status":"publish","type":"page","link":"https:\/\/biblian.is\/gudbrandsbiblia\/fyrri-kronikubok-24-kafli\/","title":{"rendered":"Fyrri kron\u00edkub\u00f3k 24. kafli"},"content":{"rendered":"<p>XXIIII.<\/p>\n<p>Og Dav\u00ed\u00f0 samansafna\u00f0i \u00f6llum h\u00f6f\u00f0ingjum \u00ed \u00cdsrael og so prestum og Lev\u00edtum. <span class=\"athugasemd\" title=\"Skikkan e\u00f0ur orda Gu\u00f0s \u00fej\u00f3nustugj\u00f6r\u00f0ar\">[<\/span> Og hann l\u00e9t telja Lev\u00edtana, tv\u00edtuga og \u00fea\u00f0an af eldri. Og \u00feeirra tala, h\u00f6fu\u00f0 fyri h\u00f6fu\u00f0, var \u00e1tj\u00e1n og tuttugu \u00fe\u00fasundir hraustra manna. Af \u00feeim voru skikka\u00f0ar tv\u00e6r \u00fe\u00fasundir og tuttugu a\u00f0 \u00fej\u00f3na \u00ed Drottins h\u00fasi og sex \u00fe\u00fasund fyrirsj\u00f3narmenn og d\u00f3marar og fj\u00f3rar \u00fe\u00fasundir dyrav\u00f6rslumanna og fj\u00f3rar \u00fe\u00fasundir \u00feeirra sem lofa Drottin \u00e1 alls kyns hlj\u00f3\u00f0f\u00e6ri sem hann haf\u00f0i gj\u00f6rt til lofgj\u00f6r\u00f0ar. <span class=\"athugasemd\" title=\"Lev\u00edtanna emb\u00e6tti\">[<\/span> <\/p>\n<p>\tOg Dav\u00ed\u00f0 greindi \u00fe\u00e1 \u00ed sundur eftir sonum Lev\u00ed sem voru Gerson, Kahat og Merar\u00ed. <span class=\"athugasemd\" title=\"Gersoniter \/ Supra 6\">[<\/span> Synir Gerson voru Laedan og S\u00edme\u00ed. En synir Laedan: S\u00e1 fyrsti Jeh\u00edel, Setan og J\u00f3el, \u00feeir \u00fer\u00edr. En synir S\u00edme\u00ed voru Sal\u00f3m\u00edt, Has\u00edel og Haran, \u00feeir \u00fer\u00edr. \u00deessir voru \u00feeir h\u00f6f\u00f0ingjar \u00e1 me\u00f0al fe\u00f0ranna af Laedan. Og \u00feessir voru og so synir S\u00edme\u00ed: Jahat, S\u00edna, Je\u00fas og Br\u00eda, \u00feessir fj\u00f3rir voru og synir S\u00edme\u00ed: Jahat \u00feann fyrsti, S\u00edsa annar. En Je\u00fas og Br\u00eda h\u00f6f\u00f0u ekki marga sonu og \u00fev\u00ed voru \u00feeir reikna\u00f0ir fyrir eins f\u00f6\u00f0urs h\u00fas. <\/p>\n<p>\tSynir Kahat voru Amram, Jessehar, Hebron og \u00das\u00edel, \u00feeir fj\u00f3rir. <span class=\"athugasemd\" title=\"Synir Kahats \/ Exod. 6 \/ 1. Para. 7 \/ Exod. 29\">[<\/span> Synir Amram voru Aron og M\u00f3ses. Og Aron var\u00f0 fr\u00e1skilinn so a\u00f0 hann var helga\u00f0ur til \u00feess allrahelgasta, hann og hans synir \u00e6vinlega, a\u00f0 veifa reykelsi fyrir Drottni, a\u00f0 \u00fej\u00f3na og a\u00f0 blessa \u00ed Drottins nafni \u00e6vinlega. Synir M\u00f3se, \u00feess Gu\u00f0s manns, voru reikna\u00f0ir \u00ed Lev\u00edtanna \u00e6tt. <span class=\"athugasemd\" title=\"Synir M\u00f3ses\">[<\/span> Og hans synir voru Gerson og El\u00edeser. Synir Gerson: \u00deann fyrsti var Seb\u00fael. Synir El\u00edeser: \u00deann fyrsti var Rehabja. Og El\u00edeser haf\u00f0i \u00f6ngva a\u00f0ra sonu. En synir Rehabja voru mj\u00f6g margir. Synir Jesehar var Sal\u00f3m\u00edt \u00feann fyrsti. Synir Hebron voru Jer\u00eda \u00feann fyrsti, Amarja annar, \u00feri\u00f0ji Jesah\u00edel, fj\u00f3r\u00f0i Jakmeam. Synir \u00das\u00edel voru inn fyrsti M\u00edka og annar Jes\u00eda. <\/p>\n<p>\tSynir Merar\u00ed voru Mahel\u00ed og M\u00fas\u00ed. <span class=\"athugasemd\" title=\"Synir Merar\u00ed\">[<\/span> Synir Mahel\u00ed voru Eleassar og K\u00eds. Eleasar dey\u00f0i og haf\u00f0i ekkert afkv\u00e6mi af sonum til, utan d\u00e6tur, og synir K\u00eds, \u00feeirra br\u00e6\u00f0ur, t\u00f3ku \u00fe\u00e6r. Synir M\u00fas\u00ed voru Mahel\u00ed, Eder og Jerem\u00f3t, \u00feeir \u00fer\u00edr. \u00deetta eru synir Lev\u00ed me\u00f0al \u00feeirra fe\u00f0ra h\u00fasa og \u00feeir \u00e6\u00f0stu fe\u00f0ur sem a\u00f0 reikna\u00f0ir voru me\u00f0 n\u00f6fnum, h\u00f6fu\u00f0 fyrir h\u00f6fu\u00f0, hverjir a\u00f0 fr\u00f6mdu \u00fej\u00f3nustugj\u00f6r\u00f0ina \u00ed Drottins h\u00fasi, tuttugu \u00e1ra og \u00fea\u00f0an af eldri. \u00dev\u00ed Dav\u00ed\u00f0 sag\u00f0i: &#8222;Drottinn Israelis Gu\u00f0 hefur gefi\u00f0 s\u00ednu f\u00f3lki hv\u00edld og mun b\u00faa \u00ed Jer\u00fasalem \u00e6vinlega.&#8220;<\/p>\n<p>\tOg synir Lev\u00ed voru taldir \u00e1 me\u00f0al Lev\u00edtanna tv\u00edtugir og \u00fea\u00f0an af eldri, \u00feeir e\u00f0 ekki \u00feurftu a\u00f0 bera tjaldb\u00fa\u00f0ina og \u00f6ll hennar ker heldur eftir Dav\u00ed\u00f0s seinustu or\u00f0um: <span class=\"athugasemd\" title=\"Num. 1 \/ 2. Para. 35\">[<\/span> A\u00f0 \u00feeir skyldu standa undir Aronsona h\u00f6ndum til a\u00f0 \u00fej\u00f3na \u00ed Drottins h\u00fasi \u00fat \u00ed gar\u00f0inum og a\u00f0 kistunni og a\u00f0 hreinsuninni og a\u00f0 allsh\u00e1ttar helgid\u00f3mi, a\u00f0 allri \u00fej\u00f3nustugj\u00f6r\u00f0 \u00ed Drottins h\u00fasi: A\u00f0 sko\u00f0unarbrau\u00f0unum, a\u00f0 similiumj\u00f6linu, a\u00f0 matoffrinu, a\u00f0 \u00f3s\u00fdr\u00f0um k\u00f6kum, a\u00f0 p\u00f6nnum, a\u00f0 ristum, a\u00f0 \u00f6llum viktum og m\u00e6lir og a\u00f0 standa \u00e1 mornana a\u00f0 \u00feakka og lofa Drottin, eins og \u00e1 kveldin, og a\u00f0 f\u00e6ra Drottni allar brennif\u00f3rnir, \u00e1 \u00fevottd\u00f6gum, n\u00fdm\u00e1nu\u00f0um og h\u00e1t\u00ed\u00f0um, eftir t\u00f6lu og skikkan a\u00f0 alld\u00f6dli fyrir Drottni og a\u00f0 \u00feeir skyldu halda vakt hj\u00e1 vitnisbur\u00f0arins og helgid\u00f3msins tjaldb\u00fa\u00f0 og synir Aron og \u00feeirra br\u00e6\u00f0ur a\u00f0 \u00feeir \u00fej\u00f3ni \u00ed h\u00fasi Drottins.<\/p>\n","protected":false},"excerpt":{"rendered":"<p>XXIIII. Og Dav\u00ed\u00f0 samansafna\u00f0i \u00f6llum h\u00f6f\u00f0ingjum \u00ed \u00cdsrael og so prestum og Lev\u00edtum. [ Og hann l\u00e9t telja Lev\u00edtana, tv\u00edtuga og \u00fea\u00f0an af eldri. Og \u00feeirra tala, h\u00f6fu\u00f0 fyri h\u00f6fu\u00f0, var \u00e1tj\u00e1n og tuttugu \u00fe\u00fasundir hraustra manna. Af \u00feeim voru skikka\u00f0ar tv\u00e6r \u00fe\u00fasundir og tuttugu a\u00f0 \u00fej\u00f3na \u00ed Drottins h\u00fasi og sex \u00fe\u00fasund fyrirsj\u00f3narmenn og d\u00f3marar og fj\u00f3rar \u00fe\u00fasundir dyrav\u00f6rslumanna og fj\u00f3rar \u00fe\u00fasundir \u00feeirra sem lofa Drottin \u00e1 alls kyns hlj\u00f3\u00f0f\u00e6ri sem hann haf\u00f0i gj\u00f6rt til lofgj\u00f6r\u00f0ar. [ Og Dav\u00ed\u00f0 greindi \u00fe\u00e1 \u00ed sundur eftir sonum Lev\u00ed sem voru Gerson, Kahat og Merar\u00ed. [ Synir Gerson voru Laedan og S\u00edme\u00ed. <a href=\"https:\/\/biblian.is\/gudbrandsbiblia\/fyrri-kronikubok-24-kafli\/\"> [&#8230;]<\/a><\/p>\n","protected":false},"author":1,"featured_media":0,"parent":0,"menu_order":0,"comment_status":"open","ping_status":"open","template":"bibliukaflar.php","meta":{"footnotes":""},"class_list":["post-3054","page","type-page","status-publish","hentry"],"_links":{"self":[{"href":"https:\/\/biblian.is\/gudbrandsbiblia\/wp-json\/wp\/v2\/pages\/3054","targetHints":{"allow":["GET"]}}],"collection":[{"href":"https:\/\/biblian.is\/gudbrandsbiblia\/wp-json\/wp\/v2\/pages"}],"about":[{"href":"https:\/\/biblian.is\/gudbrandsbiblia\/wp-json\/wp\/v2\/types\/page"}],"author":[{"embeddable":true,"href":"https:\/\/biblian.is\/gudbrandsbiblia\/wp-json\/wp\/v2\/users\/1"}],"replies":[{"embeddable":true,"href":"https:\/\/biblian.is\/gudbrandsbiblia\/wp-json\/wp\/v2\/comments?post=3054"}],"version-history":[{"count":0,"href":"https:\/\/biblian.is\/gudbrandsbiblia\/wp-json\/wp\/v2\/pages\/3054\/revisions"}],"wp:attachment":[{"href":"https:\/\/biblian.is\/gudbrandsbiblia\/wp-json\/wp\/v2\/media?parent=3054"}],"curies":[{"name":"wp","href":"https:\/\/api.w.org\/{rel}","templated":true}]}}