{"id":3053,"date":"2017-12-18T18:32:32","date_gmt":"2017-12-18T18:32:32","guid":{"rendered":"http:\/\/biblian.is\/gudbrandsbiblia\/fyrri-kronikubok-23-kafli\/"},"modified":"2017-12-18T18:32:32","modified_gmt":"2017-12-18T18:32:32","slug":"fyrri-kronikubok-23-kafli","status":"publish","type":"page","link":"https:\/\/biblian.is\/gudbrandsbiblia\/fyrri-kronikubok-23-kafli\/","title":{"rendered":"Fyrri kron\u00edkub\u00f3k 23. kafli"},"content":{"rendered":"<p>XXIII.<\/p>\n<p>Og Dav\u00ed\u00f0 bau\u00f0 a\u00f0 samansafna \u00feeim \u00fatlendingum sem voru \u00ed Israelislandi og hann skikka\u00f0i af \u00feeim steinsmi\u00f0i a\u00f0 \u00fath\u00f6ggva steina til Gu\u00f0s h\u00fass bygging. <span class=\"athugasemd\" title=\"Dav\u00ed\u00f0 skikka\u00f0i efni til musterisbyggingar\">[<\/span> Og Dav\u00ed\u00f0 l\u00e9t tilb\u00faa miki\u00f0 j\u00e1rn til naglanna, til hur\u00f0anna \u00ed portunum og til alls \u00feess sem negla \u00feurfti og svo mikinn kopar a\u00f0 eigi var\u00f0 veginn. So og sedrustr\u00e9 \u00f3teljanleg \u00fev\u00ed a\u00f0 \u00feeir af S\u00eddon og Tyro f\u00e6r\u00f0u Dav\u00ed\u00f0 mikinn sedrusvi\u00f0. \u00dev\u00ed Dav\u00ed\u00f0 sag\u00f0i: &#8222;Minn son Sal\u00f3mon er barn og l\u00edtils m\u00e1ttar en h\u00fasi\u00f0 \u00fea\u00f0 sem Drottni \u00e1 a\u00f0 byggjast skal vera st\u00f3rt so a\u00f0 hans nafn og d\u00fdr\u00f0 upphefjist \u00ed \u00f6llum l\u00f6ndum. \u00dev\u00ed vil eg tilb\u00faa \u00fea\u00f0 sem hann \u00fearf.&#8220; Og Dav\u00ed\u00f0 samansafna\u00f0i miklum efnum \u00e1\u00f0ur en hann anda\u00f0ist.<\/p>\n<p>\tOg Dav\u00ed\u00f0 kalla\u00f0i sinn son Sal\u00f3mon fyrir sig og bau\u00f0 honum a\u00f0 byggja Drottins \u00cdsraels Gu\u00f0s h\u00fas og sag\u00f0i til hans: &#8222;Minn son, eg hefi haft \u00ed sinni a\u00f0 byggja nafni Drottins m\u00edns Gu\u00f0s eitt h\u00fas. En Drottins or\u00f0 kom til m\u00edn og sag\u00f0i: \u00de\u00fa hefur \u00fathellt miklu bl\u00f3\u00f0i og veri\u00f0 mikill bardagama\u00f0ur. \u00dear fyrir m\u00e1tt \u00fe\u00fa ekki byggja m\u00ednu nafni h\u00fas \u00fev\u00ed a\u00f0 \u00fe\u00fa hefur \u00fathellt miklu bl\u00f3\u00f0i \u00e1 j\u00f6r\u00f0 fyrir m\u00e9r. Sj\u00e1, s\u00e1 sonur sem \u00fe\u00e9r skal f\u00e6\u00f0ast hann skal vera kyrrl\u00e1tur ma\u00f0ur \u00fev\u00ed eg vil gefa honum hv\u00edld fyrir \u00f6llum hans \u00f3vinum allt um kring \u00fev\u00ed hann skal heita Sal\u00f3mon. \u00dev\u00ed eg vil gefa fri\u00f0 og r\u00f3 \u00ed \u00cdsrael um alla hans l\u00edfdaga. Og hann skal byggja m\u00ednu nafni h\u00fas. Hann skal vera minn sonur og eg vil vera hans fa\u00f0ir og hans konunglegan st\u00f3l vil eg sta\u00f0festa yfir \u00cdsrael \u00e6vinlega.<\/p>\n<p>\tN\u00fa \u00fear fyrir, minn son, s\u00e9 Drottinn me\u00f0 \u00fe\u00e9r og vert \u00fe\u00fa lukkusamur so a\u00f0 \u00fe\u00fa byggir Drottni \u00fe\u00ednum Gu\u00f0i eitt h\u00fas sem hann hefur tala\u00f0 um \u00feig. Drottinn mun og svo gefa \u00fe\u00e9r hyggindi og skilning og hann mun bj\u00f3\u00f0a \u00fe\u00e9r um \u00cdsrael a\u00f0 \u00fe\u00fa haldir Drottins Gu\u00f0s \u00fe\u00edns l\u00f6gm\u00e1l. \u00dev\u00ed \u00fe\u00e1 munt \u00fe\u00fa vera lukkusamur n\u00e6r \u00fe\u00fa heldur \u00feig til a\u00f0 gj\u00f6ra eftir \u00feeim bo\u00f0um og r\u00e9ttindum sem Gu\u00f0 bau\u00f0 M\u00f3se a\u00f0 l\u00e6ra \u00cdsrael. Ver hraustur og hugdjarfur, \u00f3ttast ekki og vert \u00f3hr\u00e6ddur. Sj\u00e1 \u00fe\u00fa, eg hefi \u00ed minni f\u00e1t\u00e6kt gefi\u00f0 til Drottins h\u00fass kostna\u00f0ar hundra\u00f0 \u00fe\u00fasund centener gulls og \u00fe\u00fasund sinnum \u00fe\u00fasund <span class=\"athugasemd\" title=\"a \/ (Centener) \/ er n\u00e6r eitt \u00fe\u00fasund Fl\u00f3rensgyllini, \u00ed sumum l\u00f6ndum nokku\u00f0 minna\">[<\/span> centener silfurs, \u00fear me\u00f0 kopar og j\u00e1rn \u00e1n t\u00f6lu \u00fev\u00ed \u00fea\u00f0 er meira en \u00fea\u00f0 ver\u00f0i reikna\u00f0. Eg hefi og \u00e6tla\u00f0 til tr\u00e9 og steina, \u00fear m\u00e1tt \u00fe\u00fa vi\u00f0 auka. So og hefur \u00fe\u00fa marga arfi\u00f0ara, steinh\u00f6ggvara og tr\u00e9smi\u00f0i b\u00e6\u00f0i \u00e1 tr\u00e9 og steina og allsh\u00e1tta\u00f0ar hagleiksmenn \u00e1 allra handa arfi\u00f0i, \u00e1 gull, silfur, kopar og j\u00e1rn, hva\u00f0 \u00f3teljanlegt er. Svo tak \u00feig n\u00fa upp og fullkomna \u00feetta. Drottinn mun vera me\u00f0 \u00fe\u00e9r.&#8220;<\/p>\n<p>\tOg Dav\u00ed\u00f0 bau\u00f0 \u00f6llum Israelish\u00f6f\u00f0ingjum a\u00f0 \u00feeir skyldu hj\u00e1lpa hans syni Sal\u00f3moni og sag\u00f0i: &#8222;Er eigi Drottinn y\u00f0ar Gu\u00f0 me\u00f0 y\u00f0ur og hefur hann ei gefi\u00f0 y\u00f0ur fri\u00f0 og r\u00f3 allra vegna? \u00dev\u00ed a\u00f0 hann hefur gefi\u00f0 landsins innbyggjara \u00ed y\u00f0ar hendur og landi\u00f0 er unni\u00f0 undir Drottin og undir hans f\u00f3lk. Svo gefi\u00f0 n\u00fa y\u00f0ar hj\u00f6rtu og y\u00f0ar s\u00e1lir til \u00feess a\u00f0 \u00fe\u00e9r leiti\u00f0 Drottins y\u00f0ars Gu\u00f0s. Og taki\u00f0 y\u00f0ur upp a\u00f0 byggja Drottni einn helgid\u00f3m \u00fear inn megi l\u00e1ta Drottins \u00f6rk og Gu\u00f0s heil\u00f6gu ker \u00ed h\u00fasi\u00f0 hvert e\u00f0 uppbyggjast skal nafninu Drottins.&#8220; Svo setti n\u00fa Dav\u00ed\u00f0 sinn son Sal\u00f3mon til k\u00f3ngs yfir \u00cdsrael \u00fe\u00e1 hann var or\u00f0inn gamall og saddur af l\u00edfd\u00f6gum. <span class=\"athugasemd\" title=\"Sal\u00f3mon k\u00f3ngur yfir \u00cdsrael\">[<\/span><\/p>\n","protected":false},"excerpt":{"rendered":"<p>XXIII. Og Dav\u00ed\u00f0 bau\u00f0 a\u00f0 samansafna \u00feeim \u00fatlendingum sem voru \u00ed Israelislandi og hann skikka\u00f0i af \u00feeim steinsmi\u00f0i a\u00f0 \u00fath\u00f6ggva steina til Gu\u00f0s h\u00fass bygging. [ Og Dav\u00ed\u00f0 l\u00e9t tilb\u00faa miki\u00f0 j\u00e1rn til naglanna, til hur\u00f0anna \u00ed portunum og til alls \u00feess sem negla \u00feurfti og svo mikinn kopar a\u00f0 eigi var\u00f0 veginn. So og sedrustr\u00e9 \u00f3teljanleg \u00fev\u00ed a\u00f0 \u00feeir af S\u00eddon og Tyro f\u00e6r\u00f0u Dav\u00ed\u00f0 mikinn sedrusvi\u00f0. \u00dev\u00ed Dav\u00ed\u00f0 sag\u00f0i: &#8222;Minn son Sal\u00f3mon er barn og l\u00edtils m\u00e1ttar en h\u00fasi\u00f0 \u00fea\u00f0 sem Drottni \u00e1 a\u00f0 byggjast skal vera st\u00f3rt so a\u00f0 hans nafn og d\u00fdr\u00f0 upphefjist \u00ed \u00f6llum l\u00f6ndum. <a href=\"https:\/\/biblian.is\/gudbrandsbiblia\/fyrri-kronikubok-23-kafli\/\"> [&#8230;]<\/a><\/p>\n","protected":false},"author":1,"featured_media":0,"parent":0,"menu_order":0,"comment_status":"open","ping_status":"open","template":"bibliukaflar.php","meta":{"footnotes":""},"class_list":["post-3053","page","type-page","status-publish","hentry"],"_links":{"self":[{"href":"https:\/\/biblian.is\/gudbrandsbiblia\/wp-json\/wp\/v2\/pages\/3053","targetHints":{"allow":["GET"]}}],"collection":[{"href":"https:\/\/biblian.is\/gudbrandsbiblia\/wp-json\/wp\/v2\/pages"}],"about":[{"href":"https:\/\/biblian.is\/gudbrandsbiblia\/wp-json\/wp\/v2\/types\/page"}],"author":[{"embeddable":true,"href":"https:\/\/biblian.is\/gudbrandsbiblia\/wp-json\/wp\/v2\/users\/1"}],"replies":[{"embeddable":true,"href":"https:\/\/biblian.is\/gudbrandsbiblia\/wp-json\/wp\/v2\/comments?post=3053"}],"version-history":[{"count":0,"href":"https:\/\/biblian.is\/gudbrandsbiblia\/wp-json\/wp\/v2\/pages\/3053\/revisions"}],"wp:attachment":[{"href":"https:\/\/biblian.is\/gudbrandsbiblia\/wp-json\/wp\/v2\/media?parent=3053"}],"curies":[{"name":"wp","href":"https:\/\/api.w.org\/{rel}","templated":true}]}}