{"id":3051,"date":"2017-12-18T18:32:28","date_gmt":"2017-12-18T18:32:28","guid":{"rendered":"http:\/\/biblian.is\/gudbrandsbiblia\/fyrri-kronikubok-21-kafli\/"},"modified":"2017-12-18T18:32:28","modified_gmt":"2017-12-18T18:32:28","slug":"fyrri-kronikubok-21-kafli","status":"publish","type":"page","link":"https:\/\/biblian.is\/gudbrandsbiblia\/fyrri-kronikubok-21-kafli\/","title":{"rendered":"Fyrri kron\u00edkub\u00f3k 21. kafli"},"content":{"rendered":"<p>XXI.<\/p>\n<p>Og \u00fe\u00e1 \u00e1ri\u00f0 var umli\u00f0i\u00f0 \u00e1 \u00feeim t\u00edma \u00fe\u00e1 k\u00f3ngar voru vanir a\u00f0 fara \u00ed herna\u00f0 \u00fe\u00e1 f\u00f3r J\u00f3ab me\u00f0 her og allan styrk herli\u00f0sins og eyddi land Amm\u00f3nsona og f\u00f3r og settist um borg Rabba. <span class=\"athugasemd\" title=\"2. Reg. 11 \/ Rabba \/ 2. Reg. 12\">[<\/span> En Dav\u00ed\u00f0 var\u00f0 eftir \u00ed Jer\u00fasalem. Og J\u00f3ab sl\u00f3 Rabba og braut hana ni\u00f0ur. Og Dav\u00ed\u00f0 t\u00f3k \u00feeirra k\u00f3ngs k\u00f3r\u00f3nu af hans h\u00f6f\u00f0i og h\u00fan v\u00f3g eitt centener gulls og var sett me\u00f0 d\u00fdrm\u00e6tustu gimsteinum og h\u00fan var sett \u00e1 Dav\u00ed\u00f0s h\u00f6fu\u00f0. Hann flutti og miki\u00f0 herfang af borginni. En f\u00f3lki\u00f0 \u00fea\u00f0 sem \u00fear var inni leiddi hann \u00fat og skipti \u00fev\u00ed \u00ed sundur me\u00f0 s\u00f6gum og me\u00f0 j\u00e1rnkr\u00f3kum og fleygum. So gj\u00f6r\u00f0i Dav\u00ed\u00f0 vi\u00f0 allar borgir Amm\u00f3nsona. Og Dav\u00ed\u00f0 f\u00f3r me\u00f0 f\u00f3lkinu heim aftur \u00ed Jer\u00fasalem.<\/p>\n<p>\t\u00dear eftir h\u00f3fst enn miki\u00f0 str\u00ed\u00f0 \u00ed m\u00f3ti Philisteis \u00ed Gaser. <span class=\"athugasemd\" title=\"2. Reg. 21\">[<\/span> \u00deann t\u00edma sl\u00f3 Sibeka\u00ed Husathiter \u00feann mann sem h\u00e9t S\u00edpa\u00ed sem var af risanna sonum og hann l\u00e6g\u00f0i \u00feeirra ofstopa. <span class=\"athugasemd\" title=\"Sibeka\u00ed \/ Sipa\u00ed\">[<\/span> Enn annan bardaga \u00e1tti hann vi\u00f0 Philisteis. \u00de\u00e1 sl\u00f3 Elhanan son Ja\u00edr Lahem\u00ed br\u00f3\u00f0ur Gol\u00edat Gathiter hvers spj\u00f3tskaft var sem einn vefjarrifur. <span class=\"athugasemd\" title=\"Elhanan \/ Lahem\u00ed\">[<\/span> Og enn aftur var\u00f0 bardagi \u00ed Gat. \u00dear var einn st\u00f3r ma\u00f0ur sem haf\u00f0i sex fingur og sex t\u00e6r, \u00feeir er a\u00f0 t\u00f6lu fj\u00f3rir og tuttugu. <span class=\"athugasemd\" title=\"einn st\u00f3r ma\u00f0ur\">[<\/span> Hann var og svo f\u00e6ddur af risakyni. Hann h\u00e6ddi a\u00f0 \u00cdsrael en J\u00f3natan son Semaja br\u00f3\u00f0ur Dav\u00ed\u00f0s sl\u00f3 hann \u00ed hel. <span class=\"athugasemd\" title=\"J\u00f3natan\">[<\/span> \u00deessir voru komnir af risunum \u00ed Gat og f\u00e9llu fyrir h\u00f6ndum Dav\u00ed\u00f0s og hans \u00fe\u00e9nara.<\/p>\n","protected":false},"excerpt":{"rendered":"<p>XXI. Og \u00fe\u00e1 \u00e1ri\u00f0 var umli\u00f0i\u00f0 \u00e1 \u00feeim t\u00edma \u00fe\u00e1 k\u00f3ngar voru vanir a\u00f0 fara \u00ed herna\u00f0 \u00fe\u00e1 f\u00f3r J\u00f3ab me\u00f0 her og allan styrk herli\u00f0sins og eyddi land Amm\u00f3nsona og f\u00f3r og settist um borg Rabba. [ En Dav\u00ed\u00f0 var\u00f0 eftir \u00ed Jer\u00fasalem. Og J\u00f3ab sl\u00f3 Rabba og braut hana ni\u00f0ur. Og Dav\u00ed\u00f0 t\u00f3k \u00feeirra k\u00f3ngs k\u00f3r\u00f3nu af hans h\u00f6f\u00f0i og h\u00fan v\u00f3g eitt centener gulls og var sett me\u00f0 d\u00fdrm\u00e6tustu gimsteinum og h\u00fan var sett \u00e1 Dav\u00ed\u00f0s h\u00f6fu\u00f0. Hann flutti og miki\u00f0 herfang af borginni. En f\u00f3lki\u00f0 \u00fea\u00f0 sem \u00fear var inni leiddi hann \u00fat og skipti \u00fev\u00ed <a href=\"https:\/\/biblian.is\/gudbrandsbiblia\/fyrri-kronikubok-21-kafli\/\"> [&#8230;]<\/a><\/p>\n","protected":false},"author":1,"featured_media":0,"parent":0,"menu_order":0,"comment_status":"open","ping_status":"open","template":"bibliukaflar.php","meta":{"footnotes":""},"class_list":["post-3051","page","type-page","status-publish","hentry"],"_links":{"self":[{"href":"https:\/\/biblian.is\/gudbrandsbiblia\/wp-json\/wp\/v2\/pages\/3051","targetHints":{"allow":["GET"]}}],"collection":[{"href":"https:\/\/biblian.is\/gudbrandsbiblia\/wp-json\/wp\/v2\/pages"}],"about":[{"href":"https:\/\/biblian.is\/gudbrandsbiblia\/wp-json\/wp\/v2\/types\/page"}],"author":[{"embeddable":true,"href":"https:\/\/biblian.is\/gudbrandsbiblia\/wp-json\/wp\/v2\/users\/1"}],"replies":[{"embeddable":true,"href":"https:\/\/biblian.is\/gudbrandsbiblia\/wp-json\/wp\/v2\/comments?post=3051"}],"version-history":[{"count":0,"href":"https:\/\/biblian.is\/gudbrandsbiblia\/wp-json\/wp\/v2\/pages\/3051\/revisions"}],"wp:attachment":[{"href":"https:\/\/biblian.is\/gudbrandsbiblia\/wp-json\/wp\/v2\/media?parent=3051"}],"curies":[{"name":"wp","href":"https:\/\/api.w.org\/{rel}","templated":true}]}}