{"id":3049,"date":"2017-12-18T18:32:28","date_gmt":"2017-12-18T18:32:28","guid":{"rendered":"http:\/\/biblian.is\/gudbrandsbiblia\/fyrri-kronikubok-19-kafli\/"},"modified":"2017-12-18T18:32:28","modified_gmt":"2017-12-18T18:32:28","slug":"fyrri-kronikubok-19-kafli","status":"publish","type":"page","link":"https:\/\/biblian.is\/gudbrandsbiblia\/fyrri-kronikubok-19-kafli\/","title":{"rendered":"Fyrri kron\u00edkub\u00f3k 19. kafli"},"content":{"rendered":"<p>XIX.<\/p>\n<p>Eftir \u00feetta sl\u00f3 Dav\u00ed\u00f0 Philisteos og undirlag\u00f0i \u00fe\u00e1. <span class=\"athugasemd\" title=\"2. Reg. 8 \/ Philistei, Moabite, Haddeser og Syri af Dav\u00ed\u00f0 slegnir\">[<\/span> Hann t\u00f3k (borg) Gat og hennar d\u00e6tur af hendi Philistinorum. <\/p>\n<p>\tHann sl\u00f3 og \u00fe\u00e1 Moabiter svo a\u00f0 Dav\u00ed\u00f0 gj\u00f6r\u00f0i \u00fe\u00e1 s\u00e9r undirgefna og \u00feeir f\u00e6r\u00f0u honum skenkingar.<\/p>\n<p>\tHann sl\u00f3 Hadadeser k\u00f3nginn af S\u00f3ba \u00ed Hemat \u00fe\u00e1 hann f\u00f3r a\u00f0 \u00fatv\u00ed\u00f0ka sitt r\u00edki af vatninu Euphrates. Og Dav\u00ed\u00f0 vann \u00fe\u00fasund vagna fr\u00e1 honum og sj\u00f6 \u00fe\u00fasund riddara og tuttugu \u00fe\u00fasund f\u00f3tg\u00f6nguli\u00f0s. Og Dav\u00ed\u00f0 lesti alla \u00feeirra vagna en h\u00e9lt eftir hundra\u00f0 v\u00f6gnum.<\/p>\n<p>\tOg \u00feeir Syri af Damasco komu til li\u00f0s vi\u00f0 Hadadesser k\u00f3nginn af S\u00f3ba. En Dav\u00ed\u00f0 sl\u00f3 af \u00feeim Syris tv\u00e6r og tuttugu \u00fe\u00fasundir manna. Og hann setti f\u00f3lk \u00ed Damasco \u00ed Syria og \u00feeir Syri ur\u00f0u Dav\u00ed\u00f0 undirgefnir og f\u00e6r\u00f0u honum skenkingar. \u00dev\u00ed a\u00f0 Drottinn hj\u00e1lpa\u00f0i Dav\u00ed\u00f0 hvert helst sem hann f\u00f3r. Dav\u00ed\u00f0 t\u00f3k og \u00fe\u00e1 gullskj\u00f6ldu sem Hadadesers \u00fe\u00e9narar h\u00f6f\u00f0u haft og flutti \u00fe\u00e1 til Jer\u00fasalem. Dav\u00ed\u00f0 t\u00f3k og af borgum Hadadeser, T\u00edbebat og K\u00fan, mj\u00f6g mikinn kopar af hverjum Sal\u00f3mon gj\u00f6r\u00f0i \u00fea\u00f0 koparhafi\u00f0, st\u00f3lpana og \u00feau koparkerin. <\/p>\n<p>\tEn sem k\u00f3ngurinn T\u00f3g\u00fa af Hemat heyr\u00f0i \u00fea\u00f0 a\u00f0 Dav\u00ed\u00f0 haf\u00f0i slegi\u00f0 og ni\u00f0ur lagt alla magt k\u00f3ngsins Hadadeser af S\u00f3ba \u00fe\u00e1 sendi hann sinn son Had\u00f3ram til Dav\u00ed\u00f0s k\u00f3ngs og l\u00e9t heilsa honum og <span class=\"athugasemd\" title=\"a \/ Blessa \/ \u00dea\u00f0 er, lukku og velfer\u00f0ar a\u00f0 \u00f3ska\">[<\/span> blessa, a\u00f0 hann haf\u00f0i barist vi\u00f0 Hadadeser og sigra\u00f0 hann \u00fev\u00ed a\u00f0 T\u00f3g\u00fa haf\u00f0i \u00e1tt \u00f3fri\u00f0 vi\u00f0 hann. <span class=\"athugasemd\" title=\"T\u00f3g\u00fa \/ 2. Reg. 8\">[<\/span> <\/p>\n<p>\tOg Dav\u00ed\u00f0 k\u00f3ngur helga\u00f0i Drottni \u00f6ll \u00feau gullker, silfurker og koparker og \u00fea\u00f0 silfur og gull sem hann haf\u00f0i teki\u00f0 fr\u00e1 hei\u00f0ingjunum, hverjir e\u00f0 voru Edomiter, Moabiter, Ammoniter, Philistei og Amalek\u00edtar.<\/p>\n<p>\tEn Ab\u00edsa\u00ed son Ser\u00faja sl\u00f3 \u00e1tj\u00e1n \u00fe\u00fasundir af \u00feeim Edomitis \u00ed Saltdalnum og setti f\u00f3lk eftir \u00ed Idumea svo a\u00f0 allir Idumei voru Dav\u00ed\u00f0 undirgefnir. <span class=\"athugasemd\" title=\"Edomiter \/ \u00c1tj\u00e1n \u00fe\u00fasundir slegnir\">[<\/span> \u00dev\u00ed Drottinn hj\u00e1lpa\u00f0i Dav\u00ed\u00f0 hvert helst sem hann f\u00f3r. Svo r\u00edkti n\u00fa Dav\u00ed\u00f0 yfir allan \u00cdsraelsl\u00fd\u00f0 og d\u00e6mdi l\u00f6g og r\u00e9ttindi \u00f6llu s\u00ednu f\u00f3lki.<\/p>\n<p>\tJ\u00f3ab son Ser\u00faja var hersh\u00f6f\u00f0ingi. <span class=\"athugasemd\" title=\"Emb\u00e6ttismenn Dav\u00ed\u00f0s\">[<\/span> J\u00f3safat son Ah\u00edl\u00fa\u00f0 var canzeler. Sad\u00f3k son Ak\u00edt\u00f3b og Ab\u00edmelek son Abjatar voru kennimenn. S\u00fasa var ritari. Benaja son J\u00f3jada var settur yfir Chreti og Plethi. Og fyrstu synir Dav\u00ed\u00f0s voru \u00e6t\u00ed\u00f0 hj\u00e1 k\u00f3ngsins h\u00f6nd.<\/p>\n","protected":false},"excerpt":{"rendered":"<p>XIX. Eftir \u00feetta sl\u00f3 Dav\u00ed\u00f0 Philisteos og undirlag\u00f0i \u00fe\u00e1. [ Hann t\u00f3k (borg) Gat og hennar d\u00e6tur af hendi Philistinorum. Hann sl\u00f3 og \u00fe\u00e1 Moabiter svo a\u00f0 Dav\u00ed\u00f0 gj\u00f6r\u00f0i \u00fe\u00e1 s\u00e9r undirgefna og \u00feeir f\u00e6r\u00f0u honum skenkingar. Hann sl\u00f3 Hadadeser k\u00f3nginn af S\u00f3ba \u00ed Hemat \u00fe\u00e1 hann f\u00f3r a\u00f0 \u00fatv\u00ed\u00f0ka sitt r\u00edki af vatninu Euphrates. Og Dav\u00ed\u00f0 vann \u00fe\u00fasund vagna fr\u00e1 honum og sj\u00f6 \u00fe\u00fasund riddara og tuttugu \u00fe\u00fasund f\u00f3tg\u00f6nguli\u00f0s. Og Dav\u00ed\u00f0 lesti alla \u00feeirra vagna en h\u00e9lt eftir hundra\u00f0 v\u00f6gnum. Og \u00feeir Syri af Damasco komu til li\u00f0s vi\u00f0 Hadadesser k\u00f3nginn af S\u00f3ba. En Dav\u00ed\u00f0 sl\u00f3 af \u00feeim Syris <a href=\"https:\/\/biblian.is\/gudbrandsbiblia\/fyrri-kronikubok-19-kafli\/\"> [&#8230;]<\/a><\/p>\n","protected":false},"author":1,"featured_media":0,"parent":0,"menu_order":0,"comment_status":"open","ping_status":"open","template":"bibliukaflar.php","meta":{"footnotes":""},"class_list":["post-3049","page","type-page","status-publish","hentry"],"_links":{"self":[{"href":"https:\/\/biblian.is\/gudbrandsbiblia\/wp-json\/wp\/v2\/pages\/3049","targetHints":{"allow":["GET"]}}],"collection":[{"href":"https:\/\/biblian.is\/gudbrandsbiblia\/wp-json\/wp\/v2\/pages"}],"about":[{"href":"https:\/\/biblian.is\/gudbrandsbiblia\/wp-json\/wp\/v2\/types\/page"}],"author":[{"embeddable":true,"href":"https:\/\/biblian.is\/gudbrandsbiblia\/wp-json\/wp\/v2\/users\/1"}],"replies":[{"embeddable":true,"href":"https:\/\/biblian.is\/gudbrandsbiblia\/wp-json\/wp\/v2\/comments?post=3049"}],"version-history":[{"count":0,"href":"https:\/\/biblian.is\/gudbrandsbiblia\/wp-json\/wp\/v2\/pages\/3049\/revisions"}],"wp:attachment":[{"href":"https:\/\/biblian.is\/gudbrandsbiblia\/wp-json\/wp\/v2\/media?parent=3049"}],"curies":[{"name":"wp","href":"https:\/\/api.w.org\/{rel}","templated":true}]}}