{"id":3047,"date":"2017-12-18T18:32:28","date_gmt":"2017-12-18T18:32:28","guid":{"rendered":"http:\/\/biblian.is\/gudbrandsbiblia\/fyrri-kronikubok-17-kafli\/"},"modified":"2017-12-18T18:32:28","modified_gmt":"2017-12-18T18:32:28","slug":"fyrri-kronikubok-17-kafli","status":"publish","type":"page","link":"https:\/\/biblian.is\/gudbrandsbiblia\/fyrri-kronikubok-17-kafli\/","title":{"rendered":"Fyrri kron\u00edkub\u00f3k 17. kafli"},"content":{"rendered":"<p>XVII.<\/p>\n<p>En sem \u00feeir h\u00f6f\u00f0u n\u00fa inn f\u00e6rt Gu\u00f0s \u00f6rk settu \u00feeir hana \u00ed tjaldb\u00fa\u00f0ina \u00fe\u00e1 sem Dav\u00ed\u00f0 haf\u00f0i gj\u00f6ra l\u00e1ti\u00f0 og f\u00e6r\u00f0u brennif\u00f3rnir og \u00feakkl\u00e6tisf\u00f3rnir fyrir Gu\u00f0i. <span class=\"athugasemd\" title=\"2. Reg. 6\">[<\/span> En sem Dav\u00ed\u00f0 haf\u00f0i fullkomna\u00f0 \u00feakkl\u00e6tisoffri\u00f0 og brennioffri\u00f0 \u00fe\u00e1 blessa\u00f0i hann f\u00f3lki\u00f0 \u00ed nafni Drottins. Og hann \u00fatskipti s\u00e9rhverjum manni \u00ed \u00cdsrael, b\u00e6\u00f0i k\u00f6rlum og konum, einu brau\u00f0i og einu stykki af kj\u00f6ti og einnri nyt fullri v\u00edns. <\/p>\n<p>\tOg hann setti nokkra af Lev\u00edtunum fyrir \u00f6rk Drottins til a\u00f0 \u00fej\u00f3na \u00fear, a\u00f0 pr\u00edsa, vegsama og lofa Drottin Gu\u00f0 \u00cdsraels, sem var Assaf s\u00e1 fyrsti, annar Sakar\u00eda, Je\u00edel, Sem\u00edram\u00f3t, Je\u00edel, Matitja, El\u00edab, Benaja, \u00d3be\u00f0 Ed\u00f3m og Je\u00edel, me\u00f0 psallterio og h\u00f6rpum og Assaf me\u00f0 vel hlj\u00f3\u00f0andi cymbalis og Benaja og Jehas\u00edel prestar me\u00f0 trametum, allt\u00ed\u00f0 fyrir Gu\u00f0s s\u00e1ttm\u00e1ls\u00f6rk.<\/p>\n<p>\t\u00c1 \u00feeim t\u00edma samdi Dav\u00ed\u00f0 fyrst til \u00feakkl\u00e6tis Drottni fyrir Assaf og hans br\u00e6\u00f0ur:<\/p>\n<p>\t\u00deakki\u00f0 Drottni, bo\u00f0i\u00f0 hans nafn, kunngj\u00f6ri\u00f0 hans gj\u00f6rninga me\u00f0al f\u00f3lksins. <span class=\"athugasemd\" title=\"Psal. 105\">[<\/span> <\/p>\n<p>\tSyngi\u00f0, spili\u00f0 og dikti\u00f0 um \u00f6ll hans d\u00e1semdarverk. <\/p>\n<p>\tVegsami\u00f0 hans heilaga nafn, \u00feeirra hj\u00f6rtu gle\u00f0ji sig sem leita a\u00f0 Drottni.<\/p>\n<p>\tLeiti\u00f0 a\u00f0 Drottni og a\u00f0 hans magt, leiti\u00f0 \u00e6t\u00ed\u00f0 eftir hans andliti.<\/p>\n<p>\tMinnist \u00e1 hans d\u00e1semdarverk sem hann hefur gj\u00f6rt, \u00e1 hans st\u00f3rmerki og \u00e1 hans or\u00f0.<\/p>\n<p>\tIsraelis s\u00e6\u00f0i, hans \u00fej\u00f3nar, \u00fe\u00e9r synir Jakobs, hans \u00fatvaldir.<\/p>\n<p>\tHann er Drottinn vor Gu\u00f0, hann er d\u00f3mari yfir allri ver\u00f6ldinni.<\/p>\n<p>\tMinnist \u00e6vinlega \u00e1 hans s\u00e1ttm\u00e1la, hva\u00f0 hann hefur lofa\u00f0 \u00ed \u00fe\u00fasund \u00e6ttir,<\/p>\n<p>\thvern hann gj\u00f6r\u00f0i vi\u00f0 Abraham, og \u00e1 hans ei\u00f0 vi\u00f0 \u00cdsak.<\/p>\n<p>\tOg hann setti \u00fea\u00f0 Jakob til eins bo\u00f0or\u00f0s og \u00cdsrael til eins eil\u00edfs s\u00e1ttm\u00e1la<\/p>\n<p>\tog sag\u00f0i: &#8222;Eg vil gefa \u00fe\u00e9r Kanaansland, y\u00f0art erf\u00f0ahlutskipti.&#8220;<\/p>\n<p>\t\u00de\u00e1 \u00fe\u00e9r voru\u00f0 f\u00e1ir a\u00f0 t\u00f6lu og litlir og \u00fatlendir \u00fear inni.<\/p>\n<p>\tOg \u00feeir dr\u00f3gu fr\u00e1 einu f\u00f3lki til annars og fr\u00e1 einu k\u00f3ngar\u00edki til annars f\u00f3lks.<\/p>\n<p>\t\u00d6ngvan mann l\u00e9t hann \u00feeim ska\u00f0a gj\u00f6ra og hann straffa\u00f0i k\u00f3ngana fyrir \u00feeirra skuld:<\/p>\n<p>\t&#8222;Komi\u00f0 ei vi\u00f0 m\u00edna smur\u00f0a og gj\u00f6ri\u00f0 m\u00ednum sp\u00e1m\u00f6nnum ekkert illt.&#8220;<\/p>\n<p>\t\u00d6ll l\u00f6nd, syngi\u00f0 Drottni, kunngj\u00f6ri\u00f0 daglega hans hj\u00e1lpr\u00e1\u00f0.<\/p>\n<p>\tFramtelji\u00f0 hans d\u00fdr\u00f0 me\u00f0al hei\u00f0ingjanna og d\u00e1semdarverk hans \u00e1 me\u00f0al f\u00f3lksins. <span class=\"athugasemd\" title=\"Psal. 96\">[<\/span><\/p>\n<p>\t\u00dev\u00ed a\u00f0 Drottinn er mikill og mj\u00f6g loflegur og d\u00fdrlegur yfir alla a\u00f0ra gu\u00f0i.<\/p>\n<p>\tAllir hei\u00f0ingjanna gu\u00f0ir eru sk\u00fargo\u00f0 en Drottinn gj\u00f6r\u00f0i himnana.<\/p>\n<p>\t\u00dear er d\u00fdr\u00f0 og vegsemd fyrir honum, magt og f\u00f6gnu\u00f0ur \u00ed hans sta\u00f0.<\/p>\n<p>\t\u00de\u00e9r \u00fej\u00f3\u00f0ir, f\u00e6ri\u00f0 Drottni hinga\u00f0, f\u00e6ri\u00f0 Drottni hinga\u00f0 hei\u00f0ur og magt.<\/p>\n<p>\tVeiti\u00f0 d\u00fdr\u00f0 Drottins nafni, veiti\u00f0 honum g\u00e1fur og komi\u00f0 fyrir hann og tilbij\u00f0i\u00f0 Drottin \u00ed heilagri pr\u00fd\u00f0i.<\/p>\n<p>\t\u00d6ll ver\u00f6ldin \u00f3ttist hann. Hann tilreiddi jar\u00f0arkringluna a\u00f0 h\u00fan skyldi ekki hr\u00e6rast.<\/p>\n<p>\tHiminninn gle\u00f0ji sig og j\u00f6r\u00f0in fagni og segi menn me\u00f0al hei\u00f0ingjanna: &#8222;Drottinn r\u00edkir.&#8220;<\/p>\n<p>\tHafi\u00f0 \u00fej\u00f3ti upp og hva\u00f0 \u00fear inni er og akrarnir gle\u00f0ji sig og allt sem er \u00e1 \u00feeim.<\/p>\n<p>\tL\u00e1ti\u00f0 og \u00f6ll tr\u00e9 gle\u00f0ja sig \u00ed sk\u00f3ginum fyrir Drottni \u00fev\u00ed hann kemur a\u00f0 d\u00e6ma j\u00f6r\u00f0ina.<\/p>\n<p>\t\u00deakki \u00fe\u00e9r Drottni \u00fev\u00ed a\u00f0 hann er g\u00f3\u00f0ur og hans miskunnsemi varir a\u00f0 eil\u00edfu <\/p>\n<p>\tog segi\u00f0: &#8222;Hj\u00e1lpi oss Gu\u00f0 vor frelsari og samansafni oss og frelsi oss fr\u00e1 hei\u00f0ingjunum svo v\u00e9r m\u00e6ttum \u00feakka \u00fe\u00ednu heilaga nafni og \u00fe\u00e9r lof segja.&#8220;<\/p>\n<p>\tLofa\u00f0ur s\u00e9 Drottinn \u00cdsraels Gu\u00f0 fr\u00e1 eil\u00edf til eil\u00edf\u00f0ar. Og allt f\u00f3lki\u00f0 segi: &#8222;Amen&#8220; og lofi Drottin.<\/p>\n<p>\tSvo l\u00e9t hann n\u00fa Assaf og hans br\u00e6\u00f0ur \u00fear eftir hj\u00e1 s\u00e1ttm\u00e1ls\u00f6rkinni Drottins a\u00f0 \u00fej\u00f3na fyrir \u00f6rkinni allt\u00ed\u00f0 hvern dag til skiptis. En \u00d3be\u00f0 Ed\u00f3m og hans br\u00e6\u00f0ur, \u00e1tta og sext\u00edgi, og \u00d3be\u00f0 Ed\u00f3m son Jed\u00edt\u00fan og H\u00f3sa setti hann dyraver\u00f0i.<\/p>\n<p>\tEn Sad\u00f3k kennimann og hans br\u00e6\u00f0ur prestana skikka\u00f0i hann fyrir Drottins tjaldb\u00fa\u00f0 \u00e1 h\u00e6\u00f0ina \u00ed G\u00edbeon a\u00f0 \u00feeir skyldu daglega offra Drottni brennif\u00f3rnir yfir brennif\u00f3rnaraltari kveld og morgin sem \u00fea\u00f0 stendur skrifa\u00f0 \u00ed Drottins l\u00f6gm\u00e1li sem hann bau\u00f0 \u00cdsrael og Heman og Jed\u00edt\u00fan me\u00f0 \u00feeim og \u00fe\u00e1 a\u00f0ra \u00fatvalda sem me\u00f0 nafni voru nefndir til a\u00f0 \u00feakka Drottni a\u00f0 hans miskunnsemd varir eil\u00edflega. <span class=\"athugasemd\" title=\"Skipanir \u00feeirra \u00fe\u00e9nara sem \u00fej\u00f3nu\u00f0u fyrir aurkinni\">[<\/span> Og Heman og Jed\u00edt\u00fan sungu me\u00f0 trametum og cymbalis og me\u00f0 Gu\u00f0s strengleikum. En hann setti syni Jed\u00edt\u00fan til dyravar\u00f0haldsmanna. S\u00ed\u00f0an gekk allt f\u00f3lki\u00f0 \u00ed burt, hver \u00ed sitt h\u00fas. Dav\u00ed\u00f0 sneri og \u00ed burt a\u00f0 blessa sitt h\u00fas.<\/p>\n","protected":false},"excerpt":{"rendered":"<p>XVII. En sem \u00feeir h\u00f6f\u00f0u n\u00fa inn f\u00e6rt Gu\u00f0s \u00f6rk settu \u00feeir hana \u00ed tjaldb\u00fa\u00f0ina \u00fe\u00e1 sem Dav\u00ed\u00f0 haf\u00f0i gj\u00f6ra l\u00e1ti\u00f0 og f\u00e6r\u00f0u brennif\u00f3rnir og \u00feakkl\u00e6tisf\u00f3rnir fyrir Gu\u00f0i. [ En sem Dav\u00ed\u00f0 haf\u00f0i fullkomna\u00f0 \u00feakkl\u00e6tisoffri\u00f0 og brennioffri\u00f0 \u00fe\u00e1 blessa\u00f0i hann f\u00f3lki\u00f0 \u00ed nafni Drottins. Og hann \u00fatskipti s\u00e9rhverjum manni \u00ed \u00cdsrael, b\u00e6\u00f0i k\u00f6rlum og konum, einu brau\u00f0i og einu stykki af kj\u00f6ti og einnri nyt fullri v\u00edns. Og hann setti nokkra af Lev\u00edtunum fyrir \u00f6rk Drottins til a\u00f0 \u00fej\u00f3na \u00fear, a\u00f0 pr\u00edsa, vegsama og lofa Drottin Gu\u00f0 \u00cdsraels, sem var Assaf s\u00e1 fyrsti, annar Sakar\u00eda, Je\u00edel, Sem\u00edram\u00f3t, Je\u00edel, Matitja, El\u00edab, <a href=\"https:\/\/biblian.is\/gudbrandsbiblia\/fyrri-kronikubok-17-kafli\/\"> [&#8230;]<\/a><\/p>\n","protected":false},"author":1,"featured_media":0,"parent":0,"menu_order":0,"comment_status":"open","ping_status":"open","template":"bibliukaflar.php","meta":{"footnotes":""},"class_list":["post-3047","page","type-page","status-publish","hentry"],"_links":{"self":[{"href":"https:\/\/biblian.is\/gudbrandsbiblia\/wp-json\/wp\/v2\/pages\/3047","targetHints":{"allow":["GET"]}}],"collection":[{"href":"https:\/\/biblian.is\/gudbrandsbiblia\/wp-json\/wp\/v2\/pages"}],"about":[{"href":"https:\/\/biblian.is\/gudbrandsbiblia\/wp-json\/wp\/v2\/types\/page"}],"author":[{"embeddable":true,"href":"https:\/\/biblian.is\/gudbrandsbiblia\/wp-json\/wp\/v2\/users\/1"}],"replies":[{"embeddable":true,"href":"https:\/\/biblian.is\/gudbrandsbiblia\/wp-json\/wp\/v2\/comments?post=3047"}],"version-history":[{"count":0,"href":"https:\/\/biblian.is\/gudbrandsbiblia\/wp-json\/wp\/v2\/pages\/3047\/revisions"}],"wp:attachment":[{"href":"https:\/\/biblian.is\/gudbrandsbiblia\/wp-json\/wp\/v2\/media?parent=3047"}],"curies":[{"name":"wp","href":"https:\/\/api.w.org\/{rel}","templated":true}]}}