{"id":3046,"date":"2017-12-18T18:32:28","date_gmt":"2017-12-18T18:32:28","guid":{"rendered":"http:\/\/biblian.is\/gudbrandsbiblia\/fyrri-kronikubok-16-kafli\/"},"modified":"2017-12-18T18:32:28","modified_gmt":"2017-12-18T18:32:28","slug":"fyrri-kronikubok-16-kafli","status":"publish","type":"page","link":"https:\/\/biblian.is\/gudbrandsbiblia\/fyrri-kronikubok-16-kafli\/","title":{"rendered":"Fyrri kron\u00edkub\u00f3k 16. kafli"},"content":{"rendered":"<p>XVI.<\/p>\n<p>Og hann bygg\u00f0i s\u00e9r eitt h\u00fas \u00ed borg Dav\u00ed\u00f0s og hann tilreiddi \u00feann sta\u00f0 \u00fear e\u00f0 Gu\u00f0s \u00f6rk skyldi standa og bygg\u00f0i eina tjaldb\u00fa\u00f0 yfir henni? <span class=\"athugasemd\" title=\"Dav\u00ed\u00f0 b\u00fdr um Gu\u00f0s aurk \/ 2. Reg. 6 \/ Num. 4\">[<\/span> \u00de\u00e1 sag\u00f0i Dav\u00ed\u00f0: &#8222;Enginn skal bera Gu\u00f0s \u00f6rk nema Lev\u00edtarnir. \u00dev\u00ed a\u00f0 Drottinn \u00fatvaldi \u00fe\u00e1 til a\u00f0 bera Gu\u00f0s \u00f6rk og a\u00f0 \u00fej\u00f3na honum \u00e6vinlega.&#8220; Og \u00fev\u00ed safna\u00f0i Dav\u00ed\u00f0 \u00f6llum \u00cdsrael til samans \u00ed Jer\u00fasalem a\u00f0 \u00feeir skyldu flytja Gu\u00f0s \u00f6rk upp til \u00feess sta\u00f0ar sem hann haf\u00f0i henni tilreitt. <\/p>\n<p>\tOg Dav\u00ed\u00f0 samankalla\u00f0i syni Aron og Lev\u00edtana. <span class=\"athugasemd\" title=\"Prestar og Lev\u00edtar \u00fatvaldir a\u00f0 bera Gu\u00f0s aurk\">[<\/span> Af sonum Kahat var h\u00f6f\u00f0ingi \u00dar\u00edel me\u00f0 hans br\u00e6\u00f0rum, hundra\u00f0 og tuttugu. Af sonum Merar\u00ed var Asaja h\u00f6f\u00f0ingi me\u00f0 hans br\u00e6\u00f0rum, tv\u00f6 hundru\u00f0 og tuttugu. Af sonum Gerson: J\u00f3el hersh\u00f6f\u00f0ingi me\u00f0 hans br\u00e6\u00f0rum, hundra\u00f0 og \u00ferj\u00e1t\u00edgi. Af sonum El\u00edsafan: Semaja h\u00f6f\u00f0ingi me\u00f0 hans br\u00e6\u00f0rum, tv\u00f6 hundru\u00f0. Af sonum Hebron: El\u00edel h\u00f6f\u00f0ingi me\u00f0 hans br\u00e6\u00f0rum, \u00e1ttat\u00edgi. Af sonum \u00das\u00edel: Am\u00ednadab me\u00f0 hans br\u00e6\u00f0rum, hundra\u00f0 og t\u00f3lf.<\/p>\n<p>\tOg Dav\u00ed\u00f0 kalla\u00f0i Sad\u00f3k og Abjatar kennimenn og Lev\u00edtana sem voru \u00dar\u00edel, Asaja, J\u00f3el, Semaja, El\u00edel og Am\u00ednadab og sag\u00f0i til \u00feeirra: &#8222;\u00de\u00e9r sem eru\u00f0 \u00feeir yppustu fe\u00f0ur Lev\u00edtanna, helgi\u00f0 y\u00f0ur n\u00fa me\u00f0 y\u00f0ar br\u00e6\u00f0rum so \u00fe\u00e9r beri\u00f0 Drottins \u00cdsraels Gu\u00f0s \u00f6rk upp hinga\u00f0 \u00ed \u00feann sta\u00f0 sem eg hefi tilreitt henni. \u00dev\u00ed \u00e1\u00f0ur \u00fe\u00e1 \u00feessir voru ekki n\u00e1l\u00e6gir \u00fe\u00e1 gj\u00f6r\u00f0i Drottinn vor Gu\u00f0 eitt skar\u00f0 \u00e1 me\u00f0al vor \u00fev\u00ed a\u00f0 v\u00e9r leitu\u00f0um ekki hans svo sem oss bar.&#8220; So helgu\u00f0u sig n\u00fa prestarnir og Lev\u00edtarnir a\u00f0 \u00feeir b\u00e6ri Gu\u00f0s Israelis \u00f6rk. Og Lev\u00edtarnir b\u00e1ru hana \u00e1 s\u00ednum \u00f6xlum \u00e1 st\u00f6ngunum so sem M\u00f3ses haf\u00f0i bo\u00f0i\u00f0 eftir or\u00f0i Drottins. <\/p>\n<p>\tOg Dav\u00ed\u00f0 tala\u00f0i til \u00feeirra yppustu Lev\u00edta a\u00f0 \u00feeir skyldu skikka s\u00ednum br\u00e6\u00f0rum til s\u00f6ngvara me\u00f0 strengjahlj\u00f3\u00f0f\u00e6rum, me\u00f0 psallterium, h\u00f6rpum og hvellum cymbalis a\u00f0 \u00feeir skyldu syngja h\u00e1rri r\u00f6ddu me\u00f0 gle\u00f0i. <span class=\"athugasemd\" title=\"S\u00f6ngmenn\">[<\/span> \u00de\u00e1 settu Lev\u00edtarnir til Heman son J\u00f3el og af hans br\u00e6\u00f0rum Assaf son Berek\u00eda og af sonum Merar\u00ed \u00feeirra br\u00e6\u00f0rum Etan son K\u00fasaja og \u00feeirra br\u00e6\u00f0ur me\u00f0 \u00feeim \u00ed annarri skipan, sem var Sakar\u00edas, Ben, Jaes\u00edel, Sem\u00edram\u00f3t, Jeh\u00edel, \u00dann\u00ed, El\u00edab, Benaja, Maeseja, Matitja, El\u00edfeleja, M\u00edknea, \u00d3be\u00f0 Ed\u00f3m og Je\u00edel dyrav\u00f6rslumenn. \u00dev\u00ed a\u00f0 Heman, Asaf og Etan voru s\u00f6ngvarar og hlj\u00f3mu\u00f0u kl\u00e1rlega me\u00f0 eirlegum cymbaalis en Sakar\u00edas, As\u00edel, Sem\u00edram\u00f3t, Jeh\u00edel, \u00dann\u00ed, El\u00edab, Maeseja og Benaja me\u00f0 psallterio eftir a\u00f0 syngja. <span class=\"athugasemd\" title=\"Heman \/ Assaf \/ Etam\">[<\/span><\/p>\n<p>\tEn Matitja, El\u00edfeleja, Miknea, \u00d3be\u00f0 Ed\u00f3m, Je\u00edel og Asasja voru me\u00f0 h\u00f6rpur af \u00e1tta strengjum a\u00f0 syngja fyrir \u00feeim og Kenanja s\u00e1 ypparsti s\u00f6ngmeistari Lev\u00edtanna til a\u00f0 undirv\u00edsa \u00feeim s\u00f6nglistina, \u00fev\u00ed hann var inn l\u00e6r\u00f0asti.<\/p>\n<p>\tOg Berek\u00eda og Elkana voru dyraver\u00f0ir fyrir \u00f6rkinni. En Sakanja, J\u00f3safat, Netaneel, Amasa\u00ed, Sakar\u00edas, Benaja og El\u00edeser prestarnir bl\u00e9su \u00ed s\u00ednar trametur fyrir Gu\u00f0s \u00f6rk. Og \u00d3be\u00f0 Ed\u00f3m og Jeh\u00eda voru dyraver\u00f0ir arkarinnar.<\/p>\n<p>\tSvo gekk Dav\u00ed\u00f0 og \u00feeir inu elstu \u00ed \u00cdsrael og h\u00f6f\u00f0ingjarnir yfir \u00fe\u00fasund upp a\u00f0 s\u00e6kja s\u00e1ttm\u00e1ls\u00f6rk Drottins og f\u00e6ra hana af h\u00fasi \u00d3be\u00f0 Ed\u00f3m me\u00f0 gle\u00f0i. Og sem Gu\u00f0 hj\u00e1lpa\u00f0i Lev\u00edt\u00f6num \u00feeim sem b\u00e1ru Gu\u00f0s \u00f6rk \u00fe\u00e1 offru\u00f0u menn sj\u00f6 uxum og sj\u00f6 hr\u00fatum. Og Dav\u00ed\u00f0 var kl\u00e6ddur einum l\u00ednkyrtli og svo allir Lev\u00edtarnir sem \u00f6rkina b\u00e1ru og s\u00f6ngmennirnir og Kenanja s\u00f6ngmeistari me\u00f0 s\u00f6ngm\u00f6nn\u00f6num. Dav\u00ed\u00f0 var og kl\u00e6ddur l\u00edfkyrtlinum (ephod). So flutti n\u00fa allur Israelisl\u00fd\u00f0ur Drottins s\u00e1ttm\u00e1la\u00f6rk me\u00f0 gle\u00f0i, me\u00f0 b\u00e1s\u00fanum, trametum og f\u00f6grum cymbalis, psallterio og h\u00f6rpum. En sem Dav\u00ed\u00f0s s\u00e1ttm\u00e1ls\u00f6rk kom inn \u00ed Dav\u00ed\u00f0ssta\u00f0 \u00fe\u00e1 leit M\u00edk\u00f3l d\u00f3ttir Saul \u00fat um einn glugga. <span class=\"athugasemd\" title=\"M\u00edk\u00f3l \/ 2. Reg. 6\">[<\/span> Og sem h\u00fan s\u00e1 a\u00f0 Dav\u00ed\u00f0 k\u00f3ngur l\u00e9k og dansa\u00f0i \u00fe\u00e1 fyrirleit h\u00fan hann \u00ed s\u00ednu hjarta.<\/p>\n","protected":false},"excerpt":{"rendered":"<p>XVI. Og hann bygg\u00f0i s\u00e9r eitt h\u00fas \u00ed borg Dav\u00ed\u00f0s og hann tilreiddi \u00feann sta\u00f0 \u00fear e\u00f0 Gu\u00f0s \u00f6rk skyldi standa og bygg\u00f0i eina tjaldb\u00fa\u00f0 yfir henni? [ \u00de\u00e1 sag\u00f0i Dav\u00ed\u00f0: &#8222;Enginn skal bera Gu\u00f0s \u00f6rk nema Lev\u00edtarnir. \u00dev\u00ed a\u00f0 Drottinn \u00fatvaldi \u00fe\u00e1 til a\u00f0 bera Gu\u00f0s \u00f6rk og a\u00f0 \u00fej\u00f3na honum \u00e6vinlega.&#8220; Og \u00fev\u00ed safna\u00f0i Dav\u00ed\u00f0 \u00f6llum \u00cdsrael til samans \u00ed Jer\u00fasalem a\u00f0 \u00feeir skyldu flytja Gu\u00f0s \u00f6rk upp til \u00feess sta\u00f0ar sem hann haf\u00f0i henni tilreitt. Og Dav\u00ed\u00f0 samankalla\u00f0i syni Aron og Lev\u00edtana. [ Af sonum Kahat var h\u00f6f\u00f0ingi \u00dar\u00edel me\u00f0 hans br\u00e6\u00f0rum, hundra\u00f0 og tuttugu. Af sonum <a href=\"https:\/\/biblian.is\/gudbrandsbiblia\/fyrri-kronikubok-16-kafli\/\"> [&#8230;]<\/a><\/p>\n","protected":false},"author":1,"featured_media":0,"parent":0,"menu_order":0,"comment_status":"open","ping_status":"open","template":"bibliukaflar.php","meta":{"footnotes":""},"class_list":["post-3046","page","type-page","status-publish","hentry"],"_links":{"self":[{"href":"https:\/\/biblian.is\/gudbrandsbiblia\/wp-json\/wp\/v2\/pages\/3046","targetHints":{"allow":["GET"]}}],"collection":[{"href":"https:\/\/biblian.is\/gudbrandsbiblia\/wp-json\/wp\/v2\/pages"}],"about":[{"href":"https:\/\/biblian.is\/gudbrandsbiblia\/wp-json\/wp\/v2\/types\/page"}],"author":[{"embeddable":true,"href":"https:\/\/biblian.is\/gudbrandsbiblia\/wp-json\/wp\/v2\/users\/1"}],"replies":[{"embeddable":true,"href":"https:\/\/biblian.is\/gudbrandsbiblia\/wp-json\/wp\/v2\/comments?post=3046"}],"version-history":[{"count":0,"href":"https:\/\/biblian.is\/gudbrandsbiblia\/wp-json\/wp\/v2\/pages\/3046\/revisions"}],"wp:attachment":[{"href":"https:\/\/biblian.is\/gudbrandsbiblia\/wp-json\/wp\/v2\/media?parent=3046"}],"curies":[{"name":"wp","href":"https:\/\/api.w.org\/{rel}","templated":true}]}}