{"id":3045,"date":"2017-12-18T18:32:28","date_gmt":"2017-12-18T18:32:28","guid":{"rendered":"http:\/\/biblian.is\/gudbrandsbiblia\/fyrri-kronikubok-15-kafli\/"},"modified":"2017-12-18T18:32:28","modified_gmt":"2017-12-18T18:32:28","slug":"fyrri-kronikubok-15-kafli","status":"publish","type":"page","link":"https:\/\/biblian.is\/gudbrandsbiblia\/fyrri-kronikubok-15-kafli\/","title":{"rendered":"Fyrri kron\u00edkub\u00f3k 15. kafli"},"content":{"rendered":"<p>XV.<\/p>\n<p>Og H\u00edram k\u00f3ngurinn \u00ed Tyro sendi menn til Dav\u00ed\u00f0s og sedrusvi\u00f0u, m\u00farmeistara og tr\u00e9smi\u00f0i a\u00f0 \u00feeir skyldu byggja honum eitt h\u00fas. <span class=\"athugasemd\" title=\"H\u00edram \/ 2. Reg. 5\">[<\/span> En Dav\u00ed\u00f0 merkti n\u00fa a\u00f0 Drottinn haf\u00f0i sta\u00f0fest hann til k\u00f3ngs yfir \u00cdsrael. \u00dev\u00ed hans r\u00edki h\u00f3fst upp s\u00f6kum hans f\u00f3lks \u00cdsrael. Og Dav\u00ed\u00f0 t\u00f3k s\u00e9r enn fleiri kvinnur \u00ed Jer\u00fasalem og gat fleiri syni og d\u00e6tur. Og \u00feeir sem honum f\u00e6ddust \u00ed Jer\u00fasalem h\u00e9tu svo: <span class=\"athugasemd\" title=\"Synir Dav\u00ed\u00f0s, f\u00e6ddir \u00ed Jer\u00fasalem\">[<\/span> Samm\u00faa, S\u00f3bab, Natan, Sal\u00f3mon, Ebehar, El\u00eds\u00faa, El\u00edfalet, N\u00f3ga, Nefeg, Jaf\u00eda, El\u00edsamma, Baeljada, El\u00edfalet. <\/p>\n<p>\tEn sem Philistei heyr\u00f0u \u00fea\u00f0 a\u00f0 Dav\u00ed\u00f0 var smur\u00f0ur til k\u00f3ngs yfir allan \u00cdsrael dr\u00f3gu \u00feeir allir upp og s\u00f3ttu eftir Dav\u00ed\u00f0. En sem Dav\u00ed\u00f0 heyr\u00f0i \u00fea\u00f0 f\u00f3r hann \u00ed m\u00f3ti \u00feeim. En Philistei voru komnir og l\u00e1gu \u00ed dalnum Rafa\u00edm. Dav\u00ed\u00f0 leita\u00f0i r\u00e1\u00f0s til Gu\u00f0s og sag\u00f0i: &#8222;Skal eg draga \u00ed m\u00f3ts vi\u00f0 Philisteos og vilt \u00fe\u00fa, Drottinn, gefa \u00fe\u00e1 \u00ed m\u00ednar hendur?&#8220; En Drottinn svara\u00f0i honum: &#8222;Far upp. Eg hefi gefi\u00f0 \u00fe\u00e1 \u00ed \u00fe\u00ednar hendur.&#8220; Og sem \u00feeir dr\u00f3gu upp til Baal Pras\u00edm \u00fe\u00e1 sl\u00f3 Dav\u00ed\u00f0 \u00fe\u00e1 \u00fear og sag\u00f0i: <span class=\"athugasemd\" title=\"Philistei voru slegnir af Dav\u00ed\u00f0 \/ Esa. 28 \/ 2. Reg. 5\">[<\/span> &#8222;Gu\u00f0 hefur \u00ed sundur dreift m\u00ednum \u00f3vinum fyrir m\u00ednar hendur svo sem \u00fe\u00e1 v\u00f6tn \u00ed sundurskiljast.&#8220; \u00dear af kalla\u00f0i hann \u00feann sama sta\u00f0 Baal Pras\u00edm. Og \u00fear l\u00e9tu \u00feeir eftir s\u00edna afgu\u00f0i en Dav\u00ed\u00f0 bau\u00f0 a\u00f0 brenna \u00fe\u00e1 upp me\u00f0 eldi. <\/p>\n<p>\tPhilistei s\u00f6fnu\u00f0ust saman \u00ed anna\u00f0 sinn og l\u00f6g\u00f0u sig ni\u00f0ur \u00ed dalnum. En Dav\u00ed\u00f0 spur\u00f0i enn Gu\u00f0 a\u00f0. Gu\u00f0 svara\u00f0i honum: &#8222;\u00de\u00fa skalt ekki draga upp eftir \u00feeim heldur umkring \u00fe\u00fa \u00fe\u00e1 svo \u00fe\u00fa megir koma \u00ed m\u00f3ts vi\u00f0 \u00fe\u00e1 r\u00e9tt fyrir fr\u00e1 m\u00f3rbertrj\u00e1num. Og \u00feegar \u00fe\u00fa heyrir a\u00f0 \u00fe\u00fdtur \u00ed efstu toppum \u00e1 m\u00f3rbertrj\u00e1num, far \u00fe\u00e1 til bardaga \u00fev\u00ed a\u00f0 Gu\u00f0 er \u00fe\u00e1 \u00fatfarinn undan \u00fe\u00e9r a\u00f0 sl\u00e1 her \u00feeirra Philistinorum.&#8220; Og Dav\u00ed\u00f0 gj\u00f6r\u00f0i sem Gu\u00f0 bau\u00f0 honum og sl\u00f3 herb\u00fa\u00f0ir Philistinorum fr\u00e1 G\u00edbeon inn til Gaser. <span class=\"athugasemd\" title=\"Philistei \u00ed anna\u00f0 sinn slegnir af Dav\u00ed\u00f0\">[<\/span> Og Dav\u00ed\u00f0s nafn v\u00ed\u00f0fr\u00e6g\u00f0ist um \u00f6ll l\u00f6nd og Drottinn l\u00e9t hans \u00f3tta koma yfir alla hei\u00f0ingja.<\/p>\n","protected":false},"excerpt":{"rendered":"<p>XV. Og H\u00edram k\u00f3ngurinn \u00ed Tyro sendi menn til Dav\u00ed\u00f0s og sedrusvi\u00f0u, m\u00farmeistara og tr\u00e9smi\u00f0i a\u00f0 \u00feeir skyldu byggja honum eitt h\u00fas. [ En Dav\u00ed\u00f0 merkti n\u00fa a\u00f0 Drottinn haf\u00f0i sta\u00f0fest hann til k\u00f3ngs yfir \u00cdsrael. \u00dev\u00ed hans r\u00edki h\u00f3fst upp s\u00f6kum hans f\u00f3lks \u00cdsrael. Og Dav\u00ed\u00f0 t\u00f3k s\u00e9r enn fleiri kvinnur \u00ed Jer\u00fasalem og gat fleiri syni og d\u00e6tur. Og \u00feeir sem honum f\u00e6ddust \u00ed Jer\u00fasalem h\u00e9tu svo: [ Samm\u00faa, S\u00f3bab, Natan, Sal\u00f3mon, Ebehar, El\u00eds\u00faa, El\u00edfalet, N\u00f3ga, Nefeg, Jaf\u00eda, El\u00edsamma, Baeljada, El\u00edfalet. En sem Philistei heyr\u00f0u \u00fea\u00f0 a\u00f0 Dav\u00ed\u00f0 var smur\u00f0ur til k\u00f3ngs yfir allan \u00cdsrael dr\u00f3gu \u00feeir allir <a href=\"https:\/\/biblian.is\/gudbrandsbiblia\/fyrri-kronikubok-15-kafli\/\"> [&#8230;]<\/a><\/p>\n","protected":false},"author":1,"featured_media":0,"parent":0,"menu_order":0,"comment_status":"open","ping_status":"open","template":"bibliukaflar.php","meta":{"footnotes":""},"class_list":["post-3045","page","type-page","status-publish","hentry"],"_links":{"self":[{"href":"https:\/\/biblian.is\/gudbrandsbiblia\/wp-json\/wp\/v2\/pages\/3045","targetHints":{"allow":["GET"]}}],"collection":[{"href":"https:\/\/biblian.is\/gudbrandsbiblia\/wp-json\/wp\/v2\/pages"}],"about":[{"href":"https:\/\/biblian.is\/gudbrandsbiblia\/wp-json\/wp\/v2\/types\/page"}],"author":[{"embeddable":true,"href":"https:\/\/biblian.is\/gudbrandsbiblia\/wp-json\/wp\/v2\/users\/1"}],"replies":[{"embeddable":true,"href":"https:\/\/biblian.is\/gudbrandsbiblia\/wp-json\/wp\/v2\/comments?post=3045"}],"version-history":[{"count":0,"href":"https:\/\/biblian.is\/gudbrandsbiblia\/wp-json\/wp\/v2\/pages\/3045\/revisions"}],"wp:attachment":[{"href":"https:\/\/biblian.is\/gudbrandsbiblia\/wp-json\/wp\/v2\/media?parent=3045"}],"curies":[{"name":"wp","href":"https:\/\/api.w.org\/{rel}","templated":true}]}}