{"id":3044,"date":"2017-12-18T18:32:28","date_gmt":"2017-12-18T18:32:28","guid":{"rendered":"http:\/\/biblian.is\/gudbrandsbiblia\/fyrri-kronikubok-14-kafli\/"},"modified":"2017-12-18T18:32:28","modified_gmt":"2017-12-18T18:32:28","slug":"fyrri-kronikubok-14-kafli","status":"publish","type":"page","link":"https:\/\/biblian.is\/gudbrandsbiblia\/fyrri-kronikubok-14-kafli\/","title":{"rendered":"Fyrri kron\u00edkub\u00f3k 14. kafli"},"content":{"rendered":"<p>XIIII.<\/p>\n<p>Og Dav\u00ed\u00f0 h\u00e9lt r\u00e1\u00f0stefnu vi\u00f0 h\u00f6fu\u00f0smennina hverjir settir voru yfir \u00fe\u00fasund og yfir hundra\u00f0 og vi\u00f0 alla h\u00f6f\u00f0ingjana og sag\u00f0i til alls \u00cdsraelssafna\u00f0ar: <span class=\"athugasemd\" title=\"2. Reg. 6\">[<\/span> &#8222;Ef \u00fea\u00f0 \u00fe\u00f3knast y\u00f0ur og s\u00e9 \u00fea\u00f0 a\u00f0 af Drottni Gu\u00f0i vorum \u00fe\u00e1 viljum v\u00e9r senda \u00fat bo\u00f0 alls sta\u00f0ar til annarra vorra br\u00e6\u00f0ra um allt \u00cdsraelsland og til prestanna og Lev\u00edtanna \u00ed st\u00f6\u00f0unum \u00fear sem \u00feeir hafa forsta\u00f0i a\u00f0 \u00feeir safnist saman til vor. Og v\u00e9r viljum taka vors Gu\u00f0s \u00f6rk aftur til vor \u00fev\u00ed a\u00f0 \u00e1 me\u00f0an Saul lif\u00f0i hirtum v\u00e9r ekki um hana.&#8220; Allur s\u00f6fnu\u00f0urinn svara\u00f0i a\u00f0 \u00feeir vildu svo gj\u00f6ra \u00fev\u00ed a\u00f0 \u00feetta \u00fe\u00f3kna\u00f0ist \u00f6llu f\u00f3lkinu vel. <\/p>\n<p>\t\u00dev\u00ed safna\u00f0i Dav\u00ed\u00f0 saman \u00f6llu \u00cdsraelsf\u00f3lki, fr\u00e1 Sehor Egyptalands allt til Hemat, a\u00f0 s\u00e6kja Gu\u00f0s \u00f6rk til Kirjat Jear\u00edm. <span class=\"athugasemd\" title=\"Dav\u00ed\u00f0 s\u00e6kir Gu\u00f0s aurk\">[<\/span> Og Dav\u00ed\u00f0 f\u00f3r upp og allur \u00cdsrael me\u00f0 honum til Kirjat Jear\u00edm sem liggur \u00ed J\u00fada(landi) til a\u00f0 s\u00e6kja Drottins \u00f6rk \u00feanga\u00f0 sem situr yfir ker\u00fab\u00edm \u00fear yfir sem hans nafn \u00e1kallast. Og \u00feeir settu Drottins \u00f6rk upp \u00e1 einn n\u00fdjan vagn og f\u00e6r\u00f0u hana fr\u00e1 h\u00fasi Ab\u00ednadab. Og \u00dasa og hans br\u00f3\u00f0ir r\u00e1ku vagninn. En Dav\u00ed\u00f0 og allt \u00cdsraelsf\u00f3lk l\u00e9k fyrir Drottni me\u00f0 \u00f6llu megni, me\u00f0 s\u00f6ngvum og h\u00f6rpum og psallterio, me\u00f0 trumbum, me\u00f0 cymbaalis og me\u00f0 b\u00e1s\u00fanum.<\/p>\n<p>\tEn sem \u00feeir komu \u00e1 \u00fea\u00f0 sl\u00e9ttlendi sem kallast K\u00eddon \u00fe\u00e1 \u00fatr\u00e9tti \u00dasa s\u00edna h\u00f6nd og vildi halda vi\u00f0 \u00f6rkinni \u00fev\u00ed a\u00f0 uxarnir gengu afvega. <span class=\"athugasemd\" title=\"2. Reg. 6 \/ Infra 16\">[<\/span> \u00de\u00e1 gramdist Drottinn \u00dasa og sl\u00f3 hann fyrir \u00fea\u00f0 a\u00f0 hann \u00fatr\u00e9tti s\u00edna h\u00f6nd til Drottins arkar og hann f\u00e9ll \u00fear dau\u00f0ur ni\u00f0ur fyrir Gu\u00f0i. En sem Dav\u00ed\u00f0 s\u00e1 \u00fea\u00f0 var\u00f0 hann hryggur a\u00f0 Drottinn gj\u00f6r\u00f0i svoddan skar\u00f0 \u00e1 \u00dasa og kalla\u00f0i \u00feann sta\u00f0 Peres \u00dasa allt til \u00feessa dags. <span class=\"athugasemd\" title=\"Peres \u00dasa\">[<\/span> Og \u00e1 \u00feeim sama degi \u00f3tta\u00f0ist Dav\u00ed\u00f0 Gu\u00f0 og sag\u00f0i: &#8222;Hvernin m\u00e1 eg flytja Gu\u00f0s \u00f6rk til m\u00edn?&#8220; Og \u00fev\u00ed l\u00e9t hann ekki f\u00e6ra Gu\u00f0s \u00f6rk \u00ed Dav\u00ed\u00f0ssta\u00f0 heldur veik henni \u00ed h\u00fas \u00d3be\u00f0 Ed\u00f3m Githiter. <span class=\"athugasemd\" title=\"2. Reg. 6 \/ \u00d3be\u00f0 Ed\u00f3m\">[<\/span> Svo var Gu\u00f0s \u00f6rk hj\u00e1 \u00d3be\u00f0 \u00ed hans h\u00fasi \u00ferj\u00e1 m\u00e1nu\u00f0i. Og Drottinn blessa\u00f0i h\u00fas \u00d3be\u00f0 Ed\u00f3m og allt hva\u00f0 hann haf\u00f0i.<\/p>\n","protected":false},"excerpt":{"rendered":"<p>XIIII. Og Dav\u00ed\u00f0 h\u00e9lt r\u00e1\u00f0stefnu vi\u00f0 h\u00f6fu\u00f0smennina hverjir settir voru yfir \u00fe\u00fasund og yfir hundra\u00f0 og vi\u00f0 alla h\u00f6f\u00f0ingjana og sag\u00f0i til alls \u00cdsraelssafna\u00f0ar: [ &#8222;Ef \u00fea\u00f0 \u00fe\u00f3knast y\u00f0ur og s\u00e9 \u00fea\u00f0 a\u00f0 af Drottni Gu\u00f0i vorum \u00fe\u00e1 viljum v\u00e9r senda \u00fat bo\u00f0 alls sta\u00f0ar til annarra vorra br\u00e6\u00f0ra um allt \u00cdsraelsland og til prestanna og Lev\u00edtanna \u00ed st\u00f6\u00f0unum \u00fear sem \u00feeir hafa forsta\u00f0i a\u00f0 \u00feeir safnist saman til vor. Og v\u00e9r viljum taka vors Gu\u00f0s \u00f6rk aftur til vor \u00fev\u00ed a\u00f0 \u00e1 me\u00f0an Saul lif\u00f0i hirtum v\u00e9r ekki um hana.&#8220; Allur s\u00f6fnu\u00f0urinn svara\u00f0i a\u00f0 \u00feeir vildu svo gj\u00f6ra \u00fev\u00ed <a href=\"https:\/\/biblian.is\/gudbrandsbiblia\/fyrri-kronikubok-14-kafli\/\"> [&#8230;]<\/a><\/p>\n","protected":false},"author":1,"featured_media":0,"parent":0,"menu_order":0,"comment_status":"open","ping_status":"open","template":"bibliukaflar.php","meta":{"footnotes":""},"class_list":["post-3044","page","type-page","status-publish","hentry"],"_links":{"self":[{"href":"https:\/\/biblian.is\/gudbrandsbiblia\/wp-json\/wp\/v2\/pages\/3044","targetHints":{"allow":["GET"]}}],"collection":[{"href":"https:\/\/biblian.is\/gudbrandsbiblia\/wp-json\/wp\/v2\/pages"}],"about":[{"href":"https:\/\/biblian.is\/gudbrandsbiblia\/wp-json\/wp\/v2\/types\/page"}],"author":[{"embeddable":true,"href":"https:\/\/biblian.is\/gudbrandsbiblia\/wp-json\/wp\/v2\/users\/1"}],"replies":[{"embeddable":true,"href":"https:\/\/biblian.is\/gudbrandsbiblia\/wp-json\/wp\/v2\/comments?post=3044"}],"version-history":[{"count":0,"href":"https:\/\/biblian.is\/gudbrandsbiblia\/wp-json\/wp\/v2\/pages\/3044\/revisions"}],"wp:attachment":[{"href":"https:\/\/biblian.is\/gudbrandsbiblia\/wp-json\/wp\/v2\/media?parent=3044"}],"curies":[{"name":"wp","href":"https:\/\/api.w.org\/{rel}","templated":true}]}}