{"id":3042,"date":"2017-12-18T18:32:28","date_gmt":"2017-12-18T18:32:28","guid":{"rendered":"http:\/\/biblian.is\/gudbrandsbiblia\/fyrri-kronikubok-12-kafli\/"},"modified":"2017-12-18T18:32:28","modified_gmt":"2017-12-18T18:32:28","slug":"fyrri-kronikubok-12-kafli","status":"publish","type":"page","link":"https:\/\/biblian.is\/gudbrandsbiblia\/fyrri-kronikubok-12-kafli\/","title":{"rendered":"Fyrri kron\u00edkub\u00f3k 12. kafli"},"content":{"rendered":"<p>XII.<\/p>\n<p>Og allur Israelisl\u00fd\u00f0ur samansafna\u00f0ist til Dav\u00ed\u00f0s \u00ed Hebron og sag\u00f0i: <span class=\"athugasemd\" title=\"Dav\u00ed\u00f0 smur\u00f0ur til k\u00f3ngs yfir \u00cdsrael \/ 2. Reg. 5 \/ 1. Reg. 16\">[<\/span> &#8222;Sj\u00e1, v\u00e9r erum \u00fe\u00edn bein og \u00feitt hold. \u00de\u00fa hefur og svo \u00e1\u00f0ur f\u00e6rt \u00cdsrael \u00fat og inn \u00fe\u00e1 e\u00f0 Saul k\u00f3ngur var enn \u00e1 d\u00f6gum. So hefur og Drottinn \u00feinn Gu\u00f0 sagt \u00fe\u00e9r: \u00de\u00fa skalt f\u00e6\u00f0a mitt f\u00f3lk \u00cdsrael og \u00fe\u00fa skalt vera h\u00f6f\u00f0ingi yfir m\u00ednu f\u00f3lki \u00cdsrael.&#8220; Og allir \u00f6ldungar \u00ed \u00cdsrael komu til k\u00f3ngsins \u00ed Hebron. Og Dav\u00ed\u00f0 gj\u00f6r\u00f0i eitt s\u00e1ttm\u00e1l vi\u00f0 \u00fe\u00e1 \u00ed Hebron fyrir Drottni. Og \u00feeir smur\u00f0u Dav\u00ed\u00f0 til k\u00f3ngs yfir \u00cdsrael eftir \u00fev\u00ed sem Drottinn haf\u00f0i sagt fyrir Sam\u00fael. <\/p>\n<p>\tOg Dav\u00ed\u00f0 f\u00f3r og allur \u00cdsrael me\u00f0 honum til Jer\u00fasalem (\u00fea\u00f0 er Jeb\u00fas) \u00fev\u00ed Jebusiter bjuggu \u00fear \u00ed landinu. <span class=\"athugasemd\" title=\"Jeb\u00fas \/ 2. Reg. 5\">[<\/span> En Dav\u00ed\u00f0 vann kastalann S\u00edon, \u00fea\u00f0 er Dav\u00ed\u00f0s borg. \u00de\u00e1 sag\u00f0i Dav\u00ed\u00f0: &#8222;Hver sem fyrst veitir slag \u00feeim Jebusiter hann skal vera h\u00f6f\u00f0ingi og hertugi.&#8220; \u00de\u00e1 uppst\u00e9 fyrstur J\u00f3ab son Ser\u00faja og var\u00f0 h\u00f6fu\u00f0sma\u00f0ur. En Dav\u00ed\u00f0 vann kastalann og bj\u00f3 \u00fear og er \u00fev\u00ed kalla\u00f0ur borg Dav\u00ed\u00f0s. <span class=\"athugasemd\" title=\"Dav\u00ed\u00f0s borg\">[<\/span> Og hann bygg\u00f0i borgina allt um kring, fr\u00e1 Mill\u00f3 og so allt umhverfis. En J\u00f3ab gaf \u00feeim l\u00edf sem eftirlif\u00f0u \u00ed sta\u00f0num. Og Dav\u00ed\u00f0 f\u00f3r vaxandi og \u00fer\u00f3a\u00f0ist og Drottinn Seba\u00f3t var me\u00f0 honum.  <\/p>\n<p>\tEn \u00feessir voru \u00feeir yppustu \u00e1 me\u00f0al Dav\u00ed\u00f0s kappa, \u00feeir sem \u00e6rlega h\u00e9ldu me\u00f0 honum \u00ed hans k\u00f3ngsr\u00edki me\u00f0al alls \u00cdsraels so a\u00f0 \u00feeir t\u00e6ki hann til k\u00f3ngs eftir or\u00f0i Drottins yfir \u00cdsrael. <span class=\"athugasemd\" title=\"Dav\u00ed\u00f0s kappar\">[<\/span> Og \u00feessi er talan \u00e1 Dav\u00ed\u00f0s k\u00f6ppum. Jasabeam son Hakm\u00f3n\u00ed, hann var yppasti \u00e1 millum \u00ferj\u00e1t\u00edgi. <span class=\"athugasemd\" title=\"Jasabeam\">[<\/span> Hann upplyfti s\u00ednu spj\u00f3ti og sl\u00f3 \u00ferj\u00fa hundru\u00f0 (manns) \u00ed einu. <\/p>\n<p>\tN\u00e6st honum var Eleasar sonur D\u00f3d\u00f3 Ahohiter. <span class=\"athugasemd\" title=\"Eleasar\">[<\/span> Hann var einn af \u00feeim \u00ferimur k\u00f6ppum. \u00deessi var me\u00f0 Dav\u00ed\u00f0 \u00fe\u00e1 \u00feeir h\u00e6ddu hann og Philistei s\u00f6fnu\u00f0ust saman til str\u00ed\u00f0s. Og \u00fear var eitt akurlendi fullt me\u00f0 bygg og f\u00f3lki\u00f0 h\u00e9lt \u00e1 fl\u00f3tta undan Philisteis. En \u00feeir gengu mitt \u00e1 akurlendi\u00f0 og v\u00f6r\u00f0u \u00fea\u00f0 og sl\u00f3gu Philisteos. Og Drottinn veitti eina st\u00f3ra hj\u00e1lp.<\/p>\n<p>\tEn \u00feeir \u00fer\u00edr af \u00feeim \u00ferj\u00e1t\u00edgi sem yppastir voru f\u00f3ru ofan til Dav\u00ed\u00f0s a\u00f0 \u00fev\u00ed bjargi sem st\u00f3\u00f0 n\u00e6rri \u00feeim hellir Ad\u00fallam. En herb\u00fa\u00f0ir \u00feeirra Philisteis voru \u00ed Refa\u00edmdal en Dav\u00ed\u00f0 var \u00ed virkinu en f\u00f3lk \u00feeirra Philisteis var \u00fe\u00e1 \u00ed Betlehem. Og Dav\u00ed\u00f0 f\u00e9kk lysting og sag\u00f0i: &#8222;Hver vill gefa m\u00e9r a\u00f0 drekka vatn af \u00feeim brunni \u00ed Betlehem sem er hj\u00e1 borgarhli\u00f0i?&#8220; \u00de\u00e1 brutust \u00feessir \u00fer\u00edr \u00ed gegnum Filisteanna herb\u00fa\u00f0ir og jusu vatni\u00f0 \u00far brunninum \u00ed Betlehem undir portinu, t\u00f3ku \u00fea\u00f0 og b\u00e1ru til Dav\u00ed\u00f0s. En hann vildi eigi drekka \u00fea\u00f0, <span class=\"athugasemd\" title=\"a \/ Hann offra\u00f0i \u00fea\u00f0 Drottni til drykkoffurs\">[<\/span> utan hellti \u00fev\u00ed \u00fat fyri Drottni og sag\u00f0i: &#8222;\u00dea\u00f0 l\u00e1ti Drottinn langt fr\u00e1 m\u00e9r vera a\u00f0 eg skyldi \u00fev\u00edl\u00edkt gj\u00f6ra og drekka \u00feessara manna bl\u00f3\u00f0 \u00ed \u00feeirra l\u00edfsh\u00e1ska. \u00dev\u00ed \u00feeir hafa s\u00f3tt m\u00e9r \u00fea\u00f0 me\u00f0 l\u00edfsh\u00e1ska.&#8220; \u00dear fyrir vildi hann eigi \u00fea\u00f0 drekka. \u00deetta gj\u00f6r\u00f0u \u00feeir \u00fer\u00edr kappar. <\/p>\n<p>\tAb\u00edsa\u00ed br\u00f3\u00f0ir J\u00f3ab, hann var \u00feann yppasti me\u00f0al \u00feeirra \u00feriggja. <span class=\"athugasemd\" title=\"Ab\u00edsa\u00ed\">[<\/span> Og hann upplyfti s\u00ednu spj\u00f3ti og slj\u00f3 \u00ferj\u00fa hundru\u00f0. Og hann var \u00e1g\u00e6tur \u00e1 me\u00f0al \u00feriggja og hann inn \u00feri\u00f0ji var haldinn enn veglegri en \u00feeir tveir og var \u00feeirra hinn yppasti. En \u00fe\u00f3 var hann ekki til jafns vi\u00f0 hina \u00ferj\u00e1. <\/p>\n<p>\tBenaja son J\u00f3jada, sonar \u00cdsha\u00edl, hinn starfst\u00f3ri, af Kabseel. Hann sl\u00f3 tv\u00f6 le\u00f3n \u00feeirra Moabitarum og hann gikk ofan og drap eitt le\u00f3n mitt \u00ed brunninum um snj\u00f3t\u00edma. Hann sl\u00f3 og svo einn egypskan mann sem var fimm \u00e1lna h\u00e1r og haf\u00f0i eitt h\u00f6ggspj\u00f3t \u00ed hendi, so st\u00f3rt sem einn vefjarrifur. En hann gekk ofan til hans me\u00f0 einn staf og t\u00f3k spj\u00f3ti\u00f0 af hans hendi og sl\u00f3 hann \u00ed hel me\u00f0 s\u00ednu eigin spj\u00f3ti. \u00dea\u00f0 gj\u00f6r\u00f0i Benaja son J\u00f3jada. Og hann var fr\u00e6gur \u00e1 millum \u00feriggja kappa og var \u00feann vegligasti af \u00feeim \u00ferj\u00e1t\u00edgi og kom \u00fe\u00f3 ekki vi\u00f0 \u00fe\u00e1 \u00ferj\u00e1. En Dav\u00ed\u00f0 gj\u00f6r\u00f0i hann sinn heimugligan r\u00e1\u00f0gjafa.<\/p>\n<p>\tEn \u00feessir eru Dav\u00ed\u00f0s hraustustu kappar: <span class=\"athugasemd\" title=\"Dav\u00ed\u00f0s kappar \/ 2. Reg. 23\">[<\/span> Asael br\u00f3\u00f0ir J\u00f3ab, Elhanan son D\u00f3d\u00f3 af Betlehem, Sam\u00f3t Haroiter, Heles Peloniter, \u00cdsra sonur Ekes Tekoiter, Ab\u00edeser Anthohiter, S\u00edbeka\u00ed Husathiter, \u00cdla\u00ed Ahohiter, Mera\u00ed Netophathiter, Heled son baena Netophatiter, Ita\u00ed son R\u00edba\u00ed af G\u00edbea, sona Benjam\u00edn, Benaja Pirgathoniter, H\u00fara\u00ed af Gaasbeken, Abd\u00edel Arbathiter, Asmavet Baherumiter, Eljaba Saalboniter, Hasem son Gisonither, J\u00f3natan son Sage Harariter, Ah\u00edam sonur Sakar Harariter, El\u00edfal sonur \u00dar, Hefer Macheratiter, Ah\u00eda Peloniter, Hessr\u00f3 Carmeliter, Naera\u00ed son Asba\u00ed, J\u00f3el br\u00f3\u00f0ir Natan, M\u00edbehar son Hagr\u00ed, Seleg Ammoniter, Nahera\u00ed Berothiter skjaldsveinn J\u00f3ab sonar Ser\u00faja, \u00cdra Jethriter, Gareb Jethriter, \u00dar\u00eda Hetiter, Sabd son Ahela\u00ed, Ad\u00edna son S\u00edsa Rubeniter h\u00f6fu\u00f0sma\u00f0ur yfir \u00feeim Rubeniter og \u00ferj\u00e1t\u00edgi voru undir honum, Hanan son Maeka og J\u00f3safat Mathoniter, \u00das\u00eda Ashrathiter, Samma og Ja\u00edel synir H\u00f3tam Aroethiter, Jed\u00edael son Simr\u00ed, J\u00f3ha hans br\u00f3\u00f0ir Thisiter, El\u00edel Maheviter, Jer\u00edba\u00ed og J\u00f3sav\u00eda synir Elnaam, Jetma Moabiter, El\u00edel, \u00d3be\u00f0, Jaes\u00edel af Mes\u00f3baja.<\/p>\n","protected":false},"excerpt":{"rendered":"<p>XII. Og allur Israelisl\u00fd\u00f0ur samansafna\u00f0ist til Dav\u00ed\u00f0s \u00ed Hebron og sag\u00f0i: [ &#8222;Sj\u00e1, v\u00e9r erum \u00fe\u00edn bein og \u00feitt hold. \u00de\u00fa hefur og svo \u00e1\u00f0ur f\u00e6rt \u00cdsrael \u00fat og inn \u00fe\u00e1 e\u00f0 Saul k\u00f3ngur var enn \u00e1 d\u00f6gum. So hefur og Drottinn \u00feinn Gu\u00f0 sagt \u00fe\u00e9r: \u00de\u00fa skalt f\u00e6\u00f0a mitt f\u00f3lk \u00cdsrael og \u00fe\u00fa skalt vera h\u00f6f\u00f0ingi yfir m\u00ednu f\u00f3lki \u00cdsrael.&#8220; Og allir \u00f6ldungar \u00ed \u00cdsrael komu til k\u00f3ngsins \u00ed Hebron. Og Dav\u00ed\u00f0 gj\u00f6r\u00f0i eitt s\u00e1ttm\u00e1l vi\u00f0 \u00fe\u00e1 \u00ed Hebron fyrir Drottni. Og \u00feeir smur\u00f0u Dav\u00ed\u00f0 til k\u00f3ngs yfir \u00cdsrael eftir \u00fev\u00ed sem Drottinn haf\u00f0i sagt fyrir Sam\u00fael. Og Dav\u00ed\u00f0 <a href=\"https:\/\/biblian.is\/gudbrandsbiblia\/fyrri-kronikubok-12-kafli\/\"> [&#8230;]<\/a><\/p>\n","protected":false},"author":1,"featured_media":0,"parent":0,"menu_order":0,"comment_status":"open","ping_status":"open","template":"bibliukaflar.php","meta":{"footnotes":""},"class_list":["post-3042","page","type-page","status-publish","hentry"],"_links":{"self":[{"href":"https:\/\/biblian.is\/gudbrandsbiblia\/wp-json\/wp\/v2\/pages\/3042","targetHints":{"allow":["GET"]}}],"collection":[{"href":"https:\/\/biblian.is\/gudbrandsbiblia\/wp-json\/wp\/v2\/pages"}],"about":[{"href":"https:\/\/biblian.is\/gudbrandsbiblia\/wp-json\/wp\/v2\/types\/page"}],"author":[{"embeddable":true,"href":"https:\/\/biblian.is\/gudbrandsbiblia\/wp-json\/wp\/v2\/users\/1"}],"replies":[{"embeddable":true,"href":"https:\/\/biblian.is\/gudbrandsbiblia\/wp-json\/wp\/v2\/comments?post=3042"}],"version-history":[{"count":0,"href":"https:\/\/biblian.is\/gudbrandsbiblia\/wp-json\/wp\/v2\/pages\/3042\/revisions"}],"wp:attachment":[{"href":"https:\/\/biblian.is\/gudbrandsbiblia\/wp-json\/wp\/v2\/media?parent=3042"}],"curies":[{"name":"wp","href":"https:\/\/api.w.org\/{rel}","templated":true}]}}