{"id":3041,"date":"2017-12-18T18:32:28","date_gmt":"2017-12-18T18:32:28","guid":{"rendered":"http:\/\/biblian.is\/gudbrandsbiblia\/fyrri-kronikubok-11-kafli\/"},"modified":"2017-12-18T18:32:28","modified_gmt":"2017-12-18T18:32:28","slug":"fyrri-kronikubok-11-kafli","status":"publish","type":"page","link":"https:\/\/biblian.is\/gudbrandsbiblia\/fyrri-kronikubok-11-kafli\/","title":{"rendered":"Fyrri kron\u00edkub\u00f3k 11. kafli"},"content":{"rendered":"<p>XI.<\/p>\n<p>En Philistei b\u00f6r\u00f0ust vi\u00f0 \u00cdsrael. En \u00feeir af \u00cdsrael fl\u00fd\u00f0u fyrir Philisteis og f\u00e9llu slegnir \u00e1 fjallinu Gilb\u00f3a. Og Philistei n\u00e1lgu\u00f0ust Saul og hans syni og sl\u00f3gu J\u00f3natan, Ab\u00ednadab og Malk\u00eds\u00faam, sonu Saul. <span class=\"athugasemd\" title=\"Saul sleginn me\u00f0 s\u00ednum \u00ferimur sonum \/ 1. Reg. 31\">[<\/span> Var \u00fe\u00e1 h\u00f6r\u00f0ust a\u00f0s\u00f3kn a\u00f0 Saul og bogmennirnir komu a\u00f0 honum og s\u00e6r\u00f0u hann me\u00f0 s\u00ednum skotum. \u00de\u00e1 sag\u00f0i Saul til s\u00edns skjaldsveins: &#8222;Breg\u00f0 \u00fe\u00fa \u00fe\u00ednu sver\u00f0i og legg \u00fe\u00fa mig \u00ed gegnum me\u00f0 \u00fev\u00ed svo a\u00f0 \u00feessir \u00f3umskornu komi ei og veiti m\u00e9r h\u00e1\u00f0ung.&#8220; En hans skjaldsveinn vildi ekki \u00fev\u00ed hann var\u00f0 hr\u00e6ddur. \u00de\u00e1 t\u00f3k Saul sj\u00e1lfur sitt sver\u00f0 og f\u00e9ll \u00fear \u00e1. En sem hans skjaldsveinn s\u00e1 \u00feetta a\u00f0 Saul var dau\u00f0ur f\u00e9ll hann og svo \u00e1 sitt sver\u00f0 og l\u00e9t sitt l\u00edf. Svo l\u00e9t Saul sitt l\u00edf og hans \u00fer\u00edr synir og \u00fear f\u00e9ll allt hans h\u00fas. En sem \u00cdsraelsmenn sem voru \u00ed d\u00f6lunum s\u00e1u \u00fea\u00f0 a\u00f0 \u00feeir voru fl\u00fanir og a\u00f0 Saul og hans synir voru dau\u00f0ir \u00fe\u00e1 yfirg\u00e1fu \u00feeir s\u00edna sta\u00f0i og h\u00e9ldu \u00e1 fl\u00f3tta en Philistei komu og bjuggu \u00ed \u00feeim.<\/p>\n<p>\tAnnars dags komu Philistei a\u00f0 r\u00e6na valinn og fundu Saul og hans sonu liggjandi \u00e1 fjallinu Gilb\u00f3a. <span class=\"athugasemd\" title=\"1. Reg. 31\">[<\/span> \u00de\u00e1 flettu \u00feeir Saul s\u00ednum kl\u00e6\u00f0um og t\u00f3ku hans h\u00f6fu\u00f0 og hans vopn og sendu \u00ed kringum allt Philisteiland og l\u00e9tu \u00fea\u00f0 kunngj\u00f6ra fyrir \u00feeirra afgu\u00f0um og \u00feeirra f\u00f3lki. Og \u00feeir l\u00f6g\u00f0u hans vopn \u00ed sinna gu\u00f0a h\u00fas en hans h\u00f6fu\u00f0 festu \u00feeir upp \u00ed Dag\u00f3ns h\u00fasi.<\/p>\n<p>\tEn sem \u00feeir menn \u00ed Jabes G\u00edlea\u00f0 heyr\u00f0u allt \u00fea\u00f0 sem Philistei h\u00f6f\u00f0u gj\u00f6rt Saul \u00fe\u00e1 t\u00f3ku \u00feeir sig upp, allir hinir hraustustu, og t\u00f3ku l\u00edkama Saul og hans sona og fluttu \u00fe\u00e1 til Jabes og j\u00f6r\u00f0u\u00f0u \u00feeirra bein undir einni eik sem st\u00f3\u00f0 \u00ed Jabes og f\u00f6stu\u00f0u \u00ed sj\u00f6 daga. <span class=\"athugasemd\" title=\"1. Reg. 31\">[<\/span><\/p>\n<p>\tSvo l\u00e9t n\u00fa Saul l\u00edf sitt fyrir sakir misgj\u00f6rninga sinna sem hann haf\u00f0i frami\u00f0 \u00ed m\u00f3ti Drottni a\u00f0 hann haf\u00f0i ekki haldi\u00f0 Drottins or\u00f0 og hann s\u00f3tti r\u00e1\u00f0 hj\u00e1 \u00feeirri sp\u00e1fararkonu en vona\u00f0i ekki til Drottins. \u00dev\u00ed hann sl\u00f3 hann \u00ed hel og sneri k\u00f3ngsr\u00edkinu til Dav\u00ed\u00f0s sonar \u00cdsa\u00ed.<\/p>\n","protected":false},"excerpt":{"rendered":"<p>XI. En Philistei b\u00f6r\u00f0ust vi\u00f0 \u00cdsrael. En \u00feeir af \u00cdsrael fl\u00fd\u00f0u fyrir Philisteis og f\u00e9llu slegnir \u00e1 fjallinu Gilb\u00f3a. Og Philistei n\u00e1lgu\u00f0ust Saul og hans syni og sl\u00f3gu J\u00f3natan, Ab\u00ednadab og Malk\u00eds\u00faam, sonu Saul. [ Var \u00fe\u00e1 h\u00f6r\u00f0ust a\u00f0s\u00f3kn a\u00f0 Saul og bogmennirnir komu a\u00f0 honum og s\u00e6r\u00f0u hann me\u00f0 s\u00ednum skotum. \u00de\u00e1 sag\u00f0i Saul til s\u00edns skjaldsveins: &#8222;Breg\u00f0 \u00fe\u00fa \u00fe\u00ednu sver\u00f0i og legg \u00fe\u00fa mig \u00ed gegnum me\u00f0 \u00fev\u00ed svo a\u00f0 \u00feessir \u00f3umskornu komi ei og veiti m\u00e9r h\u00e1\u00f0ung.&#8220; En hans skjaldsveinn vildi ekki \u00fev\u00ed hann var\u00f0 hr\u00e6ddur. \u00de\u00e1 t\u00f3k Saul sj\u00e1lfur sitt sver\u00f0 og f\u00e9ll \u00fear \u00e1. En <a href=\"https:\/\/biblian.is\/gudbrandsbiblia\/fyrri-kronikubok-11-kafli\/\"> [&#8230;]<\/a><\/p>\n","protected":false},"author":1,"featured_media":0,"parent":0,"menu_order":0,"comment_status":"open","ping_status":"open","template":"bibliukaflar.php","meta":{"footnotes":""},"class_list":["post-3041","page","type-page","status-publish","hentry"],"_links":{"self":[{"href":"https:\/\/biblian.is\/gudbrandsbiblia\/wp-json\/wp\/v2\/pages\/3041","targetHints":{"allow":["GET"]}}],"collection":[{"href":"https:\/\/biblian.is\/gudbrandsbiblia\/wp-json\/wp\/v2\/pages"}],"about":[{"href":"https:\/\/biblian.is\/gudbrandsbiblia\/wp-json\/wp\/v2\/types\/page"}],"author":[{"embeddable":true,"href":"https:\/\/biblian.is\/gudbrandsbiblia\/wp-json\/wp\/v2\/users\/1"}],"replies":[{"embeddable":true,"href":"https:\/\/biblian.is\/gudbrandsbiblia\/wp-json\/wp\/v2\/comments?post=3041"}],"version-history":[{"count":0,"href":"https:\/\/biblian.is\/gudbrandsbiblia\/wp-json\/wp\/v2\/pages\/3041\/revisions"}],"wp:attachment":[{"href":"https:\/\/biblian.is\/gudbrandsbiblia\/wp-json\/wp\/v2\/media?parent=3041"}],"curies":[{"name":"wp","href":"https:\/\/api.w.org\/{rel}","templated":true}]}}