{"id":3040,"date":"2017-12-18T18:32:28","date_gmt":"2017-12-18T18:32:28","guid":{"rendered":"http:\/\/biblian.is\/gudbrandsbiblia\/fyrri-kronikubok-10-kafli\/"},"modified":"2017-12-18T18:32:28","modified_gmt":"2017-12-18T18:32:28","slug":"fyrri-kronikubok-10-kafli","status":"publish","type":"page","link":"https:\/\/biblian.is\/gudbrandsbiblia\/fyrri-kronikubok-10-kafli\/","title":{"rendered":"Fyrri kron\u00edkub\u00f3k 10. kafli"},"content":{"rendered":"<p>X.<\/p>\n<p>Og allt \u00cdsraelsf\u00f3lk var reikna\u00f0 og sj\u00e1, \u00fea\u00f0 er uppskrifa\u00f0 \u00ed \u00cdsraels- og J\u00fadak\u00f3nga b\u00f3k og n\u00fa burtflutt til Bab\u00fdlon s\u00f6kum \u00feeirra misgj\u00f6rninga. \u00deeir hverjir e\u00f0 \u00e1\u00f0ur bjuggu \u00ed \u00feeirra eignum og borgum sem var \u00cdsrael, prestarnir, Lev\u00edtarnir og <span class=\"athugasemd\" title=\"a \/ (Neth\u00edn\u00edm) \/ k\u00f6llu\u00f0ust \u00feeir sem gefnir e\u00f0a skenktir voru og voru \u00feeir Levite sem sig g\u00e1fu s\u00e9rdeilis til Gu\u00f0s \u00fej\u00f3nustugj\u00f6r\u00f0ar me\u00f0 prest\u00f6num \u00fear sem Gu\u00f0s aurk og tjaldb\u00fa\u00f0 var\">[<\/span> Neth\u00edn\u00edm. En \u00fear bjuggu nokkrir af J\u00fadasonum \u00ed Jer\u00fasalem, nokkrir af sonum Benjam\u00edn og nokkrir af sonum Efra\u00edm og Manasses hverjir a\u00f0 voru af sonum Peres sonar J\u00fada. Og \u00feessi var \u00datah\u00ed, sonur Am\u00edh\u00fad, sonar Amr\u00ed, sonar Imr\u00ed, sonar Ban\u00ed. En af S\u00edlon\u00ed: Asaja \u00feann fyrsti son og a\u00f0rir hans synir. Af sonum Sera komu Jeg\u00fael og hans br\u00e6\u00f0ur, sex hundru\u00f0 og n\u00edut\u00edgir. <\/p>\n<p>\tAf sonum Benjam\u00edn: Sall\u00fa sonur Mes\u00fallam, sonar H\u00f3davja, sonar Hassn\u00faa. Og Jebneja, son Jer\u00f3am og Ela son \u00das\u00ed, sonar M\u00edkr\u00ed. Og Mes\u00fallam son Sefatja, sonar Reg\u00fael, sonar Jebneja, \u00fear me\u00f0 \u00feeirra br\u00e6\u00f0ur \u00ed \u00feeirra \u00e6tt, n\u00edu hundru\u00f0 fimmt\u00edgi og sex. Og allir \u00feessir menn voru \u00e6ttarh\u00f6f\u00f0ingjar \u00ed \u00feeirra fe\u00f0ra h\u00fasum.<\/p>\n<p>\tEn af prestunum: <span class=\"athugasemd\" title=\"H\u00f6f\u00f0ingjar fyrir Lev\u00edtanna h\u00fasum\">[<\/span> Jed\u00eda, J\u00f3jar\u00edb, Jak\u00edn. Og Asarja sonur Hilk\u00eda, sonar Mes\u00fallam, sonar Sad\u00f3k, sonar Meraj\u00f3t, sonar Ah\u00edt\u00f3b, einn h\u00f6f\u00f0ingi \u00ed Drottins h\u00fasi. Og Adaja son Je\u00f3ram, sonar Pash\u00far, sonar Malk\u00eda. Og Maessa\u00ed sonur Ad\u00edel, sonar Jahsera, sonar Mes\u00fallam, sonar Messillemet, sonar Immer. \u00dear me\u00f0 \u00feeirra br\u00e6\u00f0ur \u00feeir yppustu \u00ed \u00feeirra fe\u00f0ra h\u00fasi, \u00fe\u00fasund sj\u00f6 hundru\u00f0 og sext\u00edgi, manna sterkastir til handverksemb\u00e6ttis \u00ed Drottins h\u00fasi. <\/p>\n<p>\tEn af Lev\u00edtunum: Af sonum Merar\u00ed: Semaja son Has\u00fab, sonar Asr\u00edkam, sonar Hasabja. Og Bakbakar s\u00e1 tr\u00e9smi\u00f0ur og Galal og Matan\u00eda son M\u00edka, sonar Sikr\u00ed, sonar Assaf. Og \u00d3bad\u00eda sonur Semaja, sonar Jed\u00fat\u00fan. Og Berek\u00eda son Assa, sonar Elkana, hverjir a\u00f0 bjuggu \u00ed \u00feeim Netophatiters \u00feorpum.<\/p>\n<p>\tEn Sall\u00fam, Ak\u00fab, Talmon, Ah\u00edman og \u00feeirra br\u00e6\u00f0ur voru dyraver\u00f0ir og Sall\u00fam var \u00feeirra h\u00f6f\u00f0ingi. <span class=\"athugasemd\" title=\"Dyraver\u00f0ir\">[<\/span> \u00dev\u00ed a\u00f0 h\u00e9r til dags h\u00f6f\u00f0u synir Lev\u00ed vakta\u00f0 k\u00f3ngsins port austan til. Og Sall\u00fam sonur K\u00f3re, sonar Abjassaf, sonar K\u00f3ra, og hans br\u00e6\u00f0ur af hans f\u00f6\u00f0urs h\u00fasi \u00feeir Choriter, verkstj\u00f3rar, \u00e1ttu a\u00f0 taka var \u00e1 dyrum tjaldb\u00fa\u00f0arinnar og \u00feeirra fe\u00f0ur \u00ed herb\u00fa\u00f0um Drottins og skyldu taka vara \u00e1 inng\u00f6ngunni. Og P\u00ednees son Eleasar var h\u00f6f\u00f0ingi yfir \u00feeim \u00fev\u00ed a\u00f0 Drottinn var \u00e1\u00f0ur me\u00f0 honum. En Sakar\u00eda son Meselemja var vaktari fyrir tjaldb\u00fa\u00f0arinnar vitnisbur\u00f0ardyrum. Allir \u00feessir voru \u00fatvaldir til var\u00f0halds \u00ed portdyrunum, tv\u00f6 hundru\u00f0 og t\u00f3lf. \u00deeir voru reikna\u00f0ir \u00ed \u00feeirra \u00feorpum. Og Dav\u00ed\u00f0 og Sam\u00fael sj\u00e1andi skikku\u00f0u \u00fe\u00e1 fyrir \u00feeirra tr\u00fa a\u00f0 \u00feeir og \u00feeirra synir skyldu taka vara upp \u00e1 Drottins h\u00fasi, sem var \u00e1 h\u00fasi tjaldb\u00fa\u00f0arinnar, so a\u00f0 \u00feeir geymdu \u00fea\u00f0. <\/p>\n<p>\tOg \u00feessir s\u00f6mu dyravaktarar voru settir \u00ed fj\u00f3rum \u00e1ttum: <span class=\"athugasemd\" title=\"Dyraver\u00f0ir\">[<\/span> \u00cd m\u00f3t austri, m\u00f3t vestri, m\u00f3t su\u00f0ri og m\u00f3t nor\u00f0ri. En \u00feeirra br\u00e6\u00f0ur voru \u00ed \u00feeirra \u00feorpum en skyldu \u00fe\u00f3 koma hj\u00e9r inn \u00feann sj\u00f6unda dag og vera hj\u00e1 \u00feeim allt\u00ed\u00f0. \u00dev\u00ed a\u00f0 \u00feessum fj\u00f3rum Levitis var tr\u00faa\u00f0 til dyravar\u00f0veislunnar og \u00feeir voru settir yfir fj\u00e1rhirsluna og fj\u00e1rsj\u00f3\u00f0una \u00ed Drottins h\u00fasi. <\/p>\n<p>\tOg um n\u00e6tur voru \u00feeir \u00ed kringum Drottins h\u00fas \u00fev\u00ed \u00feeim bar a\u00f0 halda vaktina og uppl\u00faka dyrunum hvern morgun. En sumir af \u00feeim voru settir yfir kerin til emb\u00e6ttisins \u00fev\u00ed \u00feeir b\u00e1ru \u00feau \u00fat og inn eftir t\u00f6lunni. En sumir af \u00feeim voru skikka\u00f0ir yfir kerin og yfir \u00f6ll heil\u00f6g verkf\u00e6ri, yfir similiumj\u00f6l, yfir v\u00edn, yfir oleum, yfir reykelsi, yfir smyrslin. En nokkrir af prestanna sonum gj\u00f6r\u00f0u reykelsi.<\/p>\n<p>\tMatitja af Lev\u00edtunum, fyrsti sonur Sall\u00fam Choriter, var tr\u00faa\u00f0 til eldgagnanna. Og af Chahathiter \u00feeirra br\u00e6\u00f0rum voru tilskikka\u00f0ir \u00feeir e\u00f0 skyldi tilrei\u00f0a sko\u00f0unarbrau\u00f0in a\u00f0 \u00feeir tilreiddu \u00feau alla sabbatsdagana.<\/p>\n<p>\t\u00deessir eru h\u00f6f\u00f0ingjar s\u00f6ngvaranna me\u00f0al Lev\u00edtanna fe\u00f0ra, \u00fatvaldir yfir f\u00e9hirsluna. \u00dev\u00ed dag og n\u00f3tt voru \u00feeir \u00fear yfir a\u00f0 h\u00f6ndla. \u00deessir eru \u00feeir yppustu fe\u00f0ur \u00e1 me\u00f0al Lev\u00edtanna \u00ed \u00feeirra \u00e6tt og \u00feessir bjuggu \u00ed Jer\u00fasalem.<\/p>\n<p>\tJe\u00edel, fa\u00f0ir G\u00edbeon, bj\u00f3 \u00ed G\u00edbeon. Hans h\u00fastr\u00fa h\u00e9t Maeka og hans fyrsti son Abd\u00f3n, S\u00far, K\u00eds, Baal, Ner, Nadab, Ged\u00f3r, Ahaj\u00f3, Sakar\u00eda, M\u00edkl\u00f3t. Og M\u00edkl\u00f3t gat S\u00edmeam og \u00feeir bjuggu \u00ed kringum s\u00edna br\u00e6\u00f0ur \u00ed Jer\u00fasalem. Og Ner gat K\u00eds. K\u00eds gat Saul. <span class=\"athugasemd\" title=\"1. Reg. 14 \/ Saul\">[<\/span> Saul gat J\u00f3natan, Malk\u00eds\u00faa, Ab\u00ednadab, Esbaal. <span class=\"athugasemd\" title=\"J\u00f3natan\">[<\/span> Mer\u00edbaal var son J\u00f3natan. Og Mer\u00edbaal gat M\u00edka. Synir M\u00edka voru P\u00edton, Melek, Taerea og Ahas. <\/p>\n<p>\tAhas gat Jaera. <span class=\"athugasemd\" title=\"Supra 9\">[<\/span> Jaera gat Alemet, Asmavet og Simr\u00ed. Simr\u00ed gat M\u00f3sa. M\u00f3sa gat B\u00ednea og hans son var Rafaja, hans son var Eleassa, hans son var Asel. En Asel haf\u00f0i sex sonu og h\u00e9tu Bokr\u00fa, \u00cdsmael, Searja, \u00d3bad\u00eda og Hanan. \u00deessir eru synir Asel.<\/p>\n","protected":false},"excerpt":{"rendered":"<p>X. Og allt \u00cdsraelsf\u00f3lk var reikna\u00f0 og sj\u00e1, \u00fea\u00f0 er uppskrifa\u00f0 \u00ed \u00cdsraels- og J\u00fadak\u00f3nga b\u00f3k og n\u00fa burtflutt til Bab\u00fdlon s\u00f6kum \u00feeirra misgj\u00f6rninga. \u00deeir hverjir e\u00f0 \u00e1\u00f0ur bjuggu \u00ed \u00feeirra eignum og borgum sem var \u00cdsrael, prestarnir, Lev\u00edtarnir og [ Neth\u00edn\u00edm. En \u00fear bjuggu nokkrir af J\u00fadasonum \u00ed Jer\u00fasalem, nokkrir af sonum Benjam\u00edn og nokkrir af sonum Efra\u00edm og Manasses hverjir a\u00f0 voru af sonum Peres sonar J\u00fada. Og \u00feessi var \u00datah\u00ed, sonur Am\u00edh\u00fad, sonar Amr\u00ed, sonar Imr\u00ed, sonar Ban\u00ed. En af S\u00edlon\u00ed: Asaja \u00feann fyrsti son og a\u00f0rir hans synir. Af sonum Sera komu Jeg\u00fael og hans br\u00e6\u00f0ur, <a href=\"https:\/\/biblian.is\/gudbrandsbiblia\/fyrri-kronikubok-10-kafli\/\"> [&#8230;]<\/a><\/p>\n","protected":false},"author":1,"featured_media":0,"parent":0,"menu_order":0,"comment_status":"open","ping_status":"open","template":"bibliukaflar.php","meta":{"footnotes":""},"class_list":["post-3040","page","type-page","status-publish","hentry"],"_links":{"self":[{"href":"https:\/\/biblian.is\/gudbrandsbiblia\/wp-json\/wp\/v2\/pages\/3040","targetHints":{"allow":["GET"]}}],"collection":[{"href":"https:\/\/biblian.is\/gudbrandsbiblia\/wp-json\/wp\/v2\/pages"}],"about":[{"href":"https:\/\/biblian.is\/gudbrandsbiblia\/wp-json\/wp\/v2\/types\/page"}],"author":[{"embeddable":true,"href":"https:\/\/biblian.is\/gudbrandsbiblia\/wp-json\/wp\/v2\/users\/1"}],"replies":[{"embeddable":true,"href":"https:\/\/biblian.is\/gudbrandsbiblia\/wp-json\/wp\/v2\/comments?post=3040"}],"version-history":[{"count":0,"href":"https:\/\/biblian.is\/gudbrandsbiblia\/wp-json\/wp\/v2\/pages\/3040\/revisions"}],"wp:attachment":[{"href":"https:\/\/biblian.is\/gudbrandsbiblia\/wp-json\/wp\/v2\/media?parent=3040"}],"curies":[{"name":"wp","href":"https:\/\/api.w.org\/{rel}","templated":true}]}}