{"id":3039,"date":"2017-12-18T18:32:28","date_gmt":"2017-12-18T18:32:28","guid":{"rendered":"http:\/\/biblian.is\/gudbrandsbiblia\/fyrri-kronikubok-9-kafli\/"},"modified":"2017-12-18T18:32:28","modified_gmt":"2017-12-18T18:32:28","slug":"fyrri-kronikubok-9-kafli","status":"publish","type":"page","link":"https:\/\/biblian.is\/gudbrandsbiblia\/fyrri-kronikubok-9-kafli\/","title":{"rendered":"Fyrri kron\u00edkub\u00f3k 9. kafli"},"content":{"rendered":"<p>IX.<\/p>\n<p>Benjam\u00edn gat Bela sinn fyrsta son, Asbal annan, Ara \u00feann \u00feri\u00f0ja, N\u00f3a hinn fj\u00f3r\u00f0a, Rafa \u00feann fimmta. <span class=\"athugasemd\" title=\"Synir Benjam\u00edn \/ Gen. 46\">[<\/span> En Bela \u00e1tti \u00feessa syni: Addar, Gera, Ab\u00edh\u00fad, Ab\u00eds\u00faa, Naeman, Ah\u00f3a, Gera, Sf\u00fafan og H\u00faram.<\/p>\n<p>\t\u00deessir eru synir Eh\u00fa\u00f0 \u00feeir sem voru fe\u00f0ranna h\u00f6f\u00f0ingjar \u00e1 me\u00f0al borgaranna \u00ed Geba og dr\u00f3gu burt til Manahat, sem var Naeman, Ah\u00eda og Gera. Hann f\u00e6r\u00f0i \u00fe\u00e1 \u00ed burt og hann gat \u00dasa og Ah\u00ed\u00fad. En Sehara\u00edm gat \u00ed landi M\u00f3ab \u00fe\u00e1 hann haf\u00f0i l\u00e1ti\u00f0 fara fr\u00e1 s\u00e9r H\u00fas\u00edm og Baera s\u00ednar kvinnur og hann gat \u00fe\u00e1 af H\u00f3des sinni kvinnu J\u00f3bab, S\u00edbja, Mesa, Malkam, Je\u00fas, Sak\u00eda og Mirma. \u00deessir voru hans synir, h\u00f6f\u00f0ingjar \u00ed fe\u00f0ranna h\u00fasum.<\/p>\n<p>\tOg hann gat af H\u00fas\u00edm Ab\u00edt\u00f3b og Elpaal. Eber, M\u00edseam og Samad voru synir Elpaal. Hann uppbygg\u00f0i \u00d3n\u00f3 og L\u00f3d og hennar d\u00e6tur. En Br\u00eda og Sama voru \u00feeir yppustu fe\u00f0ur \u00e1 me\u00f0al borgaranna \u00ed Ajalon. \u00deeir \u00fatr\u00fdmdu \u00fe\u00e1 \u00ed Gat. Og hans br\u00f3\u00f0ir var Sasak, Jer\u00edm\u00f3t, Sebad\u00eda, Arad, Ader, M\u00edkael, Jespa og J\u00f3ha: \u00dea\u00f0 eru synir Br\u00eda. Og Sebad\u00eda, Mes\u00fallam, Hisk\u00ed, Heber, Jesl\u00eda, J\u00f3bab: \u00deessir eru synir Elpaal. Jak\u00edm, Sikr\u00ed, Sabd\u00ed, El\u00edna\u00ed, Siltaj, El\u00edel, Adaja, Braja og Simrat: \u00deessir eru synir S\u00edme\u00ed. Jespan, Eber, El\u00edel, Abd\u00f3n, Sikr\u00ed, Hanan, Hananja, Elam, Ant\u00f3t\u00eda, Jefdeja og Pn\u00fael: \u00deessir eru synir Sasak. Samsera\u00ed, Sehar\u00eda, Atal\u00eda, Jaeresja, El\u00eda og Sikr\u00ed: \u00deessir eru synir Jer\u00f3ham. \u00deessir eru n\u00fa yppustu fe\u00f0ranna h\u00f6f\u00f0ingjar af \u00feeirra \u00e6tt og bjuggu \u00ed Jer\u00fasalem. <\/p>\n<p>\tEn \u00ed G\u00edbeon bj\u00f3\u00f0 fa\u00f0ir G\u00edbeon og hans kvinna h\u00e9t Maeka. En Ab\u00f3n var hans fyrsti son, S\u00far, K\u00eds, Baal, Nadab, Gedor, Ahj\u00f3, Seker og M\u00edkl\u00f3t. En M\u00edkl\u00f3t gat S\u00edmeja og bj\u00f3 \u00ed Jer\u00fasalem \u00fevert yfir fr\u00e1 s\u00ednum br\u00e6\u00f0rum hj\u00e1 \u00feeim. <\/p>\n<p>\tNer gat K\u00eds en K\u00eds gat Saul. <span class=\"athugasemd\" title=\"Saul\">[<\/span> Saul gat J\u00f3natan, Melk\u00eds\u00faa, Ab\u00ednadab og Esbaal. <span class=\"athugasemd\" title=\"J\u00f3natan\">[<\/span> En sonur J\u00f3natan var Mer\u00edbaal. Mer\u00edbaal gat M\u00edka. Synir M\u00edka voru P\u00edton, Melek, Taerea og Ahas. Og Ahas gat J\u00f3adda. J\u00f3adda gat Alemet, Asmavet og Simr\u00ed. Simr\u00ed gat M\u00f3sa. M\u00f3sa gat B\u00ednea og hans son var Rafa, hans son var Eleasa, hans son var Asel. Ase haf\u00f0i sex syni. \u00deeir h\u00e9tu so: Esr\u00edkam, Bokr\u00fa, Jesmael, Searja, Abad\u00eda og Hanan. \u00deeir voru allir synir Asel. Synir hans br\u00f3\u00f0ur Esek voru \u00dalam, hans fyrsti son, annar Je\u00fas, s\u00e1 \u00feri\u00f0ji El\u00edfelet. En synir \u00dalam voru manna sterkastir og k\u00e6nir me\u00f0 boga. \u00deeir h\u00f6f\u00f0u og marga syni og sonarsyni, hundra\u00f0 og fimmt\u00edgi. \u00deessir allir eru af sonum Benjam\u00edn.<\/p>\n","protected":false},"excerpt":{"rendered":"<p>IX. Benjam\u00edn gat Bela sinn fyrsta son, Asbal annan, Ara \u00feann \u00feri\u00f0ja, N\u00f3a hinn fj\u00f3r\u00f0a, Rafa \u00feann fimmta. [ En Bela \u00e1tti \u00feessa syni: Addar, Gera, Ab\u00edh\u00fad, Ab\u00eds\u00faa, Naeman, Ah\u00f3a, Gera, Sf\u00fafan og H\u00faram. \u00deessir eru synir Eh\u00fa\u00f0 \u00feeir sem voru fe\u00f0ranna h\u00f6f\u00f0ingjar \u00e1 me\u00f0al borgaranna \u00ed Geba og dr\u00f3gu burt til Manahat, sem var Naeman, Ah\u00eda og Gera. Hann f\u00e6r\u00f0i \u00fe\u00e1 \u00ed burt og hann gat \u00dasa og Ah\u00ed\u00fad. En Sehara\u00edm gat \u00ed landi M\u00f3ab \u00fe\u00e1 hann haf\u00f0i l\u00e1ti\u00f0 fara fr\u00e1 s\u00e9r H\u00fas\u00edm og Baera s\u00ednar kvinnur og hann gat \u00fe\u00e1 af H\u00f3des sinni kvinnu J\u00f3bab, S\u00edbja, Mesa, Malkam, <a href=\"https:\/\/biblian.is\/gudbrandsbiblia\/fyrri-kronikubok-9-kafli\/\"> [&#8230;]<\/a><\/p>\n","protected":false},"author":1,"featured_media":0,"parent":0,"menu_order":0,"comment_status":"open","ping_status":"open","template":"bibliukaflar.php","meta":{"footnotes":""},"class_list":["post-3039","page","type-page","status-publish","hentry"],"_links":{"self":[{"href":"https:\/\/biblian.is\/gudbrandsbiblia\/wp-json\/wp\/v2\/pages\/3039","targetHints":{"allow":["GET"]}}],"collection":[{"href":"https:\/\/biblian.is\/gudbrandsbiblia\/wp-json\/wp\/v2\/pages"}],"about":[{"href":"https:\/\/biblian.is\/gudbrandsbiblia\/wp-json\/wp\/v2\/types\/page"}],"author":[{"embeddable":true,"href":"https:\/\/biblian.is\/gudbrandsbiblia\/wp-json\/wp\/v2\/users\/1"}],"replies":[{"embeddable":true,"href":"https:\/\/biblian.is\/gudbrandsbiblia\/wp-json\/wp\/v2\/comments?post=3039"}],"version-history":[{"count":0,"href":"https:\/\/biblian.is\/gudbrandsbiblia\/wp-json\/wp\/v2\/pages\/3039\/revisions"}],"wp:attachment":[{"href":"https:\/\/biblian.is\/gudbrandsbiblia\/wp-json\/wp\/v2\/media?parent=3039"}],"curies":[{"name":"wp","href":"https:\/\/api.w.org\/{rel}","templated":true}]}}