{"id":3037,"date":"2017-12-18T18:32:28","date_gmt":"2017-12-18T18:32:28","guid":{"rendered":"http:\/\/biblian.is\/gudbrandsbiblia\/fyrri-kronikubok-7-kafli\/"},"modified":"2017-12-18T18:32:28","modified_gmt":"2017-12-18T18:32:28","slug":"fyrri-kronikubok-7-kafli","status":"publish","type":"page","link":"https:\/\/biblian.is\/gudbrandsbiblia\/fyrri-kronikubok-7-kafli\/","title":{"rendered":"Fyrri kron\u00edkub\u00f3k 7. kafli"},"content":{"rendered":"<p>VII.<\/p>\n<p>Synir Lev\u00ed voru Gerson, Kahat, Merar\u00ed. <span class=\"athugasemd\" title=\"Synir Lev\u00ed \/ Gen. 46\">[<\/span> En synir Kahat voru Amram, Jesehar, Hebron og \u00das\u00edel. Synir Amram voru Aron, M\u00f3se og Mar\u00eda.<\/p>\n<p>\tSynir Aron voru Nadab, Ab\u00ed\u00fa\u00f0, Eleasar og \u00cdtamar. <span class=\"athugasemd\" title=\"Synir Arons\">[<\/span> Eleasar gat P\u00edneas. <span class=\"athugasemd\" title=\"P\u00edneas\">[<\/span> P\u00edneas gat Ab\u00eds\u00faa. Ab\u00eds\u00faa gat B\u00fak\u00ed. B\u00fak\u00ed gat \u00das\u00ed. \u00das\u00ed gat Saraja. Saraja gat Meraj\u00f3t. Meraj\u00f3t gat Amarja. Amarja gat Ah\u00edt\u00f3b. Ah\u00edt\u00f3b gat Sad\u00f3k. Sad\u00f3k gat Ah\u00edmaas. Ah\u00edmaas gat Asarja. Asarja gat J\u00f3hanan. J\u00f3hanan gat Asarja sem a\u00f0 var kennima\u00f0ur \u00ed \u00fev\u00ed h\u00fasi sem a\u00f0 Sal\u00f3mon bygg\u00f0i \u00ed Jer\u00fasalem. <span class=\"athugasemd\" title=\"Asar\u00eda\">[<\/span> Asarja gat Amarja. Amarja gat Ah\u00edt\u00f3b. Ah\u00edt\u00f3b gat Sad\u00f3k. Sad\u00f3k gat Sall\u00fam. Sall\u00fam gat Hilk\u00eda. Hilk\u00eda gat Asar\u00eda. Asar\u00eda gat Seraja. Seraja gat J\u00f3sadak. <span class=\"athugasemd\" title=\"J\u00f3sadak\">[<\/span> En J\u00f3sadak var og fanga\u00f0ur \u00feann t\u00ed\u00f0 sem Drottinn l\u00e9t J\u00fada og Jer\u00fasalem flytjast \u00ed burt fanga\u00f0a af Nab\u00fagodonosor. <\/p>\n<p>\tSvo eru n\u00fa \u00feessir synir Lev\u00ed: Gerson, Kahat og Merar\u00ed. <span class=\"athugasemd\" title=\"Lev\u00edtanna \u00e6ttkv\u00edslir\">[<\/span> En synir Gerson h\u00e9tu L\u00edbn\u00ed og S\u00edme\u00ed. En synir Kahat h\u00e9tu Amram, Jesehar, Hebron og \u00das\u00edel. En synir Merar\u00ed h\u00e9tu Mahel\u00ed og M\u00fas\u00ed. <\/p>\n<p>\t\u00deessi er \u00e6tt Lev\u00edtanna \u00e1 me\u00f0al \u00feeirra fe\u00f0ra: Sonur Gerson var Libn\u00ed, hans son var Jahat, hans sonur var Sima, hans sonur var J\u00f3a, hans sonur var \u00cddd\u00f3, hans sonur var Sera, hans sonur var Jeatra\u00ed. En sonur Kahat var Am\u00ednadab, hans sonur var K\u00f3ra, hans sonur var Ass\u00edr, hans sonur var Elkana, hans sonur var Abjasaf, hans sonur var Ass\u00edr, hans sonur var Tahat, hans sonur var \u00dar\u00edel, hans son var \u00das\u00eda, hans son var Saul.<\/p>\n<p>\tSynir Elkana voru Amasa\u00ed, Ah\u00edm\u00f3t og Elkana. Hans son var Elkana af S\u00f3f, hans son var Nahat, hans son var El\u00edab, hans son var Jer\u00f3ham, hans son var Elkana, hans son var Sam\u00fael hvers frumgetinn sonur e\u00f0 var Vasn\u00ed og Ab\u00eda. <span class=\"athugasemd\" title=\"Sam\u00fael\">[<\/span>  <\/p>\n<p>\tSon Merar\u00ed var Mahel\u00ed, hans son var L\u00edbn\u00ed, hans son var S\u00edme\u00ed, hans son var \u00dasa, hans son var S\u00edmea, hans son var Hagg\u00eda, hans son var Asja.<\/p>\n<p>\tEn \u00feessir eru \u00feeir sem a\u00f0 Dav\u00ed\u00f0 skikka\u00f0i til a\u00f0 syngja \u00ed h\u00fasi Drottins \u00fear sem \u00f6rkin var sett. <span class=\"athugasemd\" title=\"S\u00f6ngvarar af Dav\u00ed\u00f0 settir\">[<\/span> Og \u00feeir \u00fej\u00f3nu\u00f0u fyrir vitnisbur\u00f0arins tjaldb\u00fa\u00f0 syngjandi \u00fear til a\u00f0 Sal\u00f3mon bygg\u00f0i Drottni h\u00fas \u00ed Jer\u00fasalem og st\u00f3\u00f0u \u00ed s\u00ednu emb\u00e6tti eftir sinni skikkan. Og \u00feetta eru \u00feeir sem \u00fear st\u00f3\u00f0u og \u00feeirra synir: <span class=\"athugasemd\" title=\"Heman\">[<\/span> Af sonum Kahat var Heman s\u00e1 s\u00f6ngvari son J\u00f3el, sonar Sam\u00fael, sonar Elkana, sonar Jer\u00f3ham, sonar El\u00edel, sonar T\u00f3a, sonar S\u00faf, sonar Elkana, sonar Mahat, sonar Amasa\u00ed, sonar Elkana, sonar J\u00f3el, sonar Asarja, sonar Sefan\u00eda, sonar Taat, sonar Ass\u00edr, sonar Abjassaf, sonar K\u00f3ra, sonar Jesear, sonar Kaat, sonar Lev\u00ed, sonar \u00cdsrael.<\/p>\n<p>\tOg hans br\u00f3\u00f0ir Assaf st\u00f3\u00f0 vi\u00f0 hans h\u00e6gri h\u00f6nd. <span class=\"athugasemd\" title=\"Assaf\">[<\/span> En s\u00e1 Assaf var sonur Berek\u00eda sonar S\u00edmea, sonar M\u00edkael, sonar Baeseja, sonar Malk\u00eda, sonar Atn\u00ed, sonar Sera, sonar Adaja, sonar Etan, sonar Sima, sonar S\u00edme\u00ed, sonar Jahat, sonar Gersom, sonar Lev\u00ed. <\/p>\n<p>\tEn \u00feeirra br\u00e6\u00f0ur, synir Merar\u00ed, st\u00f3\u00f0u til vinstri s\u00ed\u00f0u, sem var Etan sonur K\u00fas\u00ed, sonar Abd\u00ed, sonar Mall\u00fak, sonar Hasabja, sonar Amasja, sonar Hilk\u00eda, sonar Ams\u00ed, sonar Ban\u00ed, sonar Samer, sonar Mahel\u00ed, sonar M\u00fas\u00ed, sonar Merar\u00ed, sonar Lev\u00ed. <span class=\"athugasemd\" title=\"Etan\">[<\/span><\/p>\n<p>\tOg Lev\u00edtarnir \u00feeirra br\u00e6\u00f0ur voru settir til allra handa emb\u00e6tta \u00ed tjaldb\u00fa\u00f0arh\u00fasi Drottins. En Aron og hans synir offru\u00f0u reykelsi yfir brennioffursins altari og yfir reykelsisaltari og \u00feeir voru til allsh\u00e1tta\u00f0ra gj\u00f6rninga \u00ed \u00fev\u00ed allrahelgasta og til a\u00f0 forl\u00edka \u00cdsrael so sem M\u00f3ses Gu\u00f0s \u00fe\u00e9nari haf\u00f0i bo\u00f0i\u00f0.<\/p>\n<p>\t\u00deessir eru synir Aron: <span class=\"athugasemd\" title=\"Synir Aron\">[<\/span> Hans son Eleasar, hans son var P\u00edneas, hans son var Ab\u00eds\u00faa, hans son var B\u00fak\u00ed, hans son var \u00das\u00ed, hans son var Serahja, hans son var Meraj\u00f3t, hans son var Amar\u00eda, hans son var Ah\u00edt\u00f3b, hans son var Sad\u00f3k, hans son var Ah\u00edmaas. <\/p>\n<p>\tOg \u00feessi eru \u00feeirra heimili og s\u00e6ti \u00ed \u00feeirra lands\u00e1lfum, sem eru synir Aron af Chahathither slekti. <span class=\"athugasemd\" title=\"Num. 15 \/ J\u00f3s\u00fa. 21\">[<\/span> \u00dev\u00ed a\u00f0 hluturinn f\u00e9ll \u00feeim til. Og \u00feeir g\u00e1fu \u00feeim Hebron \u00ed J\u00fadalandi og hennar forsta\u00f0i \u00fear \u00ed kring. En \u00feeir g\u00e1fu Kaleb syni Jef\u00fanne sta\u00f0arins akra og hans \u00feorp. So g\u00e1fu \u00feeir n\u00fa sonum Aron \u00feessa frelsissta\u00f0i: Hebron og L\u00edbna me\u00f0 \u00feeirra forst\u00f6\u00f0um, Jater og Estem\u00f3a me\u00f0 \u00feeirra forst\u00f6\u00f0um, H\u00edlen, Deb\u00edr, Asan og Bet Semes me\u00f0 \u00feeirra forst\u00f6\u00f0um. Og af Benjam\u00edns \u00e6tt: Geba, Alemet og Anat\u00f3t me\u00f0 \u00feeirra forst\u00f6\u00f0um. So a\u00f0 allir sta\u00f0irnir \u00ed \u00feeirra \u00e6tt voru \u00ferett\u00e1n.<\/p>\n<p>\tEn \u00feeir a\u00f0rir synir Kahat \u00ed \u00feeirra fr\u00e6ndleif\u00f0 af \u00fev\u00ed h\u00e1lfu Manasses slekti fengu t\u00edu sta\u00f0i \u00ed sinn hlut. <span class=\"athugasemd\" title=\"Heimili og b\u00fasta\u00f0ir Aronssona\">[<\/span> Synir Gersom \u00ed s\u00ednu slekti fengu af \u00cdsaskar slekti og af Assers slekti og af Neftal\u00ed slekti og af Manasse slekti \u00ed Basan \u00ferett\u00e1n sta\u00f0i. Synir Merar\u00ed \u00ed \u00feeirra \u00e6ttleif\u00f0 fengu eftir hlutfalli af R\u00faben slekti og Ga\u00f0 slekti og af Seb\u00falon slekti t\u00f3lf sta\u00f0i. Og \u00cdsraelssynir g\u00e1fu Lev\u00edtunum og svo sta\u00f0i me\u00f0 s\u00ednum forst\u00f6\u00f0um eftir hlutfallinu. Og af J\u00fadasonar slekti og af S\u00edmeonsona slekti og af Benjam\u00ednsona slekti \u00fe\u00e1 sta\u00f0i sem \u00feeir nefndu vi\u00f0 nafn.<\/p>\n<p>\tEn \u00feeir sem voru af Kahatsona \u00e6tt \u00feeir fengu borgir \u00ed s\u00ednum landamerkjum af Efra\u00edms \u00e6tt. So g\u00e1fu \u00feeir \u00feeim frelsissta\u00f0i: S\u00edkem \u00e1 Efra\u00edmsfjalli, Geser, Jakmeam, Bet H\u00f3ron, Ajolon og Ga\u00f0 Rimon me\u00f0 \u00feeirra forst\u00f6\u00f0um, \u00fear til me\u00f0 af \u00fev\u00ed h\u00e1lfu Manasses slekti Aner og B\u00edleam me\u00f0 \u00feeirra forst\u00f6\u00f0um. En sonum Gersom g\u00e1fu \u00feeir af \u00fev\u00ed h\u00e1lfu Manasses slekti G\u00f3lan \u00ed Basan og Astar\u00f3t me\u00f0 \u00feeirra forst\u00f6\u00f0um, af \u00cdsaskar slekti Kedes, Dabrat, Ram\u00f3t og Anem me\u00f0 \u00feeirra forst\u00f6\u00f0um, af Asser slekti Masal, Abd\u00f3n, H\u00fakok og Re\u00f3b me\u00f0 \u00feeirra forst\u00f6\u00f0um, af Neftal\u00ed slekti Kedes \u00ed Galilea, Hamm\u00f3n og Kirjata\u00edm me\u00f0 \u00feeirra forst\u00f6\u00f0um.<\/p>\n<p>\t\u00deeim \u00f6\u00f0rum sonum Merar\u00ed g\u00e1fu \u00feeir af Seb\u00falons \u00e6tt Rim\u00f3n\u00f3, Tab\u00f3r me\u00f0 \u00feeirra forst\u00f6\u00f0um. Og hinumegin J\u00f3rdanar gegnt Jer\u00edk\u00f3 austur fr\u00e1 J\u00f3rdan af R\u00faben slekti Beser \u00ed ey\u00f0im\u00f6rku, Jaksa, Kedem\u00f3t og Mepaat me\u00f0 \u00feeirra forst\u00f6\u00f0um, af Gaa\u00f0 \u00e6tt Ram\u00f3t \u00ed G\u00edlea\u00f0, Mahana\u00edm, Hesbon og Jaeser me\u00f0 \u00feeirra forst\u00f6\u00f0um.<\/p>\n","protected":false},"excerpt":{"rendered":"<p>VII. Synir Lev\u00ed voru Gerson, Kahat, Merar\u00ed. [ En synir Kahat voru Amram, Jesehar, Hebron og \u00das\u00edel. Synir Amram voru Aron, M\u00f3se og Mar\u00eda. Synir Aron voru Nadab, Ab\u00ed\u00fa\u00f0, Eleasar og \u00cdtamar. [ Eleasar gat P\u00edneas. [ P\u00edneas gat Ab\u00eds\u00faa. Ab\u00eds\u00faa gat B\u00fak\u00ed. B\u00fak\u00ed gat \u00das\u00ed. \u00das\u00ed gat Saraja. Saraja gat Meraj\u00f3t. Meraj\u00f3t gat Amarja. Amarja gat Ah\u00edt\u00f3b. Ah\u00edt\u00f3b gat Sad\u00f3k. Sad\u00f3k gat Ah\u00edmaas. Ah\u00edmaas gat Asarja. Asarja gat J\u00f3hanan. J\u00f3hanan gat Asarja sem a\u00f0 var kennima\u00f0ur \u00ed \u00fev\u00ed h\u00fasi sem a\u00f0 Sal\u00f3mon bygg\u00f0i \u00ed Jer\u00fasalem. [ Asarja gat Amarja. Amarja gat Ah\u00edt\u00f3b. Ah\u00edt\u00f3b gat Sad\u00f3k. Sad\u00f3k gat Sall\u00fam. Sall\u00fam <a href=\"https:\/\/biblian.is\/gudbrandsbiblia\/fyrri-kronikubok-7-kafli\/\"> [&#8230;]<\/a><\/p>\n","protected":false},"author":1,"featured_media":0,"parent":0,"menu_order":0,"comment_status":"open","ping_status":"open","template":"bibliukaflar.php","meta":{"footnotes":""},"class_list":["post-3037","page","type-page","status-publish","hentry"],"_links":{"self":[{"href":"https:\/\/biblian.is\/gudbrandsbiblia\/wp-json\/wp\/v2\/pages\/3037","targetHints":{"allow":["GET"]}}],"collection":[{"href":"https:\/\/biblian.is\/gudbrandsbiblia\/wp-json\/wp\/v2\/pages"}],"about":[{"href":"https:\/\/biblian.is\/gudbrandsbiblia\/wp-json\/wp\/v2\/types\/page"}],"author":[{"embeddable":true,"href":"https:\/\/biblian.is\/gudbrandsbiblia\/wp-json\/wp\/v2\/users\/1"}],"replies":[{"embeddable":true,"href":"https:\/\/biblian.is\/gudbrandsbiblia\/wp-json\/wp\/v2\/comments?post=3037"}],"version-history":[{"count":0,"href":"https:\/\/biblian.is\/gudbrandsbiblia\/wp-json\/wp\/v2\/pages\/3037\/revisions"}],"wp:attachment":[{"href":"https:\/\/biblian.is\/gudbrandsbiblia\/wp-json\/wp\/v2\/media?parent=3037"}],"curies":[{"name":"wp","href":"https:\/\/api.w.org\/{rel}","templated":true}]}}