{"id":3036,"date":"2017-12-18T18:32:28","date_gmt":"2017-12-18T18:32:28","guid":{"rendered":"http:\/\/biblian.is\/gudbrandsbiblia\/fyrri-kronikubok-6-kafli\/"},"modified":"2017-12-18T18:32:28","modified_gmt":"2017-12-18T18:32:28","slug":"fyrri-kronikubok-6-kafli","status":"publish","type":"page","link":"https:\/\/biblian.is\/gudbrandsbiblia\/fyrri-kronikubok-6-kafli\/","title":{"rendered":"Fyrri kron\u00edkub\u00f3k 6. kafli"},"content":{"rendered":"<p>VI.<\/p>\n<p>\u00deetta eru synir R\u00faben frumgetna sonar \u00cdsraels \u00fev\u00ed hann var fyrsti son \u00cdsraels. <span class=\"athugasemd\" title=\"Synir R\u00faben \/ Gen. 46; 35\">[<\/span> En s\u00f6kum \u00feess a\u00f0 hann saurga\u00f0i s\u00edns f\u00f6\u00f0urs s\u00e6ng var\u00f0 hans frumtign gefin sonum J\u00f3sefs sonar \u00cdsrael og hann var ekki reikna\u00f0ur fyrir \u00feann hinn frumgetna. En J\u00fada sem var megtugur \u00e1 me\u00f0al sinna br\u00e6\u00f0ra, honum var gefi\u00f0 h\u00f6f\u00f0ingjad\u00e6mi\u00f0 fram fyrir hinn, en J\u00f3sef frumtignin. <span class=\"athugasemd\" title=\"Num. 26\">[<\/span> Svo eru n\u00fa synir R\u00faben \u00feess fyrsta sonar \u00cdsrael: Hanok, Pall\u00fa, Hesr\u00f3m og Karm\u00ed.<\/p>\n<p>\tOg sonur J\u00f3el var Semaja, hans son var G\u00f3g, hans son var Seme\u00ed, hans son var M\u00edka, hans son var Neaja, hans son var Baal, hans son var Beera hvern a\u00f0 T\u00edglat Pilnesser k\u00f3ngurinn af Assyria flutti \u00ed burt hertekinn. <span class=\"athugasemd\" title=\"Beera \/ T\u00edglat Pilnesser\">[<\/span> Og hann var einn h\u00f6f\u00f0ingi me\u00f0al \u00feeirrar R\u00fabens \u00e6ttar. En hans br\u00e6\u00f0ur eftir \u00feeirra kynsl\u00f3\u00f0, \u00fe\u00e1 \u00feeir voru reikna\u00f0ir \u00e1 me\u00f0al sinna \u00e6ttmanna, \u00fe\u00e1 h\u00f6f\u00f0u \u00feeir Je\u00edel og Sakar\u00eda til h\u00f6f\u00f0ingja. Og Bela sonur Asan, sonar Sema, sonar J\u00f3el sem bj\u00f3 \u00ed Ar\u00f3er og allt inn til Neb\u00f3 og Baal Meon og hann bj\u00f3 \u00ed m\u00f3ti austri allt til a\u00f0 kemur a\u00f0 \u00feeirri ey\u00f0im\u00f6rku sem liggur a\u00f0 vatni Euphrates. \u00dev\u00ed a\u00f0 \u00feeirra kvikf\u00e9 var miki\u00f0 \u00ed G\u00edlea\u00f0landi. Og \u00feeir f\u00e6r\u00f0u str\u00ed\u00f0 \u00e1 m\u00f3ti \u00feeim Hagarenis \u00ed t\u00ed\u00f0 Saul svo a\u00f0 \u00feeir Agareni f\u00e9llu fyrir \u00feeirra h\u00f6ndum og \u00feeir bjuggu \u00ed \u00feeirra tjaldb\u00fa\u00f0um \u00ed \u00f6llum eystra parti af G\u00edlea\u00f0.<\/p>\n<p>\tOg synir Ga\u00f0 bjuggu \u00fevert yfir fr\u00e1 \u00feeim \u00ed landi Basan inn til Salka. <span class=\"athugasemd\" title=\"Synir Ga\u00f0\">[<\/span> J\u00f3el inn yppasti og Safan \u00fear n\u00e6st, Jaena\u00ed og Safat \u00ed Basan. Og \u00feeirra b\u00e6\u00f0ur eftir \u00feeirra fe\u00f0ra h\u00fasi voru M\u00edkael, Mes\u00fallam, Seba, J\u00f3ra\u00ed, Jaekan, sj\u00e1, og Eber, \u00feeir sj\u00f6. \u00deessir eru synir Ab\u00edha\u00edl sonar H\u00far\u00ed, sonar Jar\u00f3a, sonar G\u00edlea\u00f0, sonar M\u00edkael, sonar Jes\u00edsa\u00ed, sonar Jahd\u00f3, sonar B\u00fas. Ah\u00ed son Abd\u00edel, sonar G\u00fan\u00ed, hann var hinn yppasti \u00ed \u00feeirra fe\u00f0ra h\u00fasi. Og \u00feeir bjuggu \u00ed G\u00edlea\u00f0 \u00fat \u00ed Basan og \u00ed \u00feeirra \u00feorpum og \u00ed \u00f6llum forst\u00f6\u00f0um Saron inn til \u00feeirra endimarka. \u00deessir voru allir taldir \u00e1 d\u00f6gum J\u00f3tam J\u00fadak\u00f3ngs og Jer\u00f3b\u00f3am \u00cdsraelsk\u00f3ngs. <span class=\"athugasemd\" title=\"J\u00f3tam\">[<\/span> <\/p>\n<p>\tSynir R\u00faben og Ga\u00f0 og h\u00e1lf \u00e6tt Manasses, \u00feeir voru str\u00ed\u00f0smenn og h\u00f6f\u00f0u b\u00e6\u00f0i skj\u00f6ld og sver\u00f0, kunnu og a\u00f0 spenna boga og voru mj\u00f6g vopnk\u00e6nir. <span class=\"athugasemd\" title=\"Synir R\u00faben\">[<\/span> \u00deessir voru fj\u00f3rar og fj\u00f6rut\u00edgir \u00fe\u00fasundir sj\u00f6 hundru\u00f0 og sext\u00edgi \u00feeir sem f\u00e6rir voru a\u00f0 fara \u00ed bardaga. \u00deessir dr\u00f3gu \u00fat til bardaga \u00ed m\u00f3ti \u00feeim Hagarenis en \u00feeim komu til hj\u00e1lpar Jet\u00far, Nafes og N\u00f3dab. Og Hagareni f\u00e9llu \u00ed \u00feeirra hendur og alir \u00feeir sem voru me\u00f0 \u00feeim. \u00dev\u00ed \u00feeir hr\u00f3pu\u00f0u til Gu\u00f0s \u00ed bardaganum og hann b\u00e6nheyr\u00f0i \u00fe\u00e1 \u00fev\u00ed \u00feeir treystu upp \u00e1 hann. Og \u00feeir t\u00f3ku \u00feeirra kvikf\u00e9, fimm \u00fe\u00fasund \u00falfalda, tv\u00f6 hundru\u00f0 og fimmt\u00edgi \u00fe\u00fasundir sau\u00f0a, tv\u00f6 \u00fe\u00fasund asna og hundra\u00f0 \u00fe\u00fasund mannas\u00e1lir. \u00dev\u00ed \u00fear f\u00e9llu margir s\u00e1rir \u00fev\u00ed a\u00f0 \u00fea\u00f0 var Gu\u00f0s bardagi. Og \u00feeir bjuggu \u00ed \u00feeirra st\u00f6\u00f0um allt til \u00feess a\u00f0 \u00feeir voru <span class=\"athugasemd\" title=\"a \/ Af Salmanassar\">[<\/span> herleiddir. <\/p>\n<p>\tEn h\u00e1lf \u00e6tt Manassessona bj\u00f3 \u00ed landinu fr\u00e1 Basan og allt til Baal Hermon og Sen\u00edr og a\u00f0 fjallinu Hermon og \u00feeir voru margir. <span class=\"athugasemd\" title=\"Synir h\u00e1lfrar Manasses \u00e6ttar\">[<\/span> Og \u00feessir voru h\u00f6f\u00f0ingjar fyrir \u00feeirra fe\u00f0ra h\u00fasum: Efer, Jese\u00ed, El\u00edel, Asr\u00edel, Jerem\u00eda, H\u00f3davja og Jahd\u00edel. \u00deetta voru voldugir magtarmenn og nafnkunnugustu h\u00f6f\u00f0ingjar \u00ed \u00feeirra fe\u00f0ra h\u00fasum. En \u00fe\u00e1 \u00feeir syndgu\u00f0ust \u00ed m\u00f3ti \u00feeirra fe\u00f0ra Gu\u00f0i og fr\u00f6mdu h\u00f3ranir me\u00f0 f\u00f3lksins afgu\u00f0um \u00ed landinu hverja Gu\u00f0 haf\u00f0i \u00fe\u00f3 ey\u00f0ilagt fyrir \u00fe\u00e1 \u00fe\u00e1 uppvakti Gu\u00f0 Israelis anda P\u00fael hver a\u00f0 var k\u00f3ngur \u00ed Assyria og anda T\u00edglat Pilnesses k\u00f3ngsins af Assyria og \u00feeir burtfluttu sonu \u00feeirra R\u00faben, Ga\u00f0 og \u00fe\u00e1 h\u00e1lfa Manasses \u00e6tt og fluttu \u00fe\u00e1 til Hala og Hab\u00f3r og Harar og til \u00feess vatsins G\u00f3san allt til \u00feessa dags. <span class=\"athugasemd\" title=\"Synir R\u00faben, Ga\u00f0 og h\u00e1lf \u00e6tt Manasse burt flutt \u00ed Assyriam\">[<\/span><\/p>\n","protected":false},"excerpt":{"rendered":"<p>VI. \u00deetta eru synir R\u00faben frumgetna sonar \u00cdsraels \u00fev\u00ed hann var fyrsti son \u00cdsraels. [ En s\u00f6kum \u00feess a\u00f0 hann saurga\u00f0i s\u00edns f\u00f6\u00f0urs s\u00e6ng var\u00f0 hans frumtign gefin sonum J\u00f3sefs sonar \u00cdsrael og hann var ekki reikna\u00f0ur fyrir \u00feann hinn frumgetna. En J\u00fada sem var megtugur \u00e1 me\u00f0al sinna br\u00e6\u00f0ra, honum var gefi\u00f0 h\u00f6f\u00f0ingjad\u00e6mi\u00f0 fram fyrir hinn, en J\u00f3sef frumtignin. [ Svo eru n\u00fa synir R\u00faben \u00feess fyrsta sonar \u00cdsrael: Hanok, Pall\u00fa, Hesr\u00f3m og Karm\u00ed. Og sonur J\u00f3el var Semaja, hans son var G\u00f3g, hans son var Seme\u00ed, hans son var M\u00edka, hans son var Neaja, hans son var Baal, <a href=\"https:\/\/biblian.is\/gudbrandsbiblia\/fyrri-kronikubok-6-kafli\/\"> [&#8230;]<\/a><\/p>\n","protected":false},"author":1,"featured_media":0,"parent":0,"menu_order":0,"comment_status":"open","ping_status":"open","template":"bibliukaflar.php","meta":{"footnotes":""},"class_list":["post-3036","page","type-page","status-publish","hentry"],"_links":{"self":[{"href":"https:\/\/biblian.is\/gudbrandsbiblia\/wp-json\/wp\/v2\/pages\/3036","targetHints":{"allow":["GET"]}}],"collection":[{"href":"https:\/\/biblian.is\/gudbrandsbiblia\/wp-json\/wp\/v2\/pages"}],"about":[{"href":"https:\/\/biblian.is\/gudbrandsbiblia\/wp-json\/wp\/v2\/types\/page"}],"author":[{"embeddable":true,"href":"https:\/\/biblian.is\/gudbrandsbiblia\/wp-json\/wp\/v2\/users\/1"}],"replies":[{"embeddable":true,"href":"https:\/\/biblian.is\/gudbrandsbiblia\/wp-json\/wp\/v2\/comments?post=3036"}],"version-history":[{"count":0,"href":"https:\/\/biblian.is\/gudbrandsbiblia\/wp-json\/wp\/v2\/pages\/3036\/revisions"}],"wp:attachment":[{"href":"https:\/\/biblian.is\/gudbrandsbiblia\/wp-json\/wp\/v2\/media?parent=3036"}],"curies":[{"name":"wp","href":"https:\/\/api.w.org\/{rel}","templated":true}]}}