{"id":3034,"date":"2017-12-18T18:32:28","date_gmt":"2017-12-18T18:32:28","guid":{"rendered":"http:\/\/biblian.is\/gudbrandsbiblia\/fyrri-kronikubok-4-kafli\/"},"modified":"2017-12-18T18:32:28","modified_gmt":"2017-12-18T18:32:28","slug":"fyrri-kronikubok-4-kafli","status":"publish","type":"page","link":"https:\/\/biblian.is\/gudbrandsbiblia\/fyrri-kronikubok-4-kafli\/","title":{"rendered":"Fyrri kron\u00edkub\u00f3k 4. kafli"},"content":{"rendered":"<p>IIII.<\/p>\n<p>Synir J\u00fada voru Peres, Hesr\u00f3n, Karm\u00ed, H\u00far og S\u00f3bal. <span class=\"athugasemd\" title=\"Synir J\u00fada\">[<\/span> En Rehaja son S\u00f3bal gat Jahat. En Jahat gat Ah\u00fama\u00ed og Lahad. \u00deessi er Saregathiter \u00e6ttkv\u00edsl. Og \u00feetta er \u00e6tt Etam: Jesreel, Jesma, Jedbas og \u00feeirra systir h\u00e9t Haselelp\u00f3n\u00ed, Pn\u00fael fa\u00f0ir Ged\u00f3r og Eser fa\u00f0ir H\u00fasa. \u00dea\u00f0 eru synir H\u00far, frumgetins sonar Efrata, f\u00f6\u00f0ur Betlehem. En Ash\u00far, fa\u00f0ir Tek\u00f3a, haf\u00f0i tv\u00e6r kvinnur, Hellea og Naera. En Naera f\u00e6ddi honum Ah\u00fasam, Hefer, Temn\u00ed og Ahastari. \u00deessir eru synir Naera. Og synir Hellea voru Seret, Jes\u00f3har og Etnan. En K\u00f3s gat An\u00fab og Has\u00f3beba og Aharhel, Har\u00famsona \u00e6ttkv\u00edsl. <\/p>\n<p>\tJaebes var veglegri en hans br\u00e6\u00f0ur og hans m\u00f3\u00f0ir kalla\u00f0i hann Jaebes \u00fev\u00ed h\u00fan sag\u00f0i: <span class=\"athugasemd\" title=\"Jaebez\">[<\/span> &#8222;Me\u00f0 sorg hefi eg hann f\u00e6ddan.&#8220; Og Jaebes kalla\u00f0i \u00e1 \u00cdsraels Gu\u00f0 og sag\u00f0i: &#8222;Ef \u00fe\u00fa blessar mig og v\u00edkkar \u00fat m\u00edn landamerki og \u00fe\u00edn h\u00f6nd ver\u00f0ur me\u00f0 m\u00e9r og l\u00e6tur svo ske a\u00f0 \u00fea\u00f0 hi\u00f0 vonda sturlar mig ekki.&#8220; Og Gu\u00f0 veitti honum hans b\u00f3n. En Kal\u00fab, br\u00f3\u00f0ir S\u00faha, gat Meh\u00edr, hann er fa\u00f0ir Est\u00f3n. Og Est\u00f3n gat Bet Rafa, Pasea og Tehinna sem var fa\u00f0ir Nahas sta\u00f0ar. \u00deetta eru \u00feeir menn af Reka. En synir Kenas voru \u00feeir Atn\u00edel og Seraja. En sonur Atn\u00edel h\u00e9t Hatat. <\/p>\n<p>\tEn Meonota\u00ed gat Ofra. Og Seraja gat J\u00f3ab sem var fa\u00f0ir \u00feeirra tr\u00e9smi\u00f0a \u00ed \u00feeim dal \u00fev\u00ed a\u00f0 \u00feeir voru tr\u00e9smi\u00f0ir. En synir Kaleb sonar Jef\u00fanne voru \u00cdr\u00fa, Ela og Naam. <span class=\"athugasemd\" title=\"Kaleb\">[<\/span> Sonur Ela var Kenas. Og synir Jehaleel voru S\u00edf, S\u00edfa, Tirja og Asareel. En synir Esra voru Jeter, Mered, Efer og Jalon og Tahar, Mar\u00eda, Sama\u00ed og Jesbak, fa\u00f0ir Estem\u00f3a. Og hans kvinna Judia f\u00e6ddi Jered f\u00f6\u00f0ur Gedor, og Heber f\u00f6\u00f0ur S\u00f3h\u00f3, Jek\u00fat\u00edel f\u00f6\u00f0ur San\u00f3a. \u00deessir voru synir Bitja, d\u00f3ttir fara\u00f3, hverja Maret t\u00f3k. <\/p>\n<p>\tEn synir \u00feeirrar kvinnu H\u00f3d\u00edja, systur Naan, f\u00f6\u00f0ur Keg\u00edla, voru Garm\u00ed og Estem\u00f3a af Maekat. Og synir S\u00edmon voru Ammon, Rinna og Ben Hanan, T\u00edlon. En synir Jesei voru S\u00f3het og Ben S\u00f3het.<\/p>\n<p>\tOg synir Sela sonar J\u00fada var Er f\u00f6\u00f0ur Leka og Laeda fa\u00f0ir Maresa og s\u00fa l\u00ednvefjara\u00e6tt \u00ed h\u00fasi Asbea, \u00fear til me\u00f0 J\u00f3k\u00edm og \u00feeir menn af K\u00f3seba, J\u00f3as, Saraf, h\u00f6f\u00f0ingjar \u00ed M\u00f3ab, og \u00ed Jas\u00fab\u00ed Lahem, svo sem gamlar r\u00e6\u00f0ur hl\u00fd\u00f0a. <span class=\"athugasemd\" title=\"Sela\">[<\/span> \u00deeir voru leirkerasmi\u00f0ir og bjuggu \u00e1 millum \u00feeirra plantaranna \u00ed g\u00f6r\u00f0unum hj\u00e1 k\u00f3nginum s\u00f6kum hans verka og komu og voru \u00fear.<\/p>\n","protected":false},"excerpt":{"rendered":"<p>IIII. Synir J\u00fada voru Peres, Hesr\u00f3n, Karm\u00ed, H\u00far og S\u00f3bal. [ En Rehaja son S\u00f3bal gat Jahat. En Jahat gat Ah\u00fama\u00ed og Lahad. \u00deessi er Saregathiter \u00e6ttkv\u00edsl. Og \u00feetta er \u00e6tt Etam: Jesreel, Jesma, Jedbas og \u00feeirra systir h\u00e9t Haselelp\u00f3n\u00ed, Pn\u00fael fa\u00f0ir Ged\u00f3r og Eser fa\u00f0ir H\u00fasa. \u00dea\u00f0 eru synir H\u00far, frumgetins sonar Efrata, f\u00f6\u00f0ur Betlehem. En Ash\u00far, fa\u00f0ir Tek\u00f3a, haf\u00f0i tv\u00e6r kvinnur, Hellea og Naera. En Naera f\u00e6ddi honum Ah\u00fasam, Hefer, Temn\u00ed og Ahastari. \u00deessir eru synir Naera. Og synir Hellea voru Seret, Jes\u00f3har og Etnan. En K\u00f3s gat An\u00fab og Has\u00f3beba og Aharhel, Har\u00famsona \u00e6ttkv\u00edsl. Jaebes var veglegri <a href=\"https:\/\/biblian.is\/gudbrandsbiblia\/fyrri-kronikubok-4-kafli\/\"> [&#8230;]<\/a><\/p>\n","protected":false},"author":1,"featured_media":0,"parent":0,"menu_order":0,"comment_status":"open","ping_status":"open","template":"bibliukaflar.php","meta":{"footnotes":""},"class_list":["post-3034","page","type-page","status-publish","hentry"],"_links":{"self":[{"href":"https:\/\/biblian.is\/gudbrandsbiblia\/wp-json\/wp\/v2\/pages\/3034","targetHints":{"allow":["GET"]}}],"collection":[{"href":"https:\/\/biblian.is\/gudbrandsbiblia\/wp-json\/wp\/v2\/pages"}],"about":[{"href":"https:\/\/biblian.is\/gudbrandsbiblia\/wp-json\/wp\/v2\/types\/page"}],"author":[{"embeddable":true,"href":"https:\/\/biblian.is\/gudbrandsbiblia\/wp-json\/wp\/v2\/users\/1"}],"replies":[{"embeddable":true,"href":"https:\/\/biblian.is\/gudbrandsbiblia\/wp-json\/wp\/v2\/comments?post=3034"}],"version-history":[{"count":0,"href":"https:\/\/biblian.is\/gudbrandsbiblia\/wp-json\/wp\/v2\/pages\/3034\/revisions"}],"wp:attachment":[{"href":"https:\/\/biblian.is\/gudbrandsbiblia\/wp-json\/wp\/v2\/media?parent=3034"}],"curies":[{"name":"wp","href":"https:\/\/api.w.org\/{rel}","templated":true}]}}