{"id":3033,"date":"2017-12-18T18:32:28","date_gmt":"2017-12-18T18:32:28","guid":{"rendered":"http:\/\/biblian.is\/gudbrandsbiblia\/fyrri-kronikubok-3-kafli\/"},"modified":"2017-12-18T18:32:28","modified_gmt":"2017-12-18T18:32:28","slug":"fyrri-kronikubok-3-kafli","status":"publish","type":"page","link":"https:\/\/biblian.is\/gudbrandsbiblia\/fyrri-kronikubok-3-kafli\/","title":{"rendered":"Fyrri kron\u00edkub\u00f3k 3. kafli"},"content":{"rendered":"<p>III.<\/p>\n<p>\u00deessir eru synir Dav\u00ed\u00f0s sem honum f\u00e6ddust \u00ed Hebron: <span class=\"athugasemd\" title=\"Synir Dav\u00ed\u00f0s\">[<\/span> S\u00e1 frumgetni var Amm\u00f3n af Ah\u00edn\u00f3am af Jesreel, s\u00e1 annar Dan\u00edel af Ab\u00edgail af Karmel, en \u00feri\u00f0ji Absalon sonur Maeka hver e\u00f0 var d\u00f3ttir k\u00f3ngsins Talma\u00ed af Ges\u00far, en fj\u00f3r\u00f0i var Ad\u00f3n\u00eda sonur Hag\u00edt, en fimmti Safatja af Ab\u00edtal, en sj\u00f6tti Jetr\u00edam af hans eiginkvinnu <span class=\"athugasemd\" title=\"a \/ (Egla) \/ \u00deessi ein nefnist eiginkona Dav\u00ed\u00f0s. Kann vera \u00fev\u00ed a\u00f0 h\u00fan var hans fyrsta einkah\u00fastr\u00fa \u00fe\u00e1 \u00feegar hann g\u00e6tti hjar\u00f0ar\">[<\/span> Egla. \u00deessir sex voru honum f\u00e6ddir \u00ed Hebron. \u00dev\u00ed hann r\u00edkti \u00fear \u00ed sj\u00f6 \u00e1r og sex m\u00e1nu\u00f0i en \u00ed Jer\u00fasalem r\u00edkti hann \u00ferj\u00fa og \u00ferj\u00e1t\u00edgi \u00e1r. Og \u00feessir synir voru honum f\u00e6ddir \u00ed Jer\u00fasalem: S\u00edmea, S\u00f3bab, Natan, Sal\u00f3mon, \u00feessir fj\u00f3rir af Bets\u00faa, d\u00f3ttur Amm\u00edel. \u00dear til Jebehar, El\u00edsama, El\u00edfalet, N\u00f3ga, Nefeg, Jap\u00eda, El\u00edsama, Eljada og El\u00edfalet, n\u00edu saman. \u00deetta eru allt synir Dav\u00ed\u00f0s, a\u00f0 auk \u00feeirra sona sem hann \u00e1tti vi\u00f0 s\u00ednum frillum. Og Tamar var \u00feeirra systir. <\/p>\n<p>\tEn Sal\u00f3mon \u00e1tti R\u00f3b\u00f3am, hans son var Ab\u00eda, hans son var Assa, hans son var J\u00f3safat, hans son var J\u00f3ram, hans son var Ahas\u00eda, hans son var J\u00f3as, hans son var Amas\u00eda, hans son var Asar\u00eda, hans son var J\u00f3tan, hans son var Akas, hans son var Esek\u00edas, hans son var Manasse, hans son var Am\u00f3n, hans son var J\u00f3s\u00eda. <span class=\"athugasemd\" title=\"Salomonis \u00e6ttkv\u00edsl\">[<\/span> En synir J\u00f3s\u00eda voru \u00feessir: Inn fyrsti J\u00f3hanan, annar J\u00f3jak\u00edm, \u00feri\u00f0ji Sedek\u00eda, fj\u00f3r\u00f0i Sall\u00fam. En Jekanja var son J\u00f3jak\u00edm. Hans son var Sedek\u00eda. <\/p>\n<p>\tEn \u00feeir seynir Jekanja sem fanginn var\u00f0 voru Sealt\u00edel, Malk\u00edram, Pedaja, Senneasar, Jekamja, H\u00f3sama, Nebadja. <span class=\"athugasemd\" title=\"Synir Jekanja\">[<\/span> S\u00f3r\u00f3babel og S\u00edme\u00ed voru synir Pedaja. Nes\u00fallam og Hananja og \u00feeirra systir Sel\u00f3m\u00edt voru b\u00f6rn S\u00f3r\u00f3babel, \u00fear til og Has\u00faba, \u00d3hel, Berek\u00eda, Hasabja, J\u00fasab Heses, \u00feeir fimm. En synir Hananja voru \u00feeir Plat\u00eda, Jesaja. Hans son var Resaja, hans son var Arnan, hans son var \u00d3bad\u00eda, hans son var Sakanja, en son Sakan\u00eda var Semaja. Og synir Semaja voru Hatus, Jegeal, Bar\u00eda, Near\u00eda, Safat, \u00feeir sex. En synir Near\u00eda voru \u00feeir El\u00ed\u00f3ena\u00ed, Hisk\u00eda, Asr\u00edkam, \u00feeir \u00fer\u00edr. Og synir El\u00ed\u00f3ena\u00ed voru H\u00f3da\u00ed, Eljas\u00edb, Plaja, Ak\u00fab, J\u00f3hanan og Delaja og Anan\u00ed, \u00feeir sj\u00f6.<\/p>\n","protected":false},"excerpt":{"rendered":"<p>III. \u00deessir eru synir Dav\u00ed\u00f0s sem honum f\u00e6ddust \u00ed Hebron: [ S\u00e1 frumgetni var Amm\u00f3n af Ah\u00edn\u00f3am af Jesreel, s\u00e1 annar Dan\u00edel af Ab\u00edgail af Karmel, en \u00feri\u00f0ji Absalon sonur Maeka hver e\u00f0 var d\u00f3ttir k\u00f3ngsins Talma\u00ed af Ges\u00far, en fj\u00f3r\u00f0i var Ad\u00f3n\u00eda sonur Hag\u00edt, en fimmti Safatja af Ab\u00edtal, en sj\u00f6tti Jetr\u00edam af hans eiginkvinnu [ Egla. \u00deessir sex voru honum f\u00e6ddir \u00ed Hebron. \u00dev\u00ed hann r\u00edkti \u00fear \u00ed sj\u00f6 \u00e1r og sex m\u00e1nu\u00f0i en \u00ed Jer\u00fasalem r\u00edkti hann \u00ferj\u00fa og \u00ferj\u00e1t\u00edgi \u00e1r. Og \u00feessir synir voru honum f\u00e6ddir \u00ed Jer\u00fasalem: S\u00edmea, S\u00f3bab, Natan, Sal\u00f3mon, \u00feessir fj\u00f3rir af Bets\u00faa, <a href=\"https:\/\/biblian.is\/gudbrandsbiblia\/fyrri-kronikubok-3-kafli\/\"> [&#8230;]<\/a><\/p>\n","protected":false},"author":1,"featured_media":0,"parent":0,"menu_order":0,"comment_status":"open","ping_status":"open","template":"bibliukaflar.php","meta":{"footnotes":""},"class_list":["post-3033","page","type-page","status-publish","hentry"],"_links":{"self":[{"href":"https:\/\/biblian.is\/gudbrandsbiblia\/wp-json\/wp\/v2\/pages\/3033","targetHints":{"allow":["GET"]}}],"collection":[{"href":"https:\/\/biblian.is\/gudbrandsbiblia\/wp-json\/wp\/v2\/pages"}],"about":[{"href":"https:\/\/biblian.is\/gudbrandsbiblia\/wp-json\/wp\/v2\/types\/page"}],"author":[{"embeddable":true,"href":"https:\/\/biblian.is\/gudbrandsbiblia\/wp-json\/wp\/v2\/users\/1"}],"replies":[{"embeddable":true,"href":"https:\/\/biblian.is\/gudbrandsbiblia\/wp-json\/wp\/v2\/comments?post=3033"}],"version-history":[{"count":0,"href":"https:\/\/biblian.is\/gudbrandsbiblia\/wp-json\/wp\/v2\/pages\/3033\/revisions"}],"wp:attachment":[{"href":"https:\/\/biblian.is\/gudbrandsbiblia\/wp-json\/wp\/v2\/media?parent=3033"}],"curies":[{"name":"wp","href":"https:\/\/api.w.org\/{rel}","templated":true}]}}