{"id":3032,"date":"2017-12-18T18:32:25","date_gmt":"2017-12-18T18:32:25","guid":{"rendered":"http:\/\/biblian.is\/gudbrandsbiblia\/fyrri-kronikubok-2-kafli\/"},"modified":"2017-12-18T18:32:25","modified_gmt":"2017-12-18T18:32:25","slug":"fyrri-kronikubok-2-kafli","status":"publish","type":"page","link":"https:\/\/biblian.is\/gudbrandsbiblia\/fyrri-kronikubok-2-kafli\/","title":{"rendered":"Fyrri kron\u00edkub\u00f3k 2. kafli"},"content":{"rendered":"<p>II.<\/p>\n<p>\u00deessir eru synir Israelis: <span class=\"athugasemd\" title=\"Synir \u00cdsrael \/ Gen. 39; 34\">[<\/span> R\u00faben, S\u00edmeon, Lev\u00ed, J\u00fada, \u00cdsaskar, Seb\u00falon, Dan, J\u00f3sef, Benjam\u00edn, Neftal\u00ed, Ga\u00f0 og Asser. <\/p>\n<p>\t\u00deessir eru synir J\u00fada: <span class=\"athugasemd\" title=\"Synir J\u00fada \/ Math. 1\">[<\/span> Ger, \u00d3nan, Sela. \u00deessir \u00fer\u00edr voru honum f\u00e6ddir af d\u00f3ttir \u00feeirra kanan\u00edsku kvinnu S\u00faa. En Ger fyrsti sonur J\u00fada var illur fyrir Drottni og \u00fev\u00ed sl\u00f3 Drottinn hann \u00ed hel. En Tamar hans m\u00e1gkona f\u00e6ddi honum Peres og Sera. Svo a\u00f0 synir J\u00fada voru fimm me\u00f0 \u00f6llu. <\/p>\n<p>\tSynir Peres voru Hesr\u00f3m og Ham\u00fal. <span class=\"athugasemd\" title=\"Hesr\u00f3m\">[<\/span> Synir Sera voru Simr\u00ed, Etam, Heman, Kalk\u00f3l, Dara. Og \u00feessir allir voru fimm. <\/p>\n<p>\tSynir Karm\u00ed voru Akar sem a\u00f0 sturla\u00f0i \u00cdsrael \u00fev\u00ed hann syndga\u00f0ist \u00fe\u00e1 hann stal \u00fev\u00ed sem bannf\u00e6rt var. Sonur Etan var Asarja. En synir Hesr\u00f3m sem honum voru f\u00e6ddir voru Jerahmeel, Ram og Kal\u00faba\u00ed. Ram gat Am\u00ednadab. Am\u00ednadab gat Nahesson hver a\u00f0 var h\u00f6f\u00f0ingi yfir J\u00fada. Nahesson gat Salma. Salma gat B\u00f3as. <span class=\"athugasemd\" title=\"Rut 4\">[<\/span> B\u00f3as gat \u00d3be\u00f0. \u00d3be\u00f0 gat \u00cdsa\u00ed. <span class=\"athugasemd\" title=\"\u00cdsa\u00ed\">[<\/span> \u00cdsa\u00ed gat El\u00edab, sinn fyrsta son, Ab\u00ednadab annan, Sim\u00eda hinn \u00feri\u00f0ja, Netaneel fj\u00f3r\u00f0a, Radda\u00ed hinn fimmta, \u00d3sem \u00feann sj\u00f6tta og Dav\u00ed\u00f0 hin sj\u00f6unda. <span class=\"athugasemd\" title=\"Dav\u00ed\u00f0 \/ 1. Reg. 6\">[<\/span> En Ser\u00faja og Ab\u00edgail voru \u00feeirra systur. <span class=\"athugasemd\" title=\"Ser\u00faja \/ Ab\u00edgail\">[<\/span> Synir Ser\u00faja voru Ab\u00edsa\u00ed, J\u00f3ab og Asahel, \u00feeir \u00fer\u00edr. En Ab\u00edgail f\u00e6ddi Amasa en Jeter s\u00e1 \u00cdsmael\u00edti var fa\u00f0ir Amasa.<\/p>\n<p>\tKaleb son Hesr\u00f3m gat As\u00faba me\u00f0 sinni kvinnu og Jer\u00edg\u00f3t. <span class=\"athugasemd\" title=\"Kaleb\">[<\/span> Og \u00feessir voru hans synir: Jeses, S\u00f3bab og Ardon. En sem As\u00faba anda\u00f0ist \u00fe\u00e1 t\u00f3k Kaleb Efrat og h\u00fan gat honum H\u00far. En H\u00far gat \u00dar\u00ed en \u00dar\u00ed gat Besaleel. <\/p>\n<p>\t\u00dear eftir svaf Hesr\u00f3m hj\u00e1 d\u00f3ttir Mak\u00edr, f\u00f6\u00f0ur G\u00edlea\u00f0, og t\u00f3k hana \u00fe\u00e1 hann var sext\u00edgi \u00e1ra gamall og h\u00fan f\u00e6ddi honum Seg\u00fab. Og Seg\u00fab gat Ja\u00edr. Hann \u00e1tti \u00ferj\u00e1r og tuttugu borgir \u00ed landinu G\u00edlea\u00f0. Og hann f\u00e9kk af \u00feeim Ges\u00far og Aran sta\u00f0i Ja\u00edr, \u00fear me\u00f0 Kenat me\u00f0 s\u00ednum sm\u00e1st\u00f6\u00f0um sem voru sext\u00edgi. Allir \u00feessir eru synir Mak\u00edr, f\u00f6\u00f0ur G\u00edlea\u00f0. En sem Hesr\u00f3m dey\u00f0i \u00ed Kaleb Efrata \u00fe\u00e1 l\u00e9t Hesr\u00f3m s\u00edna h\u00fasfr\u00fa Ab\u00eda eftir sig og h\u00fan f\u00e6ddi honum Ass\u00far, f\u00f6\u00f0ur Tek\u00f3a. <\/p>\n<p>\tJerahmeel fyrsti son Hesr\u00f3m \u00e1tti syni. Hans fyrsti son Ram, B\u00fana, \u00d3ren, \u00d3sem, Ah\u00eda. Og Jerahmeel haf\u00f0i enn a\u00f0ra kvinnu. H\u00fan h\u00e9t Atara og h\u00fan var m\u00f3\u00f0ir \u00d3nam. En synir Ram \u00feess fyrsta sonar Jerahmeel voru \u00feeir Maas, Jamen og Eker. <\/p>\n<p>\tOg \u00d3nam \u00e1tti syni: Sama\u00ed og Jada. Nadab og Ab\u00eds\u00far eru synir Sama\u00ed. En kvinna Ab\u00eds\u00far h\u00e9t Ab\u00edha\u00edl og h\u00fan f\u00e6ddi honum Aban og M\u00f3l\u00edd. Synir Nadab voru Seled og Appa\u00edm. En Seled anda\u00f0ist barnlaus. Sonur Appa\u00edm var Jesei. Og son Jesei var sesan. Son Sesan var Ahela\u00ed. En synir Jada, br\u00f3\u00f0ir Sama\u00ed, eru Jetei og J\u00f3natan. Og Jeter dey\u00f0i barnlaus. En synir J\u00f3natan eru Pelet og Sasa. \u00deessir eru synir Jerahmeel. <\/p>\n<p>\tSesan haf\u00f0i \u00f6ngva sonu heldur d\u00f3ttir. Og Sesan haf\u00f0i einn egypskan \u00fe\u00e9nara sem h\u00e9t Jarrha. Og \u00feessum Jarrha gaf Sesan s\u00edna d\u00f3ttir til eiginkvinnu og h\u00fan f\u00e6ddi honum Ata\u00ed. Ata\u00ed gat Natan. Natan gat Sabad. Sabad gat Eflal. Eflal gat \u00d3be\u00f0. \u00d3be\u00f0 gat Jeh\u00fa. Jeh\u00fa gat Asarja. Asarja gat Hales. Hales gat Eleasa. Eleasa gat S\u00edssema\u00ed. S\u00edssema\u00ed gat Sall\u00fam. Sall\u00fam gat Jekamja. Jekamja gat El\u00edsama. Synir Kaleb, br\u00f3\u00f0ur Jerahmeel eru \u00feessir: <span class=\"athugasemd\" title=\"Kaleb\">[<\/span> Meesa hans fyrsti son. Hann er fa\u00f0ir S\u00edf og sona Maresa, f\u00f6\u00f0ur Hebron. Synir Hebron eru K\u00f3ra, Tap\u00faa, Rekem og Sama. Sama gat Raham, f\u00f6\u00f0ur Jarkaam. Rekem gat Sama\u00ed. En son Sama\u00ed h\u00e9t Maon en Maon var fa\u00f0ir Bet S\u00far. <\/p>\n<p>\tOg Efa, frilla Kaleb, h\u00fan f\u00e6ddi Haran, M\u00f3sa og Gases. Og Haran gat Gases. Og synir Jahda\u00ed voru Rekem, J\u00f3tam, Gesan, Pelet, Efa og Saaf. Og Maeka, frilla Kaleb, f\u00e6ddi Seber og T\u00edrhena. Og h\u00fan f\u00e6ddi einnin Saaf, f\u00f6\u00f0ur Madmanna og Seva, f\u00f6\u00f0ur Makbena og f\u00f6\u00f0ur G\u00edbea. En Aksa var d\u00f3ttir Kaleb. <\/p>\n<p>\tOg \u00feetta voru synir Kaleb: H\u00far hinn frumgetni af Efrata, S\u00f3bal fa\u00f0ir \u00feeirra af Kirjat Jear\u00edm, Salma fa\u00f0ir Betlehem, Haref fa\u00f0ir Bet Gader. Og S\u00f3bal, fa\u00f0ir Kirjat Jear\u00edm, haf\u00f0i syni og hann s\u00e1 h\u00e1lft Man\u00fah\u00f3t. <\/p>\n<p>\tEn af \u00feeirri \u00e6tt Kirjat Jear\u00edm voru Jehtriter, Puthiter, Sumathiter og Misrahiter. Af \u00feessum eru \u00feeir Zaregathiter og Esthaoliter komnir. Synir Salma eru Betlehem og \u00feeir Netophatiter, J\u00f3abs h\u00fass k\u00f3r\u00f3na og h\u00e1lfpart af \u00feeim Manahthiter af \u00feeim Zareither. Og s\u00fa skrifara\u00e6tt sem bj\u00f3 \u00ed Jabes eru \u00feeir Thiriathiter, Simeathiter, Suchathiter. \u00dea\u00f0 eru \u00feeir Keniter sem komnir eru af Hamat, f\u00f6\u00f0ur Bet Rekab.<\/p>\n","protected":false},"excerpt":{"rendered":"<p>II. \u00deessir eru synir Israelis: [ R\u00faben, S\u00edmeon, Lev\u00ed, J\u00fada, \u00cdsaskar, Seb\u00falon, Dan, J\u00f3sef, Benjam\u00edn, Neftal\u00ed, Ga\u00f0 og Asser. \u00deessir eru synir J\u00fada: [ Ger, \u00d3nan, Sela. \u00deessir \u00fer\u00edr voru honum f\u00e6ddir af d\u00f3ttir \u00feeirra kanan\u00edsku kvinnu S\u00faa. En Ger fyrsti sonur J\u00fada var illur fyrir Drottni og \u00fev\u00ed sl\u00f3 Drottinn hann \u00ed hel. En Tamar hans m\u00e1gkona f\u00e6ddi honum Peres og Sera. Svo a\u00f0 synir J\u00fada voru fimm me\u00f0 \u00f6llu. Synir Peres voru Hesr\u00f3m og Ham\u00fal. [ Synir Sera voru Simr\u00ed, Etam, Heman, Kalk\u00f3l, Dara. Og \u00feessir allir voru fimm. Synir Karm\u00ed voru Akar sem a\u00f0 sturla\u00f0i \u00cdsrael \u00fev\u00ed <a href=\"https:\/\/biblian.is\/gudbrandsbiblia\/fyrri-kronikubok-2-kafli\/\"> [&#8230;]<\/a><\/p>\n","protected":false},"author":1,"featured_media":0,"parent":0,"menu_order":0,"comment_status":"open","ping_status":"open","template":"bibliukaflar.php","meta":{"footnotes":""},"class_list":["post-3032","page","type-page","status-publish","hentry"],"_links":{"self":[{"href":"https:\/\/biblian.is\/gudbrandsbiblia\/wp-json\/wp\/v2\/pages\/3032","targetHints":{"allow":["GET"]}}],"collection":[{"href":"https:\/\/biblian.is\/gudbrandsbiblia\/wp-json\/wp\/v2\/pages"}],"about":[{"href":"https:\/\/biblian.is\/gudbrandsbiblia\/wp-json\/wp\/v2\/types\/page"}],"author":[{"embeddable":true,"href":"https:\/\/biblian.is\/gudbrandsbiblia\/wp-json\/wp\/v2\/users\/1"}],"replies":[{"embeddable":true,"href":"https:\/\/biblian.is\/gudbrandsbiblia\/wp-json\/wp\/v2\/comments?post=3032"}],"version-history":[{"count":0,"href":"https:\/\/biblian.is\/gudbrandsbiblia\/wp-json\/wp\/v2\/pages\/3032\/revisions"}],"wp:attachment":[{"href":"https:\/\/biblian.is\/gudbrandsbiblia\/wp-json\/wp\/v2\/media?parent=3032"}],"curies":[{"name":"wp","href":"https:\/\/api.w.org\/{rel}","templated":true}]}}