{"id":3031,"date":"2017-12-18T18:32:25","date_gmt":"2017-12-18T18:32:25","guid":{"rendered":"http:\/\/biblian.is\/gudbrandsbiblia\/fyrri-kronikubok-1-kafli\/"},"modified":"2017-12-18T18:32:25","modified_gmt":"2017-12-18T18:32:25","slug":"fyrri-kronikubok-1-kafli","status":"publish","type":"page","link":"https:\/\/biblian.is\/gudbrandsbiblia\/fyrri-kronikubok-1-kafli\/","title":{"rendered":"Fyrri kron\u00edkub\u00f3k 1. kafli"},"content":{"rendered":"<p>Paralipomenon<\/p>\n<p>S\u00fa Fyrsta kron\u00edkub\u00f3kin<\/p>\n<p>I. <\/p>\n<p>Adam, Set, Enos, Kainan, Mahelaleel, Jared, Henok, Met\u00fasala, Lamek, Noe, Sem, Kam, Jafet. <span class=\"athugasemd\" title=\"Adams kynkv\u00edsl \/ Gen. 5\">[<\/span> <\/p>\n<p>\tSynir Jafet eru \u00feessir: G\u00f3mer, Mag\u00f3g, Mada\u00ed, Javan, T\u00fabal, Mesek og T\u00edras. <span class=\"athugasemd\" title=\"Jafet \/ Gen. 10\">[<\/span> Synir G\u00f3mer eru \u00feessir: Askenas, R\u00edfat, T\u00f3garma. En synir Javan voru \u00feessir: El\u00edsa, Tarsisa, Kit\u00edm, D\u00f3dan\u00edm.<\/p>\n<p>\tSynir Kam voru \u00feessir: <span class=\"athugasemd\" title=\"Kam\">[<\/span> K\u00fas, M\u00edsra\u00edm, P\u00fat og Kanaan. En synir K\u00fas eru Seba, Hev\u00edla, Sabta, Ragema, Sabteka. Synir Ragema eru Skeba og Dedan. K\u00fas gat Nimrod, hann t\u00f3k til a\u00f0 ver\u00f0a megtugur \u00e1 j\u00f6r\u00f0unni. <span class=\"athugasemd\" title=\"Nimrod \/ Gen. 10\">[<\/span> M\u00edsra\u00edm gat L\u00fad\u00edm, Anam\u00edm, Lehab\u00edm, Naft\u00fah\u00edm, Patr\u00fas\u00edm, Kasl\u00fah\u00edm af hverjum Filist\u00edm og Kaft\u00f3r\u00edm eru komnir. Og Kanaan gat S\u00eddon sinn hinn fyrsta son, Het, Jebusij, Amorij, Gilgosi, Hevi, Archi, Simi, Arvadi, Zemari og Hemathi.<\/p>\n<p>\tSynir Sem eru \u00feessir: Elam, Ass\u00far, Arpaksad, L\u00fad, Aram, \u00das, H\u00fal, Geter og Masek. <span class=\"athugasemd\" title=\"Gen. 10; 11 \/ Sem\">[<\/span> Og Arpaksad gat Sala. Sala gat Eber. <span class=\"athugasemd\" title=\"Eber\">[<\/span> En Eber gat tvo syni og h\u00e9t s\u00e1 fyrri Peleg \u00fev\u00ed a\u00f0 j\u00f6r\u00f0in skiptist \u00ed hans t\u00ed\u00f0 og hans br\u00f3\u00f0ir h\u00e9t Jaktan. En Jaktan gat Alm\u00f3dat, Salef, Hasarmavet, Jara, Had\u00f3ram, \u00dasal, Diklag, Ebal, Ab\u00edmael, Skeba, \u00d3f\u00edr, Hev\u00edla og J\u00f3bab. \u00deessir eru allir synir Jaktan. Sem, Arpaksad, Sala, Eber, Peleg, Reg\u00fa, Ser\u00fag, Nahor, Tara og Abram hver a\u00f0 er Abraham.<\/p>\n<p>\tEn synir Abrahams eru \u00feeir \u00cdsak og \u00cdsmael. <span class=\"athugasemd\" title=\"Abrahams synir\">[<\/span> Og \u00feessi er \u00feeirra \u00e6ttkv\u00edsl: <span class=\"athugasemd\" title=\"Synir \u00cdsmael\">[<\/span> Fyrsti son \u00cdsmael var Nebaj\u00f3t, Kedar, Abdeel, M\u00edbsam, Misma, D\u00fama, Masa, Hadad, Tema, Jet\u00far, Nafis, Kedma. \u00deessir allir voru synir \u00cdsmael. En synir Kethure, frillu Abraham, eru \u00feessir: <span class=\"athugasemd\" title=\"Synir Keture\">[<\/span> H\u00fan f\u00e6ddi S\u00edmram, Jaksan, Medan, Mad\u00edan, Jisbak og S\u00faa. Og synir Jaksan voru Skeba og Dedan. En synir Mid\u00edan voru Efa, Efer, Enok, Ab\u00edda og Eldaa. \u00deessir allir eru synir Keture.<\/p>\n<p>\tAbraham gat \u00cdsak. En synir \u00cdsak voru \u00feeir Esa\u00fa og \u00cdsrael. <span class=\"athugasemd\" title=\"Synir \u00cdsak\">[<\/span> En synir Esa\u00fa voru El\u00edfas, Reg\u00fael, Je\u00fas, Jaelan og K\u00f3ra. <span class=\"athugasemd\" title=\"Esa\u00fa \/ Gene. 25; 36\">[<\/span> Synir El\u00edfas voru Teman, \u00d3mar, Sef\u00ed, Gaetam, Kenas, Timna og Amalek. Synir Reg\u00fael voru Nahat, Sera, Samma, Misa.<\/p>\n<p>\tSynir Se\u00edr eru L\u00f3tan, S\u00f3bal, S\u00edbeon, Ana, D\u00edson, Eser og D\u00edsan. <span class=\"athugasemd\" title=\"Se\u00edr \/ Gen. 36\">[<\/span> Synir L\u00f3tan eru G\u00f3ri, H\u00f3mam og Timna var systir L\u00f3tan. Synir S\u00f3bal voru Alean, Manahat, Ebal, Sef\u00ed, \u00d3nam.<\/p>\n<p>\tSynir S\u00edbeon voru Aja og Ana. Son Ana: D\u00edson. Synir D\u00edson voru Hamram, Esban, Jetran og Kran. Synir Eser voru Bilan, Sahevan og Jaekan. Synir D\u00edsan voru \u00das og Aram.<\/p>\n<p>\tEn \u00feessir eru \u00feeir k\u00f3ngar sem r\u00edkt hafa \u00ed landi Ed\u00f3m \u00e1\u00f0ur en nokkur k\u00f3ngur r\u00edkti \u00e1 me\u00f0al \u00cdsraelssona: <span class=\"athugasemd\" title=\"K\u00f3ngar \u00ed Ed\u00f3m \/ Gen. 36\">[<\/span> Bela son Be\u00f3r og hans sta\u00f0ur h\u00e9t D\u00ednhaba. En sem Bela anda\u00f0ist \u00fe\u00e1 var\u00f0 J\u00f3bas son Sera af Basra k\u00f3ngur \u00ed hans sta\u00f0. En sem J\u00f3bab anda\u00f0ist \u00fe\u00e1 var\u00f0 H\u00fasam af landi Thamniter k\u00f3ngur \u00ed hans sta\u00f0. En sem H\u00fasam var dau\u00f0ur \u00fe\u00e1 var\u00f0 Hadad son Bedad k\u00f3ngur \u00ed hans sta\u00f0 hver a\u00f0 sl\u00f3 \u00fe\u00e1 Madianiter \u00ed landinu Moabitarum og hans sta\u00f0ur h\u00e9t Av\u00edt. En sem Hadad anda\u00f0ist \u00fe\u00e1 var\u00f0 Samla af Masrek k\u00f3ngur eftir hann. Sem Samla dey\u00f0i \u00fe\u00e1 var\u00f0 Saul af Reh\u00f3b\u00f3t hj\u00e1 vatninu k\u00f3ngur \u00ed hans sta\u00f0. En sem Saul dey\u00f0i \u00fe\u00e1 t\u00f3k k\u00f3ngd\u00f3m Baal Hanan son Akbor eftir hann. Sem Baal Hanan var dau\u00f0ur \u00fe\u00e1 var\u00f0 Hadad k\u00f3ngur \u00ed hans sta\u00f0 og hans sta\u00f0ur h\u00e9t Pag\u00ed en hans kvinna h\u00e9t Mehetabeel, d\u00f3ttir Madret, d\u00f3ttur Mesahab. <\/p>\n<p>\tEn sem Hadad dey\u00f0i \u00fe\u00e1 ur\u00f0u hertugar \u00ed Ed\u00f3m: S\u00e1 hertugi Timna, hertugi Al\u00eda, hertugi Jetet, hertugi Ahal\u00edbama, hertugi Ela, hertugi P\u00ednon, hertugi Kenas, hertugi Teman, hertugi Mibsar, hertugi Magdeel, hertugi \u00cdran. <span class=\"athugasemd\" title=\"Hertugar \u00ed Ed\u00f3m\">[<\/span> \u00deessir voru hertugar \u00ed Ed\u00f3m.<\/p>\n","protected":false},"excerpt":{"rendered":"<p>Paralipomenon S\u00fa Fyrsta kron\u00edkub\u00f3kin I. Adam, Set, Enos, Kainan, Mahelaleel, Jared, Henok, Met\u00fasala, Lamek, Noe, Sem, Kam, Jafet. [ Synir Jafet eru \u00feessir: G\u00f3mer, Mag\u00f3g, Mada\u00ed, Javan, T\u00fabal, Mesek og T\u00edras. [ Synir G\u00f3mer eru \u00feessir: Askenas, R\u00edfat, T\u00f3garma. En synir Javan voru \u00feessir: El\u00edsa, Tarsisa, Kit\u00edm, D\u00f3dan\u00edm. Synir Kam voru \u00feessir: [ K\u00fas, M\u00edsra\u00edm, P\u00fat og Kanaan. En synir K\u00fas eru Seba, Hev\u00edla, Sabta, Ragema, Sabteka. Synir Ragema eru Skeba og Dedan. K\u00fas gat Nimrod, hann t\u00f3k til a\u00f0 ver\u00f0a megtugur \u00e1 j\u00f6r\u00f0unni. [ M\u00edsra\u00edm gat L\u00fad\u00edm, Anam\u00edm, Lehab\u00edm, Naft\u00fah\u00edm, Patr\u00fas\u00edm, Kasl\u00fah\u00edm af hverjum Filist\u00edm og Kaft\u00f3r\u00edm eru komnir. <a href=\"https:\/\/biblian.is\/gudbrandsbiblia\/fyrri-kronikubok-1-kafli\/\"> [&#8230;]<\/a><\/p>\n","protected":false},"author":1,"featured_media":0,"parent":0,"menu_order":0,"comment_status":"open","ping_status":"open","template":"bibliukaflar.php","meta":{"footnotes":""},"class_list":["post-3031","page","type-page","status-publish","hentry"],"_links":{"self":[{"href":"https:\/\/biblian.is\/gudbrandsbiblia\/wp-json\/wp\/v2\/pages\/3031","targetHints":{"allow":["GET"]}}],"collection":[{"href":"https:\/\/biblian.is\/gudbrandsbiblia\/wp-json\/wp\/v2\/pages"}],"about":[{"href":"https:\/\/biblian.is\/gudbrandsbiblia\/wp-json\/wp\/v2\/types\/page"}],"author":[{"embeddable":true,"href":"https:\/\/biblian.is\/gudbrandsbiblia\/wp-json\/wp\/v2\/users\/1"}],"replies":[{"embeddable":true,"href":"https:\/\/biblian.is\/gudbrandsbiblia\/wp-json\/wp\/v2\/comments?post=3031"}],"version-history":[{"count":0,"href":"https:\/\/biblian.is\/gudbrandsbiblia\/wp-json\/wp\/v2\/pages\/3031\/revisions"}],"wp:attachment":[{"href":"https:\/\/biblian.is\/gudbrandsbiblia\/wp-json\/wp\/v2\/media?parent=3031"}],"curies":[{"name":"wp","href":"https:\/\/api.w.org\/{rel}","templated":true}]}}