{"id":3027,"date":"2017-12-18T18:32:25","date_gmt":"2017-12-18T18:32:25","guid":{"rendered":"http:\/\/biblian.is\/gudbrandsbiblia\/sidari-konungabok-22-kafli\/"},"modified":"2017-12-18T18:32:25","modified_gmt":"2017-12-18T18:32:25","slug":"sidari-konungabok-22-kafli","status":"publish","type":"page","link":"https:\/\/biblian.is\/gudbrandsbiblia\/sidari-konungabok-22-kafli\/","title":{"rendered":"S\u00ed\u00f0ari konungab\u00f3k 22. kafli"},"content":{"rendered":"<p>XXII.<\/p>\n<p>J\u00f3s\u00edas var \u00e1tta vetra gamall \u00fe\u00e1 hann t\u00f3k k\u00f3ngd\u00f3m og hann r\u00edkti ellefu og tuttugu \u00e1r \u00ed Jer\u00fasalem. <span class=\"athugasemd\" title=\"15 \/ J\u00f3s\u00edas 31 \u00e1r k\u00f3ngur \u00ed J\u00fada\">[<\/span> Hans m\u00f3\u00f0ir h\u00e9t Jed\u00edda, d\u00f3ttir Ad\u00eda af Baskat. Og hann gj\u00f6r\u00f0i \u00fea\u00f0 sem Drottni vel \u00fe\u00f3kna\u00f0ist og gekk \u00ed \u00f6llum Dav\u00ed\u00f0s s\u00edns f\u00f6\u00f0urs vegum og veik hvorki til h\u00e6gri n\u00e9 vinstri handar.<\/p>\n<p>\tEn \u00e1 \u00fev\u00ed \u00e1tj\u00e1nda \u00e1ri Josie k\u00f3ngs \u00fe\u00e1 sendi k\u00f3ngurinn Safan son Asal\u00edas, sonar Mes\u00falam, skrifara, burt \u00ed Drottins h\u00fas og sag\u00f0i: <span class=\"athugasemd\" title=\"2. Para. 34 \/ Supra 12\">[<\/span> &#8222;Far upp til \u00feess \u00e6\u00f0sta kennimanns Hilk\u00eda so a\u00f0 menn gefi \u00fea\u00f0 f\u00e9 sem inn er komi\u00f0 \u00ed h\u00fas Drottins hverju dyravar\u00f0haldsmenn musterisins hafa samansafna\u00f0 af f\u00f3lkinu a\u00f0 \u00feeir gefi \u00fea\u00f0 arfi\u00f0urunum, \u00feeir sem sm\u00ed\u00f0a \u00ed h\u00fasi Drottins a\u00f0 endurb\u00e6ta \u00fea\u00f0 sem broti\u00f0 er a\u00f0 \u00fev\u00ed sem eru timburmenn, byggingsmenn og m\u00farmeistarar og \u00feeir sem a\u00f0 kaupa skulu tr\u00e9 og \u00fath\u00f6ggna steina til a\u00f0 b\u00e6ta h\u00fasi\u00f0 me\u00f0. \u00de\u00f3 skulu menn ei taka reikningsskap af \u00feeim fyrir \u00fe\u00e1 peninga sem \u00feeim gefast \u00ed \u00feeirra hendur heldur skulu \u00feeir h\u00f6ndla me\u00f0 \u00fe\u00e1 me\u00f0 dygg\u00f0 og tr\u00fa.&#8220;<\/p>\n<p>\tEn s\u00e1 \u00e6\u00f0sti kennimann Hilk\u00eda sag\u00f0i til Safan skrifara: <span class=\"athugasemd\" title=\"L\u00f6gm\u00e1lsb\u00f3kin var\u00f0 fundin\">[<\/span> &#8222;Eg hefi fundi\u00f0 l\u00f6gb\u00f3kina \u00ed h\u00fasi Drottins.&#8220; Og Hilk\u00eda f\u00e9kk Safan b\u00f3kina a\u00f0 hann skyldi lesa \u00ed henni. Og Safan skrifari bar hana til k\u00f3ngsins og tala\u00f0i vi\u00f0 hann og sag\u00f0i: &#8222;\u00de\u00ednir \u00fe\u00e9narar samans\u00f6fnu\u00f0u \u00feeim peningum sem fundust \u00ed h\u00fasinu og g\u00e1fu \u00fe\u00e1 arfi\u00f0ism\u00f6nnunum, \u00feeim sem skikka\u00f0ir eru til a\u00f0 erfi\u00f0a \u00ed h\u00fasi Drottins.&#8220; Og Safan skrifari tala\u00f0i til k\u00f3ngsins og sag\u00f0i: &#8222;Hilk\u00eda kennima\u00f0ur f\u00e9kk m\u00e9r eina b\u00f3k.&#8220; Og Safan las hana fyrir k\u00f3nginum.<\/p>\n<p>\tEn sem k\u00f3ngurinn heyr\u00f0i or\u00f0 l\u00f6gm\u00e1lsb\u00f3karinnar \u00fe\u00e1 reif hann s\u00edn kl\u00e6\u00f0i. Og k\u00f3ngurinn bau\u00f0 Hilk\u00eda kennimanni og Ah\u00edkam syni Safan og Akb\u00f3r syni M\u00edk\u00eda og Safan skrifara og Ahas\u00eda k\u00f3ngsins \u00fe\u00e9nara og sag\u00f0i: &#8222;Fari\u00f0 og a\u00f0spyrji\u00f0 Drottin um mig og f\u00f3lki\u00f0 og um allan J\u00fada vegna or\u00f0a \u00feessarar b\u00f3kar sem fundin er. \u00dev\u00ed a\u00f0 \u00fear er ein mikil Gu\u00f0s rei\u00f0i upptendru\u00f0 yfir oss s\u00f6kum \u00feess a\u00f0 vorir forfe\u00f0ur hafa ekki hl\u00fdtt or\u00f0um \u00feessarar b\u00f3kar so a\u00f0 \u00feeir gj\u00f6r\u00f0u allt \u00fea\u00f0 sem skrifa\u00f0 er \u00ed henni.&#8220;<\/p>\n<p>\t\u00de\u00e1 gekk Hilk\u00eda kennima\u00f0ur, Ah\u00edkam, Akb\u00f3r, Safan og Asaja til Huldu sp\u00e1konu sem var h\u00fastr\u00fa Sall\u00fam sonar T\u00edk\u00faa, sonar Haram, sem kl\u00e6\u00f0in geymdi og h\u00fan bj\u00f3 \u00ed Jer\u00fasalem \u00ed \u00feeim \u00f6\u00f0rum parti og \u00feeir t\u00f6lu\u00f0u vi\u00f0 hana. <span class=\"athugasemd\" title=\"Hulda sp\u00e1kona\">[<\/span> H\u00fan sag\u00f0i til \u00feeirra: &#8222;Svo segir Drottinn Gu\u00f0 \u00cdsraels: Segi\u00f0 \u00feeim manni sem y\u00f0ur sendi hinga\u00f0: So segir Drottinnn: Sj\u00e1, eg vil lei\u00f0a \u00f3lukku yfir \u00feennan sta\u00f0 og hans innbyggjara, \u00f6ll \u00feau l\u00f6gm\u00e1lsins or\u00f0 sem J\u00fadak\u00f3ngur hefur l\u00e1ti\u00f0 lesa. Fyrir \u00fev\u00ed a\u00f0 \u00feeir hafa fyrirliti\u00f0 mig en f\u00e6rt f\u00f3rnir annarlegum gu\u00f0um, reitandi mig til rei\u00f0i me\u00f0 \u00f6llum \u00feeirra handaverkum. \u00dear fyrir skal m\u00edn rei\u00f0i upptendrast \u00ed m\u00f3ti \u00feessum sta\u00f0 og ekki \u00fatslokkna.<\/p>\n<p>\tEn \u00fe\u00e9r skulu\u00f0 svo segja J\u00fadak\u00f3ngi sem a\u00f0 sendi y\u00f0ur hinga\u00f0 a\u00f0 ganga til fr\u00e9tta vi\u00f0 Drottin: Svo segir Drottinn Gu\u00f0 Israelis: Fyrir \u00fev\u00ed a\u00f0 \u00feitt hjarta kl\u00f6kkna\u00f0i fyrir \u00feau or\u00f0 sem \u00fe\u00fa heyr\u00f0ir og \u00fe\u00fa au\u00f0m\u00fdktir \u00feig fyrir Drottni \u00fe\u00e1 \u00fe\u00fa heyr\u00f0ir hva\u00f0 eg haf\u00f0i tala\u00f0 m\u00f3t \u00feeim sta\u00f0 og hans innbyggjurum a\u00f0 \u00feeir skyldu ver\u00f0a ey\u00f0ilag\u00f0ir og b\u00f6lva\u00f0ir og \u00fe\u00fa reifst \u00fe\u00edn kl\u00e6\u00f0i \u00ed sundur og gr\u00e9st fyrir m\u00e9r, so hefi eg og heyrt \u00fea\u00f0, segir Drottinn. \u00dev\u00ed vil eg safna \u00fe\u00e9r til \u00feinna fe\u00f0ra a\u00f0 \u00fe\u00fa skalt berast til \u00feinnar grafar me\u00f0 fri\u00f0i svo a\u00f0 \u00fe\u00edn augu skulu ekki sj\u00e1 alla \u00fe\u00e1 \u00f3lukku sem eg vil lei\u00f0a yfir \u00feennan sta\u00f0.&#8220; Og \u00feeir s\u00f6g\u00f0u \u00feetta k\u00f3nginum aftur.<\/p>\n","protected":false},"excerpt":{"rendered":"<p>XXII. J\u00f3s\u00edas var \u00e1tta vetra gamall \u00fe\u00e1 hann t\u00f3k k\u00f3ngd\u00f3m og hann r\u00edkti ellefu og tuttugu \u00e1r \u00ed Jer\u00fasalem. [ Hans m\u00f3\u00f0ir h\u00e9t Jed\u00edda, d\u00f3ttir Ad\u00eda af Baskat. Og hann gj\u00f6r\u00f0i \u00fea\u00f0 sem Drottni vel \u00fe\u00f3kna\u00f0ist og gekk \u00ed \u00f6llum Dav\u00ed\u00f0s s\u00edns f\u00f6\u00f0urs vegum og veik hvorki til h\u00e6gri n\u00e9 vinstri handar. En \u00e1 \u00fev\u00ed \u00e1tj\u00e1nda \u00e1ri Josie k\u00f3ngs \u00fe\u00e1 sendi k\u00f3ngurinn Safan son Asal\u00edas, sonar Mes\u00falam, skrifara, burt \u00ed Drottins h\u00fas og sag\u00f0i: [ &#8222;Far upp til \u00feess \u00e6\u00f0sta kennimanns Hilk\u00eda so a\u00f0 menn gefi \u00fea\u00f0 f\u00e9 sem inn er komi\u00f0 \u00ed h\u00fas Drottins hverju dyravar\u00f0haldsmenn musterisins hafa samansafna\u00f0 <a href=\"https:\/\/biblian.is\/gudbrandsbiblia\/sidari-konungabok-22-kafli\/\"> [&#8230;]<\/a><\/p>\n","protected":false},"author":1,"featured_media":0,"parent":0,"menu_order":0,"comment_status":"open","ping_status":"open","template":"bibliukaflar.php","meta":{"footnotes":""},"class_list":["post-3027","page","type-page","status-publish","hentry"],"_links":{"self":[{"href":"https:\/\/biblian.is\/gudbrandsbiblia\/wp-json\/wp\/v2\/pages\/3027","targetHints":{"allow":["GET"]}}],"collection":[{"href":"https:\/\/biblian.is\/gudbrandsbiblia\/wp-json\/wp\/v2\/pages"}],"about":[{"href":"https:\/\/biblian.is\/gudbrandsbiblia\/wp-json\/wp\/v2\/types\/page"}],"author":[{"embeddable":true,"href":"https:\/\/biblian.is\/gudbrandsbiblia\/wp-json\/wp\/v2\/users\/1"}],"replies":[{"embeddable":true,"href":"https:\/\/biblian.is\/gudbrandsbiblia\/wp-json\/wp\/v2\/comments?post=3027"}],"version-history":[{"count":0,"href":"https:\/\/biblian.is\/gudbrandsbiblia\/wp-json\/wp\/v2\/pages\/3027\/revisions"}],"wp:attachment":[{"href":"https:\/\/biblian.is\/gudbrandsbiblia\/wp-json\/wp\/v2\/media?parent=3027"}],"curies":[{"name":"wp","href":"https:\/\/api.w.org\/{rel}","templated":true}]}}