{"id":3025,"date":"2017-12-18T18:32:25","date_gmt":"2017-12-18T18:32:25","guid":{"rendered":"http:\/\/biblian.is\/gudbrandsbiblia\/sidari-konungabok-20-kafli\/"},"modified":"2017-12-18T18:32:25","modified_gmt":"2017-12-18T18:32:25","slug":"sidari-konungabok-20-kafli","status":"publish","type":"page","link":"https:\/\/biblian.is\/gudbrandsbiblia\/sidari-konungabok-20-kafli\/","title":{"rendered":"S\u00ed\u00f0ari konungab\u00f3k 20. kafli"},"content":{"rendered":"<p>XX.<\/p>\n<p>\u00c1 \u00feeim t\u00edma var\u00f0 Ezechias dau\u00f0sj\u00fakur. <span class=\"athugasemd\" title=\"Ezechias dau\u00f0sj\u00fakur\">[<\/span> Og Esaias sp\u00e1ma\u00f0ur son Amos kom til hans og sag\u00f0i: &#8222;So segir Drottinn: Gj\u00f6r skipan \u00fe\u00edns h\u00fass \u00fev\u00ed \u00fe\u00fa skalt deja og ekki lifa.&#8220; En hann sneri sinni \u00e1sj\u00f3nu til veggjar, ba\u00f0 til Drottins og sag\u00f0i: <span class=\"athugasemd\" title=\"2. Para. 31 \/ Esa. 38 \/ S\u00fdrak 48\">[<\/span> &#8222;Drottinn, bi\u00f0 eg a\u00f0 \u00fe\u00fa minnist hversu a\u00f0 eg hefi gengi\u00f0 tr\u00falega \u00ed \u00fe\u00ednu augliti og me\u00f0 algj\u00f6r\u00f0u hjarta og hefi gj\u00f6rt \u00fea\u00f0 sem \u00fe\u00e9r l\u00edkar.&#8220; Og Ezechias gr\u00e9t beisklega. <\/p>\n<p>\tEn \u00e1\u00f0ur en Esaias var kominn \u00ed mi\u00f0jan sta\u00f0inn \u00fe\u00e1 kom Drottins or\u00f0 til hans og sag\u00f0i: &#8222;Sn\u00fa \u00fe\u00fa aftur og seg til Ezechiam h\u00f6f\u00f0ingja m\u00edns f\u00f3lks: So segir Drottinn Gu\u00f0 \u00fe\u00edns f\u00f6\u00f0urs Dav\u00ed\u00f0s: Eg hefi heyrt \u00fe\u00edna b\u00e6n og s\u00e9\u00f0 \u00fe\u00edn t\u00e1r. Sj\u00e1, eg vil gj\u00f6ra \u00feig heilbrig\u00f0an. \u00c1 \u00feri\u00f0ja degi (fr\u00e1 \u00feessu) skalt \u00fe\u00fa uppganga til h\u00fass Drottins. Og eg vil lengja l\u00edfdaga \u00fe\u00edna um fimmt\u00e1n \u00e1r og frelsa \u00feig og \u00feessa borg fr\u00e1 \u00feeim Assyriak\u00f3ngi og eg vil hl\u00edfa \u00feessari borg sakir m\u00edn og sakir m\u00edns \u00fe\u00e9nara Dav\u00ed\u00f0s.&#8220; Og Esaias sag\u00f0i: &#8222;F\u00e6ri\u00f0 m\u00e9r deig af f\u00edkjum.&#8220; Og sem \u00feeir komu me\u00f0 \u00fea\u00f0 \u00fe\u00e1 l\u00f6g\u00f0u \u00feeir \u00fea\u00f0 \u00fear yfir sem s\u00e1rindin voru og hann var\u00f0 heilbrig\u00f0ur.<\/p>\n<p>\tEzechias sag\u00f0i til Esaiam: &#8222;Hva\u00f0 skal eg hafa a\u00f0 marki a\u00f0 Drottinn vill gj\u00f6ra mig heilbrig\u00f0an so a\u00f0 eg skuli ganga til Drottins h\u00fass \u00e1 hinum \u00feri\u00f0ja degi?&#8220; <span class=\"athugasemd\" title=\"Ezechias ver\u00f0ur heilbrig\u00f0ur\">[<\/span> Esaias svara\u00f0i: &#8222;Haf \u00feetta til marks af Drottni a\u00f0 Drottinn skal gj\u00f6ra \u00fea\u00f0 sem hann hefur sagt: Viltu a\u00f0 skugginn gangi fram e\u00f0a aftur um t\u00edu l\u00ednur?&#8220; <span class=\"athugasemd\" title=\"Ezechias\">[<\/span> sag\u00f0i: &#8222;\u00dea\u00f0 er au\u00f0velt a\u00f0 l\u00e1ta skuggann ganga t\u00edu l\u00ednur fram og \u00fea\u00f0 vil eg ei heldur vil eg a\u00f0 hann skuli ganga t\u00edu l\u00ednur aftur \u00e1 bak.&#8220; \u00de\u00e1 kalla\u00f0i Esaias sp\u00e1ma\u00f0ur til Drottins. Og skugginn gekk t\u00edu gr\u00e1\u00f0ur til baka \u00e1 Akab sigurverki sem hann var \u00e1\u00f0ur framgenginn. <\/p>\n<p>\t\u00c1 \u00feeim t\u00edma sendi Berodak son Baledan, sonar Baledan, k\u00f3ngurinn af Bab\u00fdlon br\u00e9f og skenkingar til Ezechiam \u00fev\u00ed a\u00f0 hann haf\u00f0i heyrt a\u00f0 Ezechias haf\u00f0i veri\u00f0 sj\u00fakur. <span class=\"athugasemd\" title=\"Berodak k\u00f3ngur \u00ed Bab\u00fdlon\">[<\/span> Og Ezechias var\u00f0 gla\u00f0ur vi\u00f0 \u00feeirra komu og s\u00fdndi \u00feeim allar s\u00ednar gersemar: Silfur, gull, d\u00fdrlegar jurtir og \u00fea\u00f0 besta oleum og allt \u00fea\u00f0 hann haf\u00f0i \u00ed s\u00ednum f\u00e9hirslum. \u00dear var ekkert \u00ed hans h\u00fasi og ekkert undir hans valdi a\u00f0 hann s\u00fdndi \u00feeim \u00fea\u00f0 eigi. <span class=\"athugasemd\" title=\"Esa. 39 \/ Syndir Ezechie\">[<\/span> <\/p>\n<p>\t\u00de\u00e1 kom Esaias sp\u00e1ma\u00f0ur til Ezechia k\u00f3ngs og sag\u00f0i til hans: &#8222;Hva\u00f0 hafa \u00feessir menn sagt og hva\u00f0an eru \u00feeir komnir til \u00fe\u00edn?&#8220; Ezechias svara\u00f0i: &#8222;\u00deeir eru komnir af fjarl\u00e6gu landi til m\u00edn, fr\u00e1 Bab\u00fdlon.&#8220; Hann sag\u00f0i: &#8222;Hva\u00f0 hafa \u00feeir s\u00e9\u00f0 \u00ed \u00fe\u00ednu h\u00fasi?&#8220; Ezechias svara\u00f0i: &#8222;\u00deeir hafa s\u00e9\u00f0 allt \u00fea\u00f0 sem \u00ed m\u00ednu h\u00fasi er og \u00fear er ekki neitt \u00ed m\u00ednum fj\u00e1rsj\u00f3\u00f0um sem eg s\u00fdnda \u00feeim eigi.&#8220; <span class=\"athugasemd\" title=\"Infra. 24; 25\">[<\/span> \u00de\u00e1 sag\u00f0i Esaias til Ezechiam: &#8222;Heyr \u00fe\u00fa or\u00f0 Drottins: Sj\u00e1, s\u00e1 t\u00edmi kemur a\u00f0 allt \u00feetta skal burt flytjast til Bab\u00fdlon af \u00fe\u00ednu h\u00fasi hva\u00f0 \u00ed \u00fev\u00ed er og \u00fea\u00f0 sem \u00fe\u00ednir forfe\u00f0ur hafa samansafna\u00f0 allt til \u00feessa dags svo \u00fear skal ekkert eftir l\u00e1ti\u00f0 ver\u00f0a \u0096 segir Drottinn. <span class=\"athugasemd\" title=\"Jer. 20\">[<\/span> \u00dear me\u00f0 synir \u00fe\u00ednir sem komnir eru fr\u00e1 \u00fe\u00e9r og \u00fe\u00fa hefur geti\u00f0, \u00feeir skulu hertakast og vera herbergjasveinar \u00ed k\u00f3ngsins h\u00f6llu af Bab\u00fdlon.&#8220; \u00de\u00e1 sag\u00f0i Ezechias til Esaiam: &#8222;\u00dea\u00f0 er gott sem Drottinn hefur tala\u00f0.&#8220; Og hann sag\u00f0i enn framar: &#8222;Haldist a\u00f0eins fri\u00f0ur og sannleikur um m\u00edna daga.&#8220; <\/p>\n<p>\tHva\u00f0 meira er a\u00f0 segja af Ezechia og um alla hans magt og um \u00fea\u00f0 fiskd\u00edki og \u00fea\u00f0 hversu hann veitti vatni inn \u00ed borgina, sj\u00e1, \u00fea\u00f0 er skrifa\u00f0 \u00ed J\u00fadak\u00f3nga kron\u00edku. <span class=\"athugasemd\" title=\"2. Para. 22\">[<\/span> Og Ezechias sofna\u00f0i me\u00f0 s\u00ednum fe\u00f0rum en Manasses hans son var\u00f0 k\u00f3ngur \u00ed hans sta\u00f0.<\/p>\n","protected":false},"excerpt":{"rendered":"<p>XX. \u00c1 \u00feeim t\u00edma var\u00f0 Ezechias dau\u00f0sj\u00fakur. [ Og Esaias sp\u00e1ma\u00f0ur son Amos kom til hans og sag\u00f0i: &#8222;So segir Drottinn: Gj\u00f6r skipan \u00fe\u00edns h\u00fass \u00fev\u00ed \u00fe\u00fa skalt deja og ekki lifa.&#8220; En hann sneri sinni \u00e1sj\u00f3nu til veggjar, ba\u00f0 til Drottins og sag\u00f0i: [ &#8222;Drottinn, bi\u00f0 eg a\u00f0 \u00fe\u00fa minnist hversu a\u00f0 eg hefi gengi\u00f0 tr\u00falega \u00ed \u00fe\u00ednu augliti og me\u00f0 algj\u00f6r\u00f0u hjarta og hefi gj\u00f6rt \u00fea\u00f0 sem \u00fe\u00e9r l\u00edkar.&#8220; Og Ezechias gr\u00e9t beisklega. En \u00e1\u00f0ur en Esaias var kominn \u00ed mi\u00f0jan sta\u00f0inn \u00fe\u00e1 kom Drottins or\u00f0 til hans og sag\u00f0i: &#8222;Sn\u00fa \u00fe\u00fa aftur og seg til Ezechiam h\u00f6f\u00f0ingja <a href=\"https:\/\/biblian.is\/gudbrandsbiblia\/sidari-konungabok-20-kafli\/\"> [&#8230;]<\/a><\/p>\n","protected":false},"author":1,"featured_media":0,"parent":0,"menu_order":0,"comment_status":"open","ping_status":"open","template":"bibliukaflar.php","meta":{"footnotes":""},"class_list":["post-3025","page","type-page","status-publish","hentry"],"_links":{"self":[{"href":"https:\/\/biblian.is\/gudbrandsbiblia\/wp-json\/wp\/v2\/pages\/3025","targetHints":{"allow":["GET"]}}],"collection":[{"href":"https:\/\/biblian.is\/gudbrandsbiblia\/wp-json\/wp\/v2\/pages"}],"about":[{"href":"https:\/\/biblian.is\/gudbrandsbiblia\/wp-json\/wp\/v2\/types\/page"}],"author":[{"embeddable":true,"href":"https:\/\/biblian.is\/gudbrandsbiblia\/wp-json\/wp\/v2\/users\/1"}],"replies":[{"embeddable":true,"href":"https:\/\/biblian.is\/gudbrandsbiblia\/wp-json\/wp\/v2\/comments?post=3025"}],"version-history":[{"count":0,"href":"https:\/\/biblian.is\/gudbrandsbiblia\/wp-json\/wp\/v2\/pages\/3025\/revisions"}],"wp:attachment":[{"href":"https:\/\/biblian.is\/gudbrandsbiblia\/wp-json\/wp\/v2\/media?parent=3025"}],"curies":[{"name":"wp","href":"https:\/\/api.w.org\/{rel}","templated":true}]}}