{"id":3022,"date":"2017-12-18T18:32:25","date_gmt":"2017-12-18T18:32:25","guid":{"rendered":"http:\/\/biblian.is\/gudbrandsbiblia\/sidari-konungabok-17-kafli\/"},"modified":"2017-12-18T18:32:25","modified_gmt":"2017-12-18T18:32:25","slug":"sidari-konungabok-17-kafli","status":"publish","type":"page","link":"https:\/\/biblian.is\/gudbrandsbiblia\/sidari-konungabok-17-kafli\/","title":{"rendered":"S\u00ed\u00f0ari konungab\u00f3k 17. kafli"},"content":{"rendered":"<p>XVII.<\/p>\n<p>\u00c1 \u00fev\u00ed t\u00f3lfta \u00e1ri Akas J\u00fadak\u00f3ngs var\u00f0 H\u00f3sea son Ela k\u00f3ngur yfir \u00cdsrael \u00ed Samaria \u00ed n\u00edu \u00e1r. <span class=\"athugasemd\" title=\"19 \/ H\u00f3sea 9 \u00e1r k\u00f3ngur yfir \u00cdsrael og seinastur\">[<\/span> Og hann gj\u00f6r\u00f0i illa hluti \u00ed augliti Drottins en \u00fe\u00f3 ekki sem \u00cdsraelsk\u00f3ngar \u00feeir sem fyrir honum voru. En \u00fea\u00f0 ske\u00f0i a\u00f0 Salmanesser k\u00f3ngur af Assyria dr\u00f3 upp \u00ed m\u00f3t honum og H\u00f3sea var\u00f0 honum handgenginn og hann gaf honum skatta.<\/p>\n<p>\tEn sem Assyriak\u00f3ngur f\u00e9kk a\u00f0 vita a\u00f0 H\u00f3sea vildi breg\u00f0a vi\u00f0 hann s\u00e1ttm\u00e1linu og hann hef\u00f0i sent bo\u00f0 til S\u00f3 k\u00f3ngsins af Egyptalandi og sendi ekki k\u00f3nginum af Assyria s\u00edna skatta \u00e1rlega sem hann var vanur \u00fe\u00e1 settist k\u00f3ngur af Assyria um hann, yfirvann hann og lag\u00f0i \u00ed fangelsi. S\u00ed\u00f0an f\u00f3r Assyriak\u00f3ngur um allt land og til Samariamborgar og sat um hana \u00ed \u00ferj\u00fa \u00e1r. En \u00e1 \u00fev\u00ed n\u00edunda \u00e1ri H\u00f3sea vann k\u00f3ngurinn af Assyria Samariam og flutti \u00cdsrael \u00ed burt \u00ed Assyriam og setti \u00fe\u00e1 \u00ed Hala og Habor hj\u00e1 \u00fev\u00ed vatni G\u00f3san og \u00ed borgir Medorum. <span class=\"athugasemd\" title=\"Endir \u00cdsraels k\u00f3ngsr\u00edkis\">[<\/span> <\/p>\n<p>\t\u00dev\u00ed a\u00f0 \u00e1 \u00feeim t\u00edma sem \u00cdsraelssynir syndgu\u00f0ust \u00ed m\u00f3t Drottni \u00feeirra Gu\u00f0i hver a\u00f0 f\u00e6rt haf\u00f0i \u00fe\u00e1 af Egyptalandi af k\u00f3ng ph<span class=\"athugasemd\" title=\"a\">[<\/span>raonis valdi og \u00feeir d\u00fdrku\u00f0u annarlega gu\u00f0i og gengu eftir hei\u00f0ingjanna si\u00f0um en Drottinn haf\u00f0i \u00fatreki\u00f0 fyrir \u00cdsraelssonu og so sem \u00cdsraelsk\u00f3ngar gj\u00f6r\u00f0u. <span class=\"athugasemd\" title=\"Fyrir hverjar syndir a\u00f0 Gu\u00f0 kasta\u00f0i fr\u00e1 s\u00e9r \u00cdsrael\">[<\/span> Og \u00cdsraelssynir fegru\u00f0u s\u00ednar sakir \u00e1 m\u00f3ti Drottni s\u00ednum Gu\u00f0i \u00fe\u00e6r \u00fe\u00f3 sem ekki voru g\u00f3\u00f0ar, sem voru \u00feessar a\u00f0 \u00feeir bygg\u00f0u hof og h\u00e6\u00f0ir \u00ed \u00f6llum borgum, b\u00e6\u00f0i \u00e1 k\u00f6stulum og \u00ed sterkum st\u00f6\u00f0um. Og \u00feeir uppreistu alls sta\u00f0ar b\u00edl\u00e6ti og bl\u00f3tsk\u00f3ga \u00e1 h\u00e6\u00f0um og undir \u00f6llum bl\u00f3mgu\u00f0um trj\u00e1m og \u00feeir brenndu \u00fear reykelsi alls sta\u00f0ar \u00e1 h\u00e6\u00f0um eins og hei\u00f0ingjar hverja Drottinn haf\u00f0i \u00fatreki\u00f0 fr\u00e1 \u00feeim. Og \u00feeir gj\u00f6r\u00f0u alls konar gl\u00e6pi me\u00f0 hverjum \u00feeir stygg\u00f0u Drottin og \u00fej\u00f3nu\u00f0u sk\u00fargo\u00f0um um hva\u00f0 a\u00f0 Drottinn haf\u00f0i sagt til \u00feeirra: &#8222;Eigi skulu \u00fe\u00e9r gj\u00f6ra \u00fev\u00edl\u00edkt.&#8220;<\/p>\n<p>\tOg \u00fe\u00e1 Drottinn vitna\u00f0i \u00ed \u00cdsrael og \u00ed J\u00fada fyrir alla sp\u00e1menn og sj\u00e1endur og l\u00e9t segja \u00feeim: <span class=\"athugasemd\" title=\"Jerem. 25\">[<\/span> &#8222;Sn\u00fai\u00f0 fr\u00e1 y\u00f0rum vondum vegum og haldi\u00f0 m\u00edn bo\u00f0or\u00f0 og r\u00e9ttindi eftir \u00fev\u00ed l\u00f6gm\u00e1li sem eg bau\u00f0 y\u00f0rum fe\u00f0rum og so sem eg sendi til y\u00f0ar fyrir sp\u00e1mennina, m\u00edna \u00fe\u00e9nara.&#8220; En \u00feeir voru honum ekki hl\u00fd\u00f0ugir heldur har\u00f0sv\u00edru\u00f0ust eins og \u00feeirra forfe\u00f0ur sem ekki tr\u00fa\u00f0u \u00e1 Drottin \u00feeirra Gu\u00f0. H\u00e9r me\u00f0 fyrirl\u00e9tu \u00feeir hans bo\u00f0or\u00f0 og hans s\u00e1ttm\u00e1la sem hann gj\u00f6r\u00f0i vi\u00f0 \u00feeirra forfe\u00f0ur og hans vitnisbur\u00f0 sem hann vitna\u00f0i \u00e1 me\u00f0al \u00feeirra og gengu \u00ed s\u00ednum h\u00e9g\u00f3ma og voru skynsemdarlausir l\u00edka sem hei\u00f0ingjar \u00feeir sem a\u00f0 bjuggu \u00ed kringum \u00fe\u00e1, um hverja a\u00f0 Drottinn bau\u00f0 \u00feeim a\u00f0 \u00feeir skyldu ekki gj\u00f6ra sem \u00feeir. En \u00feeir yfirg\u00e1fu \u00f6ll bo\u00f0or\u00f0 Drottins \u00feeirra Gu\u00f0s og gj\u00f6r\u00f0u s\u00e9r tvo steypta k\u00e1lfa og uppsettu lunda og tilb\u00e1\u00f0u allan himinsins her og \u00fej\u00f3nu\u00f0u Baal og l\u00e9tu s\u00edna syni og d\u00e6tur ganga \u00ed gegnum eldinn og f\u00f3ru me\u00f0 fj\u00f6lkynngi og sp\u00e1farar og g\u00e1fu sig \u00fat til a\u00f0 gj\u00f6ra allt \u00fea\u00f0 sem Drottniilla l\u00edka\u00f0i, honum til stygg\u00f0ar.<\/p>\n<p>\tOg \u00fev\u00ed var\u00f0 Drottinn uppreistur til rei\u00f0i vi\u00f0 \u00cdsrael og kasta\u00f0i \u00feeim fr\u00e1 sinni \u00e1sj\u00f3nu so \u00fear var\u00f0 enginn eftir utan alleina kyn\u00fe\u00e1ttur J\u00fada. <span class=\"athugasemd\" title=\"Syndir J\u00fada\">[<\/span> So og h\u00e9lt J\u00fada ekki heldur Drottins Gu\u00f0s s\u00edns bo\u00f0or\u00f0 heldur gekk eftir \u00cdsraels si\u00f0um, \u00feeim sem \u00feeir gj\u00f6r\u00f0u. Og \u00fev\u00ed kasta\u00f0i Drottinn \u00f6llu \u00cdsraels s\u00e6\u00f0i og \u00ferengdi \u00feeim og gaf \u00fe\u00e1 \u00ed r\u00e6ningja hendur \u00fear til a\u00f0 hann kasta\u00f0i \u00feeim fr\u00e1 s\u00ednu andliti. \u00dev\u00ed \u00cdsrael var slitinn fr\u00e1 Dav\u00ed\u00f0s h\u00fasi og \u00feeir settu Jer\u00f3b\u00f3am son Nebat til k\u00f3ngs. <span class=\"athugasemd\" title=\"Jer\u00f3b\u00f3am\">[<\/span> Hann sneri \u00cdsrael fr\u00e1 Drottni og kom \u00feeim mj\u00f6g \u00feunglega til a\u00f0 syndgast. Svo gengu n\u00fa \u00cdsraelssynir \u00ed \u00f6llum Jer\u00f3b\u00f3am syndum sem hann haf\u00f0i uppbyrja\u00f0 og ei l\u00e9tu \u00feeir af fyrr en Drottinn kasta\u00f0i \u00cdsrael fr\u00e1 s\u00ednu andliti sem hann haf\u00f0i sagt fyrir alla s\u00edna \u00fe\u00e9nara og sp\u00e1mennina. So var\u00f0 \u00cdsraelsl\u00fd\u00f0ur hertekinn og \u00ed burt fluttur \u00ed Assyriam af s\u00ednu landi allt til \u00feessa dags.<\/p>\n<p>\tOg Assyriak\u00f3ngur l\u00e9t koma menn af Bab\u00fdlon, af K\u00fata, af Ava, af Hema og af Sefarva\u00edm og l\u00e9t \u00fe\u00e1 b\u00faa \u00ed borgum Samaria \u00ed sta\u00f0inn \u00cdsraelssona. <span class=\"athugasemd\" title=\"Samaria bygg\u00f0ist af hei\u00f0ingjum\">[<\/span> Og \u00feeir eignu\u00f0ust Samariam og bjuggu \u00ed hennar st\u00f6\u00f0um. En sem \u00feeir t\u00f3ku til \u00fear a\u00f0 b\u00faa og \u00f3ttu\u00f0ust ekki Drottin \u00fe\u00e1 sendi Drottinn \u00f3arga d\u00fdr \u00e1 me\u00f0al \u00feeirra, \u00feau dr\u00e1pu \u00fe\u00e1. Og \u00feeir komu \u00e1 fund Assyriek\u00f3ngs og s\u00f6g\u00f0u honum: &#8222;\u00deeir hei\u00f0ingjar sem \u00fe\u00fa hinga\u00f0 settir til a\u00f0 b\u00faa \u00ed Samariaborgum og \u00f6\u00f0rum borgum \u00fear, \u00feeir vita ekki af Gu\u00f0s l\u00f6gm\u00e1li \u00ed landinu. \u00dev\u00ed hefur hann sent \u00f3arga d\u00fdr \u00e1 me\u00f0al \u00feeirra og sj\u00e1, \u00feau drepa \u00fe\u00e1 fyrir \u00fev\u00ed a\u00f0 \u00feeir vita ekki a\u00f0 d\u00fdrka Gu\u00f0 \u00feessa lands.&#8220;<\/p>\n<p>\t\u00de\u00e1 bau\u00f0 k\u00f3ngurinn af Assyria og sag\u00f0i: &#8222;Sendi\u00f0 einn af \u00feeim kennim\u00f6nnum \u00feanga\u00f0 sem \u00fea\u00f0an voru herteknir og fari hann og b\u00fai \u00fear og kenni hann \u00feeim \u00fe\u00e1 Gu\u00f0s \u00fej\u00f3nustugj\u00f6r\u00f0 sem \u00fear er \u00ed landinu.&#8220; \u00de\u00e1 kom einn af prestunum \u00feanga\u00f0 hver a\u00f0 burt var fluttur af Samaria og bj\u00f3 \u00ed Betel og hann kenndi \u00feeim hvernin a\u00f0 \u00feeir skyldu d\u00fdrka Drottin. <\/p>\n<p>\tEn s\u00e9rhver \u00fej\u00f3\u00f0 gj\u00f6r\u00f0i s\u00e9r afgu\u00f0i og settu \u00feau \u00ed \u00feau hof sem voru \u00e1 h\u00e6\u00f0unum sem \u00feeir Samarie gj\u00f6r\u00f0u, s\u00e9rhvert f\u00f3lk \u00ed s\u00ednum sta\u00f0 \u00fear \u00feeir bjuggu. <span class=\"athugasemd\" title=\"Afgu\u00f0ir \u00feeirra Samaritarum\">[<\/span> \u00deeir af Bab\u00fdlon gj\u00f6r\u00f0u S\u00fak\u00f3t Ben\u00f3t, \u00feeir af K\u00fat gj\u00f6r\u00f0u Nergel, \u00feeir af Hemat gj\u00f6r\u00f0u As\u00edma, \u00feeir af Ava gj\u00f6r\u00f0u Nibehas og Tartak, \u00feeir af Sefarva\u00edm brenndu s\u00edna syni fyrir Adramelek og Anamelek, sk\u00fargo\u00f0um \u00feeirra af Sefarva\u00edm. Og s\u00f6kum \u00feess \u00feeir hr\u00e6ddust og einnin Drottin \u00fe\u00e1 settu \u00feeir s\u00e9r presta millum s\u00edn \u00e1 h\u00e6\u00f0irnar af \u00feeim minnstu h\u00e1ttar og settu \u00fe\u00e1 \u00ed h\u00fasin \u00e1 h\u00e6\u00f0unum. Me\u00f0 \u00feessum h\u00e6tti \u00f3ttu\u00f0ust \u00feeir Drottin, \u00fej\u00f3nu\u00f0u og svo afgu\u00f0um eftir si\u00f0venju hvers f\u00f3lks sem \u00feeir voru komnir fr\u00e1.<\/p>\n<p>\tOg allt til \u00feessa dags \u00fe\u00e1 breyta \u00feeir eftir g\u00f6mlum si\u00f0 so a\u00f0 \u00feeir hverki \u00f3ttast Drottin og ei halda \u00feeir \u00fe\u00e1 si\u00f0u og setninga sem l\u00f6gm\u00e1li\u00f0 b\u00fd\u00f0ur hvert Drottinn bau\u00f0 sonum Jakob hverjum hann gaf Israelis nafn og gj\u00f6r\u00f0i einn s\u00e1ttm\u00e1la vi\u00f0 \u00fe\u00e1, bau\u00f0 \u00feeim og sag\u00f0i: <span class=\"athugasemd\" title=\"Gen. 23\">[<\/span> &#8222;\u00d3ttist ekki a\u00f0ra gu\u00f0i og tilbi\u00f0ji\u00f0 \u00fe\u00e1 ekki og \u00fej\u00f3ni\u00f0 \u00feeim ekki og f\u00e6ri\u00f0 \u00feeim ekki f\u00f3rnir heldur \u00f3ttist Drottin sem f\u00e6r\u00f0i y\u00f0ur af Egyptalandi me\u00f0 mikilli magt og \u00fatr\u00e9ttum armlegg. \u00d3ttist hann, \u00e1kalli\u00f0 hann og f\u00e6ri\u00f0 honum f\u00f3rnir og haldi\u00f0 \u00fe\u00e1 si\u00f0u, \u00feau r\u00e9ttindi, l\u00f6gm\u00e1l og bo\u00f0or\u00f0 sem hann l\u00e9t uppskrifa y\u00f0ur a\u00f0 \u00fe\u00e9r allt\u00ed\u00f0 gj\u00f6ri\u00f0 \u00fear eftir og \u00f3ttist ekki a\u00f0ra gu\u00f0i. Gleymi\u00f0 ekki \u00feeim s\u00e1ttm\u00e1la sem hann gj\u00f6r\u00f0i vi\u00f0 y\u00f0ur og \u00f3ttist ekki a\u00f0ra gu\u00f0i heldur \u00f3ttist Drottin y\u00f0varn Gu\u00f0 \u00fev\u00ed hann mun frelsa y\u00f0ur fr\u00e1 \u00f6llum y\u00f0ar \u00f3vinum.&#8220; En \u00feeir hl\u00fdddu \u00fev\u00ed ekki heldur gengu \u00feeir eftir s\u00ednum g\u00f6mlum si\u00f0vana. Svo \u00f3ttu\u00f0ust \u00feessir hei\u00f0ingjar Gu\u00f0 og \u00fej\u00f3nu\u00f0u l\u00edka s\u00ednum afgu\u00f0um. Svo gj\u00f6r\u00f0u og \u00feeirra b\u00f6rn og \u00feeirra barnab\u00f6rn l\u00edka sem \u00feeirra fe\u00f0ur gj\u00f6r\u00f0u og gj\u00f6ra enn n\u00fa til \u00feessa dags.<\/p>\n","protected":false},"excerpt":{"rendered":"<p>XVII. \u00c1 \u00fev\u00ed t\u00f3lfta \u00e1ri Akas J\u00fadak\u00f3ngs var\u00f0 H\u00f3sea son Ela k\u00f3ngur yfir \u00cdsrael \u00ed Samaria \u00ed n\u00edu \u00e1r. [ Og hann gj\u00f6r\u00f0i illa hluti \u00ed augliti Drottins en \u00fe\u00f3 ekki sem \u00cdsraelsk\u00f3ngar \u00feeir sem fyrir honum voru. En \u00fea\u00f0 ske\u00f0i a\u00f0 Salmanesser k\u00f3ngur af Assyria dr\u00f3 upp \u00ed m\u00f3t honum og H\u00f3sea var\u00f0 honum handgenginn og hann gaf honum skatta. En sem Assyriak\u00f3ngur f\u00e9kk a\u00f0 vita a\u00f0 H\u00f3sea vildi breg\u00f0a vi\u00f0 hann s\u00e1ttm\u00e1linu og hann hef\u00f0i sent bo\u00f0 til S\u00f3 k\u00f3ngsins af Egyptalandi og sendi ekki k\u00f3nginum af Assyria s\u00edna skatta \u00e1rlega sem hann var vanur \u00fe\u00e1 settist k\u00f3ngur <a href=\"https:\/\/biblian.is\/gudbrandsbiblia\/sidari-konungabok-17-kafli\/\"> [&#8230;]<\/a><\/p>\n","protected":false},"author":1,"featured_media":0,"parent":0,"menu_order":0,"comment_status":"open","ping_status":"open","template":"bibliukaflar.php","meta":{"footnotes":""},"class_list":["post-3022","page","type-page","status-publish","hentry"],"_links":{"self":[{"href":"https:\/\/biblian.is\/gudbrandsbiblia\/wp-json\/wp\/v2\/pages\/3022","targetHints":{"allow":["GET"]}}],"collection":[{"href":"https:\/\/biblian.is\/gudbrandsbiblia\/wp-json\/wp\/v2\/pages"}],"about":[{"href":"https:\/\/biblian.is\/gudbrandsbiblia\/wp-json\/wp\/v2\/types\/page"}],"author":[{"embeddable":true,"href":"https:\/\/biblian.is\/gudbrandsbiblia\/wp-json\/wp\/v2\/users\/1"}],"replies":[{"embeddable":true,"href":"https:\/\/biblian.is\/gudbrandsbiblia\/wp-json\/wp\/v2\/comments?post=3022"}],"version-history":[{"count":0,"href":"https:\/\/biblian.is\/gudbrandsbiblia\/wp-json\/wp\/v2\/pages\/3022\/revisions"}],"wp:attachment":[{"href":"https:\/\/biblian.is\/gudbrandsbiblia\/wp-json\/wp\/v2\/media?parent=3022"}],"curies":[{"name":"wp","href":"https:\/\/api.w.org\/{rel}","templated":true}]}}