{"id":3021,"date":"2017-12-18T18:32:25","date_gmt":"2017-12-18T18:32:25","guid":{"rendered":"http:\/\/biblian.is\/gudbrandsbiblia\/sidari-konungabok-16-kafli\/"},"modified":"2017-12-18T18:32:25","modified_gmt":"2017-12-18T18:32:25","slug":"sidari-konungabok-16-kafli","status":"publish","type":"page","link":"https:\/\/biblian.is\/gudbrandsbiblia\/sidari-konungabok-16-kafli\/","title":{"rendered":"S\u00ed\u00f0ari konungab\u00f3k 16. kafli"},"content":{"rendered":"<p>XVI.<\/p>\n<p>\u00c1 seytj\u00e1nda \u00e1ri Peka sonar Remal\u00eda t\u00f3k Akas sonur J\u00f3tam k\u00f3ngd\u00f3m \u00ed J\u00fada. <span class=\"athugasemd\" title=\"11 \/ Akas 16 \u00e1r k\u00f3ngur \u00ed J\u00fada \/ 2. Para. 28\">[<\/span> Akas var tuttugu \u00e1ra gamall \u00fe\u00e1 hann var\u00f0 k\u00f3ngur og hann r\u00edkti sext\u00e1n \u00e1r \u00ed Jer\u00fasalem. Og hann gj\u00f6r\u00f0i ekki \u00fea\u00f0 sem Drottni l\u00edka\u00f0i so sem hans fa\u00f0ir Dav\u00ed\u00f0 \u00fev\u00ed a\u00f0 hann gekk \u00e1 vegum \u00cdsraelsk\u00f3nga. \u00dear til me\u00f0 l\u00e9t hann sinn son fara \u00ed gegnum eldinn eftir hei\u00f0ingjanna sv\u00edvir\u00f0ingum hverja a\u00f0 Drottinn haf\u00f0i \u00fatreki\u00f0 fyrir \u00cdsraelssonum. Og hann f\u00e6r\u00f0i f\u00f3rnir og brenndi reykelsi \u00e1 h\u00e6\u00f0um og h\u00e1lsum og undir hverjum bl\u00f3mgu\u00f0u tr\u00e9. <span class=\"athugasemd\" title=\"Deut. 18\">[<\/span>  <\/p>\n<p>\t\u00c1 \u00feeim t\u00edma f\u00f3ru \u00feeir Res\u00edn, k\u00f3ngur af Syria, og Peka son Remal\u00eda, k\u00f3ngur af \u00cdsrael, upp a\u00f0 berjast \u00e1 Jer\u00fasalem og \u00feeir settust um Akas en \u00feeir g\u00e1tu ekki unni\u00f0 hann. <span class=\"athugasemd\" title=\"Res\u00edm og Peka setjast um Jer\u00fasalem \/ Esa. 7\">[<\/span> \u00c1 \u00feeim sama t\u00edma vann Res\u00edn k\u00f3ngur af Syria borg Elot aftur undir Syriam en rak \u00e1 burt Gy\u00f0inga af borg Elot. En \u00feeir Syri komu og unnu borgina og b\u00faa \u00fear allt til \u00feessa dags. <\/p>\n<p>\tAkas sendi bo\u00f0 til T\u00edglat Pillesser k\u00f3ngsins af Assyria og l\u00e9t segja honum: <span class=\"athugasemd\" title=\"T\u00edglat Pillesser\">[<\/span> &#8222;Eg er \u00feinn \u00fe\u00e9nari og \u00feinn son. \u00dear fyrir kom upp til m\u00edn og hj\u00e1lpa m\u00e9r af hendi \u00feeirra S\u00fdrlandsk\u00f3ngs og \u00cdsraelsk\u00f3ngs hverjir upp hafa reist sig \u00e1 m\u00f3ti m\u00e9r.&#8220; Og Akas t\u00f3k allt \u00fea\u00f0 silfur og gull sem fannst \u00ed h\u00fasi Drottins og \u00ed f\u00e9hirslum k\u00f3ngsins herbergis og sendi \u00feetta k\u00f3nginum af Assyria til einnrar skenkingar. Og k\u00f3ngurinn af Assyria hl\u00fdddi honum og dr\u00f3 upp til Damaskum og vann hana og flutti \u00e1 burt borgarmennina til K\u00edr og sl\u00f3 Res\u00edn \u00ed hel. <span class=\"athugasemd\" title=\"Res\u00edn drepinn\">[<\/span> <\/p>\n<p>\tEn Akas k\u00f3ngur dr\u00f3 \u00ed m\u00f3t T\u00edglat Pillesser k\u00f3nginum af Assyria til Damascum. Og sem hann s\u00e1 \u00fear eitt altari \u00fea\u00f0 sem var \u00ed Damasco \u00fe\u00e1 sendi k\u00f3ng Akas alla mynd \u00feess altaris og hvernin \u00fea\u00f0 var gj\u00f6rt til \u00dar\u00eda kennimans. <span class=\"athugasemd\" title=\"\u00dar\u00eda prestur og hans synd\">[<\/span> Og \u00dar\u00eda prestur bygg\u00f0i eitt altari og gj\u00f6r\u00f0i \u00fea\u00f0 eftir \u00fev\u00ed sem Akas k\u00f3ngur sendi honum fr\u00e1 Damasko \u00fear til a\u00f0 k\u00f3ng Akas kom fr\u00e1 Damasco. En sem k\u00f3ngurinn kom fr\u00e1 Damsco og s\u00e1 altari\u00f0 \u00fe\u00e1 f\u00e6r\u00f0i hann f\u00f3rnir \u00fear yfir og upptendra\u00f0i \u00fear \u00e1 s\u00ednar brennif\u00f3rnir og matoffur og hellti \u00fear yfir s\u00ednu drykkjaroffri og l\u00e9t st\u00f6kkva \u00feakkoffursins bl\u00f3\u00f0i af \u00fev\u00ed sem hann offra\u00f0i yfir altari\u00f0. En koparaltari \u00fea\u00f0 sem st\u00f3\u00f0 fyrir Drottni t\u00f3k hann \u00e1 burt svo \u00fea\u00f0 skyldi ekki standa \u00e1 millum altarisins og Drottins h\u00fass og setti \u00fea\u00f0 utan hj\u00e1 altarinu til nor\u00f0urs. <\/p>\n<p>\tOg k\u00f3ng Akas bau\u00f0 \u00dar\u00eda kennimanni og sag\u00f0i: &#8222;\u00de\u00fa skalt uppkveikja brennioffur \u00e1 \u00fev\u00ed st\u00f3ra altari um mornana og matoffur \u00e1 kveldin og k\u00f3ngsins brennioffur og hans matoffur og allt f\u00f3lksins brennioffur \u00ed landinu me\u00f0 \u00feeirra matoffri og drykkjaroffri og \u00fe\u00fa skalt st\u00f6kkva \u00f6llu brennioffursins bl\u00f3\u00f0i og allra annarra f\u00f3rna bl\u00f3\u00f0i \u00fear upp \u00e1. En eg vil sj\u00e1lfur hugsa hva\u00f0 eg vil gj\u00f6ra af \u00fev\u00ed koparaltari.&#8220; \u00dar\u00eda kennima\u00f0ur gj\u00f6r\u00f0i allt \u00fea\u00f0 sem k\u00f3ng Akas bau\u00f0 honum.<\/p>\n<p>\tOg k\u00f3ng Akas braut s\u00ed\u00f0urnar af st\u00f3lunum og t\u00f3k kvernunar \u00fear ofan af. Og hann t\u00f3k hafi\u00f0 af \u00feeim koparuxum sem \u00fear voru undir og setti \u00fea\u00f0 ni\u00f0ur \u00e1 bert steing\u00f3lfi\u00f0, so og \u00feau sabbatstj\u00f6ldin sem \u00feeir h\u00f6f\u00f0u byggt \u00ed h\u00fasinu og hann sneri \u00feeim vegi fr\u00e1 k\u00f3ng s\u00edns h\u00fasi til Drottins h\u00fass, k\u00f3nginum af Assyria til vilja.<\/p>\n<p>\tEn hva\u00f0 meira er a\u00f0 segja um Akas, hva\u00f0 hann gj\u00f6r\u00f0i, sj\u00e1, \u00fea\u00f0 er skrifa\u00f0 \u00ed J\u00fadak\u00f3nga kron\u00edku. <span class=\"athugasemd\" title=\"2. Para. 28\">[<\/span> Og Akas sofna\u00f0i me\u00f0 s\u00ednum fe\u00f0rum og var jar\u00f0a\u00f0ur \u00ed hj\u00e1 s\u00ednum fe\u00f0rum \u00ed borg Dav\u00ed\u00f0s. En Esek\u00edas hans son t\u00f3k r\u00edki eftir hann.<\/p>\n","protected":false},"excerpt":{"rendered":"<p>XVI. \u00c1 seytj\u00e1nda \u00e1ri Peka sonar Remal\u00eda t\u00f3k Akas sonur J\u00f3tam k\u00f3ngd\u00f3m \u00ed J\u00fada. [ Akas var tuttugu \u00e1ra gamall \u00fe\u00e1 hann var\u00f0 k\u00f3ngur og hann r\u00edkti sext\u00e1n \u00e1r \u00ed Jer\u00fasalem. Og hann gj\u00f6r\u00f0i ekki \u00fea\u00f0 sem Drottni l\u00edka\u00f0i so sem hans fa\u00f0ir Dav\u00ed\u00f0 \u00fev\u00ed a\u00f0 hann gekk \u00e1 vegum \u00cdsraelsk\u00f3nga. \u00dear til me\u00f0 l\u00e9t hann sinn son fara \u00ed gegnum eldinn eftir hei\u00f0ingjanna sv\u00edvir\u00f0ingum hverja a\u00f0 Drottinn haf\u00f0i \u00fatreki\u00f0 fyrir \u00cdsraelssonum. Og hann f\u00e6r\u00f0i f\u00f3rnir og brenndi reykelsi \u00e1 h\u00e6\u00f0um og h\u00e1lsum og undir hverjum bl\u00f3mgu\u00f0u tr\u00e9. [ \u00c1 \u00feeim t\u00edma f\u00f3ru \u00feeir Res\u00edn, k\u00f3ngur af Syria, og Peka <a href=\"https:\/\/biblian.is\/gudbrandsbiblia\/sidari-konungabok-16-kafli\/\"> [&#8230;]<\/a><\/p>\n","protected":false},"author":1,"featured_media":0,"parent":0,"menu_order":0,"comment_status":"open","ping_status":"open","template":"bibliukaflar.php","meta":{"footnotes":""},"class_list":["post-3021","page","type-page","status-publish","hentry"],"_links":{"self":[{"href":"https:\/\/biblian.is\/gudbrandsbiblia\/wp-json\/wp\/v2\/pages\/3021","targetHints":{"allow":["GET"]}}],"collection":[{"href":"https:\/\/biblian.is\/gudbrandsbiblia\/wp-json\/wp\/v2\/pages"}],"about":[{"href":"https:\/\/biblian.is\/gudbrandsbiblia\/wp-json\/wp\/v2\/types\/page"}],"author":[{"embeddable":true,"href":"https:\/\/biblian.is\/gudbrandsbiblia\/wp-json\/wp\/v2\/users\/1"}],"replies":[{"embeddable":true,"href":"https:\/\/biblian.is\/gudbrandsbiblia\/wp-json\/wp\/v2\/comments?post=3021"}],"version-history":[{"count":0,"href":"https:\/\/biblian.is\/gudbrandsbiblia\/wp-json\/wp\/v2\/pages\/3021\/revisions"}],"wp:attachment":[{"href":"https:\/\/biblian.is\/gudbrandsbiblia\/wp-json\/wp\/v2\/media?parent=3021"}],"curies":[{"name":"wp","href":"https:\/\/api.w.org\/{rel}","templated":true}]}}